{"id":222,"date":"2015-06-13T16:02:35","date_gmt":"2015-06-13T16:02:35","guid":{"rendered":"http:\/\/www.dental-matkovic.com\/\/?page_id=222"},"modified":"2015-08-09T16:40:31","modified_gmt":"2015-08-09T16:40:31","slug":"baska-voda","status":"publish","type":"page","link":"http:\/\/www.dental-matkovic.com\/de\/baska-voda","title":{"rendered":"Ba\u0161ka Voda"},"content":{"rendered":"<img loading=\"lazy\" class=\"alignleft wp-image-688\" src=\"http:\/\/www.dental-matkovic.com\/\/wp-content\/uploads\/2015\/06\/baska-voda6-b-300x189.jpg\" srcset=\"http:\/\/www.dental-matkovic.com\/\/wp-content\/uploads\/2015\/06\/baska-voda6-b-300x189.jpg 300w, http:\/\/www.dental-matkovic.com\/\/wp-content\/uploads\/2015\/06\/baska-voda6-b.jpg 700w\" alt=\"baska-voda6-b\" width=\"270\" height=\"170\" sizes=\"(max-width: 300px) 100vw, 300px\" \/>Baska Voda befindet sicham Fusse des Bergmassives Biokovo, im westlichen Teil der Makarska Rivijera. Baska Voda war damals eine Siedlung von Landarbeitern, Fischern, Kaufl\u00e4uten und Seem\u00e4nnern, welche durch deren fleissige Arbeit in einen Touristenort verwandelt wurde.<\/p>\n<p>In den \u201eDreissigern\" des\u00a0 20. Jahrhunderts bauten die Gebr\u00fcder Sikavica das erste Hotel in Baska Voda\u00a0 mit dem Namen Slavija, welches im Jahre 1936 auf der internationalen Ausstellung in London eine Anerkennung und Goldmedaille f\u00fcr Komfort, K\u00fcche und guten Wein erhielt. Die vergangenen Jahre erhielt Baska Voda die \u201eBlaue Blume\", die h\u00f6chste touristische Auszeichnung\u00a0 der Republik Kroatien.Verbinden auch sie Ihren Aufenthalt an diesem mediterranen Ort mit unseren Diensten und schenken sie sich Zufriedenheit auf zweifache Weise.<\/p>\n<p>Weitere Informationen von Ba\u0161ka Voda finden Sie auf der Tourismus-Website von Ba\u0161ka Voda, indem Sie auf <a href=\"http:\/\/baskavoda.hr\/\" target=\"_blank\">diesen Link<\/a><\/p>\n<p><img loading=\"lazy\" class=\"alignleft wp-image-734\" src=\"http:\/\/www.dental-matkovic.com\/\/wp-content\/uploads\/2015\/06\/baska_voda3-300x225.jpg\" srcset=\"http:\/\/www.dental-matkovic.com\/\/wp-content\/uploads\/2015\/06\/baska_voda3-300x225.jpg 300w, http:\/\/www.dental-matkovic.com\/\/wp-content\/uploads\/2015\/06\/baska_voda3-768x576.jpg 768w, http:\/\/www.dental-matkovic.com\/\/wp-content\/uploads\/2015\/06\/baska_voda3-200x150.jpg 200w, http:\/\/www.dental-matkovic.com\/\/wp-content\/uploads\/2015\/06\/baska_voda3.jpg 800w\" alt=\"baska_voda3\" width=\"271\" height=\"203\" sizes=\"(max-width: 300px) 100vw, 300px\" \/><\/p>\n<p><img loading=\"lazy\" class=\"alignright wp-image-691\" src=\"http:\/\/www.dental-matkovic.com\/\/wp-content\/uploads\/2015\/06\/baska-voda-spomenik-300x225.jpg\" srcset=\"http:\/\/www.dental-matkovic.com\/\/wp-content\/uploads\/2015\/06\/baska-voda-spomenik-300x225.jpg 300w, http:\/\/www.dental-matkovic.com\/\/wp-content\/uploads\/2015\/06\/baska-voda-spomenik-768x576.jpg 768w, http:\/\/www.dental-matkovic.com\/\/wp-content\/uploads\/2015\/06\/baska-voda-spomenik-200x150.jpg 200w, http:\/\/www.dental-matkovic.com\/\/wp-content\/uploads\/2015\/06\/baska-voda-spomenik.jpg 800w\" alt=\"baska voda spomenik\" width=\"271\" height=\"203\" sizes=\"(max-width: 300px) 100vw, 300px\" \/>","protected":false},"excerpt":{"rendered":"<p>Baska Voda befindet sicham Fusse des Bergmassives Biokovo, im westlichen Teil der Makarska Rivijera. Baska Voda war damals eine Siedlung von Landarbeitern, Fischern, Kaufl\u00e4uten und Seem\u00e4nnern, welche durch deren fleissige Arbeit in einen Touristenort verwandelt wurde. In den \u201eDreissigern\" des\u00a0 20. Jahrhunderts bauten die Gebr\u00fcder Sikavica das erste Hotel in Baska Voda\u00a0 mit dem Namen Slavija, welches im Jahre 1936&nbsp;<a href=\"http:\/\/www.dental-matkovic.com\/de\/baska-voda\" class=\"read-more\">Weiter lesen<\/a><\/p>\n","protected":false},"author":1,"featured_media":0,"parent":0,"menu_order":0,"comment_status":"open","ping_status":"open","template":"","meta":[],"acf":[],"yoast_head":"<!-- This site is optimized with the Yoast SEO plugin v19.3 - https:\/\/yoast.com\/wordpress\/plugins\/seo\/ -->\n<title>Ba\u0161ka Voda - Dental Matkovi\u0107<\/title>\n<meta name=\"description\" content=\"Stomatolo\u0161ka ordinacija Ba\u0161ka Voda, zubar ba\u0161ka voda\" \/>\n<meta name=\"robots\" content=\"index, follow, max-snippet:-1, max-image-preview:large, max-video-preview:-1\" \/>\n<link rel=\"canonical\" href=\"http:\/\/www.dental-matkovic.com\/baska-voda\" \/>\n<meta property=\"og:locale\" content=\"de_DE\" \/>\n<meta property=\"og:type\" content=\"article\" \/>\n<meta property=\"og:title\" content=\"Ba\u0161ka Voda - Dental Matkovi\u0107\" \/>\n<meta property=\"og:description\" content=\"Stomatolo\u0161ka ordinacija Ba\u0161ka Voda, zubar ba\u0161ka voda\" \/>\n<meta property=\"og:url\" content=\"http:\/\/www.dental-matkovic.com\/baska-voda\" \/>\n<meta property=\"og:site_name\" content=\"Dental Matkovic\" \/>\n<meta property=\"article:publisher\" content=\"https:\/\/www.facebook.com\/pages\/Dental-implant-Matkovi%c4%87\/832171276837924\" \/>\n<meta property=\"article:modified_time\" content=\"2015-08-09T16:40:31+00:00\" \/>\n<meta property=\"og:image\" content=\"http:\/\/www.dental-matkovic.com\/\/wp-content\/uploads\/2015\/06\/baska-voda6-b-300x189.jpg\" \/>\n<meta name=\"twitter:card\" content=\"summary\" \/>\n<meta name=\"twitter:label1\" content=\"Gesch\u00e4tzte Lesezeit\" \/>\n\t<meta name=\"twitter:data1\" content=\"3\u00a0Minuten\" \/>\n<script type=\"application\/ld+json\" class=\"yoast-schema-graph\">{\"@context\":\"https:\/\/schema.org\",\"@graph\":[{\"@type\":\"WebSite\",\"@id\":\"https:\/\/www.dental-matkovic.com\/en\/#website\",\"url\":\"https:\/\/www.dental-matkovic.com\/en\/\",\"name\":\"Dental Matkovic\",\"description\":\"Zahnarzt Dental Matkovi\u0107, Zahnarzt Ba\u0161ka Voda\",\"potentialAction\":[{\"@type\":\"SearchAction\",\"target\":{\"@type\":\"EntryPoint\",\"urlTemplate\":\"https:\/\/www.dental-matkovic.com\/en\/?s={search_term_string}\"},\"query-input\":\"required name=search_term_string\"}],\"inLanguage\":\"de\"},{\"@type\":\"ImageObject\",\"inLanguage\":\"de\",\"@id\":\"http:\/\/www.dental-matkovic.com\/baska-voda#primaryimage\",\"url\":\"http:\/\/www.dental-matkovic.com\/\/wp-content\/uploads\/2015\/06\/baska-voda6-b-300x189.jpg\",\"contentUrl\":\"http:\/\/www.dental-matkovic.com\/\/wp-content\/uploads\/2015\/06\/baska-voda6-b-300x189.jpg\"},{\"@type\":\"WebPage\",\"@id\":\"http:\/\/www.dental-matkovic.com\/baska-voda\",\"url\":\"http:\/\/www.dental-matkovic.com\/baska-voda\",\"name\":\"Ba\u0161ka Voda - Dental Matkovi\u0107\",\"isPartOf\":{\"@id\":\"https:\/\/www.dental-matkovic.com\/en\/#website\"},\"primaryImageOfPage\":{\"@id\":\"http:\/\/www.dental-matkovic.com\/baska-voda#primaryimage\"},\"datePublished\":\"2015-06-13T16:02:35+00:00\",\"dateModified\":\"2015-08-09T16:40:31+00:00\",\"description\":\"Stomatolo\u0161ka ordinacija Ba\u0161ka Voda, zubar ba\u0161ka voda\",\"breadcrumb\":{\"@id\":\"http:\/\/www.dental-matkovic.com\/baska-voda#breadcrumb\"},\"inLanguage\":\"de\",\"potentialAction\":[{\"@type\":\"ReadAction\",\"target\":[\"http:\/\/www.dental-matkovic.com\/baska-voda\"]}]},{\"@type\":\"BreadcrumbList\",\"@id\":\"http:\/\/www.dental-matkovic.com\/baska-voda#breadcrumb\",\"itemListElement\":[{\"@type\":\"ListItem\",\"position\":1,\"name\":\"Home\",\"item\":\"https:\/\/www.dental-matkovic.com\/en\/\"},{\"@type\":\"ListItem\",\"position\":2,\"name\":\"Ba\u0161ka Voda\"}]}]}<\/script>\n<!-- \/ Yoast SEO plugin. -->","yoast_head_json":{"title":"Ba\u0161ka Voda - Dental Matkovi\u0107","description":"Stomatolo\u0161ka ordinacija Ba\u0161ka Voda, zubar ba\u0161ka voda","robots":{"index":"index","follow":"follow","max-snippet":"max-snippet:-1","max-image-preview":"max-image-preview:large","max-video-preview":"max-video-preview:-1"},"canonical":"http:\/\/www.dental-matkovic.com\/baska-voda","og_locale":"de_DE","og_type":"article","og_title":"Ba\u0161ka Voda - Dental Matkovi\u0107","og_description":"Stomatolo\u0161ka ordinacija Ba\u0161ka Voda, zubar ba\u0161ka voda","og_url":"http:\/\/www.dental-matkovic.com\/baska-voda","og_site_name":"Dental Matkovic","article_publisher":"https:\/\/www.facebook.com\/pages\/Dental-implant-Matkovi%c4%87\/832171276837924","article_modified_time":"2015-08-09T16:40:31+00:00","og_image":[{"url":"http:\/\/www.dental-matkovic.com\/\/wp-content\/uploads\/2015\/06\/baska-voda6-b-300x189.jpg"}],"twitter_card":"summary","twitter_misc":{"Gesch\u00e4tzte Lesezeit":"3\u00a0Minuten"},"schema":{"@context":"https:\/\/schema.org","@graph":[{"@type":"WebSite","@id":"https:\/\/www.dental-matkovic.com\/en\/#website","url":"https:\/\/www.dental-matkovic.com\/en\/","name":"Dental Matkovic","description":"Zahnarzt Dental Matkovi\u0107, Zahnarzt Ba\u0161ka Voda","potentialAction":[{"@type":"SearchAction","target":{"@type":"EntryPoint","urlTemplate":"https:\/\/www.dental-matkovic.com\/en\/?s={search_term_string}"},"query-input":"required name=search_term_string"}],"inLanguage":"de"},{"@type":"ImageObject","inLanguage":"de","@id":"http:\/\/www.dental-matkovic.com\/baska-voda#primaryimage","url":"http:\/\/www.dental-matkovic.com\/\/wp-content\/uploads\/2015\/06\/baska-voda6-b-300x189.jpg","contentUrl":"http:\/\/www.dental-matkovic.com\/\/wp-content\/uploads\/2015\/06\/baska-voda6-b-300x189.jpg"},{"@type":"WebPage","@id":"http:\/\/www.dental-matkovic.com\/baska-voda","url":"http:\/\/www.dental-matkovic.com\/baska-voda","name":"Ba\u0161ka Voda - Dental Matkovi\u0107","isPartOf":{"@id":"https:\/\/www.dental-matkovic.com\/en\/#website"},"primaryImageOfPage":{"@id":"http:\/\/www.dental-matkovic.com\/baska-voda#primaryimage"},"datePublished":"2015-06-13T16:02:35+00:00","dateModified":"2015-08-09T16:40:31+00:00","description":"Stomatolo\u0161ka ordinacija Ba\u0161ka Voda, zubar ba\u0161ka voda","breadcrumb":{"@id":"http:\/\/www.dental-matkovic.com\/baska-voda#breadcrumb"},"inLanguage":"de","potentialAction":[{"@type":"ReadAction","target":["http:\/\/www.dental-matkovic.com\/baska-voda"]}]},{"@type":"BreadcrumbList","@id":"http:\/\/www.dental-matkovic.com\/baska-voda#breadcrumb","itemListElement":[{"@type":"ListItem","position":1,"name":"Home","item":"https:\/\/www.dental-matkovic.com\/en\/"},{"@type":"ListItem","position":2,"name":"Ba\u0161ka Voda"}]}]}},"_links":{"self":[{"href":"http:\/\/www.dental-matkovic.com\/de\/wp-json\/wp\/v2\/pages\/222"}],"collection":[{"href":"http:\/\/www.dental-matkovic.com\/de\/wp-json\/wp\/v2\/pages"}],"about":[{"href":"http:\/\/www.dental-matkovic.com\/de\/wp-json\/wp\/v2\/types\/page"}],"author":[{"embeddable":true,"href":"http:\/\/www.dental-matkovic.com\/de\/wp-json\/wp\/v2\/users\/1"}],"replies":[{"embeddable":true,"href":"http:\/\/www.dental-matkovic.com\/de\/wp-json\/wp\/v2\/comments?post=222"}],"version-history":[{"count":0,"href":"http:\/\/www.dental-matkovic.com\/de\/wp-json\/wp\/v2\/pages\/222\/revisions"}],"wp:attachment":[{"href":"http:\/\/www.dental-matkovic.com\/de\/wp-json\/wp\/v2\/media?parent=222"}],"curies":[{"name":"wp","href":"https:\/\/api.w.org\/{rel}","templated":true}]}}