{"id":225,"date":"2015-06-13T16:03:16","date_gmt":"2015-06-13T16:03:16","guid":{"rendered":"http:\/\/www.dental-matkovic.com\/\/?page_id=225"},"modified":"2015-08-03T21:04:09","modified_gmt":"2015-08-03T21:04:09","slug":"dentalni-turizam","status":"publish","type":"page","link":"http:\/\/www.dental-matkovic.com\/de\/dentalni-turizam","title":{"rendered":"Dental Tourismus"},"content":{"rendered":"<strong><a href=\"http:\/\/www.dental-matkovic.com\/\/wp-content\/uploads\/2015\/06\/googlemapa_marks.png\"><img loading=\"lazy\" class=\"alignleft size-medium wp-image-853\" src=\"http:\/\/www.dental-matkovic.com\/\/wp-content\/uploads\/2015\/06\/googlemapa_marks-300x212.png\" srcset=\"http:\/\/www.dental-matkovic.com\/\/wp-content\/uploads\/2015\/06\/googlemapa_marks-300x212.png 300w, http:\/\/www.dental-matkovic.com\/\/wp-content\/uploads\/2015\/06\/googlemapa_marks-768x541.png 768w, http:\/\/www.dental-matkovic.com\/\/wp-content\/uploads\/2015\/06\/googlemapa_marks.png 800w\" alt=\"googlemapa_marks\" width=\"300\" height=\"212\" sizes=\"(max-width: 300px) 100vw, 300px\" \/><\/a><\/strong><strong>Warum besuche uns?<\/strong><\/p>\n<ul>\n<li>\u00c4RZTE - Die zahn\u00e4rztliche Behandlungen werden von Zahn\u00e4rzten mit langj\u00e4hriger Erfahrung durchgef\u00fchrt die internationale Trends in der Zahnmedizin verfolgen und sich kontinuierlich auf nationalen und internationalen Kongressen weiterbilden.<\/li>\n<li>QUALIT\u00c4T - in unserer Zahnpraxis bieten wir den Patienten hochwertige L\u00f6sungen und stehen hinter unseren Arbeiten. Alle Behandlungen die in unserem Zentrum durchgef\u00fchrt werden entsprechen den h\u00f6chsten Anforderungen der internationalen Qualit\u00e4t und Standards.<\/li>\n<li>ZEIT - Bei dieser Wahl als Ihr zahn\u00e4rztliches Zielort werden Sie nicht nur Geld sparen, sondern auch Zeit. In nur wenigen Besuchen werden Sie alle ihre Zahnprobleme los.<\/li>\n<li>NIEDRIGERE PREISE - Ein weiterer Grund f\u00fcr ein Besuch in unserem Dental Zentrum sind niedrigere Preise von zahn\u00e4rztlichen Leistungen in Bezug auf die westeurop\u00e4ischen Kollegen. Wenn Sie sich entscheiden Ihre Zahnprobleme in unserem Zentrum zu l\u00f6sen, k\u00f6nnen Sie bis zu 70% sparen!<\/li>\n<li>WUNDERSCH\u00d6NER URLAUB - Ba\u0161ka Voda und\u00a0Umkreis bietet so viel zu sehen, besuchen, schmecken...<\/li>\n<\/ul>","protected":false},"excerpt":{"rendered":"<p>Warum besuche uns? \u00c4RZTE - Die zahn\u00e4rztliche Behandlungen werden von Zahn\u00e4rzten mit langj\u00e4hriger Erfahrung durchgef\u00fchrt die internationale Trends in der Zahnmedizin verfolgen und sich kontinuierlich auf nationalen und internationalen Kongressen weiterbilden. QUALIT\u00c4T - in unserer Zahnpraxis bieten wir den Patienten hochwertige L\u00f6sungen und stehen hinter unseren Arbeiten. Alle Behandlungen die in unserem Zentrum durchgef\u00fchrt werden entsprechen den h\u00f6chsten Anforderungen der&nbsp;<a href=\"http:\/\/www.dental-matkovic.com\/de\/dentalni-turizam\" class=\"read-more\">Weiter lesen<\/a><\/p>\n","protected":false},"author":1,"featured_media":0,"parent":0,"menu_order":0,"comment_status":"open","ping_status":"open","template":"","meta":[],"acf":[],"yoast_head":"<!-- This site is optimized with the Yoast SEO plugin v19.3 - https:\/\/yoast.com\/wordpress\/plugins\/seo\/ -->\n<title>Dental Tourismus - Dental Matkovic<\/title>\n<meta name=\"robots\" content=\"index, follow, max-snippet:-1, max-image-preview:large, max-video-preview:-1\" \/>\n<link rel=\"canonical\" href=\"https:\/\/www.dental-matkovic.com\/it\/dentalni-turizam\" \/>\n<meta property=\"og:locale\" content=\"de_DE\" \/>\n<meta property=\"og:type\" content=\"article\" \/>\n<meta property=\"og:title\" content=\"[:hr]Dentalni turizam[:en]Dental tourism[:de]Dental Tourismus[:it]Turismo dentale[:] - Dental Matkovic\" \/>\n<meta property=\"og:description\" content=\"Warum besuche uns? \u00c4RZTE - Die zahn\u00e4rztliche Behandlungen werden von Zahn\u00e4rzten mit langj\u00e4hriger Erfahrung durchgef\u00fchrt die internationale Trends in der Zahnmedizin verfolgen und sich kontinuierlich auf nationalen und internationalen Kongressen weiterbilden. QUALIT\u00c4T - in unserer Zahnpraxis bieten wir den Patienten hochwertige L\u00f6sungen und stehen hinter unseren Arbeiten. Alle Behandlungen die in unserem Zentrum durchgef\u00fchrt werden entsprechen den h\u00f6chsten Anforderungen der&nbsp;Weiter lesen\" \/>\n<meta property=\"og:url\" content=\"https:\/\/www.dental-matkovic.com\/it\/dentalni-turizam\" \/>\n<meta property=\"og:site_name\" content=\"Dental Matkovic\" \/>\n<meta property=\"article:publisher\" content=\"https:\/\/www.facebook.com\/pages\/Dental-implant-Matkovi%c4%87\/832171276837924\" \/>\n<meta property=\"article:modified_time\" content=\"2015-08-03T21:04:09+00:00\" \/>\n<meta property=\"og:image\" content=\"http:\/\/www.dental-matkovic.com\/\/wp-content\/uploads\/2015\/06\/googlemapa_marks-300x212.png\" \/>\n<meta name=\"twitter:card\" content=\"summary\" \/>\n<meta name=\"twitter:label1\" content=\"Gesch\u00e4tzte Lesezeit\" \/>\n\t<meta name=\"twitter:data1\" content=\"3\u00a0Minuten\" \/>\n<script type=\"application\/ld+json\" class=\"yoast-schema-graph\">{\"@context\":\"https:\/\/schema.org\",\"@graph\":[{\"@type\":\"WebSite\",\"@id\":\"http:\/\/www.dental-matkovic.com\/en\/#website\",\"url\":\"http:\/\/www.dental-matkovic.com\/en\/\",\"name\":\"Dental Matkovic\",\"description\":\"Zahnarzt Dental Matkovi\u0107, Zahnarzt Ba\u0161ka Voda\",\"potentialAction\":[{\"@type\":\"SearchAction\",\"target\":{\"@type\":\"EntryPoint\",\"urlTemplate\":\"http:\/\/www.dental-matkovic.com\/en\/?s={search_term_string}\"},\"query-input\":\"required name=search_term_string\"}],\"inLanguage\":\"de\"},{\"@type\":\"ImageObject\",\"inLanguage\":\"de\",\"@id\":\"https:\/\/www.dental-matkovic.com\/it\/dentalni-turizam#primaryimage\",\"url\":\"http:\/\/www.dental-matkovic.com\/\/wp-content\/uploads\/2015\/06\/googlemapa_marks-300x212.png\",\"contentUrl\":\"http:\/\/www.dental-matkovic.com\/\/wp-content\/uploads\/2015\/06\/googlemapa_marks-300x212.png\"},{\"@type\":\"WebPage\",\"@id\":\"https:\/\/www.dental-matkovic.com\/it\/dentalni-turizam\",\"url\":\"https:\/\/www.dental-matkovic.com\/it\/dentalni-turizam\",\"name\":\"[:hr]Dentalni turizam[:en]Dental tourism[:de]Dental Tourismus[:it]Turismo dentale[:] - Dental Matkovic\",\"isPartOf\":{\"@id\":\"http:\/\/www.dental-matkovic.com\/en\/#website\"},\"primaryImageOfPage\":{\"@id\":\"https:\/\/www.dental-matkovic.com\/it\/dentalni-turizam#primaryimage\"},\"datePublished\":\"2015-06-13T16:03:16+00:00\",\"dateModified\":\"2015-08-03T21:04:09+00:00\",\"breadcrumb\":{\"@id\":\"https:\/\/www.dental-matkovic.com\/it\/dentalni-turizam#breadcrumb\"},\"inLanguage\":\"de\",\"potentialAction\":[{\"@type\":\"ReadAction\",\"target\":[\"https:\/\/www.dental-matkovic.com\/it\/dentalni-turizam\"]}]},{\"@type\":\"BreadcrumbList\",\"@id\":\"https:\/\/www.dental-matkovic.com\/it\/dentalni-turizam#breadcrumb\",\"itemListElement\":[{\"@type\":\"ListItem\",\"position\":1,\"name\":\"Home\",\"item\":\"http:\/\/www.dental-matkovic.com\/en\/\"},{\"@type\":\"ListItem\",\"position\":2,\"name\":\"Turismo dentale\"}]}]}<\/script>\n<!-- \/ Yoast SEO plugin. -->","yoast_head_json":{"title":"[:hr]Dentalni turizam[:en]Dental tourism[:de]Dental Tourismus[:it]Turismo dentale[:] - Dental Matkovic","robots":{"index":"index","follow":"follow","max-snippet":"max-snippet:-1","max-image-preview":"max-image-preview:large","max-video-preview":"max-video-preview:-1"},"canonical":"https:\/\/www.dental-matkovic.com\/it\/dentalni-turizam","og_locale":"de_DE","og_type":"article","og_title":"[:hr]Dentalni turizam[:en]Dental tourism[:de]Dental Tourismus[:it]Turismo dentale[:] - Dental Matkovic","og_description":"Warum besuche uns? \u00c4RZTE - Die zahn\u00e4rztliche Behandlungen werden von Zahn\u00e4rzten mit langj\u00e4hriger Erfahrung durchgef\u00fchrt die internationale Trends in der Zahnmedizin verfolgen und sich kontinuierlich auf nationalen und internationalen Kongressen weiterbilden. QUALIT\u00c4T - in unserer Zahnpraxis bieten wir den Patienten hochwertige L\u00f6sungen und stehen hinter unseren Arbeiten. Alle Behandlungen die in unserem Zentrum durchgef\u00fchrt werden entsprechen den h\u00f6chsten Anforderungen der&nbsp;Weiter lesen","og_url":"https:\/\/www.dental-matkovic.com\/it\/dentalni-turizam","og_site_name":"Dental Matkovic","article_publisher":"https:\/\/www.facebook.com\/pages\/Dental-implant-Matkovi%c4%87\/832171276837924","article_modified_time":"2015-08-03T21:04:09+00:00","og_image":[{"url":"http:\/\/www.dental-matkovic.com\/\/wp-content\/uploads\/2015\/06\/googlemapa_marks-300x212.png"}],"twitter_card":"summary","twitter_misc":{"Gesch\u00e4tzte Lesezeit":"3\u00a0Minuten"},"schema":{"@context":"https:\/\/schema.org","@graph":[{"@type":"WebSite","@id":"http:\/\/www.dental-matkovic.com\/en\/#website","url":"http:\/\/www.dental-matkovic.com\/en\/","name":"Dental Matkovic","description":"Zahnarzt Dental Matkovi\u0107, Zahnarzt Ba\u0161ka Voda","potentialAction":[{"@type":"SearchAction","target":{"@type":"EntryPoint","urlTemplate":"http:\/\/www.dental-matkovic.com\/en\/?s={search_term_string}"},"query-input":"required name=search_term_string"}],"inLanguage":"de"},{"@type":"ImageObject","inLanguage":"de","@id":"https:\/\/www.dental-matkovic.com\/it\/dentalni-turizam#primaryimage","url":"http:\/\/www.dental-matkovic.com\/\/wp-content\/uploads\/2015\/06\/googlemapa_marks-300x212.png","contentUrl":"http:\/\/www.dental-matkovic.com\/\/wp-content\/uploads\/2015\/06\/googlemapa_marks-300x212.png"},{"@type":"WebPage","@id":"https:\/\/www.dental-matkovic.com\/it\/dentalni-turizam","url":"https:\/\/www.dental-matkovic.com\/it\/dentalni-turizam","name":"[:hr]Dentalni turizam[:en]Dental tourism[:de]Dental Tourismus[:it]Turismo dentale[:] - Dental Matkovic","isPartOf":{"@id":"http:\/\/www.dental-matkovic.com\/en\/#website"},"primaryImageOfPage":{"@id":"https:\/\/www.dental-matkovic.com\/it\/dentalni-turizam#primaryimage"},"datePublished":"2015-06-13T16:03:16+00:00","dateModified":"2015-08-03T21:04:09+00:00","breadcrumb":{"@id":"https:\/\/www.dental-matkovic.com\/it\/dentalni-turizam#breadcrumb"},"inLanguage":"de","potentialAction":[{"@type":"ReadAction","target":["https:\/\/www.dental-matkovic.com\/it\/dentalni-turizam"]}]},{"@type":"BreadcrumbList","@id":"https:\/\/www.dental-matkovic.com\/it\/dentalni-turizam#breadcrumb","itemListElement":[{"@type":"ListItem","position":1,"name":"Home","item":"http:\/\/www.dental-matkovic.com\/en\/"},{"@type":"ListItem","position":2,"name":"Turismo dentale"}]}]}},"_links":{"self":[{"href":"http:\/\/www.dental-matkovic.com\/de\/wp-json\/wp\/v2\/pages\/225"}],"collection":[{"href":"http:\/\/www.dental-matkovic.com\/de\/wp-json\/wp\/v2\/pages"}],"about":[{"href":"http:\/\/www.dental-matkovic.com\/de\/wp-json\/wp\/v2\/types\/page"}],"author":[{"embeddable":true,"href":"http:\/\/www.dental-matkovic.com\/de\/wp-json\/wp\/v2\/users\/1"}],"replies":[{"embeddable":true,"href":"http:\/\/www.dental-matkovic.com\/de\/wp-json\/wp\/v2\/comments?post=225"}],"version-history":[{"count":0,"href":"http:\/\/www.dental-matkovic.com\/de\/wp-json\/wp\/v2\/pages\/225\/revisions"}],"wp:attachment":[{"href":"http:\/\/www.dental-matkovic.com\/de\/wp-json\/wp\/v2\/media?parent=225"}],"curies":[{"name":"wp","href":"https:\/\/api.w.org\/{rel}","templated":true}]}}