{"id":228,"date":"2015-06-13T17:27:32","date_gmt":"2015-06-13T17:27:32","guid":{"rendered":"http:\/\/www.dental-matkovic.com\/\/?page_id=228"},"modified":"2015-07-21T14:15:41","modified_gmt":"2015-07-21T14:15:41","slug":"zasto-bas-mi","status":"publish","type":"page","link":"http:\/\/www.dental-matkovic.com\/de\/zasto-bas-mi","title":{"rendered":"Wieso gerade wir?"},"content":{"rendered":"Modern eingerichtete und gem\u00fctliche Atmosph\u00e4re wird dazu beitragen dass die potenziele \u00c4ngste auch bei den gr\u00f6\u00dften Zahnarzt Fobikern verschwindet. Im Zentrum wird an zwei modern ausgestatteten Arbeitspl\u00e4tzen gearbeitet. Allerdings ist die modern eingerichtete Praxis nur einer der Faktoren wieso Sie gerade uns w\u00e4hlen werden.<\/p>\n<p>In unserer Ordination erwartet Sie ein Team von fachkundigen Zahn\u00e4rzten mit viel Begeisterung und dem Wunsch sich selbst durch Ihr L\u00e4cheln zu verwirklichen. Deshalb bilden wir uns an zahlreichen Seminaren und Kongressen weiter.<br \/>\nIn einem angenehmen Ambiente modern eingericheter Praxis bieten wir Ihnen individuelle, fachkundige und ausgezeichnete zahnmedizinische Behandlung unter Nutzung von neuesten zahnmedizinischen Ger\u00e4ten. Zahlreiche zufriedene Patienten sind ein Beleg f\u00fcr die Exzellenz unseres Zentrums und deshalb danken wir ihnen f\u00fcr das Vetrauen und die Empfelungen. Ihnen, unseren neuen Patienten, garantieren wir das Sie in unserer Ordination ein Team von Zahn\u00e4rzten antreffen die Ihr Vertrauen rechtfertigen werden und dazubeitragen das auch Sie uns Ihrer Familie und Freunden empfehlen.<\/p>\n<p>Herzlich Willkommen!","protected":false},"excerpt":{"rendered":"<p>Modern eingerichtete und gem\u00fctliche Atmosph\u00e4re wird dazu beitragen dass die potenziele \u00c4ngste auch bei den gr\u00f6\u00dften Zahnarzt Fobikern verschwindet. Im Zentrum wird an zwei modern ausgestatteten Arbeitspl\u00e4tzen gearbeitet. Allerdings ist die modern eingerichtete Praxis nur einer der Faktoren wieso Sie gerade uns w\u00e4hlen werden. In unserer Ordination erwartet Sie ein Team von fachkundigen Zahn\u00e4rzten mit viel Begeisterung und dem Wunsch&nbsp;<a href=\"http:\/\/www.dental-matkovic.com\/de\/zasto-bas-mi\" class=\"read-more\">Weiter lesen<\/a><\/p>\n","protected":false},"author":1,"featured_media":0,"parent":0,"menu_order":0,"comment_status":"open","ping_status":"open","template":"","meta":[],"acf":[],"yoast_head":"<!-- This site is optimized with the Yoast SEO plugin v19.3 - https:\/\/yoast.com\/wordpress\/plugins\/seo\/ -->\n<title>Wieso gerade wir? - Dental Matkovic<\/title>\n<meta name=\"robots\" content=\"index, follow, max-snippet:-1, max-image-preview:large, max-video-preview:-1\" \/>\n<link rel=\"canonical\" href=\"http:\/\/www.dental-matkovic.com\/zasto-bas-mi\" \/>\n<meta property=\"og:locale\" content=\"de_DE\" \/>\n<meta property=\"og:type\" content=\"article\" \/>\n<meta property=\"og:title\" content=\"[:hr]Za\u0161to ba\u0161 mi?[:en]Why choose us?[:de]Wieso gerade wir?[:it]Perch\u00e9 scegliere noi?[:] - Dental Matkovic\" \/>\n<meta property=\"og:description\" content=\"Modern eingerichtete und gem\u00fctliche Atmosph\u00e4re wird dazu beitragen dass die potenziele \u00c4ngste auch bei den gr\u00f6\u00dften Zahnarzt Fobikern verschwindet. Im Zentrum wird an zwei modern ausgestatteten Arbeitspl\u00e4tzen gearbeitet. Allerdings ist die modern eingerichtete Praxis nur einer der Faktoren wieso Sie gerade uns w\u00e4hlen werden. In unserer Ordination erwartet Sie ein Team von fachkundigen Zahn\u00e4rzten mit viel Begeisterung und dem Wunsch&nbsp;Weiter lesen\" \/>\n<meta property=\"og:url\" content=\"http:\/\/www.dental-matkovic.com\/zasto-bas-mi\" \/>\n<meta property=\"og:site_name\" content=\"Dental Matkovic\" \/>\n<meta property=\"article:publisher\" content=\"https:\/\/www.facebook.com\/pages\/Dental-implant-Matkovi%c4%87\/832171276837924\" \/>\n<meta property=\"article:modified_time\" content=\"2015-07-21T14:15:41+00:00\" \/>\n<meta name=\"twitter:card\" content=\"summary\" \/>\n<meta name=\"twitter:label1\" content=\"Gesch\u00e4tzte Lesezeit\" \/>\n\t<meta name=\"twitter:data1\" content=\"3\u00a0Minuten\" \/>\n<script type=\"application\/ld+json\" class=\"yoast-schema-graph\">{\"@context\":\"https:\/\/schema.org\",\"@graph\":[{\"@type\":\"WebSite\",\"@id\":\"http:\/\/www.dental-matkovic.com\/#website\",\"url\":\"http:\/\/www.dental-matkovic.com\/\",\"name\":\"Dental Matkovic\",\"description\":\"Zahnarzt Dental Matkovi\u0107, Zahnarzt Ba\u0161ka Voda\",\"potentialAction\":[{\"@type\":\"SearchAction\",\"target\":{\"@type\":\"EntryPoint\",\"urlTemplate\":\"http:\/\/www.dental-matkovic.com\/?s={search_term_string}\"},\"query-input\":\"required name=search_term_string\"}],\"inLanguage\":\"de\"},{\"@type\":\"WebPage\",\"@id\":\"http:\/\/www.dental-matkovic.com\/zasto-bas-mi\",\"url\":\"http:\/\/www.dental-matkovic.com\/zasto-bas-mi\",\"name\":\"[:hr]Za\u0161to ba\u0161 mi?[:en]Why choose us?[:de]Wieso gerade wir?[:it]Perch\u00e9 scegliere noi?[:] - Dental Matkovic\",\"isPartOf\":{\"@id\":\"http:\/\/www.dental-matkovic.com\/#website\"},\"datePublished\":\"2015-06-13T17:27:32+00:00\",\"dateModified\":\"2015-07-21T14:15:41+00:00\",\"breadcrumb\":{\"@id\":\"http:\/\/www.dental-matkovic.com\/zasto-bas-mi#breadcrumb\"},\"inLanguage\":\"de\",\"potentialAction\":[{\"@type\":\"ReadAction\",\"target\":[\"http:\/\/www.dental-matkovic.com\/zasto-bas-mi\"]}]},{\"@type\":\"BreadcrumbList\",\"@id\":\"http:\/\/www.dental-matkovic.com\/zasto-bas-mi#breadcrumb\",\"itemListElement\":[{\"@type\":\"ListItem\",\"position\":1,\"name\":\"Home\",\"item\":\"http:\/\/www.dental-matkovic.com\/\"},{\"@type\":\"ListItem\",\"position\":2,\"name\":\"Za\u0161to ba\u0161 mi?\"}]}]}<\/script>\n<!-- \/ Yoast SEO plugin. -->","yoast_head_json":{"title":"[:hr]Za\u0161to ba\u0161 mi?[:en]Why choose us?[:de]Wieso gerade wir?[:it]Perch\u00e9 scegliere noi?[:] - Dental Matkovic","robots":{"index":"index","follow":"follow","max-snippet":"max-snippet:-1","max-image-preview":"max-image-preview:large","max-video-preview":"max-video-preview:-1"},"canonical":"http:\/\/www.dental-matkovic.com\/zasto-bas-mi","og_locale":"de_DE","og_type":"article","og_title":"[:hr]Za\u0161to ba\u0161 mi?[:en]Why choose us?[:de]Wieso gerade wir?[:it]Perch\u00e9 scegliere noi?[:] - Dental Matkovic","og_description":"Modern eingerichtete und gem\u00fctliche Atmosph\u00e4re wird dazu beitragen dass die potenziele \u00c4ngste auch bei den gr\u00f6\u00dften Zahnarzt Fobikern verschwindet. Im Zentrum wird an zwei modern ausgestatteten Arbeitspl\u00e4tzen gearbeitet. Allerdings ist die modern eingerichtete Praxis nur einer der Faktoren wieso Sie gerade uns w\u00e4hlen werden. In unserer Ordination erwartet Sie ein Team von fachkundigen Zahn\u00e4rzten mit viel Begeisterung und dem Wunsch&nbsp;Weiter lesen","og_url":"http:\/\/www.dental-matkovic.com\/zasto-bas-mi","og_site_name":"Dental Matkovic","article_publisher":"https:\/\/www.facebook.com\/pages\/Dental-implant-Matkovi%c4%87\/832171276837924","article_modified_time":"2015-07-21T14:15:41+00:00","twitter_card":"summary","twitter_misc":{"Gesch\u00e4tzte Lesezeit":"3\u00a0Minuten"},"schema":{"@context":"https:\/\/schema.org","@graph":[{"@type":"WebSite","@id":"http:\/\/www.dental-matkovic.com\/#website","url":"http:\/\/www.dental-matkovic.com\/","name":"Dental Matkovic","description":"Zahnarzt Dental Matkovi\u0107, Zahnarzt Ba\u0161ka Voda","potentialAction":[{"@type":"SearchAction","target":{"@type":"EntryPoint","urlTemplate":"http:\/\/www.dental-matkovic.com\/?s={search_term_string}"},"query-input":"required name=search_term_string"}],"inLanguage":"de"},{"@type":"WebPage","@id":"http:\/\/www.dental-matkovic.com\/zasto-bas-mi","url":"http:\/\/www.dental-matkovic.com\/zasto-bas-mi","name":"[:hr]Za\u0161to ba\u0161 mi?[:en]Why choose us?[:de]Wieso gerade wir?[:it]Perch\u00e9 scegliere noi?[:] - Dental Matkovic","isPartOf":{"@id":"http:\/\/www.dental-matkovic.com\/#website"},"datePublished":"2015-06-13T17:27:32+00:00","dateModified":"2015-07-21T14:15:41+00:00","breadcrumb":{"@id":"http:\/\/www.dental-matkovic.com\/zasto-bas-mi#breadcrumb"},"inLanguage":"de","potentialAction":[{"@type":"ReadAction","target":["http:\/\/www.dental-matkovic.com\/zasto-bas-mi"]}]},{"@type":"BreadcrumbList","@id":"http:\/\/www.dental-matkovic.com\/zasto-bas-mi#breadcrumb","itemListElement":[{"@type":"ListItem","position":1,"name":"Home","item":"http:\/\/www.dental-matkovic.com\/"},{"@type":"ListItem","position":2,"name":"Za\u0161to ba\u0161 mi?"}]}]}},"_links":{"self":[{"href":"http:\/\/www.dental-matkovic.com\/de\/wp-json\/wp\/v2\/pages\/228"}],"collection":[{"href":"http:\/\/www.dental-matkovic.com\/de\/wp-json\/wp\/v2\/pages"}],"about":[{"href":"http:\/\/www.dental-matkovic.com\/de\/wp-json\/wp\/v2\/types\/page"}],"author":[{"embeddable":true,"href":"http:\/\/www.dental-matkovic.com\/de\/wp-json\/wp\/v2\/users\/1"}],"replies":[{"embeddable":true,"href":"http:\/\/www.dental-matkovic.com\/de\/wp-json\/wp\/v2\/comments?post=228"}],"version-history":[{"count":0,"href":"http:\/\/www.dental-matkovic.com\/de\/wp-json\/wp\/v2\/pages\/228\/revisions"}],"wp:attachment":[{"href":"http:\/\/www.dental-matkovic.com\/de\/wp-json\/wp\/v2\/media?parent=228"}],"curies":[{"name":"wp","href":"https:\/\/api.w.org\/{rel}","templated":true}]}}