{"id":276,"date":"2015-06-14T16:01:27","date_gmt":"2015-06-14T16:01:27","guid":{"rendered":"http:\/\/www.dental-matkovic.com\/\/?page_id=276"},"modified":"2015-07-29T08:55:06","modified_gmt":"2015-07-29T08:55:06","slug":"radioloska-dijagnostika","status":"publish","type":"page","link":"http:\/\/www.dental-matkovic.com\/de\/radioloska-dijagnostika","title":{"rendered":"R\u00f6ntgendiagnostik"},"content":{"rendered":"W\u00e4hrend der Untersuchung, einschlie\u00dflich R\u00f6ntgen, wir machen Fotos aller Positionen und Segmente der Kiefer, Z\u00e4hne und l\u00e4chelt, und stellen Sie die Besetzung zu Labor-Modelle erstellen. Zusammen, alle diese wichtigen Informationen werden von einem ausf\u00fchrlichen Interview mit dem Patienten, in der wir lernen, dass seine W\u00fcnsche und Anforderungen in Bezug auf das endg\u00fcltige Aussehen erhalten.<\/p>\n<p>Nach dem Sammeln von Daten Vorgehensweise machen wir Behandlungsplan f\u00fcr den Patienten und die wir nehmen W\u00fcnsche eines Patienten \u00fcber das Layout der endg\u00fcltigen Arbeit, die Situation in den Mund, und die Zeit, die wir zur Verf\u00fcgung haben.<\/p>\n<p>Dank unserer hervorragenden professionellen Team haben die Patienten zur Verf\u00fcgung absolut alle Verfahren, die in der Zahnheilkunde gibt es, um das gew\u00fcnschte Endergebnis zu erhalten.<\/p>\n<p>Nach der Entwicklung des Behandlungsplans, auch der finanzielle Teil des Behandlungsplans werden dem Patienten \u00fcbertragen und Bedingungen werden auf der Grundlage Patienten M\u00f6glichkeiten der Anreise vereinbart.<\/p>\n<p><img loading=\"lazy\" class=\"alignleft wp-image-645\" src=\"http:\/\/www.dental-matkovic.com\/\/wp-content\/uploads\/2015\/06\/HUG-ANDREAS-1024x853.jpg\" srcset=\"http:\/\/www.dental-matkovic.com\/\/wp-content\/uploads\/2015\/06\/HUG-ANDREAS-300x250.jpg 300w, http:\/\/www.dental-matkovic.com\/\/wp-content\/uploads\/2015\/06\/HUG-ANDREAS-1024x853.jpg 1024w, http:\/\/www.dental-matkovic.com\/\/wp-content\/uploads\/2015\/06\/HUG-ANDREAS.jpg 1152w\" alt=\"HUG ANDREAS\" width=\"349\" height=\"291\" sizes=\"(max-width: 1024px) 100vw, 1024px\" \/><\/p>\n<p><img loading=\"lazy\" class=\"  alignright wp-image-646\" src=\"http:\/\/www.dental-matkovic.com\/\/wp-content\/uploads\/2015\/06\/ortopan-1024x528.jpg\" srcset=\"http:\/\/www.dental-matkovic.com\/\/wp-content\/uploads\/2015\/06\/ortopan-300x155.jpg 300w, http:\/\/www.dental-matkovic.com\/\/wp-content\/uploads\/2015\/06\/ortopan-1024x528.jpg 1024w, http:\/\/www.dental-matkovic.com\/\/wp-content\/uploads\/2015\/06\/ortopan-100x50.jpg 100w, http:\/\/www.dental-matkovic.com\/\/wp-content\/uploads\/2015\/06\/ortopan.jpg 1618w\" alt=\"ortopan\" width=\"350\" height=\"181\" sizes=\"(max-width: 1024px) 100vw, 1024px\" \/>","protected":false},"excerpt":{"rendered":"<p>W\u00e4hrend der Untersuchung, einschlie\u00dflich R\u00f6ntgen, wir machen Fotos aller Positionen und Segmente der Kiefer, Z\u00e4hne und l\u00e4chelt, und stellen Sie die Besetzung zu Labor-Modelle erstellen. Zusammen, alle diese wichtigen Informationen werden von einem ausf\u00fchrlichen Interview mit dem Patienten, in der wir lernen, dass seine W\u00fcnsche und Anforderungen in Bezug auf das endg\u00fcltige Aussehen erhalten. Nach dem Sammeln von Daten Vorgehensweise&nbsp;<a href=\"http:\/\/www.dental-matkovic.com\/de\/radioloska-dijagnostika\" class=\"read-more\">Weiter lesen<\/a><\/p>\n","protected":false},"author":1,"featured_media":0,"parent":0,"menu_order":0,"comment_status":"open","ping_status":"open","template":"","meta":[],"acf":[],"yoast_head":"<!-- This site is optimized with the Yoast SEO plugin v19.3 - https:\/\/yoast.com\/wordpress\/plugins\/seo\/ -->\n<title>R\u00f6ntgendiagnostik - Dental Matkovic<\/title>\n<meta name=\"robots\" content=\"index, follow, max-snippet:-1, max-image-preview:large, max-video-preview:-1\" \/>\n<link rel=\"canonical\" href=\"http:\/\/www.dental-matkovic.com\/de\/radioloska-dijagnostika\" \/>\n<meta property=\"og:locale\" content=\"de_DE\" \/>\n<meta property=\"og:type\" content=\"article\" \/>\n<meta property=\"og:title\" content=\"[:hr]Radiolo\u0161ka dijagnostika[:en]Diagnostic radiology[:de]R\u00f6ntgendiagnostik[:it]La diagnostica radiologica[:] - Dental Matkovic\" \/>\n<meta property=\"og:description\" content=\"W\u00e4hrend der Untersuchung, einschlie\u00dflich R\u00f6ntgen, wir machen Fotos aller Positionen und Segmente der Kiefer, Z\u00e4hne und l\u00e4chelt, und stellen Sie die Besetzung zu Labor-Modelle erstellen. Zusammen, alle diese wichtigen Informationen werden von einem ausf\u00fchrlichen Interview mit dem Patienten, in der wir lernen, dass seine W\u00fcnsche und Anforderungen in Bezug auf das endg\u00fcltige Aussehen erhalten. Nach dem Sammeln von Daten Vorgehensweise&nbsp;Weiter lesen\" \/>\n<meta property=\"og:url\" content=\"http:\/\/www.dental-matkovic.com\/de\/radioloska-dijagnostika\" \/>\n<meta property=\"og:site_name\" content=\"Dental Matkovic\" \/>\n<meta property=\"article:publisher\" content=\"https:\/\/www.facebook.com\/pages\/Dental-implant-Matkovi%c4%87\/832171276837924\" \/>\n<meta property=\"article:modified_time\" content=\"2015-07-29T08:55:06+00:00\" \/>\n<meta property=\"og:image\" content=\"http:\/\/www.dental-matkovic.com\/\/wp-content\/uploads\/2015\/06\/ortopan-1024x528.jpg\" \/>\n<meta name=\"twitter:card\" content=\"summary\" \/>\n<meta name=\"twitter:label1\" content=\"Gesch\u00e4tzte Lesezeit\" \/>\n\t<meta name=\"twitter:data1\" content=\"5\u00a0Minuten\" \/>\n<script type=\"application\/ld+json\" class=\"yoast-schema-graph\">{\"@context\":\"https:\/\/schema.org\",\"@graph\":[{\"@type\":\"WebSite\",\"@id\":\"https:\/\/www.dental-matkovic.com\/#website\",\"url\":\"https:\/\/www.dental-matkovic.com\/\",\"name\":\"Dental Matkovic\",\"description\":\"Zahnarzt Dental Matkovi\u0107, Zahnarzt Ba\u0161ka Voda\",\"potentialAction\":[{\"@type\":\"SearchAction\",\"target\":{\"@type\":\"EntryPoint\",\"urlTemplate\":\"https:\/\/www.dental-matkovic.com\/?s={search_term_string}\"},\"query-input\":\"required name=search_term_string\"}],\"inLanguage\":\"de\"},{\"@type\":\"ImageObject\",\"inLanguage\":\"de\",\"@id\":\"http:\/\/www.dental-matkovic.com\/de\/radioloska-dijagnostika#primaryimage\",\"url\":\"http:\/\/www.dental-matkovic.com\/\/wp-content\/uploads\/2015\/06\/ortopan-1024x528.jpg\",\"contentUrl\":\"http:\/\/www.dental-matkovic.com\/\/wp-content\/uploads\/2015\/06\/ortopan-1024x528.jpg\"},{\"@type\":\"WebPage\",\"@id\":\"http:\/\/www.dental-matkovic.com\/de\/radioloska-dijagnostika\",\"url\":\"http:\/\/www.dental-matkovic.com\/de\/radioloska-dijagnostika\",\"name\":\"[:hr]Radiolo\u0161ka dijagnostika[:en]Diagnostic radiology[:de]R\u00f6ntgendiagnostik[:it]La diagnostica radiologica[:] - Dental Matkovic\",\"isPartOf\":{\"@id\":\"https:\/\/www.dental-matkovic.com\/#website\"},\"primaryImageOfPage\":{\"@id\":\"http:\/\/www.dental-matkovic.com\/de\/radioloska-dijagnostika#primaryimage\"},\"datePublished\":\"2015-06-14T16:01:27+00:00\",\"dateModified\":\"2015-07-29T08:55:06+00:00\",\"breadcrumb\":{\"@id\":\"http:\/\/www.dental-matkovic.com\/de\/radioloska-dijagnostika#breadcrumb\"},\"inLanguage\":\"de\",\"potentialAction\":[{\"@type\":\"ReadAction\",\"target\":[\"http:\/\/www.dental-matkovic.com\/de\/radioloska-dijagnostika\"]}]},{\"@type\":\"BreadcrumbList\",\"@id\":\"http:\/\/www.dental-matkovic.com\/de\/radioloska-dijagnostika#breadcrumb\",\"itemListElement\":[{\"@type\":\"ListItem\",\"position\":1,\"name\":\"Home\",\"item\":\"https:\/\/www.dental-matkovic.com\/\"},{\"@type\":\"ListItem\",\"position\":2,\"name\":\"R\u00f6ntgendiagnostik\"}]}]}<\/script>\n<!-- \/ Yoast SEO plugin. -->","yoast_head_json":{"title":"[:hr]Radiolo\u0161ka dijagnostika[:en]Diagnostic radiology[:de]R\u00f6ntgendiagnostik[:it]La diagnostica radiologica[:] - Dental Matkovic","robots":{"index":"index","follow":"follow","max-snippet":"max-snippet:-1","max-image-preview":"max-image-preview:large","max-video-preview":"max-video-preview:-1"},"canonical":"http:\/\/www.dental-matkovic.com\/de\/radioloska-dijagnostika","og_locale":"de_DE","og_type":"article","og_title":"[:hr]Radiolo\u0161ka dijagnostika[:en]Diagnostic radiology[:de]R\u00f6ntgendiagnostik[:it]La diagnostica radiologica[:] - Dental Matkovic","og_description":"W\u00e4hrend der Untersuchung, einschlie\u00dflich R\u00f6ntgen, wir machen Fotos aller Positionen und Segmente der Kiefer, Z\u00e4hne und l\u00e4chelt, und stellen Sie die Besetzung zu Labor-Modelle erstellen. Zusammen, alle diese wichtigen Informationen werden von einem ausf\u00fchrlichen Interview mit dem Patienten, in der wir lernen, dass seine W\u00fcnsche und Anforderungen in Bezug auf das endg\u00fcltige Aussehen erhalten. Nach dem Sammeln von Daten Vorgehensweise&nbsp;Weiter lesen","og_url":"http:\/\/www.dental-matkovic.com\/de\/radioloska-dijagnostika","og_site_name":"Dental Matkovic","article_publisher":"https:\/\/www.facebook.com\/pages\/Dental-implant-Matkovi%c4%87\/832171276837924","article_modified_time":"2015-07-29T08:55:06+00:00","og_image":[{"url":"http:\/\/www.dental-matkovic.com\/\/wp-content\/uploads\/2015\/06\/ortopan-1024x528.jpg"}],"twitter_card":"summary","twitter_misc":{"Gesch\u00e4tzte Lesezeit":"5\u00a0Minuten"},"schema":{"@context":"https:\/\/schema.org","@graph":[{"@type":"WebSite","@id":"https:\/\/www.dental-matkovic.com\/#website","url":"https:\/\/www.dental-matkovic.com\/","name":"Dental Matkovic","description":"Zahnarzt Dental Matkovi\u0107, Zahnarzt Ba\u0161ka Voda","potentialAction":[{"@type":"SearchAction","target":{"@type":"EntryPoint","urlTemplate":"https:\/\/www.dental-matkovic.com\/?s={search_term_string}"},"query-input":"required name=search_term_string"}],"inLanguage":"de"},{"@type":"ImageObject","inLanguage":"de","@id":"http:\/\/www.dental-matkovic.com\/de\/radioloska-dijagnostika#primaryimage","url":"http:\/\/www.dental-matkovic.com\/\/wp-content\/uploads\/2015\/06\/ortopan-1024x528.jpg","contentUrl":"http:\/\/www.dental-matkovic.com\/\/wp-content\/uploads\/2015\/06\/ortopan-1024x528.jpg"},{"@type":"WebPage","@id":"http:\/\/www.dental-matkovic.com\/de\/radioloska-dijagnostika","url":"http:\/\/www.dental-matkovic.com\/de\/radioloska-dijagnostika","name":"[:hr]Radiolo\u0161ka dijagnostika[:en]Diagnostic radiology[:de]R\u00f6ntgendiagnostik[:it]La diagnostica radiologica[:] - Dental Matkovic","isPartOf":{"@id":"https:\/\/www.dental-matkovic.com\/#website"},"primaryImageOfPage":{"@id":"http:\/\/www.dental-matkovic.com\/de\/radioloska-dijagnostika#primaryimage"},"datePublished":"2015-06-14T16:01:27+00:00","dateModified":"2015-07-29T08:55:06+00:00","breadcrumb":{"@id":"http:\/\/www.dental-matkovic.com\/de\/radioloska-dijagnostika#breadcrumb"},"inLanguage":"de","potentialAction":[{"@type":"ReadAction","target":["http:\/\/www.dental-matkovic.com\/de\/radioloska-dijagnostika"]}]},{"@type":"BreadcrumbList","@id":"http:\/\/www.dental-matkovic.com\/de\/radioloska-dijagnostika#breadcrumb","itemListElement":[{"@type":"ListItem","position":1,"name":"Home","item":"https:\/\/www.dental-matkovic.com\/"},{"@type":"ListItem","position":2,"name":"R\u00f6ntgendiagnostik"}]}]}},"_links":{"self":[{"href":"http:\/\/www.dental-matkovic.com\/de\/wp-json\/wp\/v2\/pages\/276"}],"collection":[{"href":"http:\/\/www.dental-matkovic.com\/de\/wp-json\/wp\/v2\/pages"}],"about":[{"href":"http:\/\/www.dental-matkovic.com\/de\/wp-json\/wp\/v2\/types\/page"}],"author":[{"embeddable":true,"href":"http:\/\/www.dental-matkovic.com\/de\/wp-json\/wp\/v2\/users\/1"}],"replies":[{"embeddable":true,"href":"http:\/\/www.dental-matkovic.com\/de\/wp-json\/wp\/v2\/comments?post=276"}],"version-history":[{"count":0,"href":"http:\/\/www.dental-matkovic.com\/de\/wp-json\/wp\/v2\/pages\/276\/revisions"}],"wp:attachment":[{"href":"http:\/\/www.dental-matkovic.com\/de\/wp-json\/wp\/v2\/media?parent=276"}],"curies":[{"name":"wp","href":"https:\/\/api.w.org\/{rel}","templated":true}]}}