{"id":341,"date":"2015-06-14T20:08:44","date_gmt":"2015-06-14T20:08:44","guid":{"rendered":"http:\/\/www.dental-matkovic.com\/\/?page_id=341"},"modified":"2015-06-28T15:18:36","modified_gmt":"2015-06-28T15:18:36","slug":"estetski-ispun","status":"publish","type":"page","link":"http:\/\/www.dental-matkovic.com\/de\/estetski-ispun","title":{"rendered":"\u00c4sthetische F\u00fcllungen"},"content":{"rendered":"\u00c4sthetische F\u00fcllungen werden in den F\u00e4llen eingesetzt, in denen keine gro\u00dfen Zahnrestaurationen n\u00f6tig sind. Sie werden in nur einer Sitzung hergestellt.<\/p>\n<p>Die jedermann bekannten Amalgamf\u00fcllungen werden aus gesundheitlichen und \u00e4sthetischen Gr\u00fcnden durch <strong>\u00e4sthetisch hochwertige Kompositf\u00fcllungen<\/strong>ersetzt, welche aus hervorragenden Materialien bestehen und ein nat\u00fcrliches Aussehen aufweisen.<\/p>\n<p><img loading=\"lazy\" class=\" size-medium wp-image-588 alignleft\" src=\"http:\/\/www.dental-matkovic.com\/\/wp-content\/uploads\/2015\/06\/smile23-300x200.png\" srcset=\"http:\/\/www.dental-matkovic.com\/\/wp-content\/uploads\/2015\/06\/smile23-300x200.png 300w, http:\/\/www.dental-matkovic.com\/\/wp-content\/uploads\/2015\/06\/smile23.png 600w\" alt=\"smile23\" width=\"300\" height=\"200\" sizes=\"(max-width: 300px) 100vw, 300px\" \/>F\u00fcr die Herstellung dieser F\u00fcllung ist es lediglich notwendig den kari\u00f6sen Zahnteil zu entfernen und nicht wie bei den Amalgamf\u00fcllungen zus\u00e4tzlich noch einen gesunden Zahnanteil abzutragen um eine Retention zu erlangen.<\/p>\n<p><strong>\u00c4sthetische F\u00fcllungen<\/strong> werden in den F\u00e4llen als Mittel der Wahl empfohlen, in denen gr\u00f6\u00dfere Zahnrestauration auszuschlie\u00dfend ist. Sie werden in einer Sitzung hergestellt und direkt im Zahn appliziert. Eine sehr gro\u00dfe Auswahl von Material- und Farbnuancen und Cham\u00e4leon F\u00e4higkeiten f\u00fchren zu einem Endergebnis, der praktisch von der eigenen Zahnhartsubstanz nicht zu unterscheiden ist.<\/p>\n<p>&nbsp;","protected":false},"excerpt":{"rendered":"<p>\u00c4sthetische F\u00fcllungen werden in den F\u00e4llen eingesetzt, in denen keine gro\u00dfen Zahnrestaurationen n\u00f6tig sind. Sie werden in nur einer Sitzung hergestellt. Die jedermann bekannten Amalgamf\u00fcllungen werden aus gesundheitlichen und \u00e4sthetischen Gr\u00fcnden durch \u00e4sthetisch hochwertige Kompositf\u00fcllungenersetzt, welche aus hervorragenden Materialien bestehen und ein nat\u00fcrliches Aussehen aufweisen. F\u00fcr die Herstellung dieser F\u00fcllung ist es lediglich notwendig den kari\u00f6sen Zahnteil zu entfernen und&nbsp;<a href=\"http:\/\/www.dental-matkovic.com\/de\/estetski-ispun\" class=\"read-more\">Weiter lesen<\/a><\/p>\n","protected":false},"author":1,"featured_media":0,"parent":0,"menu_order":0,"comment_status":"open","ping_status":"open","template":"","meta":[],"acf":[],"yoast_head":"<!-- This site is optimized with the Yoast SEO plugin v19.3 - https:\/\/yoast.com\/wordpress\/plugins\/seo\/ -->\n<title>\u00c4sthetische F\u00fcllungen - Dental Matkovic<\/title>\n<meta name=\"robots\" content=\"index, follow, max-snippet:-1, max-image-preview:large, max-video-preview:-1\" \/>\n<link rel=\"canonical\" href=\"https:\/\/www.dental-matkovic.com\/estetski-ispun\" \/>\n<meta property=\"og:locale\" content=\"de_DE\" \/>\n<meta property=\"og:type\" content=\"article\" \/>\n<meta property=\"og:title\" content=\"[:hr]Estetski Ispun[:en]Aesthetic Fillings[:de]\u00c4sthetische F\u00fcllungen[:it]Le otturazioni estetiche[:] - Dental Matkovic\" \/>\n<meta property=\"og:description\" content=\"\u00c4sthetische F\u00fcllungen werden in den F\u00e4llen eingesetzt, in denen keine gro\u00dfen Zahnrestaurationen n\u00f6tig sind. Sie werden in nur einer Sitzung hergestellt. Die jedermann bekannten Amalgamf\u00fcllungen werden aus gesundheitlichen und \u00e4sthetischen Gr\u00fcnden durch \u00e4sthetisch hochwertige Kompositf\u00fcllungenersetzt, welche aus hervorragenden Materialien bestehen und ein nat\u00fcrliches Aussehen aufweisen. F\u00fcr die Herstellung dieser F\u00fcllung ist es lediglich notwendig den kari\u00f6sen Zahnteil zu entfernen und&nbsp;Weiter lesen\" \/>\n<meta property=\"og:url\" content=\"https:\/\/www.dental-matkovic.com\/estetski-ispun\" \/>\n<meta property=\"og:site_name\" content=\"Dental Matkovic\" \/>\n<meta property=\"article:publisher\" content=\"https:\/\/www.facebook.com\/pages\/Dental-implant-Matkovi%c4%87\/832171276837924\" \/>\n<meta property=\"article:modified_time\" content=\"2015-06-28T15:18:36+00:00\" \/>\n<meta property=\"og:image\" content=\"http:\/\/www.dental-matkovic.com\/\/wp-content\/uploads\/2015\/06\/smile23-300x200.png\" \/>\n<meta name=\"twitter:card\" content=\"summary\" \/>\n<meta name=\"twitter:label1\" content=\"Gesch\u00e4tzte Lesezeit\" \/>\n\t<meta name=\"twitter:data1\" content=\"3\u00a0Minuten\" \/>\n<script type=\"application\/ld+json\" class=\"yoast-schema-graph\">{\"@context\":\"https:\/\/schema.org\",\"@graph\":[{\"@type\":\"WebSite\",\"@id\":\"https:\/\/www.dental-matkovic.com\/#website\",\"url\":\"https:\/\/www.dental-matkovic.com\/\",\"name\":\"Dental Matkovic\",\"description\":\"Zahnarzt Dental Matkovi\u0107, Zahnarzt Ba\u0161ka Voda\",\"potentialAction\":[{\"@type\":\"SearchAction\",\"target\":{\"@type\":\"EntryPoint\",\"urlTemplate\":\"https:\/\/www.dental-matkovic.com\/?s={search_term_string}\"},\"query-input\":\"required name=search_term_string\"}],\"inLanguage\":\"de\"},{\"@type\":\"ImageObject\",\"inLanguage\":\"de\",\"@id\":\"https:\/\/www.dental-matkovic.com\/estetski-ispun#primaryimage\",\"url\":\"http:\/\/www.dental-matkovic.com\/\/wp-content\/uploads\/2015\/06\/smile23-300x200.png\",\"contentUrl\":\"http:\/\/www.dental-matkovic.com\/\/wp-content\/uploads\/2015\/06\/smile23-300x200.png\"},{\"@type\":\"WebPage\",\"@id\":\"https:\/\/www.dental-matkovic.com\/estetski-ispun\",\"url\":\"https:\/\/www.dental-matkovic.com\/estetski-ispun\",\"name\":\"[:hr]Estetski Ispun[:en]Aesthetic Fillings[:de]\u00c4sthetische F\u00fcllungen[:it]Le otturazioni estetiche[:] - Dental Matkovic\",\"isPartOf\":{\"@id\":\"https:\/\/www.dental-matkovic.com\/#website\"},\"primaryImageOfPage\":{\"@id\":\"https:\/\/www.dental-matkovic.com\/estetski-ispun#primaryimage\"},\"datePublished\":\"2015-06-14T20:08:44+00:00\",\"dateModified\":\"2015-06-28T15:18:36+00:00\",\"breadcrumb\":{\"@id\":\"https:\/\/www.dental-matkovic.com\/estetski-ispun#breadcrumb\"},\"inLanguage\":\"de\",\"potentialAction\":[{\"@type\":\"ReadAction\",\"target\":[\"https:\/\/www.dental-matkovic.com\/estetski-ispun\"]}]},{\"@type\":\"BreadcrumbList\",\"@id\":\"https:\/\/www.dental-matkovic.com\/estetski-ispun#breadcrumb\",\"itemListElement\":[{\"@type\":\"ListItem\",\"position\":1,\"name\":\"Home\",\"item\":\"https:\/\/www.dental-matkovic.com\/\"},{\"@type\":\"ListItem\",\"position\":2,\"name\":\"Estetski Ispun\"}]}]}<\/script>\n<!-- \/ Yoast SEO plugin. -->","yoast_head_json":{"title":"[:hr]Estetski Ispun[:en]Aesthetic Fillings[:de]\u00c4sthetische F\u00fcllungen[:it]Le otturazioni estetiche[:] - Dental Matkovic","robots":{"index":"index","follow":"follow","max-snippet":"max-snippet:-1","max-image-preview":"max-image-preview:large","max-video-preview":"max-video-preview:-1"},"canonical":"https:\/\/www.dental-matkovic.com\/estetski-ispun","og_locale":"de_DE","og_type":"article","og_title":"[:hr]Estetski Ispun[:en]Aesthetic Fillings[:de]\u00c4sthetische F\u00fcllungen[:it]Le otturazioni estetiche[:] - Dental Matkovic","og_description":"\u00c4sthetische F\u00fcllungen werden in den F\u00e4llen eingesetzt, in denen keine gro\u00dfen Zahnrestaurationen n\u00f6tig sind. Sie werden in nur einer Sitzung hergestellt. Die jedermann bekannten Amalgamf\u00fcllungen werden aus gesundheitlichen und \u00e4sthetischen Gr\u00fcnden durch \u00e4sthetisch hochwertige Kompositf\u00fcllungenersetzt, welche aus hervorragenden Materialien bestehen und ein nat\u00fcrliches Aussehen aufweisen. F\u00fcr die Herstellung dieser F\u00fcllung ist es lediglich notwendig den kari\u00f6sen Zahnteil zu entfernen und&nbsp;Weiter lesen","og_url":"https:\/\/www.dental-matkovic.com\/estetski-ispun","og_site_name":"Dental Matkovic","article_publisher":"https:\/\/www.facebook.com\/pages\/Dental-implant-Matkovi%c4%87\/832171276837924","article_modified_time":"2015-06-28T15:18:36+00:00","og_image":[{"url":"http:\/\/www.dental-matkovic.com\/\/wp-content\/uploads\/2015\/06\/smile23-300x200.png"}],"twitter_card":"summary","twitter_misc":{"Gesch\u00e4tzte Lesezeit":"3\u00a0Minuten"},"schema":{"@context":"https:\/\/schema.org","@graph":[{"@type":"WebSite","@id":"https:\/\/www.dental-matkovic.com\/#website","url":"https:\/\/www.dental-matkovic.com\/","name":"Dental Matkovic","description":"Zahnarzt Dental Matkovi\u0107, Zahnarzt Ba\u0161ka Voda","potentialAction":[{"@type":"SearchAction","target":{"@type":"EntryPoint","urlTemplate":"https:\/\/www.dental-matkovic.com\/?s={search_term_string}"},"query-input":"required name=search_term_string"}],"inLanguage":"de"},{"@type":"ImageObject","inLanguage":"de","@id":"https:\/\/www.dental-matkovic.com\/estetski-ispun#primaryimage","url":"http:\/\/www.dental-matkovic.com\/\/wp-content\/uploads\/2015\/06\/smile23-300x200.png","contentUrl":"http:\/\/www.dental-matkovic.com\/\/wp-content\/uploads\/2015\/06\/smile23-300x200.png"},{"@type":"WebPage","@id":"https:\/\/www.dental-matkovic.com\/estetski-ispun","url":"https:\/\/www.dental-matkovic.com\/estetski-ispun","name":"[:hr]Estetski Ispun[:en]Aesthetic Fillings[:de]\u00c4sthetische F\u00fcllungen[:it]Le otturazioni estetiche[:] - Dental Matkovic","isPartOf":{"@id":"https:\/\/www.dental-matkovic.com\/#website"},"primaryImageOfPage":{"@id":"https:\/\/www.dental-matkovic.com\/estetski-ispun#primaryimage"},"datePublished":"2015-06-14T20:08:44+00:00","dateModified":"2015-06-28T15:18:36+00:00","breadcrumb":{"@id":"https:\/\/www.dental-matkovic.com\/estetski-ispun#breadcrumb"},"inLanguage":"de","potentialAction":[{"@type":"ReadAction","target":["https:\/\/www.dental-matkovic.com\/estetski-ispun"]}]},{"@type":"BreadcrumbList","@id":"https:\/\/www.dental-matkovic.com\/estetski-ispun#breadcrumb","itemListElement":[{"@type":"ListItem","position":1,"name":"Home","item":"https:\/\/www.dental-matkovic.com\/"},{"@type":"ListItem","position":2,"name":"Estetski Ispun"}]}]}},"_links":{"self":[{"href":"http:\/\/www.dental-matkovic.com\/de\/wp-json\/wp\/v2\/pages\/341"}],"collection":[{"href":"http:\/\/www.dental-matkovic.com\/de\/wp-json\/wp\/v2\/pages"}],"about":[{"href":"http:\/\/www.dental-matkovic.com\/de\/wp-json\/wp\/v2\/types\/page"}],"author":[{"embeddable":true,"href":"http:\/\/www.dental-matkovic.com\/de\/wp-json\/wp\/v2\/users\/1"}],"replies":[{"embeddable":true,"href":"http:\/\/www.dental-matkovic.com\/de\/wp-json\/wp\/v2\/comments?post=341"}],"version-history":[{"count":0,"href":"http:\/\/www.dental-matkovic.com\/de\/wp-json\/wp\/v2\/pages\/341\/revisions"}],"wp:attachment":[{"href":"http:\/\/www.dental-matkovic.com\/de\/wp-json\/wp\/v2\/media?parent=341"}],"curies":[{"name":"wp","href":"https:\/\/api.w.org\/{rel}","templated":true}]}}