{"id":347,"date":"2015-06-14T20:11:48","date_gmt":"2015-06-14T20:11:48","guid":{"rendered":"http:\/\/www.dental-matkovic.com\/\/?page_id=347"},"modified":"2015-06-28T15:33:47","modified_gmt":"2015-06-28T15:33:47","slug":"dentalni-wellness","status":"publish","type":"page","link":"http:\/\/www.dental-matkovic.com\/de\/dentalni-wellness","title":{"rendered":"Dental Wellness"},"content":{"rendered":"<img loading=\"lazy\" class=\"alignright wp-image-593 size-medium\" src=\"http:\/\/www.dental-matkovic.com\/\/wp-content\/uploads\/2015\/06\/imagesC-300x200.jpg\" srcset=\"http:\/\/www.dental-matkovic.com\/\/wp-content\/uploads\/2015\/06\/imagesC-300x200.jpg 300w, http:\/\/www.dental-matkovic.com\/\/wp-content\/uploads\/2015\/06\/imagesC.jpg 432w\" alt=\"imagesC\" width=\"300\" height=\"200\" sizes=\"(max-width: 300px) 100vw, 300px\" \/>Mini Eingriff f\u00fcr die erfrischende Zahnfarbe, und gl\u00e4nzenden L\u00e4cheln?\u00a0Das ist dental Wellness!!<br \/>\nIm Laufe der Zeit bildet sich Zahnstein an unseren Z\u00e4hnen. Die Gewohnheiten wie rauchen, Rotwein- und Kaffeekonsum sind f\u00fcr das sch\u00f6ne und gl\u00e4nzende L\u00e4cheln nicht von Vorteil. Wir\u00a0bieten eine kosmetische Behandlung f\u00fcr die Z\u00e4hne an, das sogenannten <strong>dental Wellens<\/strong>. Dabei wird mit Hilfe von\u00a0<strong>Ultraschall der Zahnstein entfernt<\/strong>, durch <strong>Sandstrahlen <\/strong>der Zahnhartsubstanz die <strong>Verf\u00e4rbungen entfernt<\/strong> und letztendlich werden die Z\u00e4hne mit <strong>Flour<\/strong>beschichtet. Das Gef\u00fchl von der frische und ein sch\u00f6nes L\u00e4cheln sind die Ergebnisse von diesem wunderbaren Eingriff.<\/p>\n<p>&nbsp;","protected":false},"excerpt":{"rendered":"<p>Mini Eingriff f\u00fcr die erfrischende Zahnfarbe, und gl\u00e4nzenden L\u00e4cheln?\u00a0Das ist dental Wellness!! Im Laufe der Zeit bildet sich Zahnstein an unseren Z\u00e4hnen. Die Gewohnheiten wie rauchen, Rotwein- und Kaffeekonsum sind f\u00fcr das sch\u00f6ne und gl\u00e4nzende L\u00e4cheln nicht von Vorteil. Wir\u00a0bieten eine kosmetische Behandlung f\u00fcr die Z\u00e4hne an, das sogenannten dental Wellens. Dabei wird mit Hilfe von\u00a0Ultraschall der Zahnstein entfernt, durch&nbsp;<a href=\"http:\/\/www.dental-matkovic.com\/de\/dentalni-wellness\" class=\"read-more\">Weiter lesen<\/a><\/p>\n","protected":false},"author":1,"featured_media":0,"parent":0,"menu_order":0,"comment_status":"open","ping_status":"open","template":"","meta":[],"acf":[],"yoast_head":"<!-- This site is optimized with the Yoast SEO plugin v19.3 - https:\/\/yoast.com\/wordpress\/plugins\/seo\/ -->\n<title>Dental Wellness - Dental Matkovic<\/title>\n<meta name=\"robots\" content=\"index, follow, max-snippet:-1, max-image-preview:large, max-video-preview:-1\" \/>\n<link rel=\"canonical\" href=\"http:\/\/www.dental-matkovic.com\/dentalni-wellness\" \/>\n<meta property=\"og:locale\" content=\"de_DE\" \/>\n<meta property=\"og:type\" content=\"article\" \/>\n<meta property=\"og:title\" content=\"[:hr]Dentalni Wellness[:en]Dental Wellness[:de]Dental Wellness[:it]Dental wellness[:] - Dental Matkovic\" \/>\n<meta property=\"og:description\" content=\"Mini Eingriff f\u00fcr die erfrischende Zahnfarbe, und gl\u00e4nzenden L\u00e4cheln?\u00a0Das ist dental Wellness!! Im Laufe der Zeit bildet sich Zahnstein an unseren Z\u00e4hnen. Die Gewohnheiten wie rauchen, Rotwein- und Kaffeekonsum sind f\u00fcr das sch\u00f6ne und gl\u00e4nzende L\u00e4cheln nicht von Vorteil. Wir\u00a0bieten eine kosmetische Behandlung f\u00fcr die Z\u00e4hne an, das sogenannten dental Wellens. Dabei wird mit Hilfe von\u00a0Ultraschall der Zahnstein entfernt, durch&nbsp;Weiter lesen\" \/>\n<meta property=\"og:url\" content=\"http:\/\/www.dental-matkovic.com\/dentalni-wellness\" \/>\n<meta property=\"og:site_name\" content=\"Dental Matkovic\" \/>\n<meta property=\"article:publisher\" content=\"https:\/\/www.facebook.com\/pages\/Dental-implant-Matkovi%c4%87\/832171276837924\" \/>\n<meta property=\"article:modified_time\" content=\"2015-06-28T15:33:47+00:00\" \/>\n<meta property=\"og:image\" content=\"http:\/\/www.dental-matkovic.com\/\/wp-content\/uploads\/2015\/06\/imagesC-300x200.jpg\" \/>\n<meta name=\"twitter:card\" content=\"summary\" \/>\n<meta name=\"twitter:label1\" content=\"Gesch\u00e4tzte Lesezeit\" \/>\n\t<meta name=\"twitter:data1\" content=\"2\u00a0Minuten\" \/>\n<script type=\"application\/ld+json\" class=\"yoast-schema-graph\">{\"@context\":\"https:\/\/schema.org\",\"@graph\":[{\"@type\":\"WebSite\",\"@id\":\"https:\/\/www.dental-matkovic.com\/#website\",\"url\":\"https:\/\/www.dental-matkovic.com\/\",\"name\":\"Dental Matkovic\",\"description\":\"Zahnarzt Dental Matkovi\u0107, Zahnarzt Ba\u0161ka Voda\",\"potentialAction\":[{\"@type\":\"SearchAction\",\"target\":{\"@type\":\"EntryPoint\",\"urlTemplate\":\"https:\/\/www.dental-matkovic.com\/?s={search_term_string}\"},\"query-input\":\"required name=search_term_string\"}],\"inLanguage\":\"de\"},{\"@type\":\"ImageObject\",\"inLanguage\":\"de\",\"@id\":\"http:\/\/www.dental-matkovic.com\/dentalni-wellness#primaryimage\",\"url\":\"http:\/\/www.dental-matkovic.com\/\/wp-content\/uploads\/2015\/06\/imagesC-300x200.jpg\",\"contentUrl\":\"http:\/\/www.dental-matkovic.com\/\/wp-content\/uploads\/2015\/06\/imagesC-300x200.jpg\"},{\"@type\":\"WebPage\",\"@id\":\"http:\/\/www.dental-matkovic.com\/dentalni-wellness\",\"url\":\"http:\/\/www.dental-matkovic.com\/dentalni-wellness\",\"name\":\"[:hr]Dentalni Wellness[:en]Dental Wellness[:de]Dental Wellness[:it]Dental wellness[:] - Dental Matkovic\",\"isPartOf\":{\"@id\":\"https:\/\/www.dental-matkovic.com\/#website\"},\"primaryImageOfPage\":{\"@id\":\"http:\/\/www.dental-matkovic.com\/dentalni-wellness#primaryimage\"},\"datePublished\":\"2015-06-14T20:11:48+00:00\",\"dateModified\":\"2015-06-28T15:33:47+00:00\",\"breadcrumb\":{\"@id\":\"http:\/\/www.dental-matkovic.com\/dentalni-wellness#breadcrumb\"},\"inLanguage\":\"de\",\"potentialAction\":[{\"@type\":\"ReadAction\",\"target\":[\"http:\/\/www.dental-matkovic.com\/dentalni-wellness\"]}]},{\"@type\":\"BreadcrumbList\",\"@id\":\"http:\/\/www.dental-matkovic.com\/dentalni-wellness#breadcrumb\",\"itemListElement\":[{\"@type\":\"ListItem\",\"position\":1,\"name\":\"Home\",\"item\":\"https:\/\/www.dental-matkovic.com\/\"},{\"@type\":\"ListItem\",\"position\":2,\"name\":\"Dentalni Wellness\"}]}]}<\/script>\n<!-- \/ Yoast SEO plugin. -->","yoast_head_json":{"title":"[:hr]Dentalni Wellness[:en]Dental Wellness[:de]Dental Wellness[:it]Dental wellness[:] - Dental Matkovic","robots":{"index":"index","follow":"follow","max-snippet":"max-snippet:-1","max-image-preview":"max-image-preview:large","max-video-preview":"max-video-preview:-1"},"canonical":"http:\/\/www.dental-matkovic.com\/dentalni-wellness","og_locale":"de_DE","og_type":"article","og_title":"[:hr]Dentalni Wellness[:en]Dental Wellness[:de]Dental Wellness[:it]Dental wellness[:] - Dental Matkovic","og_description":"Mini Eingriff f\u00fcr die erfrischende Zahnfarbe, und gl\u00e4nzenden L\u00e4cheln?\u00a0Das ist dental Wellness!! Im Laufe der Zeit bildet sich Zahnstein an unseren Z\u00e4hnen. Die Gewohnheiten wie rauchen, Rotwein- und Kaffeekonsum sind f\u00fcr das sch\u00f6ne und gl\u00e4nzende L\u00e4cheln nicht von Vorteil. Wir\u00a0bieten eine kosmetische Behandlung f\u00fcr die Z\u00e4hne an, das sogenannten dental Wellens. Dabei wird mit Hilfe von\u00a0Ultraschall der Zahnstein entfernt, durch&nbsp;Weiter lesen","og_url":"http:\/\/www.dental-matkovic.com\/dentalni-wellness","og_site_name":"Dental Matkovic","article_publisher":"https:\/\/www.facebook.com\/pages\/Dental-implant-Matkovi%c4%87\/832171276837924","article_modified_time":"2015-06-28T15:33:47+00:00","og_image":[{"url":"http:\/\/www.dental-matkovic.com\/\/wp-content\/uploads\/2015\/06\/imagesC-300x200.jpg"}],"twitter_card":"summary","twitter_misc":{"Gesch\u00e4tzte Lesezeit":"2\u00a0Minuten"},"schema":{"@context":"https:\/\/schema.org","@graph":[{"@type":"WebSite","@id":"https:\/\/www.dental-matkovic.com\/#website","url":"https:\/\/www.dental-matkovic.com\/","name":"Dental Matkovic","description":"Zahnarzt Dental Matkovi\u0107, Zahnarzt Ba\u0161ka Voda","potentialAction":[{"@type":"SearchAction","target":{"@type":"EntryPoint","urlTemplate":"https:\/\/www.dental-matkovic.com\/?s={search_term_string}"},"query-input":"required name=search_term_string"}],"inLanguage":"de"},{"@type":"ImageObject","inLanguage":"de","@id":"http:\/\/www.dental-matkovic.com\/dentalni-wellness#primaryimage","url":"http:\/\/www.dental-matkovic.com\/\/wp-content\/uploads\/2015\/06\/imagesC-300x200.jpg","contentUrl":"http:\/\/www.dental-matkovic.com\/\/wp-content\/uploads\/2015\/06\/imagesC-300x200.jpg"},{"@type":"WebPage","@id":"http:\/\/www.dental-matkovic.com\/dentalni-wellness","url":"http:\/\/www.dental-matkovic.com\/dentalni-wellness","name":"[:hr]Dentalni Wellness[:en]Dental Wellness[:de]Dental Wellness[:it]Dental wellness[:] - Dental Matkovic","isPartOf":{"@id":"https:\/\/www.dental-matkovic.com\/#website"},"primaryImageOfPage":{"@id":"http:\/\/www.dental-matkovic.com\/dentalni-wellness#primaryimage"},"datePublished":"2015-06-14T20:11:48+00:00","dateModified":"2015-06-28T15:33:47+00:00","breadcrumb":{"@id":"http:\/\/www.dental-matkovic.com\/dentalni-wellness#breadcrumb"},"inLanguage":"de","potentialAction":[{"@type":"ReadAction","target":["http:\/\/www.dental-matkovic.com\/dentalni-wellness"]}]},{"@type":"BreadcrumbList","@id":"http:\/\/www.dental-matkovic.com\/dentalni-wellness#breadcrumb","itemListElement":[{"@type":"ListItem","position":1,"name":"Home","item":"https:\/\/www.dental-matkovic.com\/"},{"@type":"ListItem","position":2,"name":"Dentalni Wellness"}]}]}},"_links":{"self":[{"href":"http:\/\/www.dental-matkovic.com\/de\/wp-json\/wp\/v2\/pages\/347"}],"collection":[{"href":"http:\/\/www.dental-matkovic.com\/de\/wp-json\/wp\/v2\/pages"}],"about":[{"href":"http:\/\/www.dental-matkovic.com\/de\/wp-json\/wp\/v2\/types\/page"}],"author":[{"embeddable":true,"href":"http:\/\/www.dental-matkovic.com\/de\/wp-json\/wp\/v2\/users\/1"}],"replies":[{"embeddable":true,"href":"http:\/\/www.dental-matkovic.com\/de\/wp-json\/wp\/v2\/comments?post=347"}],"version-history":[{"count":0,"href":"http:\/\/www.dental-matkovic.com\/de\/wp-json\/wp\/v2\/pages\/347\/revisions"}],"wp:attachment":[{"href":"http:\/\/www.dental-matkovic.com\/de\/wp-json\/wp\/v2\/media?parent=347"}],"curies":[{"name":"wp","href":"https:\/\/api.w.org\/{rel}","templated":true}]}}