{"id":350,"date":"2015-06-14T20:14:42","date_gmt":"2015-06-14T20:14:42","guid":{"rendered":"http:\/\/www.dental-matkovic.com\/\/?page_id=350"},"modified":"2015-06-28T16:00:44","modified_gmt":"2015-06-28T16:00:44","slug":"bezmetalna-keramika-cirkon","status":"publish","type":"page","link":"http:\/\/www.dental-matkovic.com\/de\/bezmetalna-keramika-cirkon","title":{"rendered":"Metallfreie Keramik (Zirkon)"},"content":{"rendered":"<strong><img loading=\"lazy\" class=\"alignright size-medium wp-image-603\" src=\"http:\/\/www.dental-matkovic.com\/\/wp-content\/uploads\/2015\/06\/bruxzir-cirkon-300x214.jpg\" srcset=\"http:\/\/www.dental-matkovic.com\/\/wp-content\/uploads\/2015\/06\/bruxzir-cirkon-300x214.jpg 300w, http:\/\/www.dental-matkovic.com\/\/wp-content\/uploads\/2015\/06\/bruxzir-cirkon-1024x731.jpg 1024w, http:\/\/www.dental-matkovic.com\/\/wp-content\/uploads\/2015\/06\/bruxzir-cirkon.jpg 1500w\" alt=\"bruxzir-cirkon\" width=\"300\" height=\"214\" sizes=\"(max-width: 300px) 100vw, 300px\" \/>Metallfreie Keramik (Zirkon)<\/strong>\u00a0\u2013\u00a0ist die modernste Art, die in der \u00e4sthetischen Zahnmedizin ihre Anwendung findet um fehlende Z\u00e4hne zu erg\u00e4nzen. Heute ist es nicht nur wichtig die Funktionalit\u00e4t wiederherzustellen sondern auch hohe \u00e4sthetische Anspr\u00fcche der Patienten zu erf\u00fcllen.<\/p>\n<p>Zahn\u00e4sthetik und Zahnersatz\u00e4sthetik stehen bei den Patienten an erster Stelle. Br\u00fccken, Kronen die aus Keramik hergestellt werden k\u00f6nnen Naturgetreu den ehemaligen Zustand reproduzieren, aber auch falls notwendig die Farbe, die Form, die Gr\u00f6\u00dfe, die Lage der Z\u00e4hne ver\u00e4ndern. Das Metallfreie Keramik setzt sich immer mehr in der Herstellung von Kronen und Br\u00fccken durch. <strong>Zirkon <\/strong>ist das neuste Material welches in der Kronen und Br\u00fcckenherstellung ihren Einsatz findet. Seine Eigenschaften sind: sehr gute \u00c4sthetik, Biokompatibilit\u00e4t, eine erh\u00f6hte Pr\u00e4zision und Festigkeit.<\/p>\n<h4>Vorteile der metalfreien Keramik sind:<\/h4>\n<ul>\n<li>\u00c4sthetik die durch eine nat\u00fcrliche Farbe, Form und Lichtdurchl\u00e4ssigkeit ausgezeichnet ist<\/li>\n<li>Weniger Zahnschleifen, d.h. geringere Zahnhartverlust<\/li>\n<li>Computergesteuerte Pr\u00e4zision in der Herstellung<\/li>\n<li>Grosse H\u00e4rte und Standfestigkeit<\/li>\n<li>Erleichterte Oralhygiene<\/li>\n<li>Weniger Irritationen des Zahnfleisches<\/li>\n<li>Kein Risiko dass bei einem Zahnfleischschwund der Kronenmetallrand sichtbar wird<\/li>\n<li>Erh\u00f6hte Randdichtigkeit<\/li>\n<li>Gr\u00f6\u00dfere Bequemlichkeit f\u00fcr den Patienten<\/li>\n<\/ul>\n<p>&nbsp;<\/p>\n<p><strong style=\"line-height: 24px; font-size: 16px;\">\u00a0<\/strong>","protected":false},"excerpt":{"rendered":"<p>Metallfreie Keramik (Zirkon)\u00a0\u2013\u00a0ist die modernste Art, die in der \u00e4sthetischen Zahnmedizin ihre Anwendung findet um fehlende Z\u00e4hne zu erg\u00e4nzen. Heute ist es nicht nur wichtig die Funktionalit\u00e4t wiederherzustellen sondern auch hohe \u00e4sthetische Anspr\u00fcche der Patienten zu erf\u00fcllen. Zahn\u00e4sthetik und Zahnersatz\u00e4sthetik stehen bei den Patienten an erster Stelle. Br\u00fccken, Kronen die aus Keramik hergestellt werden k\u00f6nnen Naturgetreu den ehemaligen Zustand reproduzieren,&nbsp;<a href=\"http:\/\/www.dental-matkovic.com\/de\/bezmetalna-keramika-cirkon\" class=\"read-more\">Weiter lesen<\/a><\/p>\n","protected":false},"author":1,"featured_media":0,"parent":0,"menu_order":0,"comment_status":"open","ping_status":"open","template":"","meta":[],"acf":[],"yoast_head":"<!-- This site is optimized with the Yoast SEO plugin v19.3 - https:\/\/yoast.com\/wordpress\/plugins\/seo\/ -->\n<title>Metallfreie Keramik (Zirkon) - Dental Matkovic<\/title>\n<meta name=\"robots\" content=\"index, follow, max-snippet:-1, max-image-preview:large, max-video-preview:-1\" \/>\n<link rel=\"canonical\" href=\"https:\/\/www.dental-matkovic.com\/it\/bezmetalna-keramika-cirkon\" \/>\n<meta property=\"og:locale\" content=\"de_DE\" \/>\n<meta property=\"og:type\" content=\"article\" \/>\n<meta property=\"og:title\" content=\"[:hr]Bezmetalna Keramika (cirkon)[:en]Nonmetal ceramics (zircon)[:de]Metallfreie Keramik (Zirkon)[:it]Ceramica integrale (ziconio)[:] - Dental Matkovic\" \/>\n<meta property=\"og:description\" content=\"Metallfreie Keramik (Zirkon)\u00a0\u2013\u00a0ist die modernste Art, die in der \u00e4sthetischen Zahnmedizin ihre Anwendung findet um fehlende Z\u00e4hne zu erg\u00e4nzen. Heute ist es nicht nur wichtig die Funktionalit\u00e4t wiederherzustellen sondern auch hohe \u00e4sthetische Anspr\u00fcche der Patienten zu erf\u00fcllen. Zahn\u00e4sthetik und Zahnersatz\u00e4sthetik stehen bei den Patienten an erster Stelle. Br\u00fccken, Kronen die aus Keramik hergestellt werden k\u00f6nnen Naturgetreu den ehemaligen Zustand reproduzieren,&nbsp;Weiter lesen\" \/>\n<meta property=\"og:url\" content=\"https:\/\/www.dental-matkovic.com\/it\/bezmetalna-keramika-cirkon\" \/>\n<meta property=\"og:site_name\" content=\"Dental Matkovic\" \/>\n<meta property=\"article:publisher\" content=\"https:\/\/www.facebook.com\/pages\/Dental-implant-Matkovi%c4%87\/832171276837924\" \/>\n<meta property=\"article:modified_time\" content=\"2015-06-28T16:00:44+00:00\" \/>\n<meta property=\"og:image\" content=\"http:\/\/www.dental-matkovic.com\/\/wp-content\/uploads\/2015\/06\/bruxzir-cirkon-300x214.jpg\" \/>\n<meta name=\"twitter:card\" content=\"summary\" \/>\n<meta name=\"twitter:label1\" content=\"Gesch\u00e4tzte Lesezeit\" \/>\n\t<meta name=\"twitter:data1\" content=\"3\u00a0Minuten\" \/>\n<script type=\"application\/ld+json\" class=\"yoast-schema-graph\">{\"@context\":\"https:\/\/schema.org\",\"@graph\":[{\"@type\":\"WebSite\",\"@id\":\"http:\/\/www.dental-matkovic.com\/en\/#website\",\"url\":\"http:\/\/www.dental-matkovic.com\/en\/\",\"name\":\"Dental Matkovic\",\"description\":\"Zahnarzt Dental Matkovi\u0107, Zahnarzt Ba\u0161ka Voda\",\"potentialAction\":[{\"@type\":\"SearchAction\",\"target\":{\"@type\":\"EntryPoint\",\"urlTemplate\":\"http:\/\/www.dental-matkovic.com\/en\/?s={search_term_string}\"},\"query-input\":\"required name=search_term_string\"}],\"inLanguage\":\"de\"},{\"@type\":\"ImageObject\",\"inLanguage\":\"de\",\"@id\":\"https:\/\/www.dental-matkovic.com\/it\/bezmetalna-keramika-cirkon#primaryimage\",\"url\":\"http:\/\/www.dental-matkovic.com\/\/wp-content\/uploads\/2015\/06\/bruxzir-cirkon-300x214.jpg\",\"contentUrl\":\"http:\/\/www.dental-matkovic.com\/\/wp-content\/uploads\/2015\/06\/bruxzir-cirkon-300x214.jpg\"},{\"@type\":\"WebPage\",\"@id\":\"https:\/\/www.dental-matkovic.com\/it\/bezmetalna-keramika-cirkon\",\"url\":\"https:\/\/www.dental-matkovic.com\/it\/bezmetalna-keramika-cirkon\",\"name\":\"[:hr]Bezmetalna Keramika (cirkon)[:en]Nonmetal ceramics (zircon)[:de]Metallfreie Keramik (Zirkon)[:it]Ceramica integrale (ziconio)[:] - Dental Matkovic\",\"isPartOf\":{\"@id\":\"http:\/\/www.dental-matkovic.com\/en\/#website\"},\"primaryImageOfPage\":{\"@id\":\"https:\/\/www.dental-matkovic.com\/it\/bezmetalna-keramika-cirkon#primaryimage\"},\"datePublished\":\"2015-06-14T20:14:42+00:00\",\"dateModified\":\"2015-06-28T16:00:44+00:00\",\"breadcrumb\":{\"@id\":\"https:\/\/www.dental-matkovic.com\/it\/bezmetalna-keramika-cirkon#breadcrumb\"},\"inLanguage\":\"de\",\"potentialAction\":[{\"@type\":\"ReadAction\",\"target\":[\"https:\/\/www.dental-matkovic.com\/it\/bezmetalna-keramika-cirkon\"]}]},{\"@type\":\"BreadcrumbList\",\"@id\":\"https:\/\/www.dental-matkovic.com\/it\/bezmetalna-keramika-cirkon#breadcrumb\",\"itemListElement\":[{\"@type\":\"ListItem\",\"position\":1,\"name\":\"Home\",\"item\":\"http:\/\/www.dental-matkovic.com\/en\/\"},{\"@type\":\"ListItem\",\"position\":2,\"name\":\"Ceramica integrale (ziconio)\"}]}]}<\/script>\n<!-- \/ Yoast SEO plugin. -->","yoast_head_json":{"title":"[:hr]Bezmetalna Keramika (cirkon)[:en]Nonmetal ceramics (zircon)[:de]Metallfreie Keramik (Zirkon)[:it]Ceramica integrale (ziconio)[:] - Dental Matkovic","robots":{"index":"index","follow":"follow","max-snippet":"max-snippet:-1","max-image-preview":"max-image-preview:large","max-video-preview":"max-video-preview:-1"},"canonical":"https:\/\/www.dental-matkovic.com\/it\/bezmetalna-keramika-cirkon","og_locale":"de_DE","og_type":"article","og_title":"[:hr]Bezmetalna Keramika (cirkon)[:en]Nonmetal ceramics (zircon)[:de]Metallfreie Keramik (Zirkon)[:it]Ceramica integrale (ziconio)[:] - Dental Matkovic","og_description":"Metallfreie Keramik (Zirkon)\u00a0\u2013\u00a0ist die modernste Art, die in der \u00e4sthetischen Zahnmedizin ihre Anwendung findet um fehlende Z\u00e4hne zu erg\u00e4nzen. Heute ist es nicht nur wichtig die Funktionalit\u00e4t wiederherzustellen sondern auch hohe \u00e4sthetische Anspr\u00fcche der Patienten zu erf\u00fcllen. Zahn\u00e4sthetik und Zahnersatz\u00e4sthetik stehen bei den Patienten an erster Stelle. Br\u00fccken, Kronen die aus Keramik hergestellt werden k\u00f6nnen Naturgetreu den ehemaligen Zustand reproduzieren,&nbsp;Weiter lesen","og_url":"https:\/\/www.dental-matkovic.com\/it\/bezmetalna-keramika-cirkon","og_site_name":"Dental Matkovic","article_publisher":"https:\/\/www.facebook.com\/pages\/Dental-implant-Matkovi%c4%87\/832171276837924","article_modified_time":"2015-06-28T16:00:44+00:00","og_image":[{"url":"http:\/\/www.dental-matkovic.com\/\/wp-content\/uploads\/2015\/06\/bruxzir-cirkon-300x214.jpg"}],"twitter_card":"summary","twitter_misc":{"Gesch\u00e4tzte Lesezeit":"3\u00a0Minuten"},"schema":{"@context":"https:\/\/schema.org","@graph":[{"@type":"WebSite","@id":"http:\/\/www.dental-matkovic.com\/en\/#website","url":"http:\/\/www.dental-matkovic.com\/en\/","name":"Dental Matkovic","description":"Zahnarzt Dental Matkovi\u0107, Zahnarzt Ba\u0161ka Voda","potentialAction":[{"@type":"SearchAction","target":{"@type":"EntryPoint","urlTemplate":"http:\/\/www.dental-matkovic.com\/en\/?s={search_term_string}"},"query-input":"required name=search_term_string"}],"inLanguage":"de"},{"@type":"ImageObject","inLanguage":"de","@id":"https:\/\/www.dental-matkovic.com\/it\/bezmetalna-keramika-cirkon#primaryimage","url":"http:\/\/www.dental-matkovic.com\/\/wp-content\/uploads\/2015\/06\/bruxzir-cirkon-300x214.jpg","contentUrl":"http:\/\/www.dental-matkovic.com\/\/wp-content\/uploads\/2015\/06\/bruxzir-cirkon-300x214.jpg"},{"@type":"WebPage","@id":"https:\/\/www.dental-matkovic.com\/it\/bezmetalna-keramika-cirkon","url":"https:\/\/www.dental-matkovic.com\/it\/bezmetalna-keramika-cirkon","name":"[:hr]Bezmetalna Keramika (cirkon)[:en]Nonmetal ceramics (zircon)[:de]Metallfreie Keramik (Zirkon)[:it]Ceramica integrale (ziconio)[:] - Dental Matkovic","isPartOf":{"@id":"http:\/\/www.dental-matkovic.com\/en\/#website"},"primaryImageOfPage":{"@id":"https:\/\/www.dental-matkovic.com\/it\/bezmetalna-keramika-cirkon#primaryimage"},"datePublished":"2015-06-14T20:14:42+00:00","dateModified":"2015-06-28T16:00:44+00:00","breadcrumb":{"@id":"https:\/\/www.dental-matkovic.com\/it\/bezmetalna-keramika-cirkon#breadcrumb"},"inLanguage":"de","potentialAction":[{"@type":"ReadAction","target":["https:\/\/www.dental-matkovic.com\/it\/bezmetalna-keramika-cirkon"]}]},{"@type":"BreadcrumbList","@id":"https:\/\/www.dental-matkovic.com\/it\/bezmetalna-keramika-cirkon#breadcrumb","itemListElement":[{"@type":"ListItem","position":1,"name":"Home","item":"http:\/\/www.dental-matkovic.com\/en\/"},{"@type":"ListItem","position":2,"name":"Ceramica integrale (ziconio)"}]}]}},"_links":{"self":[{"href":"http:\/\/www.dental-matkovic.com\/de\/wp-json\/wp\/v2\/pages\/350"}],"collection":[{"href":"http:\/\/www.dental-matkovic.com\/de\/wp-json\/wp\/v2\/pages"}],"about":[{"href":"http:\/\/www.dental-matkovic.com\/de\/wp-json\/wp\/v2\/types\/page"}],"author":[{"embeddable":true,"href":"http:\/\/www.dental-matkovic.com\/de\/wp-json\/wp\/v2\/users\/1"}],"replies":[{"embeddable":true,"href":"http:\/\/www.dental-matkovic.com\/de\/wp-json\/wp\/v2\/comments?post=350"}],"version-history":[{"count":0,"href":"http:\/\/www.dental-matkovic.com\/de\/wp-json\/wp\/v2\/pages\/350\/revisions"}],"wp:attachment":[{"href":"http:\/\/www.dental-matkovic.com\/de\/wp-json\/wp\/v2\/media?parent=350"}],"curies":[{"name":"wp","href":"https:\/\/api.w.org\/{rel}","templated":true}]}}