{"id":352,"date":"2015-06-14T20:15:41","date_gmt":"2015-06-14T20:15:41","guid":{"rendered":"http:\/\/www.dental-matkovic.com\/\/?page_id=352"},"modified":"2015-06-28T16:06:30","modified_gmt":"2015-06-28T16:06:30","slug":"ljuskice","status":"publish","type":"page","link":"http:\/\/www.dental-matkovic.com\/de\/ljuskice","title":{"rendered":"Veneers"},"content":{"rendered":"<img loading=\"lazy\" class=\"alignright size-medium wp-image-606\" src=\"http:\/\/www.dental-matkovic.com\/\/wp-content\/uploads\/2015\/06\/veneers1-300x225.jpg\" srcset=\"http:\/\/www.dental-matkovic.com\/\/wp-content\/uploads\/2015\/06\/veneers1-300x225.jpg 300w, http:\/\/www.dental-matkovic.com\/\/wp-content\/uploads\/2015\/06\/veneers1-200x150.jpg 200w, http:\/\/www.dental-matkovic.com\/\/wp-content\/uploads\/2015\/06\/veneers1.jpg 300w\" alt=\"veneers1\" width=\"300\" height=\"225\" sizes=\"(max-width: 300px) 100vw, 300px\" \/>Eines der meist gew\u00e4hlten Methoden zur Versch\u00f6nerung des L\u00e4chelns in der modernen Zahnmedizin ist die Einsetzung von <strong>Keramischen Veneers<\/strong>. Es sind sehr d\u00fcnne Keramikscheiben, die fast durchsichtig sind und an die vordere Seite der Z\u00e4hne befestigt werden. Mit Veneers kann die Form, die Gr\u00f6\u00dfe, die Lage, und die Zahnfarbe ver\u00e4ndert werden, aber auch Korrekturen von kieferorthop\u00e4dischen kleinen Deformit\u00e4ten und der Wechsel von alten un\u00e4sthetischen Kompositf\u00fcllungen durchgef\u00fchrt werden. Bei Schiefstellungen, gebrochenen oder discolorierten (verschiedene Farben) Z\u00e4hne, ist es schwierig sich gut zu f\u00fchlen um frei zu lachen. Wenn sie dieses Problem haben sind keramische Veneers die richtige L\u00f6sung f\u00fcr sie. Kein Therapieverfahren der \u00e4sthetischen Zahnmedizin kann eine gute Oralhygiene und Parodontalhygeine ersetzen, aber <strong>keramische Veneers<\/strong> die auf Ihre nat\u00fcrlichen Z\u00e4hne aufgesetzt werden, k\u00f6nnen Ihr L\u00e4cheln versch\u00f6nern und ihr Selbstvertrauen erh\u00f6hen. Bei Veneers handelt es sich um einen \u00e4sthetischen Zahnersatz die benutzt werden k\u00f6nnen um eine Verkleinerung der Zahnl\u00fccke zu bewirken, eine Sanierung von discolorierten Z\u00e4hnen durchzuf\u00fchren sowie Zahnschmelzfrakturen und Kari\u00f6se Stellen zu beseitigen.<\/p>\n<h4>Vorteile von Veneers:<\/h4>\n<ul>\n<li>Minimal invasives Schleifen von Z\u00e4hnen- ca.0,5 mm, welches viel weniger ist als beim Schleifen einer Krone<\/li>\n<li>Nat\u00fcrliches Aussehen- Keramik imitiert das Zahnschmelz des nat\u00fcrlichen Zahnes, sie reflektiert Licht genauso wie der nat\u00fcrliche Zahn und deswegen weisen Veneers den gleichen Glanz wie die richtigen Z\u00e4hne auf.<\/li>\n<li>Sie verf\u00e4rben sich nicht, da die Oberfl\u00e4che glatt wie Glas ist<\/li>\n<li>Sie sind meist ein \u201ezarter\u201c Eingriff f\u00fcr das Zahnfleisch- keine Zahnfleischentz\u00fcndung und kein Zahnfleischschwund<\/li>\n<\/ul>\n<p>Um Veneers herzustellen sind in der Regel nur Zwei Besuche notwendig. In der ersten Sitzung werden alte F\u00fcllungen entfernt und die Z\u00e4hne beschliffen, Abdr\u00fccke genommen sowie eine Farbauswahl durchgef\u00fchrt. Unsere Z\u00e4hne sind nicht monochromatisch (einfarbig), aus diesem Grund werden bei der Herstellung von Veneers mehrere Keramikfarben benutzt um ein nat\u00fcrliches Aussehen zu erlangen. Das ist der wichtigste Vorgang, so dass ein unnat\u00fcrliches Lachen vermieden wird. Nach der Abdrucknahme wird im Labor das Veneer hergestellt. Bevor der Patient aus der ersten Sitzung entlassen wird, bekommt er provisorische Veneers. Nach nur wenigen Tagen wird die fertige Arbeit einzementiert. Keramik ist sehr zerbrechlich, aber nach der Befestigung an den Z\u00e4hnen wird sie sehr fest und stabil. Aus \u00e4sthetischen Gr\u00fcnden werden vor der Herstellung von Veneers meistens alle Z\u00e4hne aufgehellt.<\/p>\n<h4>\u00c4sthetische M\u00e4ngeln die durch Veneers verbessert werden, sind:<\/h4>\n<ul>\n<li>dunkle, discolorierte Z\u00e4hne<\/li>\n<li>abgebrochene Z\u00e4hne<\/li>\n<li>Zahnl\u00fccke<\/li>\n<li>Z\u00e4hne die unterschiedliche L\u00e4ngen aufweisen<\/li>\n<\/ul>\n<p>&nbsp;","protected":false},"excerpt":{"rendered":"<p>Eines der meist gew\u00e4hlten Methoden zur Versch\u00f6nerung des L\u00e4chelns in der modernen Zahnmedizin ist die Einsetzung von Keramischen Veneers. Es sind sehr d\u00fcnne Keramikscheiben, die fast durchsichtig sind und an die vordere Seite der Z\u00e4hne befestigt werden. Mit Veneers kann die Form, die Gr\u00f6\u00dfe, die Lage, und die Zahnfarbe ver\u00e4ndert werden, aber auch Korrekturen von kieferorthop\u00e4dischen kleinen Deformit\u00e4ten und der&nbsp;<a href=\"http:\/\/www.dental-matkovic.com\/de\/ljuskice\" class=\"read-more\">Weiter lesen<\/a><\/p>\n","protected":false},"author":1,"featured_media":0,"parent":0,"menu_order":0,"comment_status":"open","ping_status":"open","template":"","meta":[],"acf":[],"yoast_head":"<!-- This site is optimized with the Yoast SEO plugin v19.3 - https:\/\/yoast.com\/wordpress\/plugins\/seo\/ -->\n<title>Veneers - Dental Matkovic<\/title>\n<meta name=\"robots\" content=\"index, follow, max-snippet:-1, max-image-preview:large, max-video-preview:-1\" \/>\n<link rel=\"canonical\" href=\"https:\/\/www.dental-matkovic.com\/ljuskice\" \/>\n<meta property=\"og:locale\" content=\"de_DE\" \/>\n<meta property=\"og:type\" content=\"article\" \/>\n<meta property=\"og:title\" content=\"[:hr]Ljuskice[:en]Veneers[:de]Veneers[:it]Le faccette[:] - Dental Matkovic\" \/>\n<meta property=\"og:description\" content=\"Eines der meist gew\u00e4hlten Methoden zur Versch\u00f6nerung des L\u00e4chelns in der modernen Zahnmedizin ist die Einsetzung von Keramischen Veneers. Es sind sehr d\u00fcnne Keramikscheiben, die fast durchsichtig sind und an die vordere Seite der Z\u00e4hne befestigt werden. Mit Veneers kann die Form, die Gr\u00f6\u00dfe, die Lage, und die Zahnfarbe ver\u00e4ndert werden, aber auch Korrekturen von kieferorthop\u00e4dischen kleinen Deformit\u00e4ten und der&nbsp;Weiter lesen\" \/>\n<meta property=\"og:url\" content=\"https:\/\/www.dental-matkovic.com\/ljuskice\" \/>\n<meta property=\"og:site_name\" content=\"Dental Matkovic\" \/>\n<meta property=\"article:publisher\" content=\"https:\/\/www.facebook.com\/pages\/Dental-implant-Matkovi%c4%87\/832171276837924\" \/>\n<meta property=\"article:modified_time\" content=\"2015-06-28T16:06:30+00:00\" \/>\n<meta property=\"og:image\" content=\"http:\/\/www.dental-matkovic.com\/\/wp-content\/uploads\/2015\/06\/veneers1-300x225.jpg\" \/>\n<meta name=\"twitter:card\" content=\"summary\" \/>\n<meta name=\"twitter:label1\" content=\"Gesch\u00e4tzte Lesezeit\" \/>\n\t<meta name=\"twitter:data1\" content=\"8\u00a0Minuten\" \/>\n<script type=\"application\/ld+json\" class=\"yoast-schema-graph\">{\"@context\":\"https:\/\/schema.org\",\"@graph\":[{\"@type\":\"WebSite\",\"@id\":\"https:\/\/www.dental-matkovic.com\/#website\",\"url\":\"https:\/\/www.dental-matkovic.com\/\",\"name\":\"Dental Matkovic\",\"description\":\"Zahnarzt Dental Matkovi\u0107, Zahnarzt Ba\u0161ka Voda\",\"potentialAction\":[{\"@type\":\"SearchAction\",\"target\":{\"@type\":\"EntryPoint\",\"urlTemplate\":\"https:\/\/www.dental-matkovic.com\/?s={search_term_string}\"},\"query-input\":\"required name=search_term_string\"}],\"inLanguage\":\"de\"},{\"@type\":\"ImageObject\",\"inLanguage\":\"de\",\"@id\":\"https:\/\/www.dental-matkovic.com\/ljuskice#primaryimage\",\"url\":\"http:\/\/www.dental-matkovic.com\/\/wp-content\/uploads\/2015\/06\/veneers1-300x225.jpg\",\"contentUrl\":\"http:\/\/www.dental-matkovic.com\/\/wp-content\/uploads\/2015\/06\/veneers1-300x225.jpg\"},{\"@type\":\"WebPage\",\"@id\":\"https:\/\/www.dental-matkovic.com\/ljuskice\",\"url\":\"https:\/\/www.dental-matkovic.com\/ljuskice\",\"name\":\"[:hr]Ljuskice[:en]Veneers[:de]Veneers[:it]Le faccette[:] - Dental Matkovic\",\"isPartOf\":{\"@id\":\"https:\/\/www.dental-matkovic.com\/#website\"},\"primaryImageOfPage\":{\"@id\":\"https:\/\/www.dental-matkovic.com\/ljuskice#primaryimage\"},\"datePublished\":\"2015-06-14T20:15:41+00:00\",\"dateModified\":\"2015-06-28T16:06:30+00:00\",\"breadcrumb\":{\"@id\":\"https:\/\/www.dental-matkovic.com\/ljuskice#breadcrumb\"},\"inLanguage\":\"de\",\"potentialAction\":[{\"@type\":\"ReadAction\",\"target\":[\"https:\/\/www.dental-matkovic.com\/ljuskice\"]}]},{\"@type\":\"BreadcrumbList\",\"@id\":\"https:\/\/www.dental-matkovic.com\/ljuskice#breadcrumb\",\"itemListElement\":[{\"@type\":\"ListItem\",\"position\":1,\"name\":\"Home\",\"item\":\"https:\/\/www.dental-matkovic.com\/\"},{\"@type\":\"ListItem\",\"position\":2,\"name\":\"Ljuskice\"}]}]}<\/script>\n<!-- \/ Yoast SEO plugin. -->","yoast_head_json":{"title":"[:hr]Ljuskice[:en]Veneers[:de]Veneers[:it]Le faccette[:] - Dental Matkovic","robots":{"index":"index","follow":"follow","max-snippet":"max-snippet:-1","max-image-preview":"max-image-preview:large","max-video-preview":"max-video-preview:-1"},"canonical":"https:\/\/www.dental-matkovic.com\/ljuskice","og_locale":"de_DE","og_type":"article","og_title":"[:hr]Ljuskice[:en]Veneers[:de]Veneers[:it]Le faccette[:] - Dental Matkovic","og_description":"Eines der meist gew\u00e4hlten Methoden zur Versch\u00f6nerung des L\u00e4chelns in der modernen Zahnmedizin ist die Einsetzung von Keramischen Veneers. Es sind sehr d\u00fcnne Keramikscheiben, die fast durchsichtig sind und an die vordere Seite der Z\u00e4hne befestigt werden. Mit Veneers kann die Form, die Gr\u00f6\u00dfe, die Lage, und die Zahnfarbe ver\u00e4ndert werden, aber auch Korrekturen von kieferorthop\u00e4dischen kleinen Deformit\u00e4ten und der&nbsp;Weiter lesen","og_url":"https:\/\/www.dental-matkovic.com\/ljuskice","og_site_name":"Dental Matkovic","article_publisher":"https:\/\/www.facebook.com\/pages\/Dental-implant-Matkovi%c4%87\/832171276837924","article_modified_time":"2015-06-28T16:06:30+00:00","og_image":[{"url":"http:\/\/www.dental-matkovic.com\/\/wp-content\/uploads\/2015\/06\/veneers1-300x225.jpg"}],"twitter_card":"summary","twitter_misc":{"Gesch\u00e4tzte Lesezeit":"8\u00a0Minuten"},"schema":{"@context":"https:\/\/schema.org","@graph":[{"@type":"WebSite","@id":"https:\/\/www.dental-matkovic.com\/#website","url":"https:\/\/www.dental-matkovic.com\/","name":"Dental Matkovic","description":"Zahnarzt Dental Matkovi\u0107, Zahnarzt Ba\u0161ka Voda","potentialAction":[{"@type":"SearchAction","target":{"@type":"EntryPoint","urlTemplate":"https:\/\/www.dental-matkovic.com\/?s={search_term_string}"},"query-input":"required name=search_term_string"}],"inLanguage":"de"},{"@type":"ImageObject","inLanguage":"de","@id":"https:\/\/www.dental-matkovic.com\/ljuskice#primaryimage","url":"http:\/\/www.dental-matkovic.com\/\/wp-content\/uploads\/2015\/06\/veneers1-300x225.jpg","contentUrl":"http:\/\/www.dental-matkovic.com\/\/wp-content\/uploads\/2015\/06\/veneers1-300x225.jpg"},{"@type":"WebPage","@id":"https:\/\/www.dental-matkovic.com\/ljuskice","url":"https:\/\/www.dental-matkovic.com\/ljuskice","name":"[:hr]Ljuskice[:en]Veneers[:de]Veneers[:it]Le faccette[:] - Dental Matkovic","isPartOf":{"@id":"https:\/\/www.dental-matkovic.com\/#website"},"primaryImageOfPage":{"@id":"https:\/\/www.dental-matkovic.com\/ljuskice#primaryimage"},"datePublished":"2015-06-14T20:15:41+00:00","dateModified":"2015-06-28T16:06:30+00:00","breadcrumb":{"@id":"https:\/\/www.dental-matkovic.com\/ljuskice#breadcrumb"},"inLanguage":"de","potentialAction":[{"@type":"ReadAction","target":["https:\/\/www.dental-matkovic.com\/ljuskice"]}]},{"@type":"BreadcrumbList","@id":"https:\/\/www.dental-matkovic.com\/ljuskice#breadcrumb","itemListElement":[{"@type":"ListItem","position":1,"name":"Home","item":"https:\/\/www.dental-matkovic.com\/"},{"@type":"ListItem","position":2,"name":"Ljuskice"}]}]}},"_links":{"self":[{"href":"http:\/\/www.dental-matkovic.com\/de\/wp-json\/wp\/v2\/pages\/352"}],"collection":[{"href":"http:\/\/www.dental-matkovic.com\/de\/wp-json\/wp\/v2\/pages"}],"about":[{"href":"http:\/\/www.dental-matkovic.com\/de\/wp-json\/wp\/v2\/types\/page"}],"author":[{"embeddable":true,"href":"http:\/\/www.dental-matkovic.com\/de\/wp-json\/wp\/v2\/users\/1"}],"replies":[{"embeddable":true,"href":"http:\/\/www.dental-matkovic.com\/de\/wp-json\/wp\/v2\/comments?post=352"}],"version-history":[{"count":0,"href":"http:\/\/www.dental-matkovic.com\/de\/wp-json\/wp\/v2\/pages\/352\/revisions"}],"wp:attachment":[{"href":"http:\/\/www.dental-matkovic.com\/de\/wp-json\/wp\/v2\/media?parent=352"}],"curies":[{"name":"wp","href":"https:\/\/api.w.org\/{rel}","templated":true}]}}