{"id":468,"date":"2015-06-20T17:29:53","date_gmt":"2015-06-20T17:29:53","guid":{"rendered":"http:\/\/www.dental-matkovic.com\/\/?page_id=468"},"modified":"2015-07-21T14:00:42","modified_gmt":"2015-07-21T14:00:42","slug":"alveotomija","status":"publish","type":"page","link":"http:\/\/www.dental-matkovic.com\/de\/alveotomija","title":{"rendered":"Alveolotomie"},"content":{"rendered":"Die Weisheitszahnextraktion (Alveolotomie) ist das meist durchgef\u00fchrte Eingriff in der das Problem von impaktierten und retinierten Z\u00e4hnen behoben wird. Oft sind sich die Patienten nicht bewusst, dass sie Weisheitsz\u00e4hne besitzen, da sie nicht als st\u00f6rend empfunden werden, sagen Fachleute aus der Poliklinik Imed. W\u00e4hrend des Durchbruchs k\u00f6nnen die Weisheitsz\u00e4hne eine Zahnfleischentz\u00fcndung hervorrufen. In einigen F\u00e4llen reicht es aus, lediglich die Zahnfleischentz\u00fcndung zu behandeln aber falls es kompliziert wird, ist es notwendig den Zahn chirurgisch zu entfernen.<\/p>\n<p><img loading=\"lazy\" class=\"alignleft  wp-image-887\" src=\"http:\/\/www.dental-matkovic.com\/\/wp-content\/uploads\/2015\/06\/alveotomy.png\" srcset=\"http:\/\/www.dental-matkovic.com\/\/wp-content\/uploads\/2015\/06\/alveotomy-300x113.png 300w, http:\/\/www.dental-matkovic.com\/\/wp-content\/uploads\/2015\/06\/alveotomy.png 700w\" alt=\"alveotomy\" width=\"600\" height=\"225\" sizes=\"(max-width: 700px) 100vw, 700px\" \/>","protected":false},"excerpt":{"rendered":"<p>Die Weisheitszahnextraktion (Alveolotomie) ist das meist durchgef\u00fchrte Eingriff in der das Problem von impaktierten und retinierten Z\u00e4hnen behoben wird. Oft sind sich die Patienten nicht bewusst, dass sie Weisheitsz\u00e4hne besitzen, da sie nicht als st\u00f6rend empfunden werden, sagen Fachleute aus der Poliklinik Imed. W\u00e4hrend des Durchbruchs k\u00f6nnen die Weisheitsz\u00e4hne eine Zahnfleischentz\u00fcndung hervorrufen. In einigen F\u00e4llen reicht es aus, lediglich die&nbsp;<a href=\"http:\/\/www.dental-matkovic.com\/de\/alveotomija\" class=\"read-more\">Weiter lesen<\/a><\/p>\n","protected":false},"author":1,"featured_media":0,"parent":0,"menu_order":0,"comment_status":"open","ping_status":"open","template":"","meta":[],"acf":[],"yoast_head":"<!-- This site is optimized with the Yoast SEO plugin v19.3 - https:\/\/yoast.com\/wordpress\/plugins\/seo\/ -->\n<title>Alveolotomie - Dental Matkovic<\/title>\n<meta name=\"robots\" content=\"index, follow, max-snippet:-1, max-image-preview:large, max-video-preview:-1\" \/>\n<link rel=\"canonical\" href=\"http:\/\/www.dental-matkovic.com\/en\/alveotomija\" \/>\n<meta property=\"og:locale\" content=\"de_DE\" \/>\n<meta property=\"og:type\" content=\"article\" \/>\n<meta property=\"og:title\" content=\"[:hr]Alveotomija[:en]Alveotomy[:de]Alveolotomie[:it]L&#039;estrazione del dente del giudizio[:] - Dental Matkovic\" \/>\n<meta property=\"og:description\" content=\"Die Weisheitszahnextraktion (Alveolotomie) ist das meist durchgef\u00fchrte Eingriff in der das Problem von impaktierten und retinierten Z\u00e4hnen behoben wird. Oft sind sich die Patienten nicht bewusst, dass sie Weisheitsz\u00e4hne besitzen, da sie nicht als st\u00f6rend empfunden werden, sagen Fachleute aus der Poliklinik Imed. W\u00e4hrend des Durchbruchs k\u00f6nnen die Weisheitsz\u00e4hne eine Zahnfleischentz\u00fcndung hervorrufen. In einigen F\u00e4llen reicht es aus, lediglich die&nbsp;Weiter lesen\" \/>\n<meta property=\"og:url\" content=\"http:\/\/www.dental-matkovic.com\/en\/alveotomija\" \/>\n<meta property=\"og:site_name\" content=\"Dental Matkovic\" \/>\n<meta property=\"article:publisher\" content=\"https:\/\/www.facebook.com\/pages\/Dental-implant-Matkovi%c4%87\/832171276837924\" \/>\n<meta property=\"article:modified_time\" content=\"2015-07-21T14:00:42+00:00\" \/>\n<meta property=\"og:image\" content=\"http:\/\/www.dental-matkovic.com\/\/wp-content\/uploads\/2015\/06\/alveotomija.png\" \/>\n<meta name=\"twitter:card\" content=\"summary\" \/>\n<meta name=\"twitter:label1\" content=\"Gesch\u00e4tzte Lesezeit\" \/>\n\t<meta name=\"twitter:data1\" content=\"3\u00a0Minuten\" \/>\n<script type=\"application\/ld+json\" class=\"yoast-schema-graph\">{\"@context\":\"https:\/\/schema.org\",\"@graph\":[{\"@type\":\"WebSite\",\"@id\":\"https:\/\/www.dental-matkovic.com\/#website\",\"url\":\"https:\/\/www.dental-matkovic.com\/\",\"name\":\"Dental Matkovic\",\"description\":\"Zahnarzt Dental Matkovi\u0107, Zahnarzt Ba\u0161ka Voda\",\"potentialAction\":[{\"@type\":\"SearchAction\",\"target\":{\"@type\":\"EntryPoint\",\"urlTemplate\":\"https:\/\/www.dental-matkovic.com\/?s={search_term_string}\"},\"query-input\":\"required name=search_term_string\"}],\"inLanguage\":\"de\"},{\"@type\":\"ImageObject\",\"inLanguage\":\"de\",\"@id\":\"http:\/\/www.dental-matkovic.com\/en\/alveotomija#primaryimage\",\"url\":\"http:\/\/www.dental-matkovic.com\/\/wp-content\/uploads\/2015\/06\/alveotomija.png\",\"contentUrl\":\"http:\/\/www.dental-matkovic.com\/\/wp-content\/uploads\/2015\/06\/alveotomija.png\"},{\"@type\":\"WebPage\",\"@id\":\"http:\/\/www.dental-matkovic.com\/en\/alveotomija\",\"url\":\"http:\/\/www.dental-matkovic.com\/en\/alveotomija\",\"name\":\"[:hr]Alveotomija[:en]Alveotomy[:de]Alveolotomie[:it]L'estrazione del dente del giudizio[:] - Dental Matkovic\",\"isPartOf\":{\"@id\":\"https:\/\/www.dental-matkovic.com\/#website\"},\"primaryImageOfPage\":{\"@id\":\"http:\/\/www.dental-matkovic.com\/en\/alveotomija#primaryimage\"},\"datePublished\":\"2015-06-20T17:29:53+00:00\",\"dateModified\":\"2015-07-21T14:00:42+00:00\",\"breadcrumb\":{\"@id\":\"http:\/\/www.dental-matkovic.com\/en\/alveotomija#breadcrumb\"},\"inLanguage\":\"de\",\"potentialAction\":[{\"@type\":\"ReadAction\",\"target\":[\"http:\/\/www.dental-matkovic.com\/en\/alveotomija\"]}]},{\"@type\":\"BreadcrumbList\",\"@id\":\"http:\/\/www.dental-matkovic.com\/en\/alveotomija#breadcrumb\",\"itemListElement\":[{\"@type\":\"ListItem\",\"position\":1,\"name\":\"Home\",\"item\":\"https:\/\/www.dental-matkovic.com\/\"},{\"@type\":\"ListItem\",\"position\":2,\"name\":\"Alveotomy\"}]}]}<\/script>\n<!-- \/ Yoast SEO plugin. -->","yoast_head_json":{"title":"[:hr]Alveotomija[:en]Alveotomy[:de]Alveolotomie[:it]L'estrazione del dente del giudizio[:] - Dental Matkovic","robots":{"index":"index","follow":"follow","max-snippet":"max-snippet:-1","max-image-preview":"max-image-preview:large","max-video-preview":"max-video-preview:-1"},"canonical":"http:\/\/www.dental-matkovic.com\/en\/alveotomija","og_locale":"de_DE","og_type":"article","og_title":"[:hr]Alveotomija[:en]Alveotomy[:de]Alveolotomie[:it]L'estrazione del dente del giudizio[:] - Dental Matkovic","og_description":"Die Weisheitszahnextraktion (Alveolotomie) ist das meist durchgef\u00fchrte Eingriff in der das Problem von impaktierten und retinierten Z\u00e4hnen behoben wird. Oft sind sich die Patienten nicht bewusst, dass sie Weisheitsz\u00e4hne besitzen, da sie nicht als st\u00f6rend empfunden werden, sagen Fachleute aus der Poliklinik Imed. W\u00e4hrend des Durchbruchs k\u00f6nnen die Weisheitsz\u00e4hne eine Zahnfleischentz\u00fcndung hervorrufen. In einigen F\u00e4llen reicht es aus, lediglich die&nbsp;Weiter lesen","og_url":"http:\/\/www.dental-matkovic.com\/en\/alveotomija","og_site_name":"Dental Matkovic","article_publisher":"https:\/\/www.facebook.com\/pages\/Dental-implant-Matkovi%c4%87\/832171276837924","article_modified_time":"2015-07-21T14:00:42+00:00","og_image":[{"url":"http:\/\/www.dental-matkovic.com\/\/wp-content\/uploads\/2015\/06\/alveotomija.png"}],"twitter_card":"summary","twitter_misc":{"Gesch\u00e4tzte Lesezeit":"3\u00a0Minuten"},"schema":{"@context":"https:\/\/schema.org","@graph":[{"@type":"WebSite","@id":"https:\/\/www.dental-matkovic.com\/#website","url":"https:\/\/www.dental-matkovic.com\/","name":"Dental Matkovic","description":"Zahnarzt Dental Matkovi\u0107, Zahnarzt Ba\u0161ka Voda","potentialAction":[{"@type":"SearchAction","target":{"@type":"EntryPoint","urlTemplate":"https:\/\/www.dental-matkovic.com\/?s={search_term_string}"},"query-input":"required name=search_term_string"}],"inLanguage":"de"},{"@type":"ImageObject","inLanguage":"de","@id":"http:\/\/www.dental-matkovic.com\/en\/alveotomija#primaryimage","url":"http:\/\/www.dental-matkovic.com\/\/wp-content\/uploads\/2015\/06\/alveotomija.png","contentUrl":"http:\/\/www.dental-matkovic.com\/\/wp-content\/uploads\/2015\/06\/alveotomija.png"},{"@type":"WebPage","@id":"http:\/\/www.dental-matkovic.com\/en\/alveotomija","url":"http:\/\/www.dental-matkovic.com\/en\/alveotomija","name":"[:hr]Alveotomija[:en]Alveotomy[:de]Alveolotomie[:it]L'estrazione del dente del giudizio[:] - Dental Matkovic","isPartOf":{"@id":"https:\/\/www.dental-matkovic.com\/#website"},"primaryImageOfPage":{"@id":"http:\/\/www.dental-matkovic.com\/en\/alveotomija#primaryimage"},"datePublished":"2015-06-20T17:29:53+00:00","dateModified":"2015-07-21T14:00:42+00:00","breadcrumb":{"@id":"http:\/\/www.dental-matkovic.com\/en\/alveotomija#breadcrumb"},"inLanguage":"de","potentialAction":[{"@type":"ReadAction","target":["http:\/\/www.dental-matkovic.com\/en\/alveotomija"]}]},{"@type":"BreadcrumbList","@id":"http:\/\/www.dental-matkovic.com\/en\/alveotomija#breadcrumb","itemListElement":[{"@type":"ListItem","position":1,"name":"Home","item":"https:\/\/www.dental-matkovic.com\/"},{"@type":"ListItem","position":2,"name":"Alveotomy"}]}]}},"_links":{"self":[{"href":"http:\/\/www.dental-matkovic.com\/de\/wp-json\/wp\/v2\/pages\/468"}],"collection":[{"href":"http:\/\/www.dental-matkovic.com\/de\/wp-json\/wp\/v2\/pages"}],"about":[{"href":"http:\/\/www.dental-matkovic.com\/de\/wp-json\/wp\/v2\/types\/page"}],"author":[{"embeddable":true,"href":"http:\/\/www.dental-matkovic.com\/de\/wp-json\/wp\/v2\/users\/1"}],"replies":[{"embeddable":true,"href":"http:\/\/www.dental-matkovic.com\/de\/wp-json\/wp\/v2\/comments?post=468"}],"version-history":[{"count":0,"href":"http:\/\/www.dental-matkovic.com\/de\/wp-json\/wp\/v2\/pages\/468\/revisions"}],"wp:attachment":[{"href":"http:\/\/www.dental-matkovic.com\/de\/wp-json\/wp\/v2\/media?parent=468"}],"curies":[{"name":"wp","href":"https:\/\/api.w.org\/{rel}","templated":true}]}}