{"id":470,"date":"2015-06-20T17:30:39","date_gmt":"2015-06-20T17:30:39","guid":{"rendered":"http:\/\/www.dental-matkovic.com\/\/?page_id=470"},"modified":"2015-06-28T18:40:09","modified_gmt":"2015-06-28T18:40:09","slug":"frenulektomija","status":"publish","type":"page","link":"http:\/\/www.dental-matkovic.com\/de\/frenulektomija","title":{"rendered":"Frenulektomie"},"content":{"rendered":"<img loading=\"lazy\" class=\"alignleft size-full wp-image-632\" src=\"http:\/\/www.dental-matkovic.com\/\/wp-content\/uploads\/2015\/06\/kirurgija-frenulektomija2.jpg\" srcset=\"http:\/\/www.dental-matkovic.com\/\/wp-content\/uploads\/2015\/06\/kirurgija-frenulektomija2.jpg 250w\" alt=\"kirurgija-frenulektomija2\" width=\"250\" height=\"276\" sizes=\"(max-width: 250px) 100vw, 250px\" \/>Eingriff bei der die L\u00fccke zwischen den zentralen Schneidez\u00e4hnen saniert wird.<\/p>\n<p>Manchmal kommt es nach dem Durchbruch der mittleren Schneidez\u00e4hnen, zu einer L\u00fccke zwischen den zentralen Schneidez\u00e4hnen. Der Grund daf\u00fcr kann ein ausgepr\u00e4gtes Lippenb\u00e4ndchen sein. Die Operation, bei der das Lippenb\u00e4ndchen korrigiert wird, bezeichnet man als Frenulektomie ( Lippenb\u00e4ndchen Durchtrennung). Hiernach erfolgt die kieferorthop\u00e4dische Therapie zur L\u00fcckenschlie\u00dfung.<\/p>\n<p>&nbsp;","protected":false},"excerpt":{"rendered":"<p>Eingriff bei der die L\u00fccke zwischen den zentralen Schneidez\u00e4hnen saniert wird. Manchmal kommt es nach dem Durchbruch der mittleren Schneidez\u00e4hnen, zu einer L\u00fccke zwischen den zentralen Schneidez\u00e4hnen. Der Grund daf\u00fcr kann ein ausgepr\u00e4gtes Lippenb\u00e4ndchen sein. Die Operation, bei der das Lippenb\u00e4ndchen korrigiert wird, bezeichnet man als Frenulektomie ( Lippenb\u00e4ndchen Durchtrennung). Hiernach erfolgt die kieferorthop\u00e4dische Therapie zur L\u00fcckenschlie\u00dfung. &nbsp;<\/p>\n","protected":false},"author":1,"featured_media":0,"parent":0,"menu_order":0,"comment_status":"open","ping_status":"open","template":"","meta":[],"acf":[],"yoast_head":"<!-- This site is optimized with the Yoast SEO plugin v19.3 - https:\/\/yoast.com\/wordpress\/plugins\/seo\/ -->\n<title>Frenulektomie - Dental Matkovic<\/title>\n<meta name=\"robots\" content=\"index, follow, max-snippet:-1, max-image-preview:large, max-video-preview:-1\" \/>\n<link rel=\"canonical\" href=\"http:\/\/www.dental-matkovic.com\/it\/frenulektomija\" \/>\n<meta property=\"og:locale\" content=\"de_DE\" \/>\n<meta property=\"og:type\" content=\"article\" \/>\n<meta property=\"og:title\" content=\"[:hr]Frenulektomija[:en]Frenectomy[:de]Frenulektomie[:it]Frenulectomia[:] - Dental Matkovic\" \/>\n<meta property=\"og:description\" content=\"Eingriff bei der die L\u00fccke zwischen den zentralen Schneidez\u00e4hnen saniert wird. Manchmal kommt es nach dem Durchbruch der mittleren Schneidez\u00e4hnen, zu einer L\u00fccke zwischen den zentralen Schneidez\u00e4hnen. Der Grund daf\u00fcr kann ein ausgepr\u00e4gtes Lippenb\u00e4ndchen sein. Die Operation, bei der das Lippenb\u00e4ndchen korrigiert wird, bezeichnet man als Frenulektomie ( Lippenb\u00e4ndchen Durchtrennung). Hiernach erfolgt die kieferorthop\u00e4dische Therapie zur L\u00fcckenschlie\u00dfung. &nbsp;\" \/>\n<meta property=\"og:url\" content=\"http:\/\/www.dental-matkovic.com\/it\/frenulektomija\" \/>\n<meta property=\"og:site_name\" content=\"Dental Matkovic\" \/>\n<meta property=\"article:publisher\" content=\"https:\/\/www.facebook.com\/pages\/Dental-implant-Matkovi%c4%87\/832171276837924\" \/>\n<meta property=\"article:modified_time\" content=\"2015-06-28T18:40:09+00:00\" \/>\n<meta property=\"og:image\" content=\"http:\/\/www.dental-matkovic.com\/\/wp-content\/uploads\/2015\/06\/kirurgija-frenulektomija2.jpg\" \/>\n<meta name=\"twitter:card\" content=\"summary\" \/>\n<meta name=\"twitter:label1\" content=\"Gesch\u00e4tzte Lesezeit\" \/>\n\t<meta name=\"twitter:data1\" content=\"1\u00a0Minute\" \/>\n<script type=\"application\/ld+json\" class=\"yoast-schema-graph\">{\"@context\":\"https:\/\/schema.org\",\"@graph\":[{\"@type\":\"WebSite\",\"@id\":\"https:\/\/www.dental-matkovic.com\/#website\",\"url\":\"https:\/\/www.dental-matkovic.com\/\",\"name\":\"Dental Matkovic\",\"description\":\"Zahnarzt Dental Matkovi\u0107, Zahnarzt Ba\u0161ka Voda\",\"potentialAction\":[{\"@type\":\"SearchAction\",\"target\":{\"@type\":\"EntryPoint\",\"urlTemplate\":\"https:\/\/www.dental-matkovic.com\/?s={search_term_string}\"},\"query-input\":\"required name=search_term_string\"}],\"inLanguage\":\"de\"},{\"@type\":\"ImageObject\",\"inLanguage\":\"de\",\"@id\":\"http:\/\/www.dental-matkovic.com\/it\/frenulektomija#primaryimage\",\"url\":\"http:\/\/www.dental-matkovic.com\/\/wp-content\/uploads\/2015\/06\/kirurgija-frenulektomija2.jpg\",\"contentUrl\":\"http:\/\/www.dental-matkovic.com\/\/wp-content\/uploads\/2015\/06\/kirurgija-frenulektomija2.jpg\"},{\"@type\":\"WebPage\",\"@id\":\"http:\/\/www.dental-matkovic.com\/it\/frenulektomija\",\"url\":\"http:\/\/www.dental-matkovic.com\/it\/frenulektomija\",\"name\":\"[:hr]Frenulektomija[:en]Frenectomy[:de]Frenulektomie[:it]Frenulectomia[:] - Dental Matkovic\",\"isPartOf\":{\"@id\":\"https:\/\/www.dental-matkovic.com\/#website\"},\"primaryImageOfPage\":{\"@id\":\"http:\/\/www.dental-matkovic.com\/it\/frenulektomija#primaryimage\"},\"datePublished\":\"2015-06-20T17:30:39+00:00\",\"dateModified\":\"2015-06-28T18:40:09+00:00\",\"breadcrumb\":{\"@id\":\"http:\/\/www.dental-matkovic.com\/it\/frenulektomija#breadcrumb\"},\"inLanguage\":\"de\",\"potentialAction\":[{\"@type\":\"ReadAction\",\"target\":[\"http:\/\/www.dental-matkovic.com\/it\/frenulektomija\"]}]},{\"@type\":\"BreadcrumbList\",\"@id\":\"http:\/\/www.dental-matkovic.com\/it\/frenulektomija#breadcrumb\",\"itemListElement\":[{\"@type\":\"ListItem\",\"position\":1,\"name\":\"Home\",\"item\":\"https:\/\/www.dental-matkovic.com\/\"},{\"@type\":\"ListItem\",\"position\":2,\"name\":\"Frenulectomia\"}]}]}<\/script>\n<!-- \/ Yoast SEO plugin. -->","yoast_head_json":{"title":"[:hr]Frenulektomija[:en]Frenectomy[:de]Frenulektomie[:it]Frenulectomia[:] - Dental Matkovic","robots":{"index":"index","follow":"follow","max-snippet":"max-snippet:-1","max-image-preview":"max-image-preview:large","max-video-preview":"max-video-preview:-1"},"canonical":"http:\/\/www.dental-matkovic.com\/it\/frenulektomija","og_locale":"de_DE","og_type":"article","og_title":"[:hr]Frenulektomija[:en]Frenectomy[:de]Frenulektomie[:it]Frenulectomia[:] - Dental Matkovic","og_description":"Eingriff bei der die L\u00fccke zwischen den zentralen Schneidez\u00e4hnen saniert wird. Manchmal kommt es nach dem Durchbruch der mittleren Schneidez\u00e4hnen, zu einer L\u00fccke zwischen den zentralen Schneidez\u00e4hnen. Der Grund daf\u00fcr kann ein ausgepr\u00e4gtes Lippenb\u00e4ndchen sein. Die Operation, bei der das Lippenb\u00e4ndchen korrigiert wird, bezeichnet man als Frenulektomie ( Lippenb\u00e4ndchen Durchtrennung). Hiernach erfolgt die kieferorthop\u00e4dische Therapie zur L\u00fcckenschlie\u00dfung. &nbsp;","og_url":"http:\/\/www.dental-matkovic.com\/it\/frenulektomija","og_site_name":"Dental Matkovic","article_publisher":"https:\/\/www.facebook.com\/pages\/Dental-implant-Matkovi%c4%87\/832171276837924","article_modified_time":"2015-06-28T18:40:09+00:00","og_image":[{"url":"http:\/\/www.dental-matkovic.com\/\/wp-content\/uploads\/2015\/06\/kirurgija-frenulektomija2.jpg"}],"twitter_card":"summary","twitter_misc":{"Gesch\u00e4tzte Lesezeit":"1\u00a0Minute"},"schema":{"@context":"https:\/\/schema.org","@graph":[{"@type":"WebSite","@id":"https:\/\/www.dental-matkovic.com\/#website","url":"https:\/\/www.dental-matkovic.com\/","name":"Dental Matkovic","description":"Zahnarzt Dental Matkovi\u0107, Zahnarzt Ba\u0161ka Voda","potentialAction":[{"@type":"SearchAction","target":{"@type":"EntryPoint","urlTemplate":"https:\/\/www.dental-matkovic.com\/?s={search_term_string}"},"query-input":"required name=search_term_string"}],"inLanguage":"de"},{"@type":"ImageObject","inLanguage":"de","@id":"http:\/\/www.dental-matkovic.com\/it\/frenulektomija#primaryimage","url":"http:\/\/www.dental-matkovic.com\/\/wp-content\/uploads\/2015\/06\/kirurgija-frenulektomija2.jpg","contentUrl":"http:\/\/www.dental-matkovic.com\/\/wp-content\/uploads\/2015\/06\/kirurgija-frenulektomija2.jpg"},{"@type":"WebPage","@id":"http:\/\/www.dental-matkovic.com\/it\/frenulektomija","url":"http:\/\/www.dental-matkovic.com\/it\/frenulektomija","name":"[:hr]Frenulektomija[:en]Frenectomy[:de]Frenulektomie[:it]Frenulectomia[:] - Dental Matkovic","isPartOf":{"@id":"https:\/\/www.dental-matkovic.com\/#website"},"primaryImageOfPage":{"@id":"http:\/\/www.dental-matkovic.com\/it\/frenulektomija#primaryimage"},"datePublished":"2015-06-20T17:30:39+00:00","dateModified":"2015-06-28T18:40:09+00:00","breadcrumb":{"@id":"http:\/\/www.dental-matkovic.com\/it\/frenulektomija#breadcrumb"},"inLanguage":"de","potentialAction":[{"@type":"ReadAction","target":["http:\/\/www.dental-matkovic.com\/it\/frenulektomija"]}]},{"@type":"BreadcrumbList","@id":"http:\/\/www.dental-matkovic.com\/it\/frenulektomija#breadcrumb","itemListElement":[{"@type":"ListItem","position":1,"name":"Home","item":"https:\/\/www.dental-matkovic.com\/"},{"@type":"ListItem","position":2,"name":"Frenulectomia"}]}]}},"_links":{"self":[{"href":"http:\/\/www.dental-matkovic.com\/de\/wp-json\/wp\/v2\/pages\/470"}],"collection":[{"href":"http:\/\/www.dental-matkovic.com\/de\/wp-json\/wp\/v2\/pages"}],"about":[{"href":"http:\/\/www.dental-matkovic.com\/de\/wp-json\/wp\/v2\/types\/page"}],"author":[{"embeddable":true,"href":"http:\/\/www.dental-matkovic.com\/de\/wp-json\/wp\/v2\/users\/1"}],"replies":[{"embeddable":true,"href":"http:\/\/www.dental-matkovic.com\/de\/wp-json\/wp\/v2\/comments?post=470"}],"version-history":[{"count":0,"href":"http:\/\/www.dental-matkovic.com\/de\/wp-json\/wp\/v2\/pages\/470\/revisions"}],"wp:attachment":[{"href":"http:\/\/www.dental-matkovic.com\/de\/wp-json\/wp\/v2\/media?parent=470"}],"curies":[{"name":"wp","href":"https:\/\/api.w.org\/{rel}","templated":true}]}}