{"id":475,"date":"2015-06-20T17:43:36","date_gmt":"2015-06-20T17:43:36","guid":{"rendered":"http:\/\/www.dental-matkovic.com\/\/?page_id=475"},"modified":"2015-07-21T14:02:04","modified_gmt":"2015-07-21T14:02:04","slug":"sinus-lift","status":"publish","type":"page","link":"http:\/\/www.dental-matkovic.com\/de\/sinus-lift","title":{"rendered":"Sinusboden Elevation"},"content":{"rendered":"Sinusboden Elevation ist der Eingriff aus dem Bereich der Oralchirurgie bei dem der Sinusboden angehoben wird. Durch diesen Eingriff der Kieferknochen im Bereich der Backenzahne und Mahlz\u00e4hne wiedergewonnen wird, zu dessen Verlust es wegen l\u00e4ngerem Zahnmangel gekommen ist. Der Eingriff wird in der Lokalan\u00e4sthesie durchgef\u00fchrt und ist schmerzfrei. Dieser Eingriff kann gleichzeitig mit der Implantateinsetzung durchgef\u00fchrt werden.<\/p>\n<p><img loading=\"lazy\" class=\"alignleft  wp-image-809\" src=\"http:\/\/www.dental-matkovic.com\/\/wp-content\/uploads\/2015\/06\/sinus-lift.jpg\" srcset=\"http:\/\/www.dental-matkovic.com\/\/wp-content\/uploads\/2015\/06\/sinus-lift-300x182.jpg 300w, http:\/\/www.dental-matkovic.com\/\/wp-content\/uploads\/2015\/06\/sinus-lift.jpg 476w\" alt=\"sinus-lift\" width=\"575\" height=\"349\" sizes=\"(max-width: 476px) 100vw, 476px\" \/>","protected":false},"excerpt":{"rendered":"<p>Sinusboden Elevation ist der Eingriff aus dem Bereich der Oralchirurgie bei dem der Sinusboden angehoben wird. Durch diesen Eingriff der Kieferknochen im Bereich der Backenzahne und Mahlz\u00e4hne wiedergewonnen wird, zu dessen Verlust es wegen l\u00e4ngerem Zahnmangel gekommen ist. Der Eingriff wird in der Lokalan\u00e4sthesie durchgef\u00fchrt und ist schmerzfrei. Dieser Eingriff kann gleichzeitig mit der Implantateinsetzung durchgef\u00fchrt werden.<\/p>\n","protected":false},"author":1,"featured_media":0,"parent":0,"menu_order":0,"comment_status":"open","ping_status":"open","template":"","meta":[],"acf":[],"yoast_head":"<!-- This site is optimized with the Yoast SEO plugin v19.3 - https:\/\/yoast.com\/wordpress\/plugins\/seo\/ -->\n<title>Sinusboden Elevation - Dental Matkovic<\/title>\n<meta name=\"robots\" content=\"index, follow, max-snippet:-1, max-image-preview:large, max-video-preview:-1\" \/>\n<link rel=\"canonical\" href=\"https:\/\/www.dental-matkovic.com\/it\/sinus-lift\" \/>\n<meta property=\"og:locale\" content=\"de_DE\" \/>\n<meta property=\"og:type\" content=\"article\" \/>\n<meta property=\"og:title\" content=\"[:hr]Sinus lift[:en]Sinus lift[:de]Sinusboden Elevation[:it]Sinus lift[:] - Dental Matkovic\" \/>\n<meta property=\"og:description\" content=\"Sinusboden Elevation ist der Eingriff aus dem Bereich der Oralchirurgie bei dem der Sinusboden angehoben wird. Durch diesen Eingriff der Kieferknochen im Bereich der Backenzahne und Mahlz\u00e4hne wiedergewonnen wird, zu dessen Verlust es wegen l\u00e4ngerem Zahnmangel gekommen ist. Der Eingriff wird in der Lokalan\u00e4sthesie durchgef\u00fchrt und ist schmerzfrei. Dieser Eingriff kann gleichzeitig mit der Implantateinsetzung durchgef\u00fchrt werden.\" \/>\n<meta property=\"og:url\" content=\"https:\/\/www.dental-matkovic.com\/it\/sinus-lift\" \/>\n<meta property=\"og:site_name\" content=\"Dental Matkovic\" \/>\n<meta property=\"article:publisher\" content=\"https:\/\/www.facebook.com\/pages\/Dental-implant-Matkovi%c4%87\/832171276837924\" \/>\n<meta property=\"article:modified_time\" content=\"2015-07-21T14:02:04+00:00\" \/>\n<meta property=\"og:image\" content=\"http:\/\/www.dental-matkovic.com\/\/wp-content\/uploads\/2015\/06\/sinus-lift.jpg\" \/>\n<meta name=\"twitter:card\" content=\"summary\" \/>\n<meta name=\"twitter:label1\" content=\"Gesch\u00e4tzte Lesezeit\" \/>\n\t<meta name=\"twitter:data1\" content=\"2\u00a0Minuten\" \/>\n<script type=\"application\/ld+json\" class=\"yoast-schema-graph\">{\"@context\":\"https:\/\/schema.org\",\"@graph\":[{\"@type\":\"WebSite\",\"@id\":\"https:\/\/www.dental-matkovic.com\/#website\",\"url\":\"https:\/\/www.dental-matkovic.com\/\",\"name\":\"Dental Matkovic\",\"description\":\"Zahnarzt Dental Matkovi\u0107, Zahnarzt Ba\u0161ka Voda\",\"potentialAction\":[{\"@type\":\"SearchAction\",\"target\":{\"@type\":\"EntryPoint\",\"urlTemplate\":\"https:\/\/www.dental-matkovic.com\/?s={search_term_string}\"},\"query-input\":\"required name=search_term_string\"}],\"inLanguage\":\"de\"},{\"@type\":\"ImageObject\",\"inLanguage\":\"de\",\"@id\":\"https:\/\/www.dental-matkovic.com\/it\/sinus-lift#primaryimage\",\"url\":\"http:\/\/www.dental-matkovic.com\/\/wp-content\/uploads\/2015\/06\/sinus-lift.jpg\",\"contentUrl\":\"http:\/\/www.dental-matkovic.com\/\/wp-content\/uploads\/2015\/06\/sinus-lift.jpg\"},{\"@type\":\"WebPage\",\"@id\":\"https:\/\/www.dental-matkovic.com\/it\/sinus-lift\",\"url\":\"https:\/\/www.dental-matkovic.com\/it\/sinus-lift\",\"name\":\"[:hr]Sinus lift[:en]Sinus lift[:de]Sinusboden Elevation[:it]Sinus lift[:] - Dental Matkovic\",\"isPartOf\":{\"@id\":\"https:\/\/www.dental-matkovic.com\/#website\"},\"primaryImageOfPage\":{\"@id\":\"https:\/\/www.dental-matkovic.com\/it\/sinus-lift#primaryimage\"},\"datePublished\":\"2015-06-20T17:43:36+00:00\",\"dateModified\":\"2015-07-21T14:02:04+00:00\",\"breadcrumb\":{\"@id\":\"https:\/\/www.dental-matkovic.com\/it\/sinus-lift#breadcrumb\"},\"inLanguage\":\"de\",\"potentialAction\":[{\"@type\":\"ReadAction\",\"target\":[\"https:\/\/www.dental-matkovic.com\/it\/sinus-lift\"]}]},{\"@type\":\"BreadcrumbList\",\"@id\":\"https:\/\/www.dental-matkovic.com\/it\/sinus-lift#breadcrumb\",\"itemListElement\":[{\"@type\":\"ListItem\",\"position\":1,\"name\":\"Home\",\"item\":\"https:\/\/www.dental-matkovic.com\/\"},{\"@type\":\"ListItem\",\"position\":2,\"name\":\"Sinus lift\"}]}]}<\/script>\n<!-- \/ Yoast SEO plugin. -->","yoast_head_json":{"title":"[:hr]Sinus lift[:en]Sinus lift[:de]Sinusboden Elevation[:it]Sinus lift[:] - Dental Matkovic","robots":{"index":"index","follow":"follow","max-snippet":"max-snippet:-1","max-image-preview":"max-image-preview:large","max-video-preview":"max-video-preview:-1"},"canonical":"https:\/\/www.dental-matkovic.com\/it\/sinus-lift","og_locale":"de_DE","og_type":"article","og_title":"[:hr]Sinus lift[:en]Sinus lift[:de]Sinusboden Elevation[:it]Sinus lift[:] - Dental Matkovic","og_description":"Sinusboden Elevation ist der Eingriff aus dem Bereich der Oralchirurgie bei dem der Sinusboden angehoben wird. Durch diesen Eingriff der Kieferknochen im Bereich der Backenzahne und Mahlz\u00e4hne wiedergewonnen wird, zu dessen Verlust es wegen l\u00e4ngerem Zahnmangel gekommen ist. Der Eingriff wird in der Lokalan\u00e4sthesie durchgef\u00fchrt und ist schmerzfrei. Dieser Eingriff kann gleichzeitig mit der Implantateinsetzung durchgef\u00fchrt werden.","og_url":"https:\/\/www.dental-matkovic.com\/it\/sinus-lift","og_site_name":"Dental Matkovic","article_publisher":"https:\/\/www.facebook.com\/pages\/Dental-implant-Matkovi%c4%87\/832171276837924","article_modified_time":"2015-07-21T14:02:04+00:00","og_image":[{"url":"http:\/\/www.dental-matkovic.com\/\/wp-content\/uploads\/2015\/06\/sinus-lift.jpg"}],"twitter_card":"summary","twitter_misc":{"Gesch\u00e4tzte Lesezeit":"2\u00a0Minuten"},"schema":{"@context":"https:\/\/schema.org","@graph":[{"@type":"WebSite","@id":"https:\/\/www.dental-matkovic.com\/#website","url":"https:\/\/www.dental-matkovic.com\/","name":"Dental Matkovic","description":"Zahnarzt Dental Matkovi\u0107, Zahnarzt Ba\u0161ka Voda","potentialAction":[{"@type":"SearchAction","target":{"@type":"EntryPoint","urlTemplate":"https:\/\/www.dental-matkovic.com\/?s={search_term_string}"},"query-input":"required name=search_term_string"}],"inLanguage":"de"},{"@type":"ImageObject","inLanguage":"de","@id":"https:\/\/www.dental-matkovic.com\/it\/sinus-lift#primaryimage","url":"http:\/\/www.dental-matkovic.com\/\/wp-content\/uploads\/2015\/06\/sinus-lift.jpg","contentUrl":"http:\/\/www.dental-matkovic.com\/\/wp-content\/uploads\/2015\/06\/sinus-lift.jpg"},{"@type":"WebPage","@id":"https:\/\/www.dental-matkovic.com\/it\/sinus-lift","url":"https:\/\/www.dental-matkovic.com\/it\/sinus-lift","name":"[:hr]Sinus lift[:en]Sinus lift[:de]Sinusboden Elevation[:it]Sinus lift[:] - Dental Matkovic","isPartOf":{"@id":"https:\/\/www.dental-matkovic.com\/#website"},"primaryImageOfPage":{"@id":"https:\/\/www.dental-matkovic.com\/it\/sinus-lift#primaryimage"},"datePublished":"2015-06-20T17:43:36+00:00","dateModified":"2015-07-21T14:02:04+00:00","breadcrumb":{"@id":"https:\/\/www.dental-matkovic.com\/it\/sinus-lift#breadcrumb"},"inLanguage":"de","potentialAction":[{"@type":"ReadAction","target":["https:\/\/www.dental-matkovic.com\/it\/sinus-lift"]}]},{"@type":"BreadcrumbList","@id":"https:\/\/www.dental-matkovic.com\/it\/sinus-lift#breadcrumb","itemListElement":[{"@type":"ListItem","position":1,"name":"Home","item":"https:\/\/www.dental-matkovic.com\/"},{"@type":"ListItem","position":2,"name":"Sinus lift"}]}]}},"_links":{"self":[{"href":"http:\/\/www.dental-matkovic.com\/de\/wp-json\/wp\/v2\/pages\/475"}],"collection":[{"href":"http:\/\/www.dental-matkovic.com\/de\/wp-json\/wp\/v2\/pages"}],"about":[{"href":"http:\/\/www.dental-matkovic.com\/de\/wp-json\/wp\/v2\/types\/page"}],"author":[{"embeddable":true,"href":"http:\/\/www.dental-matkovic.com\/de\/wp-json\/wp\/v2\/users\/1"}],"replies":[{"embeddable":true,"href":"http:\/\/www.dental-matkovic.com\/de\/wp-json\/wp\/v2\/comments?post=475"}],"version-history":[{"count":0,"href":"http:\/\/www.dental-matkovic.com\/de\/wp-json\/wp\/v2\/pages\/475\/revisions"}],"wp:attachment":[{"href":"http:\/\/www.dental-matkovic.com\/de\/wp-json\/wp\/v2\/media?parent=475"}],"curies":[{"name":"wp","href":"https:\/\/api.w.org\/{rel}","templated":true}]}}