{"id":63,"date":"2015-04-19T18:02:53","date_gmt":"2015-04-19T18:02:53","guid":{"rendered":"http:\/\/www.dental-matkovic.com\/\/?page_id=63"},"modified":"2022-05-29T09:03:55","modified_gmt":"2022-05-29T09:03:55","slug":"cjenik","status":"publish","type":"page","link":"http:\/\/www.dental-matkovic.com\/de\/cjenik","title":{"rendered":"Preisliste"},"content":{"rendered":"<p style=\"text-align: left;\"><table class=\"table table-bordered table-striped\"><thead><tr><th>R.br.<\/th><th>Usluga<\/th><th>Cijena<\/th><\/tr><\/thead><tbody><tr><td><td><strong>INTERDISCIPLINARNE USLUGE<\/strong>  <td><\/tr><tr>\n<td> 1  <td> Pregled novog bolesnika  <td> 100 kn <\/tr><tr>\n<td> 2  <td> Ponovni pregled (recall) bolesnika  <td> 100 kn <\/tr><tr>\n<td> 3  <td> Davanje uputa bolesniku i upoznavanje bolesnika s u\u010dinkom stomatolo\u0161kih usluga  <td> 150 kn <\/tr><tr>\n<td> 4\u00a0 <td> Lokalni (intraoralni) rentgenski snimak, uklju\u010duju\u0107i o\u010ditavanje snimaka  <td> 61,50 kn <\/tr><tr>\n<td> 5\u00a0 <td> Lokalna anestezija  <td> 50 kn <\/tr><tr>\n<td> 6\u00a0 <td> Provodna anestezija  <td> 100 kn <\/tr><tr>\n<td><td><strong>RESTORATIVNA STOMATOLOGIJA<\/strong>  <td><\/tr><tr>\n<td> 7\u00a0 <td> Privremeni ispun  <td> 100 kn <\/tr><tr>\n<td> 8\u00a0 <td> Kompozitni ispun na jednoj plohi  <td> 220 kn <\/tr><tr>\n<td> 9\u00a0 <td> Kompozitni ispun na dvije plohe  <td> 280 kn <\/tr><tr>\n<td> 10  <td> Kompozitni ispun na tri plohe  <td> 310 kn <\/tr><tr>\n<td> 11  <td> Pe\u010datni ispun  <td> 202,95 kn <\/tr><tr>\n<td><td><strong>ENDODONCIJA<\/strong>  <td><\/tr><tr>\n<td> 12  <td> Zub s jednim kanalom u jednoj posjeti (opskrba korijenskog kanala s vitalnom ekstirpacijom) <td> 500 kn <\/tr><tr>\n<td> 13  <td> 1. Posjet - zub s jednim kanalom u vi\u0161e posjeta (nekroza, gangrena)  <td> 307,50 kn <\/tr><tr>\n<td> 14  <td> 2. Posjet - zub s jednim kanalom u vi\u0161e posjeta (nekroza, gangrena)  <td> 373,10 kn <\/tr><tr>\n<td> 15  <td> 3. Posjet - zub s jednim kanalom u vi\u0161e posjeta (nekroza, gangrena)  <td> 300 kn <\/tr><tr>\n<td><td><strong>STOMATOLO\u0160KA PROTETIKA<\/strong>  <td><\/tr><tr>\n<td> 16  <td> Djelomi\u010dna proteza sa metalnom osnovom  <td> 4200 kn <\/tr><tr>\n<td> 17  <td> Totalna proteza  <td> 3400 kn <\/tr><tr>\n<td> 18  <td> Zirkon krunica\u00a0 <td> 2200 - 2450 kn <\/tr><tr>\n<td> 19\u00a0 <td> Metalkerami\u010dka krunica  <td> 1200 - 1450 kn <\/tr><tr>\n<td> 20  <td> Nadogradnja  <td> 600 kn <\/tr><tr>\n<td><td><strong>INDIVIDUALNA PROFILAKSA PARADONTNIH BOLESTI<\/strong>  <td><\/tr><tr>\n<td> 21  <td> 1. Posjet - odstranjivanje mekih i tvrdih zubnih naslaga (20 boda) x3  <td> 250 kn <\/tr><tr>\n<td> 22  <td> 2. Posjet - odstranjivanje mekih i tvrdih zubnih naslaga (20 boda) x2  <td> 300 kn <\/tr><tr>\n<td> 23  <td> Pjeskarenje zubi  <td> 400\u00a0kn <\/tr><tr>\n<td><td><strong>ORALNA KIRURGIJA<\/strong>  <td><\/tr><tr>\n<td> 24  <td> Pregled akutnog bolesnika  <td> 41 kn <\/tr><tr>\n<td> 25  <td> Va\u0111enje zuba  <td> 250 kn <\/tr><tr>\n<td> 26  <td> Komplicirano va\u0111enje zuba  <td> 400 kn <\/tr><tr>\n<td> 27  <td> Va\u0111enje zuba sa separacijom  <td> 550 kn <\/tr><\/tbody><\/table><!-- table (end) -->","protected":false},"excerpt":{"rendered":"","protected":false},"author":1,"featured_media":0,"parent":0,"menu_order":0,"comment_status":"open","ping_status":"open","template":"","meta":[],"acf":[],"yoast_head":"<!-- This site is optimized with the Yoast SEO plugin v19.3 - https:\/\/yoast.com\/wordpress\/plugins\/seo\/ -->\n<title>Preisliste - Dental Matkovic<\/title>\n<meta name=\"robots\" content=\"index, follow, max-snippet:-1, max-image-preview:large, max-video-preview:-1\" \/>\n<link rel=\"canonical\" href=\"http:\/\/www.dental-matkovic.com\/en\/cjenik\" \/>\n<meta property=\"og:locale\" content=\"de_DE\" \/>\n<meta property=\"og:type\" content=\"article\" \/>\n<meta property=\"og:title\" content=\"[:hr]Cjenik[:en]Pricelist[:de]Preisliste[:it]Prezzi[:] - Dental Matkovic\" \/>\n<meta property=\"og:url\" content=\"http:\/\/www.dental-matkovic.com\/en\/cjenik\" \/>\n<meta property=\"og:site_name\" content=\"Dental Matkovic\" \/>\n<meta property=\"article:publisher\" content=\"https:\/\/www.facebook.com\/pages\/Dental-implant-Matkovi%c4%87\/832171276837924\" \/>\n<meta property=\"article:modified_time\" content=\"2022-05-29T09:03:55+00:00\" \/>\n<meta name=\"twitter:card\" content=\"summary\" \/>\n<meta name=\"twitter:label1\" content=\"Gesch\u00e4tzte Lesezeit\" \/>\n\t<meta name=\"twitter:data1\" content=\"8\u00a0Minuten\" \/>\n<script type=\"application\/ld+json\" class=\"yoast-schema-graph\">{\"@context\":\"https:\/\/schema.org\",\"@graph\":[{\"@type\":\"WebSite\",\"@id\":\"http:\/\/www.dental-matkovic.com\/en\/#website\",\"url\":\"http:\/\/www.dental-matkovic.com\/en\/\",\"name\":\"Dental Matkovic\",\"description\":\"Zahnarzt Dental Matkovi\u0107, Zahnarzt Ba\u0161ka Voda\",\"potentialAction\":[{\"@type\":\"SearchAction\",\"target\":{\"@type\":\"EntryPoint\",\"urlTemplate\":\"http:\/\/www.dental-matkovic.com\/en\/?s={search_term_string}\"},\"query-input\":\"required name=search_term_string\"}],\"inLanguage\":\"de\"},{\"@type\":\"WebPage\",\"@id\":\"http:\/\/www.dental-matkovic.com\/en\/cjenik\",\"url\":\"http:\/\/www.dental-matkovic.com\/en\/cjenik\",\"name\":\"[:hr]Cjenik[:en]Pricelist[:de]Preisliste[:it]Prezzi[:] - Dental Matkovic\",\"isPartOf\":{\"@id\":\"http:\/\/www.dental-matkovic.com\/en\/#website\"},\"datePublished\":\"2015-04-19T18:02:53+00:00\",\"dateModified\":\"2022-05-29T09:03:55+00:00\",\"breadcrumb\":{\"@id\":\"http:\/\/www.dental-matkovic.com\/en\/cjenik#breadcrumb\"},\"inLanguage\":\"de\",\"potentialAction\":[{\"@type\":\"ReadAction\",\"target\":[\"http:\/\/www.dental-matkovic.com\/en\/cjenik\"]}]},{\"@type\":\"BreadcrumbList\",\"@id\":\"http:\/\/www.dental-matkovic.com\/en\/cjenik#breadcrumb\",\"itemListElement\":[{\"@type\":\"ListItem\",\"position\":1,\"name\":\"Home\",\"item\":\"http:\/\/www.dental-matkovic.com\/en\/\"},{\"@type\":\"ListItem\",\"position\":2,\"name\":\"Pricelist\"}]}]}<\/script>\n<!-- \/ Yoast SEO plugin. -->","yoast_head_json":{"title":"[:hr]Cjenik[:en]Pricelist[:de]Preisliste[:it]Prezzi[:] - Dental Matkovic","robots":{"index":"index","follow":"follow","max-snippet":"max-snippet:-1","max-image-preview":"max-image-preview:large","max-video-preview":"max-video-preview:-1"},"canonical":"http:\/\/www.dental-matkovic.com\/en\/cjenik","og_locale":"de_DE","og_type":"article","og_title":"[:hr]Cjenik[:en]Pricelist[:de]Preisliste[:it]Prezzi[:] - Dental Matkovic","og_url":"http:\/\/www.dental-matkovic.com\/en\/cjenik","og_site_name":"Dental Matkovic","article_publisher":"https:\/\/www.facebook.com\/pages\/Dental-implant-Matkovi%c4%87\/832171276837924","article_modified_time":"2022-05-29T09:03:55+00:00","twitter_card":"summary","twitter_misc":{"Gesch\u00e4tzte Lesezeit":"8\u00a0Minuten"},"schema":{"@context":"https:\/\/schema.org","@graph":[{"@type":"WebSite","@id":"http:\/\/www.dental-matkovic.com\/en\/#website","url":"http:\/\/www.dental-matkovic.com\/en\/","name":"Dental Matkovic","description":"Zahnarzt Dental Matkovi\u0107, Zahnarzt Ba\u0161ka Voda","potentialAction":[{"@type":"SearchAction","target":{"@type":"EntryPoint","urlTemplate":"http:\/\/www.dental-matkovic.com\/en\/?s={search_term_string}"},"query-input":"required name=search_term_string"}],"inLanguage":"de"},{"@type":"WebPage","@id":"http:\/\/www.dental-matkovic.com\/en\/cjenik","url":"http:\/\/www.dental-matkovic.com\/en\/cjenik","name":"[:hr]Cjenik[:en]Pricelist[:de]Preisliste[:it]Prezzi[:] - Dental Matkovic","isPartOf":{"@id":"http:\/\/www.dental-matkovic.com\/en\/#website"},"datePublished":"2015-04-19T18:02:53+00:00","dateModified":"2022-05-29T09:03:55+00:00","breadcrumb":{"@id":"http:\/\/www.dental-matkovic.com\/en\/cjenik#breadcrumb"},"inLanguage":"de","potentialAction":[{"@type":"ReadAction","target":["http:\/\/www.dental-matkovic.com\/en\/cjenik"]}]},{"@type":"BreadcrumbList","@id":"http:\/\/www.dental-matkovic.com\/en\/cjenik#breadcrumb","itemListElement":[{"@type":"ListItem","position":1,"name":"Home","item":"http:\/\/www.dental-matkovic.com\/en\/"},{"@type":"ListItem","position":2,"name":"Pricelist"}]}]}},"_links":{"self":[{"href":"http:\/\/www.dental-matkovic.com\/de\/wp-json\/wp\/v2\/pages\/63"}],"collection":[{"href":"http:\/\/www.dental-matkovic.com\/de\/wp-json\/wp\/v2\/pages"}],"about":[{"href":"http:\/\/www.dental-matkovic.com\/de\/wp-json\/wp\/v2\/types\/page"}],"author":[{"embeddable":true,"href":"http:\/\/www.dental-matkovic.com\/de\/wp-json\/wp\/v2\/users\/1"}],"replies":[{"embeddable":true,"href":"http:\/\/www.dental-matkovic.com\/de\/wp-json\/wp\/v2\/comments?post=63"}],"version-history":[{"count":0,"href":"http:\/\/www.dental-matkovic.com\/de\/wp-json\/wp\/v2\/pages\/63\/revisions"}],"wp:attachment":[{"href":"http:\/\/www.dental-matkovic.com\/de\/wp-json\/wp\/v2\/media?parent=63"}],"curies":[{"name":"wp","href":"https:\/\/api.w.org\/{rel}","templated":true}]}}