{"id":817,"date":"2015-07-05T20:09:00","date_gmt":"2015-07-05T20:09:00","guid":{"rendered":"http:\/\/www.dental-matkovic.com\/\/?page_id=817"},"modified":"2016-04-15T14:12:32","modified_gmt":"2016-04-15T14:12:32","slug":"endodoncija","status":"publish","type":"page","link":"http:\/\/www.dental-matkovic.com\/de\/endodoncija","title":{"rendered":"Endodontie"},"content":{"rendered":"Wurzelkanalbehandlung ist die meist durchgef\u00fchrte Behandlung der Endodontie.<\/p>\n<p>Die Behandlung von Entz\u00fcndungen des Zahns umfasst die Entfernung des Zahngewebes und eine gr\u00fcndliche Reinigung des gesamten Wurzelkanals. Nach der Desinfektion des Kanals wird der Kanal mit einer bleibenden F\u00fcllung gef\u00fcllt, um das Eindringen von Bakterien in das Wurzelinnere in Zukunft zu verhindern.<\/p>\n<p>Bei der endodontischen Behandlung verwenden wir besondere Materialien und bestimmen die Lage der Wurzelkanalspitze elektronisch. Besondere Detektoren suchen die Lage der Kanal\u00f6ffnungen, radiologisch bestimmen wir ihre Zahl und Position und mechanisch reinigen und bearbeiten wir die Kanalw\u00e4nde.<\/p>\n<p>Dank unserer hochmodernen Ausr\u00fcstung und der Anwendung h\u00f6chstwertiger Verfahren, die f\u00fcr jeden Zahn geeignet sind, erzielen wir in der Zahnbehandlung eine maximale Erfolgsrate.<\/p>\n<p>In unserer Ordination verwenden wir die modernsten Bearbeitungstechniken f\u00fcr Wurzelkan\u00e4le, die im Verh\u00e4ltnis zur klassischen Methode, der manuellen Bearbeitung der Wurzelkan\u00e4le, die Effizienz des Therapieverfahrens erh\u00f6hen und das Tempo beschleunigen. Auf diese Weise k\u00f6nnen die meisten endodontischen Eingriffe innerhalb von einem oder zwei Terminen abgeschlossen werden. Das ist die sogenannte maschinelle Bearbeitung der Wurzelkan\u00e4le.<\/p>\n<p><img loading=\"lazy\" class=\" size-full wp-image-935 aligncenter\" src=\"http:\/\/www.dental-matkovic.com\/wp-content\/uploads\/2015\/07\/endodoncija1.jpg\" srcset=\"http:\/\/www.dental-matkovic.com\/wp-content\/uploads\/2015\/07\/endodoncija1-300x116.jpg 300w, http:\/\/www.dental-matkovic.com\/wp-content\/uploads\/2015\/07\/endodoncija1.jpg 500w\" alt=\"endodoncija1\" width=\"500\" height=\"194\" sizes=\"(max-width: 500px) 100vw, 500px\" \/>","protected":false},"excerpt":{"rendered":"<p>Wurzelkanalbehandlung ist die meist durchgef\u00fchrte Behandlung der Endodontie. Die Behandlung von Entz\u00fcndungen des Zahns umfasst die Entfernung des Zahngewebes und eine gr\u00fcndliche Reinigung des gesamten Wurzelkanals. Nach der Desinfektion des Kanals wird der Kanal mit einer bleibenden F\u00fcllung gef\u00fcllt, um das Eindringen von Bakterien in das Wurzelinnere in Zukunft zu verhindern. Bei der endodontischen Behandlung verwenden wir besondere Materialien und&nbsp;<a href=\"http:\/\/www.dental-matkovic.com\/de\/endodoncija\" class=\"read-more\">Weiter lesen<\/a><\/p>\n","protected":false},"author":1,"featured_media":0,"parent":0,"menu_order":0,"comment_status":"open","ping_status":"open","template":"","meta":[],"acf":[],"yoast_head":"<!-- This site is optimized with the Yoast SEO plugin v19.3 - https:\/\/yoast.com\/wordpress\/plugins\/seo\/ -->\n<title>Endodontie - Dental Matkovic<\/title>\n<meta name=\"description\" content=\"Terapija korijenskog kanala je naj\u010de\u0161\u0107i postupak kojim se bavi endodoncija.\" \/>\n<meta name=\"robots\" content=\"index, follow, max-snippet:-1, max-image-preview:large, max-video-preview:-1\" \/>\n<link rel=\"canonical\" href=\"http:\/\/www.dental-matkovic.com\/endodoncija\" \/>\n<meta property=\"og:locale\" content=\"de_DE\" \/>\n<meta property=\"og:type\" content=\"article\" \/>\n<meta property=\"og:title\" content=\"[:hr]Endodoncija[:en]Endodontics[:de]Endodontie[:it]Endodonzia[:] - Dental Matkovic\" \/>\n<meta property=\"og:description\" content=\"Terapija korijenskog kanala je naj\u010de\u0161\u0107i postupak kojim se bavi endodoncija.\" \/>\n<meta property=\"og:url\" content=\"http:\/\/www.dental-matkovic.com\/endodoncija\" \/>\n<meta property=\"og:site_name\" content=\"Dental Matkovic\" \/>\n<meta property=\"article:publisher\" content=\"https:\/\/www.facebook.com\/pages\/Dental-implant-Matkovi%c4%87\/832171276837924\" \/>\n<meta property=\"article:modified_time\" content=\"2016-04-15T14:12:32+00:00\" \/>\n<meta property=\"og:image\" content=\"http:\/\/www.dental-matkovic.com\/wp-content\/uploads\/2015\/07\/endodoncija1.jpg\" \/>\n<meta name=\"twitter:card\" content=\"summary\" \/>\n<meta name=\"twitter:label1\" content=\"Gesch\u00e4tzte Lesezeit\" \/>\n\t<meta name=\"twitter:data1\" content=\"3\u00a0Minuten\" \/>\n<script type=\"application\/ld+json\" class=\"yoast-schema-graph\">{\"@context\":\"https:\/\/schema.org\",\"@graph\":[{\"@type\":\"WebSite\",\"@id\":\"https:\/\/www.dental-matkovic.com\/#website\",\"url\":\"https:\/\/www.dental-matkovic.com\/\",\"name\":\"Dental Matkovic\",\"description\":\"Zahnarzt Dental Matkovi\u0107, Zahnarzt Ba\u0161ka Voda\",\"potentialAction\":[{\"@type\":\"SearchAction\",\"target\":{\"@type\":\"EntryPoint\",\"urlTemplate\":\"https:\/\/www.dental-matkovic.com\/?s={search_term_string}\"},\"query-input\":\"required name=search_term_string\"}],\"inLanguage\":\"de\"},{\"@type\":\"ImageObject\",\"inLanguage\":\"de\",\"@id\":\"http:\/\/www.dental-matkovic.com\/endodoncija#primaryimage\",\"url\":\"http:\/\/www.dental-matkovic.com\/wp-content\/uploads\/2015\/07\/endodoncija1.jpg\",\"contentUrl\":\"http:\/\/www.dental-matkovic.com\/wp-content\/uploads\/2015\/07\/endodoncija1.jpg\",\"width\":500,\"height\":194},{\"@type\":\"WebPage\",\"@id\":\"http:\/\/www.dental-matkovic.com\/endodoncija\",\"url\":\"http:\/\/www.dental-matkovic.com\/endodoncija\",\"name\":\"[:hr]Endodoncija[:en]Endodontics[:de]Endodontie[:it]Endodonzia[:] - Dental Matkovic\",\"isPartOf\":{\"@id\":\"https:\/\/www.dental-matkovic.com\/#website\"},\"primaryImageOfPage\":{\"@id\":\"http:\/\/www.dental-matkovic.com\/endodoncija#primaryimage\"},\"datePublished\":\"2015-07-05T20:09:00+00:00\",\"dateModified\":\"2016-04-15T14:12:32+00:00\",\"description\":\"Terapija korijenskog kanala je naj\u010de\u0161\u0107i postupak kojim se bavi endodoncija.\",\"breadcrumb\":{\"@id\":\"http:\/\/www.dental-matkovic.com\/endodoncija#breadcrumb\"},\"inLanguage\":\"de\",\"potentialAction\":[{\"@type\":\"ReadAction\",\"target\":[\"http:\/\/www.dental-matkovic.com\/endodoncija\"]}]},{\"@type\":\"BreadcrumbList\",\"@id\":\"http:\/\/www.dental-matkovic.com\/endodoncija#breadcrumb\",\"itemListElement\":[{\"@type\":\"ListItem\",\"position\":1,\"name\":\"Home\",\"item\":\"https:\/\/www.dental-matkovic.com\/\"},{\"@type\":\"ListItem\",\"position\":2,\"name\":\"Endodoncija\"}]}]}<\/script>\n<!-- \/ Yoast SEO plugin. -->","yoast_head_json":{"title":"[:hr]Endodoncija[:en]Endodontics[:de]Endodontie[:it]Endodonzia[:] - Dental Matkovic","description":"Terapija korijenskog kanala je naj\u010de\u0161\u0107i postupak kojim se bavi endodoncija.","robots":{"index":"index","follow":"follow","max-snippet":"max-snippet:-1","max-image-preview":"max-image-preview:large","max-video-preview":"max-video-preview:-1"},"canonical":"http:\/\/www.dental-matkovic.com\/endodoncija","og_locale":"de_DE","og_type":"article","og_title":"[:hr]Endodoncija[:en]Endodontics[:de]Endodontie[:it]Endodonzia[:] - Dental Matkovic","og_description":"Terapija korijenskog kanala je naj\u010de\u0161\u0107i postupak kojim se bavi endodoncija.","og_url":"http:\/\/www.dental-matkovic.com\/endodoncija","og_site_name":"Dental Matkovic","article_publisher":"https:\/\/www.facebook.com\/pages\/Dental-implant-Matkovi%c4%87\/832171276837924","article_modified_time":"2016-04-15T14:12:32+00:00","og_image":[{"url":"http:\/\/www.dental-matkovic.com\/wp-content\/uploads\/2015\/07\/endodoncija1.jpg"}],"twitter_card":"summary","twitter_misc":{"Gesch\u00e4tzte Lesezeit":"3\u00a0Minuten"},"schema":{"@context":"https:\/\/schema.org","@graph":[{"@type":"WebSite","@id":"https:\/\/www.dental-matkovic.com\/#website","url":"https:\/\/www.dental-matkovic.com\/","name":"Dental Matkovic","description":"Zahnarzt Dental Matkovi\u0107, Zahnarzt Ba\u0161ka Voda","potentialAction":[{"@type":"SearchAction","target":{"@type":"EntryPoint","urlTemplate":"https:\/\/www.dental-matkovic.com\/?s={search_term_string}"},"query-input":"required name=search_term_string"}],"inLanguage":"de"},{"@type":"ImageObject","inLanguage":"de","@id":"http:\/\/www.dental-matkovic.com\/endodoncija#primaryimage","url":"http:\/\/www.dental-matkovic.com\/wp-content\/uploads\/2015\/07\/endodoncija1.jpg","contentUrl":"http:\/\/www.dental-matkovic.com\/wp-content\/uploads\/2015\/07\/endodoncija1.jpg","width":500,"height":194},{"@type":"WebPage","@id":"http:\/\/www.dental-matkovic.com\/endodoncija","url":"http:\/\/www.dental-matkovic.com\/endodoncija","name":"[:hr]Endodoncija[:en]Endodontics[:de]Endodontie[:it]Endodonzia[:] - Dental Matkovic","isPartOf":{"@id":"https:\/\/www.dental-matkovic.com\/#website"},"primaryImageOfPage":{"@id":"http:\/\/www.dental-matkovic.com\/endodoncija#primaryimage"},"datePublished":"2015-07-05T20:09:00+00:00","dateModified":"2016-04-15T14:12:32+00:00","description":"Terapija korijenskog kanala je naj\u010de\u0161\u0107i postupak kojim se bavi endodoncija.","breadcrumb":{"@id":"http:\/\/www.dental-matkovic.com\/endodoncija#breadcrumb"},"inLanguage":"de","potentialAction":[{"@type":"ReadAction","target":["http:\/\/www.dental-matkovic.com\/endodoncija"]}]},{"@type":"BreadcrumbList","@id":"http:\/\/www.dental-matkovic.com\/endodoncija#breadcrumb","itemListElement":[{"@type":"ListItem","position":1,"name":"Home","item":"https:\/\/www.dental-matkovic.com\/"},{"@type":"ListItem","position":2,"name":"Endodoncija"}]}]}},"_links":{"self":[{"href":"http:\/\/www.dental-matkovic.com\/de\/wp-json\/wp\/v2\/pages\/817"}],"collection":[{"href":"http:\/\/www.dental-matkovic.com\/de\/wp-json\/wp\/v2\/pages"}],"about":[{"href":"http:\/\/www.dental-matkovic.com\/de\/wp-json\/wp\/v2\/types\/page"}],"author":[{"embeddable":true,"href":"http:\/\/www.dental-matkovic.com\/de\/wp-json\/wp\/v2\/users\/1"}],"replies":[{"embeddable":true,"href":"http:\/\/www.dental-matkovic.com\/de\/wp-json\/wp\/v2\/comments?post=817"}],"version-history":[{"count":0,"href":"http:\/\/www.dental-matkovic.com\/de\/wp-json\/wp\/v2\/pages\/817\/revisions"}],"wp:attachment":[{"href":"http:\/\/www.dental-matkovic.com\/de\/wp-json\/wp\/v2\/media?parent=817"}],"curies":[{"name":"wp","href":"https:\/\/api.w.org\/{rel}","templated":true}]}}