{"id":817,"date":"2015-07-05T20:09:00","date_gmt":"2015-07-05T20:09:00","guid":{"rendered":"http:\/\/www.dental-matkovic.com\/\/?page_id=817"},"modified":"2016-04-15T14:12:32","modified_gmt":"2016-04-15T14:12:32","slug":"endodoncija","status":"publish","type":"page","link":"http:\/\/www.dental-matkovic.com\/en\/endodoncija","title":{"rendered":"Endodontics"},"content":{"rendered":"Therapeutic treatment of root canals is the most frequent endodontic procedure.<\/p>\n<p>Treating tooth inflammation means the removal of the tooth nerve tissue and a thoroughly cleaning of the entire root canal content. After the disinfection of the canal, it is filled in with permanent fillings. We use special materials through out therapy and an electronic determination of the location of the root canal end, special detectors for finding the entrance into the canal, radiological determination of the number and location and mechanical cleaning and treatment of the canal walls. Thanks to the latest equipment and utilization of highly qualitative procedures adapted to every tooth, we achieve high results in the treatment of the tooth.<\/p>\n<p>A very important part in gaining healthy teeth, having a recovered oral cavity and a refined appearance plays the proper dental care and the removal of dental plaque in the sense of less and more visible plaque on the teeth. If the plaque is not removed by proper hygienic measures, it gathers and brings about paradonthosis. Various micro-organisms in the tooth plaque multiply quickly and produce acids that are dangerous for the enamel, showing later white pigmentation. That is the beginning of tooth damage \u2013 caries, spreading fast and destroying the tooth structure.<\/p>\n<p><img loading=\"lazy\" class=\" size-full wp-image-935 aligncenter\" src=\"http:\/\/www.dental-matkovic.com\/wp-content\/uploads\/2015\/07\/endodoncija1.jpg\" srcset=\"http:\/\/www.dental-matkovic.com\/wp-content\/uploads\/2015\/07\/endodoncija1-300x116.jpg 300w, http:\/\/www.dental-matkovic.com\/wp-content\/uploads\/2015\/07\/endodoncija1.jpg 500w\" alt=\"endodoncija1\" width=\"500\" height=\"194\" sizes=\"(max-width: 500px) 100vw, 500px\" \/>","protected":false},"excerpt":{"rendered":"<p>Therapeutic treatment of root canals is the most frequent endodontic procedure. Treating tooth inflammation means the removal of the tooth nerve tissue and a thoroughly cleaning of the entire root canal content. After the disinfection of the canal, it is filled in with permanent fillings. We use special materials through out therapy and an electronic determination of the location of&nbsp;<a href=\"http:\/\/www.dental-matkovic.com\/en\/endodoncija\" class=\"read-more\">Continue Reading<\/a><\/p>\n","protected":false},"author":1,"featured_media":0,"parent":0,"menu_order":0,"comment_status":"open","ping_status":"open","template":"","meta":[],"acf":[],"yoast_head":"<!-- This site is optimized with the Yoast SEO plugin v19.3 - https:\/\/yoast.com\/wordpress\/plugins\/seo\/ -->\n<title>Endodontics - Dental Matkovic<\/title>\n<meta name=\"description\" content=\"Terapija korijenskog kanala je naj\u010de\u0161\u0107i postupak kojim se bavi endodoncija.\" \/>\n<meta name=\"robots\" content=\"index, follow, max-snippet:-1, max-image-preview:large, max-video-preview:-1\" \/>\n<link rel=\"canonical\" href=\"http:\/\/www.dental-matkovic.com\/endodoncija\" \/>\n<meta property=\"og:locale\" content=\"en_US\" \/>\n<meta property=\"og:type\" content=\"article\" \/>\n<meta property=\"og:title\" content=\"[:hr]Endodoncija[:en]Endodontics[:de]Endodontie[:it]Endodonzia[:] - Dental Matkovic\" \/>\n<meta property=\"og:description\" content=\"Terapija korijenskog kanala je naj\u010de\u0161\u0107i postupak kojim se bavi endodoncija.\" \/>\n<meta property=\"og:url\" content=\"http:\/\/www.dental-matkovic.com\/endodoncija\" \/>\n<meta property=\"og:site_name\" content=\"Dental Matkovic\" \/>\n<meta property=\"article:publisher\" content=\"https:\/\/www.facebook.com\/pages\/Dental-implant-Matkovi%c4%87\/832171276837924\" \/>\n<meta property=\"article:modified_time\" content=\"2016-04-15T14:12:32+00:00\" \/>\n<meta property=\"og:image\" content=\"http:\/\/www.dental-matkovic.com\/wp-content\/uploads\/2015\/07\/endodoncija1.jpg\" \/>\n<meta name=\"twitter:card\" content=\"summary\" \/>\n<meta name=\"twitter:label1\" content=\"Est. reading time\" \/>\n\t<meta name=\"twitter:data1\" content=\"3 minutes\" \/>\n<script type=\"application\/ld+json\" class=\"yoast-schema-graph\">{\"@context\":\"https:\/\/schema.org\",\"@graph\":[{\"@type\":\"WebSite\",\"@id\":\"https:\/\/www.dental-matkovic.com\/#website\",\"url\":\"https:\/\/www.dental-matkovic.com\/\",\"name\":\"Dental Matkovic\",\"description\":\"Dental office Dental Matkovi\u0107, Ba\u0161ka Voda\",\"potentialAction\":[{\"@type\":\"SearchAction\",\"target\":{\"@type\":\"EntryPoint\",\"urlTemplate\":\"https:\/\/www.dental-matkovic.com\/?s={search_term_string}\"},\"query-input\":\"required name=search_term_string\"}],\"inLanguage\":\"en-US\"},{\"@type\":\"ImageObject\",\"inLanguage\":\"en-US\",\"@id\":\"http:\/\/www.dental-matkovic.com\/endodoncija#primaryimage\",\"url\":\"http:\/\/www.dental-matkovic.com\/wp-content\/uploads\/2015\/07\/endodoncija1.jpg\",\"contentUrl\":\"http:\/\/www.dental-matkovic.com\/wp-content\/uploads\/2015\/07\/endodoncija1.jpg\",\"width\":500,\"height\":194},{\"@type\":\"WebPage\",\"@id\":\"http:\/\/www.dental-matkovic.com\/endodoncija\",\"url\":\"http:\/\/www.dental-matkovic.com\/endodoncija\",\"name\":\"[:hr]Endodoncija[:en]Endodontics[:de]Endodontie[:it]Endodonzia[:] - Dental Matkovic\",\"isPartOf\":{\"@id\":\"https:\/\/www.dental-matkovic.com\/#website\"},\"primaryImageOfPage\":{\"@id\":\"http:\/\/www.dental-matkovic.com\/endodoncija#primaryimage\"},\"datePublished\":\"2015-07-05T20:09:00+00:00\",\"dateModified\":\"2016-04-15T14:12:32+00:00\",\"description\":\"Terapija korijenskog kanala je naj\u010de\u0161\u0107i postupak kojim se bavi endodoncija.\",\"breadcrumb\":{\"@id\":\"http:\/\/www.dental-matkovic.com\/endodoncija#breadcrumb\"},\"inLanguage\":\"en-US\",\"potentialAction\":[{\"@type\":\"ReadAction\",\"target\":[\"http:\/\/www.dental-matkovic.com\/endodoncija\"]}]},{\"@type\":\"BreadcrumbList\",\"@id\":\"http:\/\/www.dental-matkovic.com\/endodoncija#breadcrumb\",\"itemListElement\":[{\"@type\":\"ListItem\",\"position\":1,\"name\":\"Home\",\"item\":\"https:\/\/www.dental-matkovic.com\/\"},{\"@type\":\"ListItem\",\"position\":2,\"name\":\"Endodoncija\"}]}]}<\/script>\n<!-- \/ Yoast SEO plugin. -->","yoast_head_json":{"title":"[:hr]Endodoncija[:en]Endodontics[:de]Endodontie[:it]Endodonzia[:] - Dental Matkovic","description":"Terapija korijenskog kanala je naj\u010de\u0161\u0107i postupak kojim se bavi endodoncija.","robots":{"index":"index","follow":"follow","max-snippet":"max-snippet:-1","max-image-preview":"max-image-preview:large","max-video-preview":"max-video-preview:-1"},"canonical":"http:\/\/www.dental-matkovic.com\/endodoncija","og_locale":"en_US","og_type":"article","og_title":"[:hr]Endodoncija[:en]Endodontics[:de]Endodontie[:it]Endodonzia[:] - Dental Matkovic","og_description":"Terapija korijenskog kanala je naj\u010de\u0161\u0107i postupak kojim se bavi endodoncija.","og_url":"http:\/\/www.dental-matkovic.com\/endodoncija","og_site_name":"Dental Matkovic","article_publisher":"https:\/\/www.facebook.com\/pages\/Dental-implant-Matkovi%c4%87\/832171276837924","article_modified_time":"2016-04-15T14:12:32+00:00","og_image":[{"url":"http:\/\/www.dental-matkovic.com\/wp-content\/uploads\/2015\/07\/endodoncija1.jpg"}],"twitter_card":"summary","twitter_misc":{"Est. reading time":"3 minutes"},"schema":{"@context":"https:\/\/schema.org","@graph":[{"@type":"WebSite","@id":"https:\/\/www.dental-matkovic.com\/#website","url":"https:\/\/www.dental-matkovic.com\/","name":"Dental Matkovic","description":"Dental office Dental Matkovi\u0107, Ba\u0161ka Voda","potentialAction":[{"@type":"SearchAction","target":{"@type":"EntryPoint","urlTemplate":"https:\/\/www.dental-matkovic.com\/?s={search_term_string}"},"query-input":"required name=search_term_string"}],"inLanguage":"en-US"},{"@type":"ImageObject","inLanguage":"en-US","@id":"http:\/\/www.dental-matkovic.com\/endodoncija#primaryimage","url":"http:\/\/www.dental-matkovic.com\/wp-content\/uploads\/2015\/07\/endodoncija1.jpg","contentUrl":"http:\/\/www.dental-matkovic.com\/wp-content\/uploads\/2015\/07\/endodoncija1.jpg","width":500,"height":194},{"@type":"WebPage","@id":"http:\/\/www.dental-matkovic.com\/endodoncija","url":"http:\/\/www.dental-matkovic.com\/endodoncija","name":"[:hr]Endodoncija[:en]Endodontics[:de]Endodontie[:it]Endodonzia[:] - Dental Matkovic","isPartOf":{"@id":"https:\/\/www.dental-matkovic.com\/#website"},"primaryImageOfPage":{"@id":"http:\/\/www.dental-matkovic.com\/endodoncija#primaryimage"},"datePublished":"2015-07-05T20:09:00+00:00","dateModified":"2016-04-15T14:12:32+00:00","description":"Terapija korijenskog kanala je naj\u010de\u0161\u0107i postupak kojim se bavi endodoncija.","breadcrumb":{"@id":"http:\/\/www.dental-matkovic.com\/endodoncija#breadcrumb"},"inLanguage":"en-US","potentialAction":[{"@type":"ReadAction","target":["http:\/\/www.dental-matkovic.com\/endodoncija"]}]},{"@type":"BreadcrumbList","@id":"http:\/\/www.dental-matkovic.com\/endodoncija#breadcrumb","itemListElement":[{"@type":"ListItem","position":1,"name":"Home","item":"https:\/\/www.dental-matkovic.com\/"},{"@type":"ListItem","position":2,"name":"Endodoncija"}]}]}},"_links":{"self":[{"href":"http:\/\/www.dental-matkovic.com\/en\/wp-json\/wp\/v2\/pages\/817"}],"collection":[{"href":"http:\/\/www.dental-matkovic.com\/en\/wp-json\/wp\/v2\/pages"}],"about":[{"href":"http:\/\/www.dental-matkovic.com\/en\/wp-json\/wp\/v2\/types\/page"}],"author":[{"embeddable":true,"href":"http:\/\/www.dental-matkovic.com\/en\/wp-json\/wp\/v2\/users\/1"}],"replies":[{"embeddable":true,"href":"http:\/\/www.dental-matkovic.com\/en\/wp-json\/wp\/v2\/comments?post=817"}],"version-history":[{"count":0,"href":"http:\/\/www.dental-matkovic.com\/en\/wp-json\/wp\/v2\/pages\/817\/revisions"}],"wp:attachment":[{"href":"http:\/\/www.dental-matkovic.com\/en\/wp-json\/wp\/v2\/media?parent=817"}],"curies":[{"name":"wp","href":"https:\/\/api.w.org\/{rel}","templated":true}]}}