{"id":2,"date":"2015-04-19T10:45:19","date_gmt":"2015-04-19T10:45:19","guid":{"rendered":"http:\/\/www.dental-matkovic.com\/\/?page_id=2"},"modified":"2021-07-26T14:49:57","modified_gmt":"2021-07-26T14:49:57","slug":"upoznajte-nas","status":"publish","type":"page","link":"http:\/\/www.dental-matkovic.com\/it\/upoznajte-nas","title":{"rendered":"De noi"},"content":{"rendered":"Lo studio di medicina dentale Matkovic e' uno studio stomatologico privato in funzione dal 2003.<\/p>\n<p>Lo studio stomatologico dall'apertura ad oggi crea una relazione di qualita' con i pazienti. L'esperienza di tanti anni nel lavoro sia clinico che scientifico vi garantisce un alto livello delle prestazioni stomatologiche con un approccio individualizzato al singolo paziente.<\/p>\n<p>Ogni membro del nostro team si aggiorna partecipando a congressi internazionali,investendo nella formazione e nella conoscenza delle nuove tecniche e materiali, tutto questo con l'obiettivo di risolvere anche le situazioni piu' complesse a livello riabilitativo.<\/p>\n<div class=\"row-fluid \">\n<div class=\"span4 \"><p><img loading=\"lazy\" class=\"alignnone wp-image-209\" src=\"http:\/\/www.dental-matkovic.com\/\/wp-content\/uploads\/2015\/04\/josip1-278x300.jpg\" srcset=\"http:\/\/www.dental-matkovic.com\/\/wp-content\/uploads\/2015\/04\/josip1-278x300.jpg 278w, http:\/\/www.dental-matkovic.com\/\/wp-content\/uploads\/2015\/04\/josip1.jpg 666w\" alt=\"josip1\" width=\"220\" height=\"238\" sizes=\"(max-width: 278px) 100vw, 278px\" \/><\/p><\/div>\n<div class=\"span8 \"><h2>Josip Matkovi\u0107<\/h2>\n<p>Univ. mag. dent. med.<\/p>\n<p>e-mail: josip.matkovic@zg.t-com.hr<\/p><\/div>\n<\/div> <!-- .row-fluid (end) -->\n<div class=\"hr\"><\/div><!-- .hr (end) -->\n<div class=\"row-fluid \">\n<div class=\"span4 \"><p><img loading=\"lazy\" class=\"alignnone wp-image-212\" src=\"http:\/\/www.dental-matkovic.com\/\/wp-content\/uploads\/2015\/04\/suzana2.jpg\" srcset=\"http:\/\/www.dental-matkovic.com\/\/wp-content\/uploads\/2015\/04\/suzana2.jpg 260w\" alt=\"suzana2\" width=\"220\" height=\"236\" sizes=\"(max-width: 260px) 100vw, 260px\" \/><\/p><\/div>\n<div class=\"span8 \"><h2><div class=\"title-box clearfix \"><h2 class=\"title-box_primary\">Suzana Matkovi\u0107<\/h2><\/div><!-- \/\/.title-box --><\/h2>\n<p>Dr. med. dent.<\/p><\/div>\n<\/div> <!-- .row-fluid (end) -->\n<div class=\"hr\"><\/div><!-- .hr (end) -->\n<div class=\"row-fluid \">\n<div class=\"span4 \"><p><img loading=\"lazy\" class=\"alignnone wp-image-878\" src=\"http:\/\/www.dental-matkovic.com\/\/wp-content\/uploads\/2015\/04\/branka-246x300.jpg\" srcset=\"http:\/\/www.dental-matkovic.com\/\/wp-content\/uploads\/2015\/04\/branka-246x300.jpg 246w, http:\/\/www.dental-matkovic.com\/\/wp-content\/uploads\/2015\/04\/branka.jpg 350w\" alt=\"branka\" width=\"220\" height=\"268\" sizes=\"(max-width: 246px) 100vw, 246px\" \/><\/p><\/div>\n<div class=\"span8 \"><h2><div class=\"title-box clearfix \"><h2 class=\"title-box_primary\">Branka Filipovi\u0107<\/h2><\/div><!-- \/\/.title-box --><\/h2>\n<p>Ausiliaria<\/p><\/div>\n<\/div> <!-- .row-fluid (end) -->\n<p>Offre per la cura dei vostri denti servizi completi seguendo la stomatologia moderna assicurando ai pazienti un sorriso sano e smagliante.","protected":false},"excerpt":{"rendered":"<p>Lo studio di medicina dentale Matkovic e' uno studio stomatologico privato in funzione dal 2003. Lo studio stomatologico dall'apertura ad oggi crea una relazione di qualita' con i pazienti. L'esperienza di tanti anni nel lavoro sia clinico che scientifico vi garantisce un alto livello delle prestazioni stomatologiche con un approccio individualizzato al singolo paziente. Ogni membro del nostro team si&nbsp;<a href=\"http:\/\/www.dental-matkovic.com\/it\/upoznajte-nas\" class=\"read-more\">Continue Reading<\/a><\/p>\n","protected":false},"author":1,"featured_media":0,"parent":0,"menu_order":0,"comment_status":"open","ping_status":"open","template":"","meta":[],"acf":[],"yoast_head":"<!-- This site is optimized with the Yoast SEO plugin v19.3 - https:\/\/yoast.com\/wordpress\/plugins\/seo\/ -->\n<title>De noi - Dental Matkovic<\/title>\n<meta name=\"robots\" content=\"index, follow, max-snippet:-1, max-image-preview:large, max-video-preview:-1\" \/>\n<link rel=\"canonical\" href=\"https:\/\/www.dental-matkovic.com\/en\/upoznajte-nas\" \/>\n<meta property=\"og:locale\" content=\"it_IT\" \/>\n<meta property=\"og:type\" content=\"article\" \/>\n<meta property=\"og:title\" content=\"[:hr]Upoznajte nas[:en]About us[:de]Uber uns[:it]De noi[:] - Dental Matkovic\" \/>\n<meta property=\"og:description\" content=\"Lo studio di medicina dentale Matkovic e&#039; uno studio stomatologico privato in funzione dal 2003. Lo studio stomatologico dall&#039;apertura ad oggi crea una relazione di qualita&#039; con i pazienti. L&#039;esperienza di tanti anni nel lavoro sia clinico che scientifico vi garantisce un alto livello delle prestazioni stomatologiche con un approccio individualizzato al singolo paziente. Ogni membro del nostro team si&nbsp;Continue Reading\" \/>\n<meta property=\"og:url\" content=\"https:\/\/www.dental-matkovic.com\/en\/upoznajte-nas\" \/>\n<meta property=\"og:site_name\" content=\"Dental Matkovic\" \/>\n<meta property=\"article:publisher\" content=\"https:\/\/www.facebook.com\/pages\/Dental-implant-Matkovi%c4%87\/832171276837924\" \/>\n<meta property=\"article:modified_time\" content=\"2021-07-26T14:49:57+00:00\" \/>\n<meta property=\"og:image\" content=\"http:\/\/www.dental-matkovic.com\/wp-content\/uploads\/2019\/07\/josipi_bio-300x284.jpg\" \/>\n<meta name=\"twitter:card\" content=\"summary\" \/>\n<meta name=\"twitter:label1\" content=\"Tempo di lettura stimato\" \/>\n\t<meta name=\"twitter:data1\" content=\"5 minuti\" \/>\n<script type=\"application\/ld+json\" class=\"yoast-schema-graph\">{\"@context\":\"https:\/\/schema.org\",\"@graph\":[{\"@type\":\"WebSite\",\"@id\":\"https:\/\/www.dental-matkovic.com\/#website\",\"url\":\"https:\/\/www.dental-matkovic.com\/\",\"name\":\"Dental Matkovic\",\"description\":\"(Hrvatski) Stomatolo\u0161ka ordinacija Dental Matkovi\u0107, Ba\u0161ka Voda\",\"potentialAction\":[{\"@type\":\"SearchAction\",\"target\":{\"@type\":\"EntryPoint\",\"urlTemplate\":\"https:\/\/www.dental-matkovic.com\/?s={search_term_string}\"},\"query-input\":\"required name=search_term_string\"}],\"inLanguage\":\"it-IT\"},{\"@type\":\"ImageObject\",\"inLanguage\":\"it-IT\",\"@id\":\"https:\/\/www.dental-matkovic.com\/en\/upoznajte-nas#primaryimage\",\"url\":\"http:\/\/www.dental-matkovic.com\/wp-content\/uploads\/2019\/07\/josipi_bio.jpg\",\"contentUrl\":\"http:\/\/www.dental-matkovic.com\/wp-content\/uploads\/2019\/07\/josipi_bio.jpg\",\"width\":666,\"height\":630},{\"@type\":\"WebPage\",\"@id\":\"https:\/\/www.dental-matkovic.com\/en\/upoznajte-nas\",\"url\":\"https:\/\/www.dental-matkovic.com\/en\/upoznajte-nas\",\"name\":\"[:hr]Upoznajte nas[:en]About us[:de]Uber uns[:it]De noi[:] - Dental Matkovic\",\"isPartOf\":{\"@id\":\"https:\/\/www.dental-matkovic.com\/#website\"},\"primaryImageOfPage\":{\"@id\":\"https:\/\/www.dental-matkovic.com\/en\/upoznajte-nas#primaryimage\"},\"datePublished\":\"2015-04-19T10:45:19+00:00\",\"dateModified\":\"2021-07-26T14:49:57+00:00\",\"breadcrumb\":{\"@id\":\"https:\/\/www.dental-matkovic.com\/en\/upoznajte-nas#breadcrumb\"},\"inLanguage\":\"it-IT\",\"potentialAction\":[{\"@type\":\"ReadAction\",\"target\":[\"https:\/\/www.dental-matkovic.com\/en\/upoznajte-nas\"]}]},{\"@type\":\"BreadcrumbList\",\"@id\":\"https:\/\/www.dental-matkovic.com\/en\/upoznajte-nas#breadcrumb\",\"itemListElement\":[{\"@type\":\"ListItem\",\"position\":1,\"name\":\"Home\",\"item\":\"https:\/\/www.dental-matkovic.com\/\"},{\"@type\":\"ListItem\",\"position\":2,\"name\":\"About us\"}]}]}<\/script>\n<!-- \/ Yoast SEO plugin. -->","yoast_head_json":{"title":"[:hr]Upoznajte nas[:en]About us[:de]Uber uns[:it]De noi[:] - Dental Matkovic","robots":{"index":"index","follow":"follow","max-snippet":"max-snippet:-1","max-image-preview":"max-image-preview:large","max-video-preview":"max-video-preview:-1"},"canonical":"https:\/\/www.dental-matkovic.com\/en\/upoznajte-nas","og_locale":"it_IT","og_type":"article","og_title":"[:hr]Upoznajte nas[:en]About us[:de]Uber uns[:it]De noi[:] - Dental Matkovic","og_description":"Lo studio di medicina dentale Matkovic e' uno studio stomatologico privato in funzione dal 2003. Lo studio stomatologico dall'apertura ad oggi crea una relazione di qualita' con i pazienti. L'esperienza di tanti anni nel lavoro sia clinico che scientifico vi garantisce un alto livello delle prestazioni stomatologiche con un approccio individualizzato al singolo paziente. Ogni membro del nostro team si&nbsp;Continue Reading","og_url":"https:\/\/www.dental-matkovic.com\/en\/upoznajte-nas","og_site_name":"Dental Matkovic","article_publisher":"https:\/\/www.facebook.com\/pages\/Dental-implant-Matkovi%c4%87\/832171276837924","article_modified_time":"2021-07-26T14:49:57+00:00","og_image":[{"url":"http:\/\/www.dental-matkovic.com\/wp-content\/uploads\/2019\/07\/josipi_bio-300x284.jpg"}],"twitter_card":"summary","twitter_misc":{"Tempo di lettura stimato":"5 minuti"},"schema":{"@context":"https:\/\/schema.org","@graph":[{"@type":"WebSite","@id":"https:\/\/www.dental-matkovic.com\/#website","url":"https:\/\/www.dental-matkovic.com\/","name":"Dental Matkovic","description":"(Hrvatski) Stomatolo\u0161ka ordinacija Dental Matkovi\u0107, Ba\u0161ka Voda","potentialAction":[{"@type":"SearchAction","target":{"@type":"EntryPoint","urlTemplate":"https:\/\/www.dental-matkovic.com\/?s={search_term_string}"},"query-input":"required name=search_term_string"}],"inLanguage":"it-IT"},{"@type":"ImageObject","inLanguage":"it-IT","@id":"https:\/\/www.dental-matkovic.com\/en\/upoznajte-nas#primaryimage","url":"http:\/\/www.dental-matkovic.com\/wp-content\/uploads\/2019\/07\/josipi_bio.jpg","contentUrl":"http:\/\/www.dental-matkovic.com\/wp-content\/uploads\/2019\/07\/josipi_bio.jpg","width":666,"height":630},{"@type":"WebPage","@id":"https:\/\/www.dental-matkovic.com\/en\/upoznajte-nas","url":"https:\/\/www.dental-matkovic.com\/en\/upoznajte-nas","name":"[:hr]Upoznajte nas[:en]About us[:de]Uber uns[:it]De noi[:] - Dental Matkovic","isPartOf":{"@id":"https:\/\/www.dental-matkovic.com\/#website"},"primaryImageOfPage":{"@id":"https:\/\/www.dental-matkovic.com\/en\/upoznajte-nas#primaryimage"},"datePublished":"2015-04-19T10:45:19+00:00","dateModified":"2021-07-26T14:49:57+00:00","breadcrumb":{"@id":"https:\/\/www.dental-matkovic.com\/en\/upoznajte-nas#breadcrumb"},"inLanguage":"it-IT","potentialAction":[{"@type":"ReadAction","target":["https:\/\/www.dental-matkovic.com\/en\/upoznajte-nas"]}]},{"@type":"BreadcrumbList","@id":"https:\/\/www.dental-matkovic.com\/en\/upoznajte-nas#breadcrumb","itemListElement":[{"@type":"ListItem","position":1,"name":"Home","item":"https:\/\/www.dental-matkovic.com\/"},{"@type":"ListItem","position":2,"name":"About us"}]}]}},"_links":{"self":[{"href":"http:\/\/www.dental-matkovic.com\/it\/wp-json\/wp\/v2\/pages\/2"}],"collection":[{"href":"http:\/\/www.dental-matkovic.com\/it\/wp-json\/wp\/v2\/pages"}],"about":[{"href":"http:\/\/www.dental-matkovic.com\/it\/wp-json\/wp\/v2\/types\/page"}],"author":[{"embeddable":true,"href":"http:\/\/www.dental-matkovic.com\/it\/wp-json\/wp\/v2\/users\/1"}],"replies":[{"embeddable":true,"href":"http:\/\/www.dental-matkovic.com\/it\/wp-json\/wp\/v2\/comments?post=2"}],"version-history":[{"count":0,"href":"http:\/\/www.dental-matkovic.com\/it\/wp-json\/wp\/v2\/pages\/2\/revisions"}],"wp:attachment":[{"href":"http:\/\/www.dental-matkovic.com\/it\/wp-json\/wp\/v2\/media?parent=2"}],"curies":[{"name":"wp","href":"https:\/\/api.w.org\/{rel}","templated":true}]}}