{"id":273,"date":"2015-06-14T16:00:42","date_gmt":"2015-06-14T16:00:42","guid":{"rendered":"http:\/\/www.dental-matkovic.com\/\/?page_id=273"},"modified":"2015-06-22T14:12:50","modified_gmt":"2015-06-22T14:12:50","slug":"nacini-dijagnosticiranja","status":"publish","type":"page","link":"http:\/\/www.dental-matkovic.com\/it\/nacini-dijagnosticiranja","title":{"rendered":"Metodi diagnostici"},"content":{"rendered":"<h3><strong>Esame dei denti e della mucosa orale<\/strong><\/h3>\n<p><img loading=\"lazy\" class=\"alignright wp-image-328\" src=\"http:\/\/www.dental-matkovic.com\/\/wp-content\/uploads\/2015\/06\/Examination-300x206.jpg\" srcset=\"http:\/\/www.dental-matkovic.com\/\/wp-content\/uploads\/2015\/06\/Examination-300x206.jpg 300w, http:\/\/www.dental-matkovic.com\/\/wp-content\/uploads\/2015\/06\/Examination.jpg 470w\" alt=\"Examination\" width=\"325\" height=\"223\" sizes=\"(max-width: 300px) 100vw, 300px\" \/>L'esame dei denti, con l'aiuto dello specchietto dentale e della sonda, \u00e8 principale e il pi\u00f9 importante metodo diagnostico. Ogni dente ha quattro o cinque superfici e per questa ragione si deve prendere del tempo per esaminarlo dettagliattamente perch\u00e9 la carie non \u00e8 sempre visibile come un piccolo buco o una macchia marrone sul dente. Qualche volta le prime macchie\u00a0sono di colore bianco o grigiastro. \u00c8 di estrema importanza prestare pi\u00f9 attenzione alle parti interdentali (il punto di contatto di due denti), e dove la carie resta nascosta.<br \/>\nTutte le parti per le quali non siamo sicuri se sono sane o no, devono essere indicate nello stato dentale della scheda anamnestica. Quando si pu\u00f2 trattare di carie, si ricorre alla radiografia per essere in grado di stabilire con sicurezza la diagnosi corretta. Il paziente dovr\u00e0 venire a fare una visita di controllo.<\/p>\n<p>Un odontoiatra ha l'obbligazione di esaminare tutta la cavit\u00e0 orale e non solo i denti. Se la mucosa \u00e8 esaminata con cura, \u00e8 possibile identificare eventuali malattie e condozioni precancerose e cancerose, e in questo modo salvare la vita del paziente.<\/p>\n<h3><strong>ESAME DELLE GENGIVE E DEL PARODONTO \u2013 ESAME PARODONTALE<\/strong><\/h3>\n<p><img loading=\"lazy\" class=\" size-medium wp-image-337 alignleft\" src=\"http:\/\/www.dental-matkovic.com\/\/wp-content\/uploads\/2015\/06\/diagnosis-gums-300x200.jpg\" srcset=\"http:\/\/www.dental-matkovic.com\/\/wp-content\/uploads\/2015\/06\/diagnosis-gums-300x200.jpg 300w, http:\/\/www.dental-matkovic.com\/\/wp-content\/uploads\/2015\/06\/diagnosis-gums.jpg 400w\" alt=\"diagnosis-gums\" width=\"300\" height=\"200\" sizes=\"(max-width: 300px) 100vw, 300px\" \/>Insieme ai denti \u00e8 necessario esaminare le gengive ed eventuale esistenza delle tasche parodontali. Se si determina che il paziente ha i problemi parodontali, bisogna misurare la profondit\u00e0 delle tasche parodontali per essere in grado di valutare il grado del successo. Con la stessa attenzione bisogna esaminare la mucosa orale per identificare i cambiamenti in tempo (stato pre-tumorale e tumorale) il che potrebbe salvare la vita.<\/p>\n<h3><\/h3>\n<h3><\/h3>\n<h3><\/h3>\n<h3><strong>DIAGNOSTICAMENTO DEL PROBLEMA DELLA MANUTENZIONE DELL'IGIENE ORALE<\/strong><\/h3>\n<p>Nel caso in cui il paziente non mantiene l'igiene orale in modo corretto, bisogna dirglielo senza esitazione. \u00c8 l'obbligo di un odontoiatra e un bravo odontoiatra glielo sempre indicher\u00e0. Anzi, lui prester\u00e0 attenzione a ogni paziente insegnandogli l'uso dello spazzolino giusto e il modo giusto del lavare i denti. La cura per l'igiene del paziente risulter\u00e0 nella buona salute orale del paziente e nella sua enorme gratitudine.<br \/>\nCi sono dei rivelatori speciali di placca tramite dei quali si pu\u00f2 identificare il placca sui denti. Con il rivestimento con i rivelatori di placca, il placca resta colorato e visibile. Con la spazzolatura la colorazione scompare e in questo modo il paziente impara quanto tempo ci vuole per rimuovere completamente la placca.","protected":false},"excerpt":{"rendered":"<p>Esame dei denti e della mucosa orale L'esame dei denti, con l'aiuto dello specchietto dentale e della sonda, \u00e8 principale e il pi\u00f9 importante metodo diagnostico. Ogni dente ha quattro o cinque superfici e per questa ragione si deve prendere del tempo per esaminarlo dettagliattamente perch\u00e9 la carie non \u00e8 sempre visibile come un piccolo buco o una macchia marrone&nbsp;<a href=\"http:\/\/www.dental-matkovic.com\/it\/nacini-dijagnosticiranja\" class=\"read-more\">Continue Reading<\/a><\/p>\n","protected":false},"author":1,"featured_media":0,"parent":0,"menu_order":0,"comment_status":"open","ping_status":"open","template":"","meta":[],"acf":[],"yoast_head":"<!-- This site is optimized with the Yoast SEO plugin v19.3 - https:\/\/yoast.com\/wordpress\/plugins\/seo\/ -->\n<title>Metodi diagnostici - Dental Matkovic<\/title>\n<meta name=\"robots\" content=\"index, follow, max-snippet:-1, max-image-preview:large, max-video-preview:-1\" \/>\n<link rel=\"canonical\" href=\"http:\/\/www.dental-matkovic.com\/en\/nacini-dijagnosticiranja\" \/>\n<meta property=\"og:locale\" content=\"it_IT\" \/>\n<meta property=\"og:type\" content=\"article\" \/>\n<meta property=\"og:title\" content=\"[:hr]Na\u010dini dijagnosticiranja[:en]Diagnostic techniques[:de]Diagnostische verfahren[:it]Metodi diagnostici[:] - Dental Matkovic\" \/>\n<meta property=\"og:description\" content=\"Esame dei denti e della mucosa orale L&#039;esame dei denti, con l&#039;aiuto dello specchietto dentale e della sonda, \u00e8 principale e il pi\u00f9 importante metodo diagnostico. Ogni dente ha quattro o cinque superfici e per questa ragione si deve prendere del tempo per esaminarlo dettagliattamente perch\u00e9 la carie non \u00e8 sempre visibile come un piccolo buco o una macchia marrone&nbsp;Continue Reading\" \/>\n<meta property=\"og:url\" content=\"http:\/\/www.dental-matkovic.com\/en\/nacini-dijagnosticiranja\" \/>\n<meta property=\"og:site_name\" content=\"Dental Matkovic\" \/>\n<meta property=\"article:publisher\" content=\"https:\/\/www.facebook.com\/pages\/Dental-implant-Matkovi%c4%87\/832171276837924\" \/>\n<meta property=\"article:modified_time\" content=\"2015-06-22T14:12:50+00:00\" \/>\n<meta property=\"og:image\" content=\"http:\/\/www.dental-matkovic.com\/\/wp-content\/uploads\/2015\/06\/Examination-300x206.jpg\" \/>\n<meta name=\"twitter:card\" content=\"summary\" \/>\n<meta name=\"twitter:label1\" content=\"Tempo di lettura stimato\" \/>\n\t<meta name=\"twitter:data1\" content=\"8 minuti\" \/>\n<script type=\"application\/ld+json\" class=\"yoast-schema-graph\">{\"@context\":\"https:\/\/schema.org\",\"@graph\":[{\"@type\":\"WebSite\",\"@id\":\"http:\/\/www.dental-matkovic.com\/en\/#website\",\"url\":\"http:\/\/www.dental-matkovic.com\/en\/\",\"name\":\"Dental Matkovic\",\"description\":\"(Hrvatski) Stomatolo\u0161ka ordinacija Dental Matkovi\u0107, Ba\u0161ka Voda\",\"potentialAction\":[{\"@type\":\"SearchAction\",\"target\":{\"@type\":\"EntryPoint\",\"urlTemplate\":\"http:\/\/www.dental-matkovic.com\/en\/?s={search_term_string}\"},\"query-input\":\"required name=search_term_string\"}],\"inLanguage\":\"it-IT\"},{\"@type\":\"ImageObject\",\"inLanguage\":\"it-IT\",\"@id\":\"http:\/\/www.dental-matkovic.com\/en\/nacini-dijagnosticiranja#primaryimage\",\"url\":\"http:\/\/www.dental-matkovic.com\/\/wp-content\/uploads\/2015\/06\/Examination-300x206.jpg\",\"contentUrl\":\"http:\/\/www.dental-matkovic.com\/\/wp-content\/uploads\/2015\/06\/Examination-300x206.jpg\"},{\"@type\":\"WebPage\",\"@id\":\"http:\/\/www.dental-matkovic.com\/en\/nacini-dijagnosticiranja\",\"url\":\"http:\/\/www.dental-matkovic.com\/en\/nacini-dijagnosticiranja\",\"name\":\"[:hr]Na\u010dini dijagnosticiranja[:en]Diagnostic techniques[:de]Diagnostische verfahren[:it]Metodi diagnostici[:] - Dental Matkovic\",\"isPartOf\":{\"@id\":\"http:\/\/www.dental-matkovic.com\/en\/#website\"},\"primaryImageOfPage\":{\"@id\":\"http:\/\/www.dental-matkovic.com\/en\/nacini-dijagnosticiranja#primaryimage\"},\"datePublished\":\"2015-06-14T16:00:42+00:00\",\"dateModified\":\"2015-06-22T14:12:50+00:00\",\"breadcrumb\":{\"@id\":\"http:\/\/www.dental-matkovic.com\/en\/nacini-dijagnosticiranja#breadcrumb\"},\"inLanguage\":\"it-IT\",\"potentialAction\":[{\"@type\":\"ReadAction\",\"target\":[\"http:\/\/www.dental-matkovic.com\/en\/nacini-dijagnosticiranja\"]}]},{\"@type\":\"BreadcrumbList\",\"@id\":\"http:\/\/www.dental-matkovic.com\/en\/nacini-dijagnosticiranja#breadcrumb\",\"itemListElement\":[{\"@type\":\"ListItem\",\"position\":1,\"name\":\"Home\",\"item\":\"http:\/\/www.dental-matkovic.com\/en\/\"},{\"@type\":\"ListItem\",\"position\":2,\"name\":\"Diagnostic techniques\"}]}]}<\/script>\n<!-- \/ Yoast SEO plugin. -->","yoast_head_json":{"title":"[:hr]Na\u010dini dijagnosticiranja[:en]Diagnostic techniques[:de]Diagnostische verfahren[:it]Metodi diagnostici[:] - Dental Matkovic","robots":{"index":"index","follow":"follow","max-snippet":"max-snippet:-1","max-image-preview":"max-image-preview:large","max-video-preview":"max-video-preview:-1"},"canonical":"http:\/\/www.dental-matkovic.com\/en\/nacini-dijagnosticiranja","og_locale":"it_IT","og_type":"article","og_title":"[:hr]Na\u010dini dijagnosticiranja[:en]Diagnostic techniques[:de]Diagnostische verfahren[:it]Metodi diagnostici[:] - Dental Matkovic","og_description":"Esame dei denti e della mucosa orale L'esame dei denti, con l'aiuto dello specchietto dentale e della sonda, \u00e8 principale e il pi\u00f9 importante metodo diagnostico. Ogni dente ha quattro o cinque superfici e per questa ragione si deve prendere del tempo per esaminarlo dettagliattamente perch\u00e9 la carie non \u00e8 sempre visibile come un piccolo buco o una macchia marrone&nbsp;Continue Reading","og_url":"http:\/\/www.dental-matkovic.com\/en\/nacini-dijagnosticiranja","og_site_name":"Dental Matkovic","article_publisher":"https:\/\/www.facebook.com\/pages\/Dental-implant-Matkovi%c4%87\/832171276837924","article_modified_time":"2015-06-22T14:12:50+00:00","og_image":[{"url":"http:\/\/www.dental-matkovic.com\/\/wp-content\/uploads\/2015\/06\/Examination-300x206.jpg"}],"twitter_card":"summary","twitter_misc":{"Tempo di lettura stimato":"8 minuti"},"schema":{"@context":"https:\/\/schema.org","@graph":[{"@type":"WebSite","@id":"http:\/\/www.dental-matkovic.com\/en\/#website","url":"http:\/\/www.dental-matkovic.com\/en\/","name":"Dental Matkovic","description":"(Hrvatski) Stomatolo\u0161ka ordinacija Dental Matkovi\u0107, Ba\u0161ka Voda","potentialAction":[{"@type":"SearchAction","target":{"@type":"EntryPoint","urlTemplate":"http:\/\/www.dental-matkovic.com\/en\/?s={search_term_string}"},"query-input":"required name=search_term_string"}],"inLanguage":"it-IT"},{"@type":"ImageObject","inLanguage":"it-IT","@id":"http:\/\/www.dental-matkovic.com\/en\/nacini-dijagnosticiranja#primaryimage","url":"http:\/\/www.dental-matkovic.com\/\/wp-content\/uploads\/2015\/06\/Examination-300x206.jpg","contentUrl":"http:\/\/www.dental-matkovic.com\/\/wp-content\/uploads\/2015\/06\/Examination-300x206.jpg"},{"@type":"WebPage","@id":"http:\/\/www.dental-matkovic.com\/en\/nacini-dijagnosticiranja","url":"http:\/\/www.dental-matkovic.com\/en\/nacini-dijagnosticiranja","name":"[:hr]Na\u010dini dijagnosticiranja[:en]Diagnostic techniques[:de]Diagnostische verfahren[:it]Metodi diagnostici[:] - Dental Matkovic","isPartOf":{"@id":"http:\/\/www.dental-matkovic.com\/en\/#website"},"primaryImageOfPage":{"@id":"http:\/\/www.dental-matkovic.com\/en\/nacini-dijagnosticiranja#primaryimage"},"datePublished":"2015-06-14T16:00:42+00:00","dateModified":"2015-06-22T14:12:50+00:00","breadcrumb":{"@id":"http:\/\/www.dental-matkovic.com\/en\/nacini-dijagnosticiranja#breadcrumb"},"inLanguage":"it-IT","potentialAction":[{"@type":"ReadAction","target":["http:\/\/www.dental-matkovic.com\/en\/nacini-dijagnosticiranja"]}]},{"@type":"BreadcrumbList","@id":"http:\/\/www.dental-matkovic.com\/en\/nacini-dijagnosticiranja#breadcrumb","itemListElement":[{"@type":"ListItem","position":1,"name":"Home","item":"http:\/\/www.dental-matkovic.com\/en\/"},{"@type":"ListItem","position":2,"name":"Diagnostic techniques"}]}]}},"_links":{"self":[{"href":"http:\/\/www.dental-matkovic.com\/it\/wp-json\/wp\/v2\/pages\/273"}],"collection":[{"href":"http:\/\/www.dental-matkovic.com\/it\/wp-json\/wp\/v2\/pages"}],"about":[{"href":"http:\/\/www.dental-matkovic.com\/it\/wp-json\/wp\/v2\/types\/page"}],"author":[{"embeddable":true,"href":"http:\/\/www.dental-matkovic.com\/it\/wp-json\/wp\/v2\/users\/1"}],"replies":[{"embeddable":true,"href":"http:\/\/www.dental-matkovic.com\/it\/wp-json\/wp\/v2\/comments?post=273"}],"version-history":[{"count":0,"href":"http:\/\/www.dental-matkovic.com\/it\/wp-json\/wp\/v2\/pages\/273\/revisions"}],"wp:attachment":[{"href":"http:\/\/www.dental-matkovic.com\/it\/wp-json\/wp\/v2\/media?parent=273"}],"curies":[{"name":"wp","href":"https:\/\/api.w.org\/{rel}","templated":true}]}}