{"id":276,"date":"2015-06-14T16:01:27","date_gmt":"2015-06-14T16:01:27","guid":{"rendered":"http:\/\/www.dental-matkovic.com\/\/?page_id=276"},"modified":"2015-07-29T08:55:06","modified_gmt":"2015-07-29T08:55:06","slug":"radioloska-dijagnostika","status":"publish","type":"page","link":"http:\/\/www.dental-matkovic.com\/it\/radioloska-dijagnostika","title":{"rendered":"La diagnostica radiologica"},"content":{"rendered":"Durante l'esame, tra cui i raggi X, prendiamo le foto di tutte le posizioni e segmenti della mascella, denti e sorrisi, e facciamo il cast per creare modelli di laboratorio. Insieme, tutte queste informazioni importanti sono ottenuti da una lunga intervista con il paziente, in cui si apprende che i suoi desideri e le esigenze per quanto riguarda l'aspetto finale.<\/p>\n<p>Dopo aver raccolto i dati ci avviciniamo rendendo piano di trattamento per il paziente e che prendiamo i desideri del paziente circa il layout del lavoro finale, la situazione in bocca, e il tempo che abbiamo a disposizione.<\/p>\n<p>Grazie al nostro eccellente team di professionisti, i pazienti hanno a disposizione assolutamente tutte le procedure esistenti in odontoiatria per ottenere il risultato finale desiderato.<\/p>\n<p>Dopo lo sviluppo del piano di trattamento, anche la parte finanziaria del piano di trattamento vengono trasferiti al paziente e termini sono concordati in base alle opportunit\u00e0 di arrivo del paziente.<\/p>\n<p><img loading=\"lazy\" class=\"alignleft wp-image-645\" src=\"http:\/\/www.dental-matkovic.com\/\/wp-content\/uploads\/2015\/06\/HUG-ANDREAS-1024x853.jpg\" srcset=\"http:\/\/www.dental-matkovic.com\/\/wp-content\/uploads\/2015\/06\/HUG-ANDREAS-300x250.jpg 300w, http:\/\/www.dental-matkovic.com\/\/wp-content\/uploads\/2015\/06\/HUG-ANDREAS-1024x853.jpg 1024w, http:\/\/www.dental-matkovic.com\/\/wp-content\/uploads\/2015\/06\/HUG-ANDREAS.jpg 1152w\" alt=\"HUG ANDREAS\" width=\"349\" height=\"291\" sizes=\"(max-width: 1024px) 100vw, 1024px\" \/><\/p>\n<p><img loading=\"lazy\" class=\"  alignright wp-image-646\" src=\"http:\/\/www.dental-matkovic.com\/\/wp-content\/uploads\/2015\/06\/ortopan-1024x528.jpg\" srcset=\"http:\/\/www.dental-matkovic.com\/\/wp-content\/uploads\/2015\/06\/ortopan-300x155.jpg 300w, http:\/\/www.dental-matkovic.com\/\/wp-content\/uploads\/2015\/06\/ortopan-1024x528.jpg 1024w, http:\/\/www.dental-matkovic.com\/\/wp-content\/uploads\/2015\/06\/ortopan-100x50.jpg 100w, http:\/\/www.dental-matkovic.com\/\/wp-content\/uploads\/2015\/06\/ortopan.jpg 1618w\" alt=\"ortopan\" width=\"350\" height=\"181\" sizes=\"(max-width: 1024px) 100vw, 1024px\" \/>","protected":false},"excerpt":{"rendered":"<p>Durante l'esame, tra cui i raggi X, prendiamo le foto di tutte le posizioni e segmenti della mascella, denti e sorrisi, e facciamo il cast per creare modelli di laboratorio. Insieme, tutte queste informazioni importanti sono ottenuti da una lunga intervista con il paziente, in cui si apprende che i suoi desideri e le esigenze per quanto riguarda l'aspetto finale.&nbsp;<a href=\"http:\/\/www.dental-matkovic.com\/it\/radioloska-dijagnostika\" class=\"read-more\">Continue Reading<\/a><\/p>\n","protected":false},"author":1,"featured_media":0,"parent":0,"menu_order":0,"comment_status":"open","ping_status":"open","template":"","meta":[],"acf":[],"yoast_head":"<!-- This site is optimized with the Yoast SEO plugin v19.3 - https:\/\/yoast.com\/wordpress\/plugins\/seo\/ -->\n<title>La diagnostica radiologica - Dental Matkovic<\/title>\n<meta name=\"robots\" content=\"index, follow, max-snippet:-1, max-image-preview:large, max-video-preview:-1\" \/>\n<link rel=\"canonical\" href=\"http:\/\/www.dental-matkovic.com\/it\/radioloska-dijagnostika\" \/>\n<meta property=\"og:locale\" content=\"it_IT\" \/>\n<meta property=\"og:type\" content=\"article\" \/>\n<meta property=\"og:title\" content=\"[:hr]Radiolo\u0161ka dijagnostika[:en]Diagnostic radiology[:de]R\u00f6ntgendiagnostik[:it]La diagnostica radiologica[:] - Dental Matkovic\" \/>\n<meta property=\"og:description\" content=\"Durante l&#039;esame, tra cui i raggi X, prendiamo le foto di tutte le posizioni e segmenti della mascella, denti e sorrisi, e facciamo il cast per creare modelli di laboratorio. Insieme, tutte queste informazioni importanti sono ottenuti da una lunga intervista con il paziente, in cui si apprende che i suoi desideri e le esigenze per quanto riguarda l&#039;aspetto finale.&nbsp;Continue Reading\" \/>\n<meta property=\"og:url\" content=\"http:\/\/www.dental-matkovic.com\/it\/radioloska-dijagnostika\" \/>\n<meta property=\"og:site_name\" content=\"Dental Matkovic\" \/>\n<meta property=\"article:publisher\" content=\"https:\/\/www.facebook.com\/pages\/Dental-implant-Matkovi%c4%87\/832171276837924\" \/>\n<meta property=\"article:modified_time\" content=\"2015-07-29T08:55:06+00:00\" \/>\n<meta property=\"og:image\" content=\"http:\/\/www.dental-matkovic.com\/\/wp-content\/uploads\/2015\/06\/ortopan-1024x528.jpg\" \/>\n<meta name=\"twitter:card\" content=\"summary\" \/>\n<meta name=\"twitter:label1\" content=\"Tempo di lettura stimato\" \/>\n\t<meta name=\"twitter:data1\" content=\"5 minuti\" \/>\n<script type=\"application\/ld+json\" class=\"yoast-schema-graph\">{\"@context\":\"https:\/\/schema.org\",\"@graph\":[{\"@type\":\"WebSite\",\"@id\":\"http:\/\/www.dental-matkovic.com\/en\/#website\",\"url\":\"http:\/\/www.dental-matkovic.com\/en\/\",\"name\":\"Dental Matkovic\",\"description\":\"(Hrvatski) Stomatolo\u0161ka ordinacija Dental Matkovi\u0107, Ba\u0161ka Voda\",\"potentialAction\":[{\"@type\":\"SearchAction\",\"target\":{\"@type\":\"EntryPoint\",\"urlTemplate\":\"http:\/\/www.dental-matkovic.com\/en\/?s={search_term_string}\"},\"query-input\":\"required name=search_term_string\"}],\"inLanguage\":\"it-IT\"},{\"@type\":\"ImageObject\",\"inLanguage\":\"it-IT\",\"@id\":\"http:\/\/www.dental-matkovic.com\/it\/radioloska-dijagnostika#primaryimage\",\"url\":\"http:\/\/www.dental-matkovic.com\/\/wp-content\/uploads\/2015\/06\/ortopan-1024x528.jpg\",\"contentUrl\":\"http:\/\/www.dental-matkovic.com\/\/wp-content\/uploads\/2015\/06\/ortopan-1024x528.jpg\"},{\"@type\":\"WebPage\",\"@id\":\"http:\/\/www.dental-matkovic.com\/it\/radioloska-dijagnostika\",\"url\":\"http:\/\/www.dental-matkovic.com\/it\/radioloska-dijagnostika\",\"name\":\"[:hr]Radiolo\u0161ka dijagnostika[:en]Diagnostic radiology[:de]R\u00f6ntgendiagnostik[:it]La diagnostica radiologica[:] - Dental Matkovic\",\"isPartOf\":{\"@id\":\"http:\/\/www.dental-matkovic.com\/en\/#website\"},\"primaryImageOfPage\":{\"@id\":\"http:\/\/www.dental-matkovic.com\/it\/radioloska-dijagnostika#primaryimage\"},\"datePublished\":\"2015-06-14T16:01:27+00:00\",\"dateModified\":\"2015-07-29T08:55:06+00:00\",\"breadcrumb\":{\"@id\":\"http:\/\/www.dental-matkovic.com\/it\/radioloska-dijagnostika#breadcrumb\"},\"inLanguage\":\"it-IT\",\"potentialAction\":[{\"@type\":\"ReadAction\",\"target\":[\"http:\/\/www.dental-matkovic.com\/it\/radioloska-dijagnostika\"]}]},{\"@type\":\"BreadcrumbList\",\"@id\":\"http:\/\/www.dental-matkovic.com\/it\/radioloska-dijagnostika#breadcrumb\",\"itemListElement\":[{\"@type\":\"ListItem\",\"position\":1,\"name\":\"Home\",\"item\":\"http:\/\/www.dental-matkovic.com\/en\/\"},{\"@type\":\"ListItem\",\"position\":2,\"name\":\"La diagnostica radiologica\"}]}]}<\/script>\n<!-- \/ Yoast SEO plugin. -->","yoast_head_json":{"title":"[:hr]Radiolo\u0161ka dijagnostika[:en]Diagnostic radiology[:de]R\u00f6ntgendiagnostik[:it]La diagnostica radiologica[:] - Dental Matkovic","robots":{"index":"index","follow":"follow","max-snippet":"max-snippet:-1","max-image-preview":"max-image-preview:large","max-video-preview":"max-video-preview:-1"},"canonical":"http:\/\/www.dental-matkovic.com\/it\/radioloska-dijagnostika","og_locale":"it_IT","og_type":"article","og_title":"[:hr]Radiolo\u0161ka dijagnostika[:en]Diagnostic radiology[:de]R\u00f6ntgendiagnostik[:it]La diagnostica radiologica[:] - Dental Matkovic","og_description":"Durante l'esame, tra cui i raggi X, prendiamo le foto di tutte le posizioni e segmenti della mascella, denti e sorrisi, e facciamo il cast per creare modelli di laboratorio. Insieme, tutte queste informazioni importanti sono ottenuti da una lunga intervista con il paziente, in cui si apprende che i suoi desideri e le esigenze per quanto riguarda l'aspetto finale.&nbsp;Continue Reading","og_url":"http:\/\/www.dental-matkovic.com\/it\/radioloska-dijagnostika","og_site_name":"Dental Matkovic","article_publisher":"https:\/\/www.facebook.com\/pages\/Dental-implant-Matkovi%c4%87\/832171276837924","article_modified_time":"2015-07-29T08:55:06+00:00","og_image":[{"url":"http:\/\/www.dental-matkovic.com\/\/wp-content\/uploads\/2015\/06\/ortopan-1024x528.jpg"}],"twitter_card":"summary","twitter_misc":{"Tempo di lettura stimato":"5 minuti"},"schema":{"@context":"https:\/\/schema.org","@graph":[{"@type":"WebSite","@id":"http:\/\/www.dental-matkovic.com\/en\/#website","url":"http:\/\/www.dental-matkovic.com\/en\/","name":"Dental Matkovic","description":"(Hrvatski) Stomatolo\u0161ka ordinacija Dental Matkovi\u0107, Ba\u0161ka Voda","potentialAction":[{"@type":"SearchAction","target":{"@type":"EntryPoint","urlTemplate":"http:\/\/www.dental-matkovic.com\/en\/?s={search_term_string}"},"query-input":"required name=search_term_string"}],"inLanguage":"it-IT"},{"@type":"ImageObject","inLanguage":"it-IT","@id":"http:\/\/www.dental-matkovic.com\/it\/radioloska-dijagnostika#primaryimage","url":"http:\/\/www.dental-matkovic.com\/\/wp-content\/uploads\/2015\/06\/ortopan-1024x528.jpg","contentUrl":"http:\/\/www.dental-matkovic.com\/\/wp-content\/uploads\/2015\/06\/ortopan-1024x528.jpg"},{"@type":"WebPage","@id":"http:\/\/www.dental-matkovic.com\/it\/radioloska-dijagnostika","url":"http:\/\/www.dental-matkovic.com\/it\/radioloska-dijagnostika","name":"[:hr]Radiolo\u0161ka dijagnostika[:en]Diagnostic radiology[:de]R\u00f6ntgendiagnostik[:it]La diagnostica radiologica[:] - Dental Matkovic","isPartOf":{"@id":"http:\/\/www.dental-matkovic.com\/en\/#website"},"primaryImageOfPage":{"@id":"http:\/\/www.dental-matkovic.com\/it\/radioloska-dijagnostika#primaryimage"},"datePublished":"2015-06-14T16:01:27+00:00","dateModified":"2015-07-29T08:55:06+00:00","breadcrumb":{"@id":"http:\/\/www.dental-matkovic.com\/it\/radioloska-dijagnostika#breadcrumb"},"inLanguage":"it-IT","potentialAction":[{"@type":"ReadAction","target":["http:\/\/www.dental-matkovic.com\/it\/radioloska-dijagnostika"]}]},{"@type":"BreadcrumbList","@id":"http:\/\/www.dental-matkovic.com\/it\/radioloska-dijagnostika#breadcrumb","itemListElement":[{"@type":"ListItem","position":1,"name":"Home","item":"http:\/\/www.dental-matkovic.com\/en\/"},{"@type":"ListItem","position":2,"name":"La diagnostica radiologica"}]}]}},"_links":{"self":[{"href":"http:\/\/www.dental-matkovic.com\/it\/wp-json\/wp\/v2\/pages\/276"}],"collection":[{"href":"http:\/\/www.dental-matkovic.com\/it\/wp-json\/wp\/v2\/pages"}],"about":[{"href":"http:\/\/www.dental-matkovic.com\/it\/wp-json\/wp\/v2\/types\/page"}],"author":[{"embeddable":true,"href":"http:\/\/www.dental-matkovic.com\/it\/wp-json\/wp\/v2\/users\/1"}],"replies":[{"embeddable":true,"href":"http:\/\/www.dental-matkovic.com\/it\/wp-json\/wp\/v2\/comments?post=276"}],"version-history":[{"count":0,"href":"http:\/\/www.dental-matkovic.com\/it\/wp-json\/wp\/v2\/pages\/276\/revisions"}],"wp:attachment":[{"href":"http:\/\/www.dental-matkovic.com\/it\/wp-json\/wp\/v2\/media?parent=276"}],"curies":[{"name":"wp","href":"https:\/\/api.w.org\/{rel}","templated":true}]}}