{"id":293,"date":"2015-06-14T18:16:40","date_gmt":"2015-06-14T18:16:40","guid":{"rendered":"http:\/\/www.dental-matkovic.com\/\/?page_id=293"},"modified":"2015-08-04T12:28:28","modified_gmt":"2015-08-04T12:28:28","slug":"kirurgija","status":"publish","type":"page","link":"http:\/\/www.dental-matkovic.com\/it\/kirurgija","title":{"rendered":"Chirurgia Orale"},"content":{"rendered":"La chirurgia orale e' la branca dell'odontoiatria che tratta diversi interventi chirurgici nel cavo orale del paziente.<\/p>\n<p>Gli interventi piu' frequenti che noi compiamo sono le estrazioni comuni e complicate dei denti, i denti del giudizio inclusi e ritenuti, la resezione della radice e l'estrazione di radici dentali fratturate e residue. La chirurgia orale include anche la chirurgia gengivale, la ricostruzione dei disturbi estetici e funzionali del cavo orale.<\/p>\n<p>&nbsp;","protected":false},"excerpt":{"rendered":"<p>La chirurgia orale e' la branca dell'odontoiatria che tratta diversi interventi chirurgici nel cavo orale del paziente. Gli interventi piu' frequenti che noi compiamo sono le estrazioni comuni e complicate dei denti, i denti del giudizio inclusi e ritenuti, la resezione della radice e l'estrazione di radici dentali fratturate e residue. La chirurgia orale include anche la chirurgia gengivale, la&nbsp;<a href=\"http:\/\/www.dental-matkovic.com\/it\/kirurgija\" class=\"read-more\">Continue Reading<\/a><\/p>\n","protected":false},"author":1,"featured_media":0,"parent":0,"menu_order":0,"comment_status":"open","ping_status":"open","template":"","meta":[],"acf":[],"yoast_head":"<!-- This site is optimized with the Yoast SEO plugin v19.3 - https:\/\/yoast.com\/wordpress\/plugins\/seo\/ -->\n<title>Oral Surgery - Dental Matkovi\u0107, Ba\u0161ka Voda<\/title>\n<meta name=\"description\" content=\"Oral surgery is a branch of stomatology, which encompasses surgical procedures in the oral cavity of the patient.\" \/>\n<meta name=\"robots\" content=\"index, follow, max-snippet:-1, max-image-preview:large, max-video-preview:-1\" \/>\n<link rel=\"canonical\" href=\"https:\/\/www.dental-matkovic.com\/en\/kirurgija\" \/>\n<meta property=\"og:locale\" content=\"it_IT\" \/>\n<meta property=\"og:type\" content=\"article\" \/>\n<meta property=\"og:title\" content=\"Oral Surgery - Dental Matkovi\u0107, Ba\u0161ka Voda\" \/>\n<meta property=\"og:description\" content=\"Oral surgery is a branch of stomatology, which encompasses surgical procedures in the oral cavity of the patient.\" \/>\n<meta property=\"og:url\" content=\"https:\/\/www.dental-matkovic.com\/en\/kirurgija\" \/>\n<meta property=\"og:site_name\" content=\"Dental Matkovic\" \/>\n<meta property=\"article:publisher\" content=\"https:\/\/www.facebook.com\/pages\/Dental-implant-Matkovi%c4%87\/832171276837924\" \/>\n<meta property=\"article:modified_time\" content=\"2015-08-04T12:28:28+00:00\" \/>\n<meta name=\"twitter:card\" content=\"summary\" \/>\n<meta name=\"twitter:label1\" content=\"Tempo di lettura stimato\" \/>\n\t<meta name=\"twitter:data1\" content=\"2 minuti\" \/>\n<script type=\"application\/ld+json\" class=\"yoast-schema-graph\">{\"@context\":\"https:\/\/schema.org\",\"@graph\":[{\"@type\":\"WebSite\",\"@id\":\"https:\/\/www.dental-matkovic.com\/#website\",\"url\":\"https:\/\/www.dental-matkovic.com\/\",\"name\":\"Dental Matkovic\",\"description\":\"(Hrvatski) Stomatolo\u0161ka ordinacija Dental Matkovi\u0107, Ba\u0161ka Voda\",\"potentialAction\":[{\"@type\":\"SearchAction\",\"target\":{\"@type\":\"EntryPoint\",\"urlTemplate\":\"https:\/\/www.dental-matkovic.com\/?s={search_term_string}\"},\"query-input\":\"required name=search_term_string\"}],\"inLanguage\":\"it-IT\"},{\"@type\":\"WebPage\",\"@id\":\"https:\/\/www.dental-matkovic.com\/en\/kirurgija\",\"url\":\"https:\/\/www.dental-matkovic.com\/en\/kirurgija\",\"name\":\"Oral Surgery - Dental Matkovi\u0107, Ba\u0161ka Voda\",\"isPartOf\":{\"@id\":\"https:\/\/www.dental-matkovic.com\/#website\"},\"datePublished\":\"2015-06-14T18:16:40+00:00\",\"dateModified\":\"2015-08-04T12:28:28+00:00\",\"description\":\"Oral surgery is a branch of stomatology, which encompasses surgical procedures in the oral cavity of the patient.\",\"breadcrumb\":{\"@id\":\"https:\/\/www.dental-matkovic.com\/en\/kirurgija#breadcrumb\"},\"inLanguage\":\"it-IT\",\"potentialAction\":[{\"@type\":\"ReadAction\",\"target\":[\"https:\/\/www.dental-matkovic.com\/en\/kirurgija\"]}]},{\"@type\":\"BreadcrumbList\",\"@id\":\"https:\/\/www.dental-matkovic.com\/en\/kirurgija#breadcrumb\",\"itemListElement\":[{\"@type\":\"ListItem\",\"position\":1,\"name\":\"Home\",\"item\":\"https:\/\/www.dental-matkovic.com\/\"},{\"@type\":\"ListItem\",\"position\":2,\"name\":\"Oral Surgery\"}]}]}<\/script>\n<!-- \/ Yoast SEO plugin. -->","yoast_head_json":{"title":"Oral Surgery - Dental Matkovi\u0107, Ba\u0161ka Voda","description":"Oral surgery is a branch of stomatology, which encompasses surgical procedures in the oral cavity of the patient.","robots":{"index":"index","follow":"follow","max-snippet":"max-snippet:-1","max-image-preview":"max-image-preview:large","max-video-preview":"max-video-preview:-1"},"canonical":"https:\/\/www.dental-matkovic.com\/en\/kirurgija","og_locale":"it_IT","og_type":"article","og_title":"Oral Surgery - Dental Matkovi\u0107, Ba\u0161ka Voda","og_description":"Oral surgery is a branch of stomatology, which encompasses surgical procedures in the oral cavity of the patient.","og_url":"https:\/\/www.dental-matkovic.com\/en\/kirurgija","og_site_name":"Dental Matkovic","article_publisher":"https:\/\/www.facebook.com\/pages\/Dental-implant-Matkovi%c4%87\/832171276837924","article_modified_time":"2015-08-04T12:28:28+00:00","twitter_card":"summary","twitter_misc":{"Tempo di lettura stimato":"2 minuti"},"schema":{"@context":"https:\/\/schema.org","@graph":[{"@type":"WebSite","@id":"https:\/\/www.dental-matkovic.com\/#website","url":"https:\/\/www.dental-matkovic.com\/","name":"Dental Matkovic","description":"(Hrvatski) Stomatolo\u0161ka ordinacija Dental Matkovi\u0107, Ba\u0161ka Voda","potentialAction":[{"@type":"SearchAction","target":{"@type":"EntryPoint","urlTemplate":"https:\/\/www.dental-matkovic.com\/?s={search_term_string}"},"query-input":"required name=search_term_string"}],"inLanguage":"it-IT"},{"@type":"WebPage","@id":"https:\/\/www.dental-matkovic.com\/en\/kirurgija","url":"https:\/\/www.dental-matkovic.com\/en\/kirurgija","name":"Oral Surgery - Dental Matkovi\u0107, Ba\u0161ka Voda","isPartOf":{"@id":"https:\/\/www.dental-matkovic.com\/#website"},"datePublished":"2015-06-14T18:16:40+00:00","dateModified":"2015-08-04T12:28:28+00:00","description":"Oral surgery is a branch of stomatology, which encompasses surgical procedures in the oral cavity of the patient.","breadcrumb":{"@id":"https:\/\/www.dental-matkovic.com\/en\/kirurgija#breadcrumb"},"inLanguage":"it-IT","potentialAction":[{"@type":"ReadAction","target":["https:\/\/www.dental-matkovic.com\/en\/kirurgija"]}]},{"@type":"BreadcrumbList","@id":"https:\/\/www.dental-matkovic.com\/en\/kirurgija#breadcrumb","itemListElement":[{"@type":"ListItem","position":1,"name":"Home","item":"https:\/\/www.dental-matkovic.com\/"},{"@type":"ListItem","position":2,"name":"Oral Surgery"}]}]}},"_links":{"self":[{"href":"http:\/\/www.dental-matkovic.com\/it\/wp-json\/wp\/v2\/pages\/293"}],"collection":[{"href":"http:\/\/www.dental-matkovic.com\/it\/wp-json\/wp\/v2\/pages"}],"about":[{"href":"http:\/\/www.dental-matkovic.com\/it\/wp-json\/wp\/v2\/types\/page"}],"author":[{"embeddable":true,"href":"http:\/\/www.dental-matkovic.com\/it\/wp-json\/wp\/v2\/users\/1"}],"replies":[{"embeddable":true,"href":"http:\/\/www.dental-matkovic.com\/it\/wp-json\/wp\/v2\/comments?post=293"}],"version-history":[{"count":0,"href":"http:\/\/www.dental-matkovic.com\/it\/wp-json\/wp\/v2\/pages\/293\/revisions"}],"wp:attachment":[{"href":"http:\/\/www.dental-matkovic.com\/it\/wp-json\/wp\/v2\/media?parent=293"}],"curies":[{"name":"wp","href":"https:\/\/api.w.org\/{rel}","templated":true}]}}