{"id":295,"date":"2015-06-14T18:17:10","date_gmt":"2015-06-14T18:17:10","guid":{"rendered":"http:\/\/www.dental-matkovic.com\/\/?page_id=295"},"modified":"2015-07-25T12:21:02","modified_gmt":"2015-07-25T12:21:02","slug":"implantologija","status":"publish","type":"page","link":"http:\/\/www.dental-matkovic.com\/it\/implantologija","title":{"rendered":"Implantologia"},"content":{"rendered":"Stranica u izradi","protected":false},"excerpt":{"rendered":"<p>Stranica u izradi<\/p>\n","protected":false},"author":1,"featured_media":0,"parent":0,"menu_order":0,"comment_status":"open","ping_status":"open","template":"","meta":[],"acf":[],"yoast_head":"<!-- This site is optimized with the Yoast SEO plugin v19.3 - https:\/\/yoast.com\/wordpress\/plugins\/seo\/ -->\n<title>Implantologia - Dental Matkovic<\/title>\n<meta name=\"robots\" content=\"index, follow, max-snippet:-1, max-image-preview:large, max-video-preview:-1\" \/>\n<link rel=\"canonical\" href=\"https:\/\/www.dental-matkovic.com\/it\/implantologija\" \/>\n<meta property=\"og:locale\" content=\"it_IT\" \/>\n<meta property=\"og:type\" content=\"article\" \/>\n<meta property=\"og:title\" content=\"[:hr]Implantologija[:en]Implantology[:de]Implantologie[:it]Implantologia[:] - Dental Matkovic\" \/>\n<meta property=\"og:description\" content=\"Stranica u izradi\" \/>\n<meta property=\"og:url\" content=\"https:\/\/www.dental-matkovic.com\/it\/implantologija\" \/>\n<meta property=\"og:site_name\" content=\"Dental Matkovic\" \/>\n<meta property=\"article:publisher\" content=\"https:\/\/www.facebook.com\/pages\/Dental-implant-Matkovi%c4%87\/832171276837924\" \/>\n<meta property=\"article:modified_time\" content=\"2015-07-25T12:21:02+00:00\" \/>\n<meta property=\"og:image\" content=\"http:\/\/www.dental-matkovic.com\/wp-content\/uploads\/2015\/06\/postupak-ugradnje-implantata.png\" \/>\n<meta name=\"twitter:card\" content=\"summary\" \/>\n<meta name=\"twitter:label1\" content=\"Tempo di lettura stimato\" \/>\n\t<meta name=\"twitter:data1\" content=\"4 minuti\" \/>\n<script type=\"application\/ld+json\" class=\"yoast-schema-graph\">{\"@context\":\"https:\/\/schema.org\",\"@graph\":[{\"@type\":\"WebSite\",\"@id\":\"https:\/\/www.dental-matkovic.com\/#website\",\"url\":\"https:\/\/www.dental-matkovic.com\/\",\"name\":\"Dental Matkovic\",\"description\":\"(Hrvatski) Stomatolo\u0161ka ordinacija Dental Matkovi\u0107, Ba\u0161ka Voda\",\"potentialAction\":[{\"@type\":\"SearchAction\",\"target\":{\"@type\":\"EntryPoint\",\"urlTemplate\":\"https:\/\/www.dental-matkovic.com\/?s={search_term_string}\"},\"query-input\":\"required name=search_term_string\"}],\"inLanguage\":\"it-IT\"},{\"@type\":\"ImageObject\",\"inLanguage\":\"it-IT\",\"@id\":\"https:\/\/www.dental-matkovic.com\/it\/implantologija#primaryimage\",\"url\":\"http:\/\/www.dental-matkovic.com\/wp-content\/uploads\/2015\/06\/postupak-ugradnje-implantata.png\",\"contentUrl\":\"http:\/\/www.dental-matkovic.com\/wp-content\/uploads\/2015\/06\/postupak-ugradnje-implantata.png\",\"width\":700,\"height\":338},{\"@type\":\"WebPage\",\"@id\":\"https:\/\/www.dental-matkovic.com\/it\/implantologija\",\"url\":\"https:\/\/www.dental-matkovic.com\/it\/implantologija\",\"name\":\"[:hr]Implantologija[:en]Implantology[:de]Implantologie[:it]Implantologia[:] - Dental Matkovic\",\"isPartOf\":{\"@id\":\"https:\/\/www.dental-matkovic.com\/#website\"},\"primaryImageOfPage\":{\"@id\":\"https:\/\/www.dental-matkovic.com\/it\/implantologija#primaryimage\"},\"datePublished\":\"2015-06-14T18:17:10+00:00\",\"dateModified\":\"2015-07-25T12:21:02+00:00\",\"breadcrumb\":{\"@id\":\"https:\/\/www.dental-matkovic.com\/it\/implantologija#breadcrumb\"},\"inLanguage\":\"it-IT\",\"potentialAction\":[{\"@type\":\"ReadAction\",\"target\":[\"https:\/\/www.dental-matkovic.com\/it\/implantologija\"]}]},{\"@type\":\"BreadcrumbList\",\"@id\":\"https:\/\/www.dental-matkovic.com\/it\/implantologija#breadcrumb\",\"itemListElement\":[{\"@type\":\"ListItem\",\"position\":1,\"name\":\"Home\",\"item\":\"https:\/\/www.dental-matkovic.com\/\"},{\"@type\":\"ListItem\",\"position\":2,\"name\":\"Implantologia\"}]}]}<\/script>\n<!-- \/ Yoast SEO plugin. -->","yoast_head_json":{"title":"[:hr]Implantologija[:en]Implantology[:de]Implantologie[:it]Implantologia[:] - Dental Matkovic","robots":{"index":"index","follow":"follow","max-snippet":"max-snippet:-1","max-image-preview":"max-image-preview:large","max-video-preview":"max-video-preview:-1"},"canonical":"https:\/\/www.dental-matkovic.com\/it\/implantologija","og_locale":"it_IT","og_type":"article","og_title":"[:hr]Implantologija[:en]Implantology[:de]Implantologie[:it]Implantologia[:] - Dental Matkovic","og_description":"Stranica u izradi","og_url":"https:\/\/www.dental-matkovic.com\/it\/implantologija","og_site_name":"Dental Matkovic","article_publisher":"https:\/\/www.facebook.com\/pages\/Dental-implant-Matkovi%c4%87\/832171276837924","article_modified_time":"2015-07-25T12:21:02+00:00","og_image":[{"url":"http:\/\/www.dental-matkovic.com\/wp-content\/uploads\/2015\/06\/postupak-ugradnje-implantata.png"}],"twitter_card":"summary","twitter_misc":{"Tempo di lettura stimato":"4 minuti"},"schema":{"@context":"https:\/\/schema.org","@graph":[{"@type":"WebSite","@id":"https:\/\/www.dental-matkovic.com\/#website","url":"https:\/\/www.dental-matkovic.com\/","name":"Dental Matkovic","description":"(Hrvatski) Stomatolo\u0161ka ordinacija Dental Matkovi\u0107, Ba\u0161ka Voda","potentialAction":[{"@type":"SearchAction","target":{"@type":"EntryPoint","urlTemplate":"https:\/\/www.dental-matkovic.com\/?s={search_term_string}"},"query-input":"required name=search_term_string"}],"inLanguage":"it-IT"},{"@type":"ImageObject","inLanguage":"it-IT","@id":"https:\/\/www.dental-matkovic.com\/it\/implantologija#primaryimage","url":"http:\/\/www.dental-matkovic.com\/wp-content\/uploads\/2015\/06\/postupak-ugradnje-implantata.png","contentUrl":"http:\/\/www.dental-matkovic.com\/wp-content\/uploads\/2015\/06\/postupak-ugradnje-implantata.png","width":700,"height":338},{"@type":"WebPage","@id":"https:\/\/www.dental-matkovic.com\/it\/implantologija","url":"https:\/\/www.dental-matkovic.com\/it\/implantologija","name":"[:hr]Implantologija[:en]Implantology[:de]Implantologie[:it]Implantologia[:] - Dental Matkovic","isPartOf":{"@id":"https:\/\/www.dental-matkovic.com\/#website"},"primaryImageOfPage":{"@id":"https:\/\/www.dental-matkovic.com\/it\/implantologija#primaryimage"},"datePublished":"2015-06-14T18:17:10+00:00","dateModified":"2015-07-25T12:21:02+00:00","breadcrumb":{"@id":"https:\/\/www.dental-matkovic.com\/it\/implantologija#breadcrumb"},"inLanguage":"it-IT","potentialAction":[{"@type":"ReadAction","target":["https:\/\/www.dental-matkovic.com\/it\/implantologija"]}]},{"@type":"BreadcrumbList","@id":"https:\/\/www.dental-matkovic.com\/it\/implantologija#breadcrumb","itemListElement":[{"@type":"ListItem","position":1,"name":"Home","item":"https:\/\/www.dental-matkovic.com\/"},{"@type":"ListItem","position":2,"name":"Implantologia"}]}]}},"_links":{"self":[{"href":"http:\/\/www.dental-matkovic.com\/it\/wp-json\/wp\/v2\/pages\/295"}],"collection":[{"href":"http:\/\/www.dental-matkovic.com\/it\/wp-json\/wp\/v2\/pages"}],"about":[{"href":"http:\/\/www.dental-matkovic.com\/it\/wp-json\/wp\/v2\/types\/page"}],"author":[{"embeddable":true,"href":"http:\/\/www.dental-matkovic.com\/it\/wp-json\/wp\/v2\/users\/1"}],"replies":[{"embeddable":true,"href":"http:\/\/www.dental-matkovic.com\/it\/wp-json\/wp\/v2\/comments?post=295"}],"version-history":[{"count":0,"href":"http:\/\/www.dental-matkovic.com\/it\/wp-json\/wp\/v2\/pages\/295\/revisions"}],"wp:attachment":[{"href":"http:\/\/www.dental-matkovic.com\/it\/wp-json\/wp\/v2\/media?parent=295"}],"curies":[{"name":"wp","href":"https:\/\/api.w.org\/{rel}","templated":true}]}}