{"id":346,"date":"2015-06-14T20:12:36","date_gmt":"2015-06-14T20:12:36","guid":{"rendered":"http:\/\/www.dental-matkovic.com\/\/?page_id=346"},"modified":"2015-09-20T18:23:21","modified_gmt":"2015-09-20T18:23:21","slug":"smile-makeover","status":"publish","type":"page","link":"http:\/\/www.dental-matkovic.com\/it\/smile-makeover","title":{"rendered":"Smile Makeover"},"content":{"rendered":"<img loading=\"lazy\" class=\"alignleft wp-image-682\" src=\"http:\/\/www.dental-matkovic.com\/\/wp-content\/uploads\/2015\/06\/BleachedTeeth.jpg\" srcset=\"http:\/\/www.dental-matkovic.com\/\/wp-content\/uploads\/2015\/06\/BleachedTeeth-300x244.jpg 300w, http:\/\/www.dental-matkovic.com\/\/wp-content\/uploads\/2015\/06\/BleachedTeeth.jpg 450w\" alt=\"BleachedTeeth\" width=\"324\" height=\"264\" sizes=\"(max-width: 450px) 100vw, 450px\" \/>Il servizio smile makeover consiste nella trasformazione totale del sorriso con l'applicazione di vari metodi e materiali. Solitamente viene usato per i primi sei denti anteriori dell'arcata superiore.<\/p>\n<p>Molti pazienti non sono soddisfatti con l'aspetto estetico dei loro denti. Spesso si tratta dei primi sei denti dell'arcata superiore (incisivi e canini) i quali influenzano di piu' sull'estetica del sorriso. A volte si tratta di denti sani o con minime carie, ma che tuttavia per la loro forma, il colore, la posizione non soddisfano gli alti criteri estetici che oggigiorno possiede la maggior parte della popolazione. In tali casi vi si approccia all'inetrvento estetico <strong>sui denti<\/strong> anteriori.<\/p>\n<p>&nbsp;<\/p>\n<p>Le opzioni di odontoiatria estetica sono tante, ma le esigenze del paziente devono essere entro i limiti ragionevoli. Con l'applicazione di vari metodi e materiali, nel policlinico Imed, e' possibile lacompleta trasformazione del tuo sorriso. Prima di iniziare con l'intervento \u00e8 necessario definire chiaramente l' ambito dell'intervento dopodiche' e' di gran importanza che tutte le procedure siano conformi alle regole della prassi.","protected":false},"excerpt":{"rendered":"<p>Il servizio smile makeover consiste nella trasformazione totale del sorriso con l'applicazione di vari metodi e materiali. Solitamente viene usato per i primi sei denti anteriori dell'arcata superiore. Molti pazienti non sono soddisfatti con l'aspetto estetico dei loro denti. Spesso si tratta dei primi sei denti dell'arcata superiore (incisivi e canini) i quali influenzano di piu' sull'estetica del sorriso. A&nbsp;<a href=\"http:\/\/www.dental-matkovic.com\/it\/smile-makeover\" class=\"read-more\">Continue Reading<\/a><\/p>\n","protected":false},"author":1,"featured_media":0,"parent":0,"menu_order":0,"comment_status":"open","ping_status":"open","template":"","meta":[],"acf":[],"yoast_head":"<!-- This site is optimized with the Yoast SEO plugin v19.3 - https:\/\/yoast.com\/wordpress\/plugins\/seo\/ -->\n<title>Smile Makeover - Dental Matkovic<\/title>\n<meta name=\"robots\" content=\"index, follow, max-snippet:-1, max-image-preview:large, max-video-preview:-1\" \/>\n<link rel=\"canonical\" href=\"http:\/\/www.dental-matkovic.com\/smile-makeover\" \/>\n<meta property=\"og:locale\" content=\"it_IT\" \/>\n<meta property=\"og:type\" content=\"article\" \/>\n<meta property=\"og:title\" content=\"Smile Makeover - Dental Matkovic\" \/>\n<meta property=\"og:description\" content=\"Il servizio smile makeover consiste nella trasformazione totale del sorriso con l&#039;applicazione di vari metodi e materiali. Solitamente viene usato per i primi sei denti anteriori dell&#039;arcata superiore. Molti pazienti non sono soddisfatti con l&#039;aspetto estetico dei loro denti. Spesso si tratta dei primi sei denti dell&#039;arcata superiore (incisivi e canini) i quali influenzano di piu&#039; sull&#039;estetica del sorriso. A&nbsp;Continue Reading\" \/>\n<meta property=\"og:url\" content=\"http:\/\/www.dental-matkovic.com\/smile-makeover\" \/>\n<meta property=\"og:site_name\" content=\"Dental Matkovic\" \/>\n<meta property=\"article:publisher\" content=\"https:\/\/www.facebook.com\/pages\/Dental-implant-Matkovi%c4%87\/832171276837924\" \/>\n<meta property=\"article:modified_time\" content=\"2015-09-20T18:23:21+00:00\" \/>\n<meta property=\"og:image\" content=\"http:\/\/www.dental-matkovic.com\/\/wp-content\/uploads\/2015\/06\/BleachedTeeth.jpg\" \/>\n<meta name=\"twitter:card\" content=\"summary\" \/>\n<meta name=\"twitter:label1\" content=\"Tempo di lettura stimato\" \/>\n\t<meta name=\"twitter:data1\" content=\"3 minuti\" \/>\n<script type=\"application\/ld+json\" class=\"yoast-schema-graph\">{\"@context\":\"https:\/\/schema.org\",\"@graph\":[{\"@type\":\"WebSite\",\"@id\":\"https:\/\/www.dental-matkovic.com\/#website\",\"url\":\"https:\/\/www.dental-matkovic.com\/\",\"name\":\"Dental Matkovic\",\"description\":\"(Hrvatski) Stomatolo\u0161ka ordinacija Dental Matkovi\u0107, Ba\u0161ka Voda\",\"potentialAction\":[{\"@type\":\"SearchAction\",\"target\":{\"@type\":\"EntryPoint\",\"urlTemplate\":\"https:\/\/www.dental-matkovic.com\/?s={search_term_string}\"},\"query-input\":\"required name=search_term_string\"}],\"inLanguage\":\"it-IT\"},{\"@type\":\"ImageObject\",\"inLanguage\":\"it-IT\",\"@id\":\"http:\/\/www.dental-matkovic.com\/smile-makeover#primaryimage\",\"url\":\"http:\/\/www.dental-matkovic.com\/\/wp-content\/uploads\/2015\/06\/BleachedTeeth.jpg\",\"contentUrl\":\"http:\/\/www.dental-matkovic.com\/\/wp-content\/uploads\/2015\/06\/BleachedTeeth.jpg\"},{\"@type\":\"WebPage\",\"@id\":\"http:\/\/www.dental-matkovic.com\/smile-makeover\",\"url\":\"http:\/\/www.dental-matkovic.com\/smile-makeover\",\"name\":\"Smile Makeover - Dental Matkovic\",\"isPartOf\":{\"@id\":\"https:\/\/www.dental-matkovic.com\/#website\"},\"primaryImageOfPage\":{\"@id\":\"http:\/\/www.dental-matkovic.com\/smile-makeover#primaryimage\"},\"datePublished\":\"2015-06-14T20:12:36+00:00\",\"dateModified\":\"2015-09-20T18:23:21+00:00\",\"breadcrumb\":{\"@id\":\"http:\/\/www.dental-matkovic.com\/smile-makeover#breadcrumb\"},\"inLanguage\":\"it-IT\",\"potentialAction\":[{\"@type\":\"ReadAction\",\"target\":[\"http:\/\/www.dental-matkovic.com\/smile-makeover\"]}]},{\"@type\":\"BreadcrumbList\",\"@id\":\"http:\/\/www.dental-matkovic.com\/smile-makeover#breadcrumb\",\"itemListElement\":[{\"@type\":\"ListItem\",\"position\":1,\"name\":\"Home\",\"item\":\"https:\/\/www.dental-matkovic.com\/\"},{\"@type\":\"ListItem\",\"position\":2,\"name\":\"Smile Makeover\"}]}]}<\/script>\n<!-- \/ Yoast SEO plugin. -->","yoast_head_json":{"title":"Smile Makeover - Dental Matkovic","robots":{"index":"index","follow":"follow","max-snippet":"max-snippet:-1","max-image-preview":"max-image-preview:large","max-video-preview":"max-video-preview:-1"},"canonical":"http:\/\/www.dental-matkovic.com\/smile-makeover","og_locale":"it_IT","og_type":"article","og_title":"Smile Makeover - Dental Matkovic","og_description":"Il servizio smile makeover consiste nella trasformazione totale del sorriso con l'applicazione di vari metodi e materiali. Solitamente viene usato per i primi sei denti anteriori dell'arcata superiore. Molti pazienti non sono soddisfatti con l'aspetto estetico dei loro denti. Spesso si tratta dei primi sei denti dell'arcata superiore (incisivi e canini) i quali influenzano di piu' sull'estetica del sorriso. A&nbsp;Continue Reading","og_url":"http:\/\/www.dental-matkovic.com\/smile-makeover","og_site_name":"Dental Matkovic","article_publisher":"https:\/\/www.facebook.com\/pages\/Dental-implant-Matkovi%c4%87\/832171276837924","article_modified_time":"2015-09-20T18:23:21+00:00","og_image":[{"url":"http:\/\/www.dental-matkovic.com\/\/wp-content\/uploads\/2015\/06\/BleachedTeeth.jpg"}],"twitter_card":"summary","twitter_misc":{"Tempo di lettura stimato":"3 minuti"},"schema":{"@context":"https:\/\/schema.org","@graph":[{"@type":"WebSite","@id":"https:\/\/www.dental-matkovic.com\/#website","url":"https:\/\/www.dental-matkovic.com\/","name":"Dental Matkovic","description":"(Hrvatski) Stomatolo\u0161ka ordinacija Dental Matkovi\u0107, Ba\u0161ka Voda","potentialAction":[{"@type":"SearchAction","target":{"@type":"EntryPoint","urlTemplate":"https:\/\/www.dental-matkovic.com\/?s={search_term_string}"},"query-input":"required name=search_term_string"}],"inLanguage":"it-IT"},{"@type":"ImageObject","inLanguage":"it-IT","@id":"http:\/\/www.dental-matkovic.com\/smile-makeover#primaryimage","url":"http:\/\/www.dental-matkovic.com\/\/wp-content\/uploads\/2015\/06\/BleachedTeeth.jpg","contentUrl":"http:\/\/www.dental-matkovic.com\/\/wp-content\/uploads\/2015\/06\/BleachedTeeth.jpg"},{"@type":"WebPage","@id":"http:\/\/www.dental-matkovic.com\/smile-makeover","url":"http:\/\/www.dental-matkovic.com\/smile-makeover","name":"Smile Makeover - Dental Matkovic","isPartOf":{"@id":"https:\/\/www.dental-matkovic.com\/#website"},"primaryImageOfPage":{"@id":"http:\/\/www.dental-matkovic.com\/smile-makeover#primaryimage"},"datePublished":"2015-06-14T20:12:36+00:00","dateModified":"2015-09-20T18:23:21+00:00","breadcrumb":{"@id":"http:\/\/www.dental-matkovic.com\/smile-makeover#breadcrumb"},"inLanguage":"it-IT","potentialAction":[{"@type":"ReadAction","target":["http:\/\/www.dental-matkovic.com\/smile-makeover"]}]},{"@type":"BreadcrumbList","@id":"http:\/\/www.dental-matkovic.com\/smile-makeover#breadcrumb","itemListElement":[{"@type":"ListItem","position":1,"name":"Home","item":"https:\/\/www.dental-matkovic.com\/"},{"@type":"ListItem","position":2,"name":"Smile Makeover"}]}]}},"_links":{"self":[{"href":"http:\/\/www.dental-matkovic.com\/it\/wp-json\/wp\/v2\/pages\/346"}],"collection":[{"href":"http:\/\/www.dental-matkovic.com\/it\/wp-json\/wp\/v2\/pages"}],"about":[{"href":"http:\/\/www.dental-matkovic.com\/it\/wp-json\/wp\/v2\/types\/page"}],"author":[{"embeddable":true,"href":"http:\/\/www.dental-matkovic.com\/it\/wp-json\/wp\/v2\/users\/1"}],"replies":[{"embeddable":true,"href":"http:\/\/www.dental-matkovic.com\/it\/wp-json\/wp\/v2\/comments?post=346"}],"version-history":[{"count":0,"href":"http:\/\/www.dental-matkovic.com\/it\/wp-json\/wp\/v2\/pages\/346\/revisions"}],"wp:attachment":[{"href":"http:\/\/www.dental-matkovic.com\/it\/wp-json\/wp\/v2\/media?parent=346"}],"curies":[{"name":"wp","href":"https:\/\/api.w.org\/{rel}","templated":true}]}}