{"id":347,"date":"2015-06-14T20:11:48","date_gmt":"2015-06-14T20:11:48","guid":{"rendered":"http:\/\/www.dental-matkovic.com\/\/?page_id=347"},"modified":"2015-06-28T15:33:47","modified_gmt":"2015-06-28T15:33:47","slug":"dentalni-wellness","status":"publish","type":"page","link":"http:\/\/www.dental-matkovic.com\/it\/dentalni-wellness","title":{"rendered":"Dental wellness"},"content":{"rendered":"<img loading=\"lazy\" class=\"alignright wp-image-593 size-medium\" src=\"http:\/\/www.dental-matkovic.com\/\/wp-content\/uploads\/2015\/06\/imagesC-300x200.jpg\" srcset=\"http:\/\/www.dental-matkovic.com\/\/wp-content\/uploads\/2015\/06\/imagesC-300x200.jpg 300w, http:\/\/www.dental-matkovic.com\/\/wp-content\/uploads\/2015\/06\/imagesC.jpg 432w\" alt=\"imagesC\" width=\"300\" height=\"200\" sizes=\"(max-width: 300px) 100vw, 300px\" \/>Un mini trattamento per un colore perfetto dei denti e per un sorriso che brilla?<br \/>\nQuesto e' il Dental Wellness.<br \/>\nDurante gli anni sui nostri denti si accumula il tartaro, e vizi come il fumo, la consumazione di caffe' e di vino rosso non sono benefici per un sorriso smagliante. Noi offriamo un tipo di trattamento estetico chiamato\u00a0<strong>Dental Wellness<\/strong>. Si tratta dell' <strong>ablazione del tartaro con un dispositivo ultrasonico<\/strong>, dopodiche' viene fatta la sabbiattura per la rimozione di tessuti dentali duri e della pigmentazione finendo con<strong> il rivestimento con uno smalto protettivo a base di fluoro<\/strong>. La cavita' orale e' completamente rinfrescata, e la sensazione di freschezza ed un bel sorriso sono il risultato di un vero e proprio intervento di successo.<\/p>\n<p>&nbsp;","protected":false},"excerpt":{"rendered":"<p>Un mini trattamento per un colore perfetto dei denti e per un sorriso che brilla? Questo e' il Dental Wellness. Durante gli anni sui nostri denti si accumula il tartaro, e vizi come il fumo, la consumazione di caffe' e di vino rosso non sono benefici per un sorriso smagliante. Noi offriamo un tipo di trattamento estetico chiamato\u00a0Dental Wellness. Si&nbsp;<a href=\"http:\/\/www.dental-matkovic.com\/it\/dentalni-wellness\" class=\"read-more\">Continue Reading<\/a><\/p>\n","protected":false},"author":1,"featured_media":0,"parent":0,"menu_order":0,"comment_status":"open","ping_status":"open","template":"","meta":[],"acf":[],"yoast_head":"<!-- This site is optimized with the Yoast SEO plugin v19.3 - https:\/\/yoast.com\/wordpress\/plugins\/seo\/ -->\n<title>Dental wellness - Dental Matkovic<\/title>\n<meta name=\"robots\" content=\"index, follow, max-snippet:-1, max-image-preview:large, max-video-preview:-1\" \/>\n<link rel=\"canonical\" href=\"https:\/\/www.dental-matkovic.com\/en\/dentalni-wellness\" \/>\n<meta property=\"og:locale\" content=\"it_IT\" \/>\n<meta property=\"og:type\" content=\"article\" \/>\n<meta property=\"og:title\" content=\"[:hr]Dentalni Wellness[:en]Dental Wellness[:de]Dental Wellness[:it]Dental wellness[:] - Dental Matkovic\" \/>\n<meta property=\"og:description\" content=\"Un mini trattamento per un colore perfetto dei denti e per un sorriso che brilla? Questo e&#039; il Dental Wellness. Durante gli anni sui nostri denti si accumula il tartaro, e vizi come il fumo, la consumazione di caffe&#039; e di vino rosso non sono benefici per un sorriso smagliante. Noi offriamo un tipo di trattamento estetico chiamato\u00a0Dental Wellness. Si&nbsp;Continue Reading\" \/>\n<meta property=\"og:url\" content=\"https:\/\/www.dental-matkovic.com\/en\/dentalni-wellness\" \/>\n<meta property=\"og:site_name\" content=\"Dental Matkovic\" \/>\n<meta property=\"article:publisher\" content=\"https:\/\/www.facebook.com\/pages\/Dental-implant-Matkovi%c4%87\/832171276837924\" \/>\n<meta property=\"article:modified_time\" content=\"2015-06-28T15:33:47+00:00\" \/>\n<meta property=\"og:image\" content=\"http:\/\/www.dental-matkovic.com\/\/wp-content\/uploads\/2015\/06\/imagesC-300x200.jpg\" \/>\n<meta name=\"twitter:card\" content=\"summary\" \/>\n<meta name=\"twitter:label1\" content=\"Tempo di lettura stimato\" \/>\n\t<meta name=\"twitter:data1\" content=\"2 minuti\" \/>\n<script type=\"application\/ld+json\" class=\"yoast-schema-graph\">{\"@context\":\"https:\/\/schema.org\",\"@graph\":[{\"@type\":\"WebSite\",\"@id\":\"http:\/\/www.dental-matkovic.com\/en\/#website\",\"url\":\"http:\/\/www.dental-matkovic.com\/en\/\",\"name\":\"Dental Matkovic\",\"description\":\"(Hrvatski) Stomatolo\u0161ka ordinacija Dental Matkovi\u0107, Ba\u0161ka Voda\",\"potentialAction\":[{\"@type\":\"SearchAction\",\"target\":{\"@type\":\"EntryPoint\",\"urlTemplate\":\"http:\/\/www.dental-matkovic.com\/en\/?s={search_term_string}\"},\"query-input\":\"required name=search_term_string\"}],\"inLanguage\":\"it-IT\"},{\"@type\":\"ImageObject\",\"inLanguage\":\"it-IT\",\"@id\":\"https:\/\/www.dental-matkovic.com\/en\/dentalni-wellness#primaryimage\",\"url\":\"http:\/\/www.dental-matkovic.com\/\/wp-content\/uploads\/2015\/06\/imagesC-300x200.jpg\",\"contentUrl\":\"http:\/\/www.dental-matkovic.com\/\/wp-content\/uploads\/2015\/06\/imagesC-300x200.jpg\"},{\"@type\":\"WebPage\",\"@id\":\"https:\/\/www.dental-matkovic.com\/en\/dentalni-wellness\",\"url\":\"https:\/\/www.dental-matkovic.com\/en\/dentalni-wellness\",\"name\":\"[:hr]Dentalni Wellness[:en]Dental Wellness[:de]Dental Wellness[:it]Dental wellness[:] - Dental Matkovic\",\"isPartOf\":{\"@id\":\"http:\/\/www.dental-matkovic.com\/en\/#website\"},\"primaryImageOfPage\":{\"@id\":\"https:\/\/www.dental-matkovic.com\/en\/dentalni-wellness#primaryimage\"},\"datePublished\":\"2015-06-14T20:11:48+00:00\",\"dateModified\":\"2015-06-28T15:33:47+00:00\",\"breadcrumb\":{\"@id\":\"https:\/\/www.dental-matkovic.com\/en\/dentalni-wellness#breadcrumb\"},\"inLanguage\":\"it-IT\",\"potentialAction\":[{\"@type\":\"ReadAction\",\"target\":[\"https:\/\/www.dental-matkovic.com\/en\/dentalni-wellness\"]}]},{\"@type\":\"BreadcrumbList\",\"@id\":\"https:\/\/www.dental-matkovic.com\/en\/dentalni-wellness#breadcrumb\",\"itemListElement\":[{\"@type\":\"ListItem\",\"position\":1,\"name\":\"Home\",\"item\":\"http:\/\/www.dental-matkovic.com\/en\/\"},{\"@type\":\"ListItem\",\"position\":2,\"name\":\"Dental Wellness\"}]}]}<\/script>\n<!-- \/ Yoast SEO plugin. -->","yoast_head_json":{"title":"[:hr]Dentalni Wellness[:en]Dental Wellness[:de]Dental Wellness[:it]Dental wellness[:] - Dental Matkovic","robots":{"index":"index","follow":"follow","max-snippet":"max-snippet:-1","max-image-preview":"max-image-preview:large","max-video-preview":"max-video-preview:-1"},"canonical":"https:\/\/www.dental-matkovic.com\/en\/dentalni-wellness","og_locale":"it_IT","og_type":"article","og_title":"[:hr]Dentalni Wellness[:en]Dental Wellness[:de]Dental Wellness[:it]Dental wellness[:] - Dental Matkovic","og_description":"Un mini trattamento per un colore perfetto dei denti e per un sorriso che brilla? Questo e' il Dental Wellness. Durante gli anni sui nostri denti si accumula il tartaro, e vizi come il fumo, la consumazione di caffe' e di vino rosso non sono benefici per un sorriso smagliante. Noi offriamo un tipo di trattamento estetico chiamato\u00a0Dental Wellness. Si&nbsp;Continue Reading","og_url":"https:\/\/www.dental-matkovic.com\/en\/dentalni-wellness","og_site_name":"Dental Matkovic","article_publisher":"https:\/\/www.facebook.com\/pages\/Dental-implant-Matkovi%c4%87\/832171276837924","article_modified_time":"2015-06-28T15:33:47+00:00","og_image":[{"url":"http:\/\/www.dental-matkovic.com\/\/wp-content\/uploads\/2015\/06\/imagesC-300x200.jpg"}],"twitter_card":"summary","twitter_misc":{"Tempo di lettura stimato":"2 minuti"},"schema":{"@context":"https:\/\/schema.org","@graph":[{"@type":"WebSite","@id":"http:\/\/www.dental-matkovic.com\/en\/#website","url":"http:\/\/www.dental-matkovic.com\/en\/","name":"Dental Matkovic","description":"(Hrvatski) Stomatolo\u0161ka ordinacija Dental Matkovi\u0107, Ba\u0161ka Voda","potentialAction":[{"@type":"SearchAction","target":{"@type":"EntryPoint","urlTemplate":"http:\/\/www.dental-matkovic.com\/en\/?s={search_term_string}"},"query-input":"required name=search_term_string"}],"inLanguage":"it-IT"},{"@type":"ImageObject","inLanguage":"it-IT","@id":"https:\/\/www.dental-matkovic.com\/en\/dentalni-wellness#primaryimage","url":"http:\/\/www.dental-matkovic.com\/\/wp-content\/uploads\/2015\/06\/imagesC-300x200.jpg","contentUrl":"http:\/\/www.dental-matkovic.com\/\/wp-content\/uploads\/2015\/06\/imagesC-300x200.jpg"},{"@type":"WebPage","@id":"https:\/\/www.dental-matkovic.com\/en\/dentalni-wellness","url":"https:\/\/www.dental-matkovic.com\/en\/dentalni-wellness","name":"[:hr]Dentalni Wellness[:en]Dental Wellness[:de]Dental Wellness[:it]Dental wellness[:] - Dental Matkovic","isPartOf":{"@id":"http:\/\/www.dental-matkovic.com\/en\/#website"},"primaryImageOfPage":{"@id":"https:\/\/www.dental-matkovic.com\/en\/dentalni-wellness#primaryimage"},"datePublished":"2015-06-14T20:11:48+00:00","dateModified":"2015-06-28T15:33:47+00:00","breadcrumb":{"@id":"https:\/\/www.dental-matkovic.com\/en\/dentalni-wellness#breadcrumb"},"inLanguage":"it-IT","potentialAction":[{"@type":"ReadAction","target":["https:\/\/www.dental-matkovic.com\/en\/dentalni-wellness"]}]},{"@type":"BreadcrumbList","@id":"https:\/\/www.dental-matkovic.com\/en\/dentalni-wellness#breadcrumb","itemListElement":[{"@type":"ListItem","position":1,"name":"Home","item":"http:\/\/www.dental-matkovic.com\/en\/"},{"@type":"ListItem","position":2,"name":"Dental Wellness"}]}]}},"_links":{"self":[{"href":"http:\/\/www.dental-matkovic.com\/it\/wp-json\/wp\/v2\/pages\/347"}],"collection":[{"href":"http:\/\/www.dental-matkovic.com\/it\/wp-json\/wp\/v2\/pages"}],"about":[{"href":"http:\/\/www.dental-matkovic.com\/it\/wp-json\/wp\/v2\/types\/page"}],"author":[{"embeddable":true,"href":"http:\/\/www.dental-matkovic.com\/it\/wp-json\/wp\/v2\/users\/1"}],"replies":[{"embeddable":true,"href":"http:\/\/www.dental-matkovic.com\/it\/wp-json\/wp\/v2\/comments?post=347"}],"version-history":[{"count":0,"href":"http:\/\/www.dental-matkovic.com\/it\/wp-json\/wp\/v2\/pages\/347\/revisions"}],"wp:attachment":[{"href":"http:\/\/www.dental-matkovic.com\/it\/wp-json\/wp\/v2\/media?parent=347"}],"curies":[{"name":"wp","href":"https:\/\/api.w.org\/{rel}","templated":true}]}}