{"id":354,"date":"2015-06-14T20:15:59","date_gmt":"2015-06-14T20:15:59","guid":{"rendered":"http:\/\/www.dental-matkovic.com\/\/?page_id=354"},"modified":"2015-06-28T16:13:22","modified_gmt":"2015-06-28T16:13:22","slug":"inlay","status":"publish","type":"page","link":"http:\/\/www.dental-matkovic.com\/it\/inlay","title":{"rendered":"Inlay, Onlay, Overlay"},"content":{"rendered":"<img loading=\"lazy\" class=\" size-full wp-image-586 alignleft\" src=\"http:\/\/www.dental-matkovic.com\/\/wp-content\/uploads\/2015\/06\/tooth_inlays_onlays.jpg\" srcset=\"http:\/\/www.dental-matkovic.com\/\/wp-content\/uploads\/2015\/06\/tooth_inlays_onlays.jpg 229w\" alt=\"tooth_inlays_onlays\" width=\"229\" height=\"266\" sizes=\"(max-width: 229px) 100vw, 229px\" \/>Dopo la rimozione della carie e la preparazione del dente, l'odontotecnico a base dell'impronta costruisce <strong>un'intarsio in ceramica<\/strong> che successivamente viene cementato permanentemente sul dente. Con l'aiuto dell'intarsio conseguiamo la massima robustezza del dente e un risultato estetico invidiabile. Gli intarsi (<strong>inlay, onlay, overlay<\/strong>) sono restauri estetici che vengono utilizzati nei casi in cui ci siano lesioni cariose vaste,dove non abbiamo abbastanza tessuti dentali per creare un otturazione in composito, ma il danno al dente non \u00e8 cos\u00ec grande da richiedere la costruzione di corone dentali.<br \/>\nVengono realizzati con metodo indiretto nel laboratorio odontotecnico..<\/p>\n<p>&nbsp;","protected":false},"excerpt":{"rendered":"<p>Dopo la rimozione della carie e la preparazione del dente, l'odontotecnico a base dell'impronta costruisce un'intarsio in ceramica che successivamente viene cementato permanentemente sul dente. Con l'aiuto dell'intarsio conseguiamo la massima robustezza del dente e un risultato estetico invidiabile. Gli intarsi (inlay, onlay, overlay) sono restauri estetici che vengono utilizzati nei casi in cui ci siano lesioni cariose vaste,dove non&nbsp;<a href=\"http:\/\/www.dental-matkovic.com\/it\/inlay\" class=\"read-more\">Continue Reading<\/a><\/p>\n","protected":false},"author":1,"featured_media":0,"parent":0,"menu_order":0,"comment_status":"open","ping_status":"open","template":"","meta":[],"acf":[],"yoast_head":"<!-- This site is optimized with the Yoast SEO plugin v19.3 - https:\/\/yoast.com\/wordpress\/plugins\/seo\/ -->\n<title>Inlay, Onlay, Overlay - Dental Matkovic<\/title>\n<meta name=\"robots\" content=\"index, follow, max-snippet:-1, max-image-preview:large, max-video-preview:-1\" \/>\n<link rel=\"canonical\" href=\"http:\/\/www.dental-matkovic.com\/en\/inlay\" \/>\n<meta property=\"og:locale\" content=\"it_IT\" \/>\n<meta property=\"og:type\" content=\"article\" \/>\n<meta property=\"og:title\" content=\"Inlay, Onlay, Overlay - Dental Matkovic\" \/>\n<meta property=\"og:description\" content=\"Dopo la rimozione della carie e la preparazione del dente, l&#039;odontotecnico a base dell&#039;impronta costruisce un&#039;intarsio in ceramica che successivamente viene cementato permanentemente sul dente. Con l&#039;aiuto dell&#039;intarsio conseguiamo la massima robustezza del dente e un risultato estetico invidiabile. Gli intarsi (inlay, onlay, overlay) sono restauri estetici che vengono utilizzati nei casi in cui ci siano lesioni cariose vaste,dove non&nbsp;Continue Reading\" \/>\n<meta property=\"og:url\" content=\"http:\/\/www.dental-matkovic.com\/en\/inlay\" \/>\n<meta property=\"og:site_name\" content=\"Dental Matkovic\" \/>\n<meta property=\"article:publisher\" content=\"https:\/\/www.facebook.com\/pages\/Dental-implant-Matkovi%c4%87\/832171276837924\" \/>\n<meta property=\"article:modified_time\" content=\"2015-06-28T16:13:22+00:00\" \/>\n<meta property=\"og:image\" content=\"http:\/\/www.dental-matkovic.com\/\/wp-content\/uploads\/2015\/06\/tooth_inlays_onlays.jpg\" \/>\n<meta name=\"twitter:card\" content=\"summary\" \/>\n<meta name=\"twitter:label1\" content=\"Tempo di lettura stimato\" \/>\n\t<meta name=\"twitter:data1\" content=\"2 minuti\" \/>\n<script type=\"application\/ld+json\" class=\"yoast-schema-graph\">{\"@context\":\"https:\/\/schema.org\",\"@graph\":[{\"@type\":\"WebSite\",\"@id\":\"http:\/\/www.dental-matkovic.com\/it\/#website\",\"url\":\"http:\/\/www.dental-matkovic.com\/it\/\",\"name\":\"Dental Matkovic\",\"description\":\"(Hrvatski) Stomatolo\u0161ka ordinacija Dental Matkovi\u0107, Ba\u0161ka Voda\",\"potentialAction\":[{\"@type\":\"SearchAction\",\"target\":{\"@type\":\"EntryPoint\",\"urlTemplate\":\"http:\/\/www.dental-matkovic.com\/it\/?s={search_term_string}\"},\"query-input\":\"required name=search_term_string\"}],\"inLanguage\":\"it-IT\"},{\"@type\":\"ImageObject\",\"inLanguage\":\"it-IT\",\"@id\":\"http:\/\/www.dental-matkovic.com\/en\/inlay#primaryimage\",\"url\":\"http:\/\/www.dental-matkovic.com\/\/wp-content\/uploads\/2015\/06\/tooth_inlays_onlays.jpg\",\"contentUrl\":\"http:\/\/www.dental-matkovic.com\/\/wp-content\/uploads\/2015\/06\/tooth_inlays_onlays.jpg\"},{\"@type\":\"WebPage\",\"@id\":\"http:\/\/www.dental-matkovic.com\/en\/inlay\",\"url\":\"http:\/\/www.dental-matkovic.com\/en\/inlay\",\"name\":\"Inlay, Onlay, Overlay - Dental Matkovic\",\"isPartOf\":{\"@id\":\"http:\/\/www.dental-matkovic.com\/it\/#website\"},\"primaryImageOfPage\":{\"@id\":\"http:\/\/www.dental-matkovic.com\/en\/inlay#primaryimage\"},\"datePublished\":\"2015-06-14T20:15:59+00:00\",\"dateModified\":\"2015-06-28T16:13:22+00:00\",\"breadcrumb\":{\"@id\":\"http:\/\/www.dental-matkovic.com\/en\/inlay#breadcrumb\"},\"inLanguage\":\"it-IT\",\"potentialAction\":[{\"@type\":\"ReadAction\",\"target\":[\"http:\/\/www.dental-matkovic.com\/en\/inlay\"]}]},{\"@type\":\"BreadcrumbList\",\"@id\":\"http:\/\/www.dental-matkovic.com\/en\/inlay#breadcrumb\",\"itemListElement\":[{\"@type\":\"ListItem\",\"position\":1,\"name\":\"Home\",\"item\":\"https:\/\/www.dental-matkovic.com\/\"},{\"@type\":\"ListItem\",\"position\":2,\"name\":\"Inlay, Onlay, Overlay\"}]}]}<\/script>\n<!-- \/ Yoast SEO plugin. -->","yoast_head_json":{"title":"Inlay, Onlay, Overlay - Dental Matkovic","robots":{"index":"index","follow":"follow","max-snippet":"max-snippet:-1","max-image-preview":"max-image-preview:large","max-video-preview":"max-video-preview:-1"},"canonical":"http:\/\/www.dental-matkovic.com\/en\/inlay","og_locale":"it_IT","og_type":"article","og_title":"Inlay, Onlay, Overlay - Dental Matkovic","og_description":"Dopo la rimozione della carie e la preparazione del dente, l'odontotecnico a base dell'impronta costruisce un'intarsio in ceramica che successivamente viene cementato permanentemente sul dente. Con l'aiuto dell'intarsio conseguiamo la massima robustezza del dente e un risultato estetico invidiabile. Gli intarsi (inlay, onlay, overlay) sono restauri estetici che vengono utilizzati nei casi in cui ci siano lesioni cariose vaste,dove non&nbsp;Continue Reading","og_url":"http:\/\/www.dental-matkovic.com\/en\/inlay","og_site_name":"Dental Matkovic","article_publisher":"https:\/\/www.facebook.com\/pages\/Dental-implant-Matkovi%c4%87\/832171276837924","article_modified_time":"2015-06-28T16:13:22+00:00","og_image":[{"url":"http:\/\/www.dental-matkovic.com\/\/wp-content\/uploads\/2015\/06\/tooth_inlays_onlays.jpg"}],"twitter_card":"summary","twitter_misc":{"Tempo di lettura stimato":"2 minuti"},"schema":{"@context":"https:\/\/schema.org","@graph":[{"@type":"WebSite","@id":"http:\/\/www.dental-matkovic.com\/it\/#website","url":"http:\/\/www.dental-matkovic.com\/it\/","name":"Dental Matkovic","description":"(Hrvatski) Stomatolo\u0161ka ordinacija Dental Matkovi\u0107, Ba\u0161ka Voda","potentialAction":[{"@type":"SearchAction","target":{"@type":"EntryPoint","urlTemplate":"http:\/\/www.dental-matkovic.com\/it\/?s={search_term_string}"},"query-input":"required name=search_term_string"}],"inLanguage":"it-IT"},{"@type":"ImageObject","inLanguage":"it-IT","@id":"http:\/\/www.dental-matkovic.com\/en\/inlay#primaryimage","url":"http:\/\/www.dental-matkovic.com\/\/wp-content\/uploads\/2015\/06\/tooth_inlays_onlays.jpg","contentUrl":"http:\/\/www.dental-matkovic.com\/\/wp-content\/uploads\/2015\/06\/tooth_inlays_onlays.jpg"},{"@type":"WebPage","@id":"http:\/\/www.dental-matkovic.com\/en\/inlay","url":"http:\/\/www.dental-matkovic.com\/en\/inlay","name":"Inlay, Onlay, Overlay - Dental Matkovic","isPartOf":{"@id":"http:\/\/www.dental-matkovic.com\/it\/#website"},"primaryImageOfPage":{"@id":"http:\/\/www.dental-matkovic.com\/en\/inlay#primaryimage"},"datePublished":"2015-06-14T20:15:59+00:00","dateModified":"2015-06-28T16:13:22+00:00","breadcrumb":{"@id":"http:\/\/www.dental-matkovic.com\/en\/inlay#breadcrumb"},"inLanguage":"it-IT","potentialAction":[{"@type":"ReadAction","target":["http:\/\/www.dental-matkovic.com\/en\/inlay"]}]},{"@type":"BreadcrumbList","@id":"http:\/\/www.dental-matkovic.com\/en\/inlay#breadcrumb","itemListElement":[{"@type":"ListItem","position":1,"name":"Home","item":"https:\/\/www.dental-matkovic.com\/"},{"@type":"ListItem","position":2,"name":"Inlay, Onlay, Overlay"}]}]}},"_links":{"self":[{"href":"http:\/\/www.dental-matkovic.com\/it\/wp-json\/wp\/v2\/pages\/354"}],"collection":[{"href":"http:\/\/www.dental-matkovic.com\/it\/wp-json\/wp\/v2\/pages"}],"about":[{"href":"http:\/\/www.dental-matkovic.com\/it\/wp-json\/wp\/v2\/types\/page"}],"author":[{"embeddable":true,"href":"http:\/\/www.dental-matkovic.com\/it\/wp-json\/wp\/v2\/users\/1"}],"replies":[{"embeddable":true,"href":"http:\/\/www.dental-matkovic.com\/it\/wp-json\/wp\/v2\/comments?post=354"}],"version-history":[{"count":0,"href":"http:\/\/www.dental-matkovic.com\/it\/wp-json\/wp\/v2\/pages\/354\/revisions"}],"wp:attachment":[{"href":"http:\/\/www.dental-matkovic.com\/it\/wp-json\/wp\/v2\/media?parent=354"}],"curies":[{"name":"wp","href":"https:\/\/api.w.org\/{rel}","templated":true}]}}