{"id":356,"date":"2015-06-14T20:16:27","date_gmt":"2015-06-14T20:16:27","guid":{"rendered":"http:\/\/www.dental-matkovic.com\/\/?page_id=356"},"modified":"2015-06-28T16:28:23","modified_gmt":"2015-06-28T16:28:23","slug":"zubni-nakit","status":"publish","type":"page","link":"http:\/\/www.dental-matkovic.com\/it\/zubni-nakit","title":{"rendered":"I gioielli dentali"},"content":{"rendered":"<img loading=\"lazy\" class=\"alignright size-full wp-image-609\" src=\"http:\/\/www.dental-matkovic.com\/\/wp-content\/uploads\/2015\/06\/28fe65a617264f79e86a6cc5fe944963.jpg\" srcset=\"http:\/\/www.dental-matkovic.com\/\/wp-content\/uploads\/2015\/06\/28fe65a617264f79e86a6cc5fe944963-150x150.jpg 150w, http:\/\/www.dental-matkovic.com\/\/wp-content\/uploads\/2015\/06\/28fe65a617264f79e86a6cc5fe944963.jpg 236w\" alt=\"28fe65a617264f79e86a6cc5fe944963\" width=\"236\" height=\"236\" sizes=\"(max-width: 236px) 100vw, 236px\" \/>Se volete rendere il vostro sorriso ancora pi\u00f9 luminoso ed attraente, e sottolineare la propria personalit\u00e0, potete scegliere di applicare sul dente un<strong>gioiello dentale<\/strong>. L'applicazione del gioiello dentale sul dente \u00e8 una procedura puramente cosmetica ed e' materia di decisione personale di ciascun individuo. A seconda dei desideri sul dente pu\u00f2 venir applicata una <strong>vera pietra preziosa o lo zirconio<\/strong>. Gli zirconi sono disponibili in vari colori e possono essere attaccati sul dente che si desidera (discretamente o distintamente).<\/p>\n<p>L'applicazione dei gioielli dentali sul dente non \u00e8 dannosa per la salute, perch\u00e9 sono gioielli realizzati appositamente per questo; il materiale che viene utilizzato per l'applicazione dei gioielli dentali viene solitamente utilizzato nell' odontoiatria, ed il processo di attaccatura dei gioielli dentali sul dente non \u00e8 invasivo dato che il dente non va' limato e non viene danneggiato lo smalto dentale.<\/p>\n<p>I gioielli denti vengono applicati con legami chimici attraverso adesivi. L'igiene orale viene mantenuta con lo spazzolino da denti e dentifricio,come al solito, per prevenire l'insorgenza della placca dentale. Se si desidera rimuovere gioielli dentale con denti che pu\u00f2 essere fatto molto facilmente con delicatezza asportare gioielli da denti senza danneggiare lo smalto del dente \u00e8 lucido, e poi applicare uno smalto liquido.<\/p>\n<p>&nbsp;","protected":false},"excerpt":{"rendered":"<p>Se volete rendere il vostro sorriso ancora pi\u00f9 luminoso ed attraente, e sottolineare la propria personalit\u00e0, potete scegliere di applicare sul dente ungioiello dentale. L'applicazione del gioiello dentale sul dente \u00e8 una procedura puramente cosmetica ed e' materia di decisione personale di ciascun individuo. A seconda dei desideri sul dente pu\u00f2 venir applicata una vera pietra preziosa o lo zirconio.&nbsp;<a href=\"http:\/\/www.dental-matkovic.com\/it\/zubni-nakit\" class=\"read-more\">Continue Reading<\/a><\/p>\n","protected":false},"author":1,"featured_media":0,"parent":0,"menu_order":0,"comment_status":"open","ping_status":"open","template":"","meta":[],"acf":[],"yoast_head":"<!-- This site is optimized with the Yoast SEO plugin v19.3 - https:\/\/yoast.com\/wordpress\/plugins\/seo\/ -->\n<title>I gioielli dentali - Dental Matkovic<\/title>\n<meta name=\"robots\" content=\"index, follow, max-snippet:-1, max-image-preview:large, max-video-preview:-1\" \/>\n<link rel=\"canonical\" href=\"http:\/\/www.dental-matkovic.com\/it\/zubni-nakit\" \/>\n<meta property=\"og:locale\" content=\"it_IT\" \/>\n<meta property=\"og:type\" content=\"article\" \/>\n<meta property=\"og:title\" content=\"[:hr]Zubni Nakit[:en]Tooth Jewellery[:de]Zahnschmuck[:it]I gioielli dentali[:] - Dental Matkovic\" \/>\n<meta property=\"og:description\" content=\"Se volete rendere il vostro sorriso ancora pi\u00f9 luminoso ed attraente, e sottolineare la propria personalit\u00e0, potete scegliere di applicare sul dente ungioiello dentale. L&#039;applicazione del gioiello dentale sul dente \u00e8 una procedura puramente cosmetica ed e&#039; materia di decisione personale di ciascun individuo. A seconda dei desideri sul dente pu\u00f2 venir applicata una vera pietra preziosa o lo zirconio.&nbsp;Continue Reading\" \/>\n<meta property=\"og:url\" content=\"http:\/\/www.dental-matkovic.com\/it\/zubni-nakit\" \/>\n<meta property=\"og:site_name\" content=\"Dental Matkovic\" \/>\n<meta property=\"article:publisher\" content=\"https:\/\/www.facebook.com\/pages\/Dental-implant-Matkovi%c4%87\/832171276837924\" \/>\n<meta property=\"article:modified_time\" content=\"2015-06-28T16:28:23+00:00\" \/>\n<meta property=\"og:image\" content=\"http:\/\/www.dental-matkovic.com\/\/wp-content\/uploads\/2015\/06\/28fe65a617264f79e86a6cc5fe944963.jpg\" \/>\n<meta name=\"twitter:card\" content=\"summary\" \/>\n<meta name=\"twitter:label1\" content=\"Tempo di lettura stimato\" \/>\n\t<meta name=\"twitter:data1\" content=\"3 minuti\" \/>\n<script type=\"application\/ld+json\" class=\"yoast-schema-graph\">{\"@context\":\"https:\/\/schema.org\",\"@graph\":[{\"@type\":\"WebSite\",\"@id\":\"http:\/\/www.dental-matkovic.com\/#website\",\"url\":\"http:\/\/www.dental-matkovic.com\/\",\"name\":\"Dental Matkovic\",\"description\":\"(Hrvatski) Stomatolo\u0161ka ordinacija Dental Matkovi\u0107, Ba\u0161ka Voda\",\"potentialAction\":[{\"@type\":\"SearchAction\",\"target\":{\"@type\":\"EntryPoint\",\"urlTemplate\":\"http:\/\/www.dental-matkovic.com\/?s={search_term_string}\"},\"query-input\":\"required name=search_term_string\"}],\"inLanguage\":\"it-IT\"},{\"@type\":\"ImageObject\",\"inLanguage\":\"it-IT\",\"@id\":\"http:\/\/www.dental-matkovic.com\/it\/zubni-nakit#primaryimage\",\"url\":\"http:\/\/www.dental-matkovic.com\/\/wp-content\/uploads\/2015\/06\/28fe65a617264f79e86a6cc5fe944963.jpg\",\"contentUrl\":\"http:\/\/www.dental-matkovic.com\/\/wp-content\/uploads\/2015\/06\/28fe65a617264f79e86a6cc5fe944963.jpg\"},{\"@type\":\"WebPage\",\"@id\":\"http:\/\/www.dental-matkovic.com\/it\/zubni-nakit\",\"url\":\"http:\/\/www.dental-matkovic.com\/it\/zubni-nakit\",\"name\":\"[:hr]Zubni Nakit[:en]Tooth Jewellery[:de]Zahnschmuck[:it]I gioielli dentali[:] - Dental Matkovic\",\"isPartOf\":{\"@id\":\"http:\/\/www.dental-matkovic.com\/#website\"},\"primaryImageOfPage\":{\"@id\":\"http:\/\/www.dental-matkovic.com\/it\/zubni-nakit#primaryimage\"},\"datePublished\":\"2015-06-14T20:16:27+00:00\",\"dateModified\":\"2015-06-28T16:28:23+00:00\",\"breadcrumb\":{\"@id\":\"http:\/\/www.dental-matkovic.com\/it\/zubni-nakit#breadcrumb\"},\"inLanguage\":\"it-IT\",\"potentialAction\":[{\"@type\":\"ReadAction\",\"target\":[\"http:\/\/www.dental-matkovic.com\/it\/zubni-nakit\"]}]},{\"@type\":\"BreadcrumbList\",\"@id\":\"http:\/\/www.dental-matkovic.com\/it\/zubni-nakit#breadcrumb\",\"itemListElement\":[{\"@type\":\"ListItem\",\"position\":1,\"name\":\"Home\",\"item\":\"http:\/\/www.dental-matkovic.com\/\"},{\"@type\":\"ListItem\",\"position\":2,\"name\":\"I gioielli dentali\"}]}]}<\/script>\n<!-- \/ Yoast SEO plugin. -->","yoast_head_json":{"title":"[:hr]Zubni Nakit[:en]Tooth Jewellery[:de]Zahnschmuck[:it]I gioielli dentali[:] - Dental Matkovic","robots":{"index":"index","follow":"follow","max-snippet":"max-snippet:-1","max-image-preview":"max-image-preview:large","max-video-preview":"max-video-preview:-1"},"canonical":"http:\/\/www.dental-matkovic.com\/it\/zubni-nakit","og_locale":"it_IT","og_type":"article","og_title":"[:hr]Zubni Nakit[:en]Tooth Jewellery[:de]Zahnschmuck[:it]I gioielli dentali[:] - Dental Matkovic","og_description":"Se volete rendere il vostro sorriso ancora pi\u00f9 luminoso ed attraente, e sottolineare la propria personalit\u00e0, potete scegliere di applicare sul dente ungioiello dentale. L'applicazione del gioiello dentale sul dente \u00e8 una procedura puramente cosmetica ed e' materia di decisione personale di ciascun individuo. A seconda dei desideri sul dente pu\u00f2 venir applicata una vera pietra preziosa o lo zirconio.&nbsp;Continue Reading","og_url":"http:\/\/www.dental-matkovic.com\/it\/zubni-nakit","og_site_name":"Dental Matkovic","article_publisher":"https:\/\/www.facebook.com\/pages\/Dental-implant-Matkovi%c4%87\/832171276837924","article_modified_time":"2015-06-28T16:28:23+00:00","og_image":[{"url":"http:\/\/www.dental-matkovic.com\/\/wp-content\/uploads\/2015\/06\/28fe65a617264f79e86a6cc5fe944963.jpg"}],"twitter_card":"summary","twitter_misc":{"Tempo di lettura stimato":"3 minuti"},"schema":{"@context":"https:\/\/schema.org","@graph":[{"@type":"WebSite","@id":"http:\/\/www.dental-matkovic.com\/#website","url":"http:\/\/www.dental-matkovic.com\/","name":"Dental Matkovic","description":"(Hrvatski) Stomatolo\u0161ka ordinacija Dental Matkovi\u0107, Ba\u0161ka Voda","potentialAction":[{"@type":"SearchAction","target":{"@type":"EntryPoint","urlTemplate":"http:\/\/www.dental-matkovic.com\/?s={search_term_string}"},"query-input":"required name=search_term_string"}],"inLanguage":"it-IT"},{"@type":"ImageObject","inLanguage":"it-IT","@id":"http:\/\/www.dental-matkovic.com\/it\/zubni-nakit#primaryimage","url":"http:\/\/www.dental-matkovic.com\/\/wp-content\/uploads\/2015\/06\/28fe65a617264f79e86a6cc5fe944963.jpg","contentUrl":"http:\/\/www.dental-matkovic.com\/\/wp-content\/uploads\/2015\/06\/28fe65a617264f79e86a6cc5fe944963.jpg"},{"@type":"WebPage","@id":"http:\/\/www.dental-matkovic.com\/it\/zubni-nakit","url":"http:\/\/www.dental-matkovic.com\/it\/zubni-nakit","name":"[:hr]Zubni Nakit[:en]Tooth Jewellery[:de]Zahnschmuck[:it]I gioielli dentali[:] - Dental Matkovic","isPartOf":{"@id":"http:\/\/www.dental-matkovic.com\/#website"},"primaryImageOfPage":{"@id":"http:\/\/www.dental-matkovic.com\/it\/zubni-nakit#primaryimage"},"datePublished":"2015-06-14T20:16:27+00:00","dateModified":"2015-06-28T16:28:23+00:00","breadcrumb":{"@id":"http:\/\/www.dental-matkovic.com\/it\/zubni-nakit#breadcrumb"},"inLanguage":"it-IT","potentialAction":[{"@type":"ReadAction","target":["http:\/\/www.dental-matkovic.com\/it\/zubni-nakit"]}]},{"@type":"BreadcrumbList","@id":"http:\/\/www.dental-matkovic.com\/it\/zubni-nakit#breadcrumb","itemListElement":[{"@type":"ListItem","position":1,"name":"Home","item":"http:\/\/www.dental-matkovic.com\/"},{"@type":"ListItem","position":2,"name":"I gioielli dentali"}]}]}},"_links":{"self":[{"href":"http:\/\/www.dental-matkovic.com\/it\/wp-json\/wp\/v2\/pages\/356"}],"collection":[{"href":"http:\/\/www.dental-matkovic.com\/it\/wp-json\/wp\/v2\/pages"}],"about":[{"href":"http:\/\/www.dental-matkovic.com\/it\/wp-json\/wp\/v2\/types\/page"}],"author":[{"embeddable":true,"href":"http:\/\/www.dental-matkovic.com\/it\/wp-json\/wp\/v2\/users\/1"}],"replies":[{"embeddable":true,"href":"http:\/\/www.dental-matkovic.com\/it\/wp-json\/wp\/v2\/comments?post=356"}],"version-history":[{"count":0,"href":"http:\/\/www.dental-matkovic.com\/it\/wp-json\/wp\/v2\/pages\/356\/revisions"}],"wp:attachment":[{"href":"http:\/\/www.dental-matkovic.com\/it\/wp-json\/wp\/v2\/media?parent=356"}],"curies":[{"name":"wp","href":"https:\/\/api.w.org\/{rel}","templated":true}]}}