{"id":447,"date":"2015-06-20T16:44:55","date_gmt":"2015-06-20T16:44:55","guid":{"rendered":"http:\/\/www.dental-matkovic.com\/\/?page_id=447"},"modified":"2015-07-23T12:19:12","modified_gmt":"2015-07-23T12:19:12","slug":"fiksna-protetika","status":"publish","type":"page","link":"http:\/\/www.dental-matkovic.com\/it\/fiksna-protetika","title":{"rendered":"Protesi fisse"},"content":{"rendered":"<div class=\"itemIntroText\">\n<p>Prima o poi, ci troviamo di fronte alla perdita dei denti o la perdita kv\u017eica sulla superficie masticatoria dei molari e premolari.<\/p>\n<\/div>\n<div class=\"itemFullText\">\n<p>Per quei denti indietro funzione che permette di masticazione, igiene, e la testa anche statica devono essere ricostruiti. Fortunatamente per i materiali di oggi con alto estetico e molto preciso.<\/p>\n<p><strong>Shell prima porcellana<\/strong><\/p>\n<p>Gusci in porcellana (laminati,-venerr e) sono piastrelle sottili che sono incollati al minimo o farcite superfici facciali nepreparirane dei denti, a seconda delle indicazioni. Essi sono per loro stessa struttura simile allo smalto, e consideriamo il restauro smalto. \u00c8 per questo che con le coperture di porcellana pu\u00f2 raggiungere estetica superiore e soluzioni di riabilitazione funzionale ... A pagina procedure estetiche e dg funzionale. e TH.<\/p>\n<p><strong>Secondo Corone e ponti<\/strong><\/p>\n<p>Corone e ponti sono ideali per la ricostruzione delle otturazioni fratturati e grandi denti danneggiati. Dopo la perdita dei denti, \u00e8 importante soppiantare i denti causa uno spostamento di denti adiacenti in modo non fisiologico nello spazio, e con essa arriva un cambiamento ATM. .... Ulteriori informazioni a pagina Funzione esimo.<\/p>\n<p>indicazioni per fare corone sono: -zubi indebolito grandi otturazioni dei denti -ricostruzione fraktruriranih endodonzia -protezione denti trattati -quando necessarie per creare un ponte<\/p>\n<p><strong>3 \u00b0 Pune porcellana e zirconio corone<\/strong><\/p>\n<p>Emax Ceramica, che si compone di disilicato di litio e pu\u00f2 essere fatto o la camma stampa tecnica CAT fresatura. Voi corone di porcellana in zirconio sono fatti computerizzato tecnica cat-cam di blocchi zircone controllata americana decente (produttore Amman Girbach). Quindi non hanno un'anima in metallo e quindi ottenere un miglior risultato estetico.<\/p>\n<p>L'obiettivo finale \u00e8 quello di realizzare un'estetica armoniosa e soprattutto riabilitazione funzionale della cavit\u00e0 orale.<\/p>\n<p><strong>Corone e ponti 4 metallo e ceramica zlatnokerami\u010dke<\/strong><\/p>\n<p>Questi tipi di corone sono utilizzati per molti anni nella protesi. La loro funzione \u00e8 di leghe nobili, titanio o in oro a cui \u00e8 applicato in strati di porcellana.<\/p>\n<\/div>","protected":false},"excerpt":{"rendered":"<p>Prima o poi, ci troviamo di fronte alla perdita dei denti o la perdita kv\u017eica sulla superficie masticatoria dei molari e premolari. Per quei denti indietro funzione che permette di masticazione, igiene, e la testa anche statica devono essere ricostruiti. Fortunatamente per i materiali di oggi con alto estetico e molto preciso. Shell prima porcellana Gusci in porcellana (laminati,-venerr e)&nbsp;<a href=\"http:\/\/www.dental-matkovic.com\/it\/fiksna-protetika\" class=\"read-more\">Continue Reading<\/a><\/p>\n","protected":false},"author":1,"featured_media":0,"parent":0,"menu_order":0,"comment_status":"open","ping_status":"open","template":"","meta":[],"acf":[],"yoast_head":"<!-- This site is optimized with the Yoast SEO plugin v19.3 - https:\/\/yoast.com\/wordpress\/plugins\/seo\/ -->\n<title>Protesi fisse - Dental Matkovic<\/title>\n<meta name=\"robots\" content=\"index, follow, max-snippet:-1, max-image-preview:large, max-video-preview:-1\" \/>\n<link rel=\"canonical\" href=\"http:\/\/www.dental-matkovic.com\/en\/fiksna-protetika\" \/>\n<meta property=\"og:locale\" content=\"it_IT\" \/>\n<meta property=\"og:type\" content=\"article\" \/>\n<meta property=\"og:title\" content=\"[:hr]Fiksna Protetika[:en]Fixed Prosthodontics[:de]Festsitzender Zahnersatz[:it]Protesi fisse[:] - Dental Matkovic\" \/>\n<meta property=\"og:description\" content=\"Prima o poi, ci troviamo di fronte alla perdita dei denti o la perdita kv\u017eica sulla superficie masticatoria dei molari e premolari. Per quei denti indietro funzione che permette di masticazione, igiene, e la testa anche statica devono essere ricostruiti. Fortunatamente per i materiali di oggi con alto estetico e molto preciso. Shell prima porcellana Gusci in porcellana (laminati,-venerr e)&nbsp;Continue Reading\" \/>\n<meta property=\"og:url\" content=\"http:\/\/www.dental-matkovic.com\/en\/fiksna-protetika\" \/>\n<meta property=\"og:site_name\" content=\"Dental Matkovic\" \/>\n<meta property=\"article:publisher\" content=\"https:\/\/www.facebook.com\/pages\/Dental-implant-Matkovi%c4%87\/832171276837924\" \/>\n<meta property=\"article:modified_time\" content=\"2015-07-23T12:19:12+00:00\" \/>\n<meta name=\"twitter:card\" content=\"summary\" \/>\n<meta name=\"twitter:label1\" content=\"Tempo di lettura stimato\" \/>\n\t<meta name=\"twitter:data1\" content=\"6 minuti\" \/>\n<script type=\"application\/ld+json\" class=\"yoast-schema-graph\">{\"@context\":\"https:\/\/schema.org\",\"@graph\":[{\"@type\":\"WebSite\",\"@id\":\"http:\/\/www.dental-matkovic.com\/it\/#website\",\"url\":\"http:\/\/www.dental-matkovic.com\/it\/\",\"name\":\"Dental Matkovic\",\"description\":\"(Hrvatski) Stomatolo\u0161ka ordinacija Dental Matkovi\u0107, Ba\u0161ka Voda\",\"potentialAction\":[{\"@type\":\"SearchAction\",\"target\":{\"@type\":\"EntryPoint\",\"urlTemplate\":\"http:\/\/www.dental-matkovic.com\/it\/?s={search_term_string}\"},\"query-input\":\"required name=search_term_string\"}],\"inLanguage\":\"it-IT\"},{\"@type\":\"WebPage\",\"@id\":\"http:\/\/www.dental-matkovic.com\/en\/fiksna-protetika\",\"url\":\"http:\/\/www.dental-matkovic.com\/en\/fiksna-protetika\",\"name\":\"[:hr]Fiksna Protetika[:en]Fixed Prosthodontics[:de]Festsitzender Zahnersatz[:it]Protesi fisse[:] - Dental Matkovic\",\"isPartOf\":{\"@id\":\"http:\/\/www.dental-matkovic.com\/it\/#website\"},\"datePublished\":\"2015-06-20T16:44:55+00:00\",\"dateModified\":\"2015-07-23T12:19:12+00:00\",\"breadcrumb\":{\"@id\":\"http:\/\/www.dental-matkovic.com\/en\/fiksna-protetika#breadcrumb\"},\"inLanguage\":\"it-IT\",\"potentialAction\":[{\"@type\":\"ReadAction\",\"target\":[\"http:\/\/www.dental-matkovic.com\/en\/fiksna-protetika\"]}]},{\"@type\":\"BreadcrumbList\",\"@id\":\"http:\/\/www.dental-matkovic.com\/en\/fiksna-protetika#breadcrumb\",\"itemListElement\":[{\"@type\":\"ListItem\",\"position\":1,\"name\":\"Home\",\"item\":\"https:\/\/www.dental-matkovic.com\/\"},{\"@type\":\"ListItem\",\"position\":2,\"name\":\"Fixed Prosthodontics\"}]}]}<\/script>\n<!-- \/ Yoast SEO plugin. -->","yoast_head_json":{"title":"[:hr]Fiksna Protetika[:en]Fixed Prosthodontics[:de]Festsitzender Zahnersatz[:it]Protesi fisse[:] - Dental Matkovic","robots":{"index":"index","follow":"follow","max-snippet":"max-snippet:-1","max-image-preview":"max-image-preview:large","max-video-preview":"max-video-preview:-1"},"canonical":"http:\/\/www.dental-matkovic.com\/en\/fiksna-protetika","og_locale":"it_IT","og_type":"article","og_title":"[:hr]Fiksna Protetika[:en]Fixed Prosthodontics[:de]Festsitzender Zahnersatz[:it]Protesi fisse[:] - Dental Matkovic","og_description":"Prima o poi, ci troviamo di fronte alla perdita dei denti o la perdita kv\u017eica sulla superficie masticatoria dei molari e premolari. Per quei denti indietro funzione che permette di masticazione, igiene, e la testa anche statica devono essere ricostruiti. Fortunatamente per i materiali di oggi con alto estetico e molto preciso. Shell prima porcellana Gusci in porcellana (laminati,-venerr e)&nbsp;Continue Reading","og_url":"http:\/\/www.dental-matkovic.com\/en\/fiksna-protetika","og_site_name":"Dental Matkovic","article_publisher":"https:\/\/www.facebook.com\/pages\/Dental-implant-Matkovi%c4%87\/832171276837924","article_modified_time":"2015-07-23T12:19:12+00:00","twitter_card":"summary","twitter_misc":{"Tempo di lettura stimato":"6 minuti"},"schema":{"@context":"https:\/\/schema.org","@graph":[{"@type":"WebSite","@id":"http:\/\/www.dental-matkovic.com\/it\/#website","url":"http:\/\/www.dental-matkovic.com\/it\/","name":"Dental Matkovic","description":"(Hrvatski) Stomatolo\u0161ka ordinacija Dental Matkovi\u0107, Ba\u0161ka Voda","potentialAction":[{"@type":"SearchAction","target":{"@type":"EntryPoint","urlTemplate":"http:\/\/www.dental-matkovic.com\/it\/?s={search_term_string}"},"query-input":"required name=search_term_string"}],"inLanguage":"it-IT"},{"@type":"WebPage","@id":"http:\/\/www.dental-matkovic.com\/en\/fiksna-protetika","url":"http:\/\/www.dental-matkovic.com\/en\/fiksna-protetika","name":"[:hr]Fiksna Protetika[:en]Fixed Prosthodontics[:de]Festsitzender Zahnersatz[:it]Protesi fisse[:] - Dental Matkovic","isPartOf":{"@id":"http:\/\/www.dental-matkovic.com\/it\/#website"},"datePublished":"2015-06-20T16:44:55+00:00","dateModified":"2015-07-23T12:19:12+00:00","breadcrumb":{"@id":"http:\/\/www.dental-matkovic.com\/en\/fiksna-protetika#breadcrumb"},"inLanguage":"it-IT","potentialAction":[{"@type":"ReadAction","target":["http:\/\/www.dental-matkovic.com\/en\/fiksna-protetika"]}]},{"@type":"BreadcrumbList","@id":"http:\/\/www.dental-matkovic.com\/en\/fiksna-protetika#breadcrumb","itemListElement":[{"@type":"ListItem","position":1,"name":"Home","item":"https:\/\/www.dental-matkovic.com\/"},{"@type":"ListItem","position":2,"name":"Fixed Prosthodontics"}]}]}},"_links":{"self":[{"href":"http:\/\/www.dental-matkovic.com\/it\/wp-json\/wp\/v2\/pages\/447"}],"collection":[{"href":"http:\/\/www.dental-matkovic.com\/it\/wp-json\/wp\/v2\/pages"}],"about":[{"href":"http:\/\/www.dental-matkovic.com\/it\/wp-json\/wp\/v2\/types\/page"}],"author":[{"embeddable":true,"href":"http:\/\/www.dental-matkovic.com\/it\/wp-json\/wp\/v2\/users\/1"}],"replies":[{"embeddable":true,"href":"http:\/\/www.dental-matkovic.com\/it\/wp-json\/wp\/v2\/comments?post=447"}],"version-history":[{"count":0,"href":"http:\/\/www.dental-matkovic.com\/it\/wp-json\/wp\/v2\/pages\/447\/revisions"}],"wp:attachment":[{"href":"http:\/\/www.dental-matkovic.com\/it\/wp-json\/wp\/v2\/media?parent=447"}],"curies":[{"name":"wp","href":"https:\/\/api.w.org\/{rel}","templated":true}]}}