{"id":450,"date":"2015-06-20T16:46:36","date_gmt":"2015-06-20T16:46:36","guid":{"rendered":"http:\/\/www.dental-matkovic.com\/\/?page_id=450"},"modified":"2015-07-05T19:36:01","modified_gmt":"2015-07-05T19:36:01","slug":"mobilna-protetika","status":"publish","type":"page","link":"http:\/\/www.dental-matkovic.com\/it\/mobilna-protetika","title":{"rendered":"Lavori protesici mobili"},"content":{"rendered":"<h3><strong>Protesi totale<\/strong><\/h3>\n<p><img loading=\"lazy\" class=\"alignleft  wp-image-752\" src=\"http:\/\/www.dental-matkovic.com\/\/wp-content\/uploads\/2015\/06\/Denture-300x247.jpg\" srcset=\"http:\/\/www.dental-matkovic.com\/\/wp-content\/uploads\/2015\/06\/Denture-300x247.jpg 300w, http:\/\/www.dental-matkovic.com\/\/wp-content\/uploads\/2015\/06\/Denture.jpg 450w\" alt=\"Denture\" width=\"169\" height=\"139\" sizes=\"(max-width: 300px) 100vw, 300px\" \/>Protesi totale\u00a0sostituisce tutti i denti nella mascella superiore e \/o inferiore. Nella mascella superiore la base della protesi si appoggia sopra la mucosa e deve la sua tenuta ad un meccanismo di \"vuoto\" che si crea sotto di essa, tra la protesi e la gengiva. Nella mascella inferiore si appoggia sopra la mucosa grazie alla forza gravitazionale e approfittando delle aree della cavit\u00e0 orale dove non c'\u00e8 l'attivit\u00e0 muscolare che la potrebbero sollevare dalla base. Protesi totali vengono fatte di acrilico.<\/p>\n<h3><strong>Protesi parziale<\/strong><\/h3>\n<p><img loading=\"lazy\" class=\"  wp-image-702 alignright\" src=\"http:\/\/www.dental-matkovic.com\/\/wp-content\/uploads\/2015\/06\/partial-denture-roseville-dentist-300x199.jpg\" srcset=\"http:\/\/www.dental-matkovic.com\/\/wp-content\/uploads\/2015\/06\/partial-denture-roseville-dentist-300x199.jpg 300w, http:\/\/www.dental-matkovic.com\/\/wp-content\/uploads\/2015\/06\/partial-denture-roseville-dentist-768x510.jpg 768w, http:\/\/www.dental-matkovic.com\/\/wp-content\/uploads\/2015\/06\/partial-denture-roseville-dentist.jpg 1000w\" alt=\"partial-denture-roseville-dentist\" width=\"274\" height=\"182\" sizes=\"(max-width: 300px) 100vw, 300px\" \/>Protesi parziale sostituisce i denti nella mascella superiore ed inferiore quando non \u00e8 possibile realizzare il ponte cio\u00e8 quando non c'\u00e8 un dente che farebbe da portatore del ponte e non \u00e8 possibile installare un'impianto (per i motivi della salute o per i motivi finanziari). Le protesi parziali vengono fatte di acrilico o wironit.","protected":false},"excerpt":{"rendered":"<p>Protesi totale Protesi totale\u00a0sostituisce tutti i denti nella mascella superiore e \/o inferiore. Nella mascella superiore la base della protesi si appoggia sopra la mucosa e deve la sua tenuta ad un meccanismo di \"vuoto\" che si crea sotto di essa, tra la protesi e la gengiva. Nella mascella inferiore si appoggia sopra la mucosa grazie alla forza gravitazionale e&nbsp;<a href=\"http:\/\/www.dental-matkovic.com\/it\/mobilna-protetika\" class=\"read-more\">Continue Reading<\/a><\/p>\n","protected":false},"author":1,"featured_media":0,"parent":0,"menu_order":0,"comment_status":"open","ping_status":"open","template":"","meta":[],"acf":[],"yoast_head":"<!-- This site is optimized with the Yoast SEO plugin v19.3 - https:\/\/yoast.com\/wordpress\/plugins\/seo\/ -->\n<title>Lavori protesici mobili - Dental Matkovic<\/title>\n<meta name=\"robots\" content=\"index, follow, max-snippet:-1, max-image-preview:large, max-video-preview:-1\" \/>\n<link rel=\"canonical\" href=\"http:\/\/www.dental-matkovic.com\/en\/mobilna-protetika\" \/>\n<meta property=\"og:locale\" content=\"it_IT\" \/>\n<meta property=\"og:type\" content=\"article\" \/>\n<meta property=\"og:title\" content=\"[:hr]Mobilna Protetika[:en]Mobile prosthodontics[:de]Herausnehmbarer Zahnersatz[:it]Lavori protesici mobili[:] - Dental Matkovic\" \/>\n<meta property=\"og:description\" content=\"Protesi totale Protesi totale\u00a0sostituisce tutti i denti nella mascella superiore e \/o inferiore. Nella mascella superiore la base della protesi si appoggia sopra la mucosa e deve la sua tenuta ad un meccanismo di &quot;vuoto&quot; che si crea sotto di essa, tra la protesi e la gengiva. Nella mascella inferiore si appoggia sopra la mucosa grazie alla forza gravitazionale e&nbsp;Continue Reading\" \/>\n<meta property=\"og:url\" content=\"http:\/\/www.dental-matkovic.com\/en\/mobilna-protetika\" \/>\n<meta property=\"og:site_name\" content=\"Dental Matkovic\" \/>\n<meta property=\"article:publisher\" content=\"https:\/\/www.facebook.com\/pages\/Dental-implant-Matkovi%c4%87\/832171276837924\" \/>\n<meta property=\"article:modified_time\" content=\"2015-07-05T19:36:01+00:00\" \/>\n<meta property=\"og:image\" content=\"http:\/\/www.dental-matkovic.com\/\/wp-content\/uploads\/2015\/06\/Denture-300x247.jpg\" \/>\n<meta name=\"twitter:card\" content=\"summary\" \/>\n<meta name=\"twitter:label1\" content=\"Tempo di lettura stimato\" \/>\n\t<meta name=\"twitter:data1\" content=\"3 minuti\" \/>\n<script type=\"application\/ld+json\" class=\"yoast-schema-graph\">{\"@context\":\"https:\/\/schema.org\",\"@graph\":[{\"@type\":\"WebSite\",\"@id\":\"http:\/\/www.dental-matkovic.com\/it\/#website\",\"url\":\"http:\/\/www.dental-matkovic.com\/it\/\",\"name\":\"Dental Matkovic\",\"description\":\"(Hrvatski) Stomatolo\u0161ka ordinacija Dental Matkovi\u0107, Ba\u0161ka Voda\",\"potentialAction\":[{\"@type\":\"SearchAction\",\"target\":{\"@type\":\"EntryPoint\",\"urlTemplate\":\"http:\/\/www.dental-matkovic.com\/it\/?s={search_term_string}\"},\"query-input\":\"required name=search_term_string\"}],\"inLanguage\":\"it-IT\"},{\"@type\":\"ImageObject\",\"inLanguage\":\"it-IT\",\"@id\":\"http:\/\/www.dental-matkovic.com\/en\/mobilna-protetika#primaryimage\",\"url\":\"http:\/\/www.dental-matkovic.com\/\/wp-content\/uploads\/2015\/06\/Denture-300x247.jpg\",\"contentUrl\":\"http:\/\/www.dental-matkovic.com\/\/wp-content\/uploads\/2015\/06\/Denture-300x247.jpg\"},{\"@type\":\"WebPage\",\"@id\":\"http:\/\/www.dental-matkovic.com\/en\/mobilna-protetika\",\"url\":\"http:\/\/www.dental-matkovic.com\/en\/mobilna-protetika\",\"name\":\"[:hr]Mobilna Protetika[:en]Mobile prosthodontics[:de]Herausnehmbarer Zahnersatz[:it]Lavori protesici mobili[:] - Dental Matkovic\",\"isPartOf\":{\"@id\":\"http:\/\/www.dental-matkovic.com\/it\/#website\"},\"primaryImageOfPage\":{\"@id\":\"http:\/\/www.dental-matkovic.com\/en\/mobilna-protetika#primaryimage\"},\"datePublished\":\"2015-06-20T16:46:36+00:00\",\"dateModified\":\"2015-07-05T19:36:01+00:00\",\"breadcrumb\":{\"@id\":\"http:\/\/www.dental-matkovic.com\/en\/mobilna-protetika#breadcrumb\"},\"inLanguage\":\"it-IT\",\"potentialAction\":[{\"@type\":\"ReadAction\",\"target\":[\"http:\/\/www.dental-matkovic.com\/en\/mobilna-protetika\"]}]},{\"@type\":\"BreadcrumbList\",\"@id\":\"http:\/\/www.dental-matkovic.com\/en\/mobilna-protetika#breadcrumb\",\"itemListElement\":[{\"@type\":\"ListItem\",\"position\":1,\"name\":\"Home\",\"item\":\"https:\/\/www.dental-matkovic.com\/\"},{\"@type\":\"ListItem\",\"position\":2,\"name\":\"Mobile prosthodontics\"}]}]}<\/script>\n<!-- \/ Yoast SEO plugin. -->","yoast_head_json":{"title":"[:hr]Mobilna Protetika[:en]Mobile prosthodontics[:de]Herausnehmbarer Zahnersatz[:it]Lavori protesici mobili[:] - Dental Matkovic","robots":{"index":"index","follow":"follow","max-snippet":"max-snippet:-1","max-image-preview":"max-image-preview:large","max-video-preview":"max-video-preview:-1"},"canonical":"http:\/\/www.dental-matkovic.com\/en\/mobilna-protetika","og_locale":"it_IT","og_type":"article","og_title":"[:hr]Mobilna Protetika[:en]Mobile prosthodontics[:de]Herausnehmbarer Zahnersatz[:it]Lavori protesici mobili[:] - Dental Matkovic","og_description":"Protesi totale Protesi totale\u00a0sostituisce tutti i denti nella mascella superiore e \/o inferiore. Nella mascella superiore la base della protesi si appoggia sopra la mucosa e deve la sua tenuta ad un meccanismo di \"vuoto\" che si crea sotto di essa, tra la protesi e la gengiva. Nella mascella inferiore si appoggia sopra la mucosa grazie alla forza gravitazionale e&nbsp;Continue Reading","og_url":"http:\/\/www.dental-matkovic.com\/en\/mobilna-protetika","og_site_name":"Dental Matkovic","article_publisher":"https:\/\/www.facebook.com\/pages\/Dental-implant-Matkovi%c4%87\/832171276837924","article_modified_time":"2015-07-05T19:36:01+00:00","og_image":[{"url":"http:\/\/www.dental-matkovic.com\/\/wp-content\/uploads\/2015\/06\/Denture-300x247.jpg"}],"twitter_card":"summary","twitter_misc":{"Tempo di lettura stimato":"3 minuti"},"schema":{"@context":"https:\/\/schema.org","@graph":[{"@type":"WebSite","@id":"http:\/\/www.dental-matkovic.com\/it\/#website","url":"http:\/\/www.dental-matkovic.com\/it\/","name":"Dental Matkovic","description":"(Hrvatski) Stomatolo\u0161ka ordinacija Dental Matkovi\u0107, Ba\u0161ka Voda","potentialAction":[{"@type":"SearchAction","target":{"@type":"EntryPoint","urlTemplate":"http:\/\/www.dental-matkovic.com\/it\/?s={search_term_string}"},"query-input":"required name=search_term_string"}],"inLanguage":"it-IT"},{"@type":"ImageObject","inLanguage":"it-IT","@id":"http:\/\/www.dental-matkovic.com\/en\/mobilna-protetika#primaryimage","url":"http:\/\/www.dental-matkovic.com\/\/wp-content\/uploads\/2015\/06\/Denture-300x247.jpg","contentUrl":"http:\/\/www.dental-matkovic.com\/\/wp-content\/uploads\/2015\/06\/Denture-300x247.jpg"},{"@type":"WebPage","@id":"http:\/\/www.dental-matkovic.com\/en\/mobilna-protetika","url":"http:\/\/www.dental-matkovic.com\/en\/mobilna-protetika","name":"[:hr]Mobilna Protetika[:en]Mobile prosthodontics[:de]Herausnehmbarer Zahnersatz[:it]Lavori protesici mobili[:] - Dental Matkovic","isPartOf":{"@id":"http:\/\/www.dental-matkovic.com\/it\/#website"},"primaryImageOfPage":{"@id":"http:\/\/www.dental-matkovic.com\/en\/mobilna-protetika#primaryimage"},"datePublished":"2015-06-20T16:46:36+00:00","dateModified":"2015-07-05T19:36:01+00:00","breadcrumb":{"@id":"http:\/\/www.dental-matkovic.com\/en\/mobilna-protetika#breadcrumb"},"inLanguage":"it-IT","potentialAction":[{"@type":"ReadAction","target":["http:\/\/www.dental-matkovic.com\/en\/mobilna-protetika"]}]},{"@type":"BreadcrumbList","@id":"http:\/\/www.dental-matkovic.com\/en\/mobilna-protetika#breadcrumb","itemListElement":[{"@type":"ListItem","position":1,"name":"Home","item":"https:\/\/www.dental-matkovic.com\/"},{"@type":"ListItem","position":2,"name":"Mobile prosthodontics"}]}]}},"_links":{"self":[{"href":"http:\/\/www.dental-matkovic.com\/it\/wp-json\/wp\/v2\/pages\/450"}],"collection":[{"href":"http:\/\/www.dental-matkovic.com\/it\/wp-json\/wp\/v2\/pages"}],"about":[{"href":"http:\/\/www.dental-matkovic.com\/it\/wp-json\/wp\/v2\/types\/page"}],"author":[{"embeddable":true,"href":"http:\/\/www.dental-matkovic.com\/it\/wp-json\/wp\/v2\/users\/1"}],"replies":[{"embeddable":true,"href":"http:\/\/www.dental-matkovic.com\/it\/wp-json\/wp\/v2\/comments?post=450"}],"version-history":[{"count":0,"href":"http:\/\/www.dental-matkovic.com\/it\/wp-json\/wp\/v2\/pages\/450\/revisions"}],"wp:attachment":[{"href":"http:\/\/www.dental-matkovic.com\/it\/wp-json\/wp\/v2\/media?parent=450"}],"curies":[{"name":"wp","href":"https:\/\/api.w.org\/{rel}","templated":true}]}}