{"id":465,"date":"2015-06-20T17:27:16","date_gmt":"2015-06-20T17:27:16","guid":{"rendered":"http:\/\/www.dental-matkovic.com\/\/?page_id=465"},"modified":"2015-07-06T15:28:43","modified_gmt":"2015-07-06T15:28:43","slug":"apikotomija","status":"publish","type":"page","link":"http:\/\/www.dental-matkovic.com\/it\/apikotomija","title":{"rendered":"L&#8217;apicectomia"},"content":{"rendered":"E l'intervento chirurgico dove vengono rimosse dall'osso le cisti o i granulomisulla cima del dente rimuovendo anche parte dell'apice della radice.<\/p>\n<p>L'apicectomia \u00e8 una pratica chirurgica che viene eseguita nel policlinico Imed con la quale vengono rimosse le masse infette (cisti o granulomi) dall' osso nella punta del dente, assieme ad uno strato apicale della radice.<br \/>\nQuesti interventi di chirurgia orale vengono eseguiti nel policlinico Imed dopo aver esaurito tutte le possibilita' di una cura canalare conservativa mentre l'infiammazione (granuloma o cisti) \u00e8 ancora presente, e quando questo rimane l'ultimo modo per salvare il dente. Le cause della formazione di cisti sono diverse, ma la condizione e' la formazione del tessuto epiteliale da cui successivamente si sviluppano le cisti. Le cellule epiteliali si moltiplicano come risultato di un colpo o di un'infiammazione che ha portato alla formazione di crepe. Se in questa fase non si intraprende qualcosa la cisti continua a crescere. Chirurgicamente pu\u00f2 venir rimossa una parte o tutta la cisti.<\/p>\n<p><img loading=\"lazy\" class=\"alignleft size-full wp-image-627\" src=\"http:\/\/www.dental-matkovic.com\/\/wp-content\/uploads\/2015\/06\/apicoectomy.png\" srcset=\"http:\/\/www.dental-matkovic.com\/\/wp-content\/uploads\/2015\/06\/apicoectomy-300x84.png 300w, http:\/\/www.dental-matkovic.com\/\/wp-content\/uploads\/2015\/06\/apicoectomy.png 642w\" alt=\"apicoectomy\" width=\"642\" height=\"180\" sizes=\"(max-width: 642px) 100vw, 642px\" \/>","protected":false},"excerpt":{"rendered":"<p>E l'intervento chirurgico dove vengono rimosse dall'osso le cisti o i granulomisulla cima del dente rimuovendo anche parte dell'apice della radice. L'apicectomia \u00e8 una pratica chirurgica che viene eseguita nel policlinico Imed con la quale vengono rimosse le masse infette (cisti o granulomi) dall' osso nella punta del dente, assieme ad uno strato apicale della radice. Questi interventi di chirurgia&nbsp;<a href=\"http:\/\/www.dental-matkovic.com\/it\/apikotomija\" class=\"read-more\">Continue Reading<\/a><\/p>\n","protected":false},"author":1,"featured_media":0,"parent":0,"menu_order":0,"comment_status":"open","ping_status":"open","template":"","meta":[],"acf":[],"yoast_head":"<!-- This site is optimized with the Yoast SEO plugin v19.3 - https:\/\/yoast.com\/wordpress\/plugins\/seo\/ -->\n<title>L&#039;apicectomia - Dental Matkovic<\/title>\n<meta name=\"robots\" content=\"index, follow, max-snippet:-1, max-image-preview:large, max-video-preview:-1\" \/>\n<link rel=\"canonical\" href=\"http:\/\/www.dental-matkovic.com\/it\/apikotomija\" \/>\n<meta property=\"og:locale\" content=\"it_IT\" \/>\n<meta property=\"og:type\" content=\"article\" \/>\n<meta property=\"og:title\" content=\"[:hr]Apikotomija[:en]Apioectomy[:de]Wurzelspitzenresektion[:it]L&#039;apicectomia[:] - Dental Matkovic\" \/>\n<meta property=\"og:description\" content=\"E l&#039;intervento chirurgico dove vengono rimosse dall&#039;osso le cisti o i granulomisulla cima del dente rimuovendo anche parte dell&#039;apice della radice. L&#039;apicectomia \u00e8 una pratica chirurgica che viene eseguita nel policlinico Imed con la quale vengono rimosse le masse infette (cisti o granulomi) dall&#039; osso nella punta del dente, assieme ad uno strato apicale della radice. Questi interventi di chirurgia&nbsp;Continue Reading\" \/>\n<meta property=\"og:url\" content=\"http:\/\/www.dental-matkovic.com\/it\/apikotomija\" \/>\n<meta property=\"og:site_name\" content=\"Dental Matkovic\" \/>\n<meta property=\"article:publisher\" content=\"https:\/\/www.facebook.com\/pages\/Dental-implant-Matkovi%c4%87\/832171276837924\" \/>\n<meta property=\"article:modified_time\" content=\"2015-07-06T15:28:43+00:00\" \/>\n<meta property=\"og:image\" content=\"http:\/\/www.dental-matkovic.com\/\/wp-content\/uploads\/2015\/06\/apicoectomy-hr1.png\" \/>\n<meta name=\"twitter:card\" content=\"summary\" \/>\n<meta name=\"twitter:label1\" content=\"Tempo di lettura stimato\" \/>\n\t<meta name=\"twitter:data1\" content=\"3 minuti\" \/>\n<script type=\"application\/ld+json\" class=\"yoast-schema-graph\">{\"@context\":\"https:\/\/schema.org\",\"@graph\":[{\"@type\":\"WebSite\",\"@id\":\"http:\/\/www.dental-matkovic.com\/en\/#website\",\"url\":\"http:\/\/www.dental-matkovic.com\/en\/\",\"name\":\"Dental Matkovic\",\"description\":\"(Hrvatski) Stomatolo\u0161ka ordinacija Dental Matkovi\u0107, Ba\u0161ka Voda\",\"potentialAction\":[{\"@type\":\"SearchAction\",\"target\":{\"@type\":\"EntryPoint\",\"urlTemplate\":\"http:\/\/www.dental-matkovic.com\/en\/?s={search_term_string}\"},\"query-input\":\"required name=search_term_string\"}],\"inLanguage\":\"it-IT\"},{\"@type\":\"ImageObject\",\"inLanguage\":\"it-IT\",\"@id\":\"http:\/\/www.dental-matkovic.com\/it\/apikotomija#primaryimage\",\"url\":\"http:\/\/www.dental-matkovic.com\/\/wp-content\/uploads\/2015\/06\/apicoectomy-hr1.png\",\"contentUrl\":\"http:\/\/www.dental-matkovic.com\/\/wp-content\/uploads\/2015\/06\/apicoectomy-hr1.png\"},{\"@type\":\"WebPage\",\"@id\":\"http:\/\/www.dental-matkovic.com\/it\/apikotomija\",\"url\":\"http:\/\/www.dental-matkovic.com\/it\/apikotomija\",\"name\":\"[:hr]Apikotomija[:en]Apioectomy[:de]Wurzelspitzenresektion[:it]L'apicectomia[:] - Dental Matkovic\",\"isPartOf\":{\"@id\":\"http:\/\/www.dental-matkovic.com\/en\/#website\"},\"primaryImageOfPage\":{\"@id\":\"http:\/\/www.dental-matkovic.com\/it\/apikotomija#primaryimage\"},\"datePublished\":\"2015-06-20T17:27:16+00:00\",\"dateModified\":\"2015-07-06T15:28:43+00:00\",\"breadcrumb\":{\"@id\":\"http:\/\/www.dental-matkovic.com\/it\/apikotomija#breadcrumb\"},\"inLanguage\":\"it-IT\",\"potentialAction\":[{\"@type\":\"ReadAction\",\"target\":[\"http:\/\/www.dental-matkovic.com\/it\/apikotomija\"]}]},{\"@type\":\"BreadcrumbList\",\"@id\":\"http:\/\/www.dental-matkovic.com\/it\/apikotomija#breadcrumb\",\"itemListElement\":[{\"@type\":\"ListItem\",\"position\":1,\"name\":\"Home\",\"item\":\"http:\/\/www.dental-matkovic.com\/en\/\"},{\"@type\":\"ListItem\",\"position\":2,\"name\":\"L&#8217;apicectomia\"}]}]}<\/script>\n<!-- \/ Yoast SEO plugin. -->","yoast_head_json":{"title":"[:hr]Apikotomija[:en]Apioectomy[:de]Wurzelspitzenresektion[:it]L'apicectomia[:] - Dental Matkovic","robots":{"index":"index","follow":"follow","max-snippet":"max-snippet:-1","max-image-preview":"max-image-preview:large","max-video-preview":"max-video-preview:-1"},"canonical":"http:\/\/www.dental-matkovic.com\/it\/apikotomija","og_locale":"it_IT","og_type":"article","og_title":"[:hr]Apikotomija[:en]Apioectomy[:de]Wurzelspitzenresektion[:it]L'apicectomia[:] - Dental Matkovic","og_description":"E l'intervento chirurgico dove vengono rimosse dall'osso le cisti o i granulomisulla cima del dente rimuovendo anche parte dell'apice della radice. L'apicectomia \u00e8 una pratica chirurgica che viene eseguita nel policlinico Imed con la quale vengono rimosse le masse infette (cisti o granulomi) dall' osso nella punta del dente, assieme ad uno strato apicale della radice. Questi interventi di chirurgia&nbsp;Continue Reading","og_url":"http:\/\/www.dental-matkovic.com\/it\/apikotomija","og_site_name":"Dental Matkovic","article_publisher":"https:\/\/www.facebook.com\/pages\/Dental-implant-Matkovi%c4%87\/832171276837924","article_modified_time":"2015-07-06T15:28:43+00:00","og_image":[{"url":"http:\/\/www.dental-matkovic.com\/\/wp-content\/uploads\/2015\/06\/apicoectomy-hr1.png"}],"twitter_card":"summary","twitter_misc":{"Tempo di lettura stimato":"3 minuti"},"schema":{"@context":"https:\/\/schema.org","@graph":[{"@type":"WebSite","@id":"http:\/\/www.dental-matkovic.com\/en\/#website","url":"http:\/\/www.dental-matkovic.com\/en\/","name":"Dental Matkovic","description":"(Hrvatski) Stomatolo\u0161ka ordinacija Dental Matkovi\u0107, Ba\u0161ka Voda","potentialAction":[{"@type":"SearchAction","target":{"@type":"EntryPoint","urlTemplate":"http:\/\/www.dental-matkovic.com\/en\/?s={search_term_string}"},"query-input":"required name=search_term_string"}],"inLanguage":"it-IT"},{"@type":"ImageObject","inLanguage":"it-IT","@id":"http:\/\/www.dental-matkovic.com\/it\/apikotomija#primaryimage","url":"http:\/\/www.dental-matkovic.com\/\/wp-content\/uploads\/2015\/06\/apicoectomy-hr1.png","contentUrl":"http:\/\/www.dental-matkovic.com\/\/wp-content\/uploads\/2015\/06\/apicoectomy-hr1.png"},{"@type":"WebPage","@id":"http:\/\/www.dental-matkovic.com\/it\/apikotomija","url":"http:\/\/www.dental-matkovic.com\/it\/apikotomija","name":"[:hr]Apikotomija[:en]Apioectomy[:de]Wurzelspitzenresektion[:it]L'apicectomia[:] - Dental Matkovic","isPartOf":{"@id":"http:\/\/www.dental-matkovic.com\/en\/#website"},"primaryImageOfPage":{"@id":"http:\/\/www.dental-matkovic.com\/it\/apikotomija#primaryimage"},"datePublished":"2015-06-20T17:27:16+00:00","dateModified":"2015-07-06T15:28:43+00:00","breadcrumb":{"@id":"http:\/\/www.dental-matkovic.com\/it\/apikotomija#breadcrumb"},"inLanguage":"it-IT","potentialAction":[{"@type":"ReadAction","target":["http:\/\/www.dental-matkovic.com\/it\/apikotomija"]}]},{"@type":"BreadcrumbList","@id":"http:\/\/www.dental-matkovic.com\/it\/apikotomija#breadcrumb","itemListElement":[{"@type":"ListItem","position":1,"name":"Home","item":"http:\/\/www.dental-matkovic.com\/en\/"},{"@type":"ListItem","position":2,"name":"L&#8217;apicectomia"}]}]}},"_links":{"self":[{"href":"http:\/\/www.dental-matkovic.com\/it\/wp-json\/wp\/v2\/pages\/465"}],"collection":[{"href":"http:\/\/www.dental-matkovic.com\/it\/wp-json\/wp\/v2\/pages"}],"about":[{"href":"http:\/\/www.dental-matkovic.com\/it\/wp-json\/wp\/v2\/types\/page"}],"author":[{"embeddable":true,"href":"http:\/\/www.dental-matkovic.com\/it\/wp-json\/wp\/v2\/users\/1"}],"replies":[{"embeddable":true,"href":"http:\/\/www.dental-matkovic.com\/it\/wp-json\/wp\/v2\/comments?post=465"}],"version-history":[{"count":0,"href":"http:\/\/www.dental-matkovic.com\/it\/wp-json\/wp\/v2\/pages\/465\/revisions"}],"wp:attachment":[{"href":"http:\/\/www.dental-matkovic.com\/it\/wp-json\/wp\/v2\/media?parent=465"}],"curies":[{"name":"wp","href":"https:\/\/api.w.org\/{rel}","templated":true}]}}