{"id":468,"date":"2015-06-20T17:29:53","date_gmt":"2015-06-20T17:29:53","guid":{"rendered":"http:\/\/www.dental-matkovic.com\/\/?page_id=468"},"modified":"2015-07-21T14:00:42","modified_gmt":"2015-07-21T14:00:42","slug":"alveotomija","status":"publish","type":"page","link":"http:\/\/www.dental-matkovic.com\/it\/alveotomija","title":{"rendered":"L&#8217;estrazione del dente del giudizio"},"content":{"rendered":"L'estrazione o la rimozione dei denti del giudizio \u00e8 l'intervento pi\u00f9 comune in chirurgia orale che risolve il problema di denti del giudizio inclusi o ritenuti.<br \/>\nI pazienti spesso non sono nemmeno consapevoli di avere in bocca i denti del giudizio perche' non fanno male e non disturbano. Durante l'eruzione i denti del giudizio possono causare l'infiammazione delle gengive. A volte \u00e8 sufficiente solo la pulizia ma se il processo va' a complicarsi bisogna passare all'estrazione chirurgica; spiegano nel policlinico.<\/p>\n<p><img loading=\"lazy\" class=\"alignleft  wp-image-887\" src=\"http:\/\/www.dental-matkovic.com\/\/wp-content\/uploads\/2015\/06\/alveotomy.png\" srcset=\"http:\/\/www.dental-matkovic.com\/\/wp-content\/uploads\/2015\/06\/alveotomy-300x113.png 300w, http:\/\/www.dental-matkovic.com\/\/wp-content\/uploads\/2015\/06\/alveotomy.png 700w\" alt=\"alveotomy\" width=\"600\" height=\"225\" sizes=\"(max-width: 700px) 100vw, 700px\" \/>","protected":false},"excerpt":{"rendered":"<p>L'estrazione o la rimozione dei denti del giudizio \u00e8 l'intervento pi\u00f9 comune in chirurgia orale che risolve il problema di denti del giudizio inclusi o ritenuti. I pazienti spesso non sono nemmeno consapevoli di avere in bocca i denti del giudizio perche' non fanno male e non disturbano. Durante l'eruzione i denti del giudizio possono causare l'infiammazione delle gengive. A&nbsp;<a href=\"http:\/\/www.dental-matkovic.com\/it\/alveotomija\" class=\"read-more\">Continue Reading<\/a><\/p>\n","protected":false},"author":1,"featured_media":0,"parent":0,"menu_order":0,"comment_status":"open","ping_status":"open","template":"","meta":[],"acf":[],"yoast_head":"<!-- This site is optimized with the Yoast SEO plugin v19.3 - https:\/\/yoast.com\/wordpress\/plugins\/seo\/ -->\n<title>L&#039;estrazione del dente del giudizio - Dental Matkovic<\/title>\n<meta name=\"robots\" content=\"index, follow, max-snippet:-1, max-image-preview:large, max-video-preview:-1\" \/>\n<link rel=\"canonical\" href=\"https:\/\/www.dental-matkovic.com\/alveotomija\" \/>\n<meta property=\"og:locale\" content=\"it_IT\" \/>\n<meta property=\"og:type\" content=\"article\" \/>\n<meta property=\"og:title\" content=\"[:hr]Alveotomija[:en]Alveotomy[:de]Alveolotomie[:it]L&#039;estrazione del dente del giudizio[:] - Dental Matkovic\" \/>\n<meta property=\"og:description\" content=\"L&#039;estrazione o la rimozione dei denti del giudizio \u00e8 l&#039;intervento pi\u00f9 comune in chirurgia orale che risolve il problema di denti del giudizio inclusi o ritenuti. I pazienti spesso non sono nemmeno consapevoli di avere in bocca i denti del giudizio perche&#039; non fanno male e non disturbano. Durante l&#039;eruzione i denti del giudizio possono causare l&#039;infiammazione delle gengive. A&nbsp;Continue Reading\" \/>\n<meta property=\"og:url\" content=\"https:\/\/www.dental-matkovic.com\/alveotomija\" \/>\n<meta property=\"og:site_name\" content=\"Dental Matkovic\" \/>\n<meta property=\"article:publisher\" content=\"https:\/\/www.facebook.com\/pages\/Dental-implant-Matkovi%c4%87\/832171276837924\" \/>\n<meta property=\"article:modified_time\" content=\"2015-07-21T14:00:42+00:00\" \/>\n<meta property=\"og:image\" content=\"http:\/\/www.dental-matkovic.com\/\/wp-content\/uploads\/2015\/06\/alveotomija.png\" \/>\n<meta name=\"twitter:card\" content=\"summary\" \/>\n<meta name=\"twitter:label1\" content=\"Tempo di lettura stimato\" \/>\n\t<meta name=\"twitter:data1\" content=\"3 minuti\" \/>\n<script type=\"application\/ld+json\" class=\"yoast-schema-graph\">{\"@context\":\"https:\/\/schema.org\",\"@graph\":[{\"@type\":\"WebSite\",\"@id\":\"http:\/\/www.dental-matkovic.com\/it\/#website\",\"url\":\"http:\/\/www.dental-matkovic.com\/it\/\",\"name\":\"Dental Matkovic\",\"description\":\"(Hrvatski) Stomatolo\u0161ka ordinacija Dental Matkovi\u0107, Ba\u0161ka Voda\",\"potentialAction\":[{\"@type\":\"SearchAction\",\"target\":{\"@type\":\"EntryPoint\",\"urlTemplate\":\"http:\/\/www.dental-matkovic.com\/it\/?s={search_term_string}\"},\"query-input\":\"required name=search_term_string\"}],\"inLanguage\":\"it-IT\"},{\"@type\":\"ImageObject\",\"inLanguage\":\"it-IT\",\"@id\":\"https:\/\/www.dental-matkovic.com\/alveotomija#primaryimage\",\"url\":\"http:\/\/www.dental-matkovic.com\/\/wp-content\/uploads\/2015\/06\/alveotomija.png\",\"contentUrl\":\"http:\/\/www.dental-matkovic.com\/\/wp-content\/uploads\/2015\/06\/alveotomija.png\"},{\"@type\":\"WebPage\",\"@id\":\"https:\/\/www.dental-matkovic.com\/alveotomija\",\"url\":\"https:\/\/www.dental-matkovic.com\/alveotomija\",\"name\":\"[:hr]Alveotomija[:en]Alveotomy[:de]Alveolotomie[:it]L'estrazione del dente del giudizio[:] - Dental Matkovic\",\"isPartOf\":{\"@id\":\"http:\/\/www.dental-matkovic.com\/it\/#website\"},\"primaryImageOfPage\":{\"@id\":\"https:\/\/www.dental-matkovic.com\/alveotomija#primaryimage\"},\"datePublished\":\"2015-06-20T17:29:53+00:00\",\"dateModified\":\"2015-07-21T14:00:42+00:00\",\"breadcrumb\":{\"@id\":\"https:\/\/www.dental-matkovic.com\/alveotomija#breadcrumb\"},\"inLanguage\":\"it-IT\",\"potentialAction\":[{\"@type\":\"ReadAction\",\"target\":[\"https:\/\/www.dental-matkovic.com\/alveotomija\"]}]},{\"@type\":\"BreadcrumbList\",\"@id\":\"https:\/\/www.dental-matkovic.com\/alveotomija#breadcrumb\",\"itemListElement\":[{\"@type\":\"ListItem\",\"position\":1,\"name\":\"Home\",\"item\":\"https:\/\/www.dental-matkovic.com\/\"},{\"@type\":\"ListItem\",\"position\":2,\"name\":\"Alveotomija\"}]}]}<\/script>\n<!-- \/ Yoast SEO plugin. -->","yoast_head_json":{"title":"[:hr]Alveotomija[:en]Alveotomy[:de]Alveolotomie[:it]L'estrazione del dente del giudizio[:] - Dental Matkovic","robots":{"index":"index","follow":"follow","max-snippet":"max-snippet:-1","max-image-preview":"max-image-preview:large","max-video-preview":"max-video-preview:-1"},"canonical":"https:\/\/www.dental-matkovic.com\/alveotomija","og_locale":"it_IT","og_type":"article","og_title":"[:hr]Alveotomija[:en]Alveotomy[:de]Alveolotomie[:it]L'estrazione del dente del giudizio[:] - Dental Matkovic","og_description":"L'estrazione o la rimozione dei denti del giudizio \u00e8 l'intervento pi\u00f9 comune in chirurgia orale che risolve il problema di denti del giudizio inclusi o ritenuti. I pazienti spesso non sono nemmeno consapevoli di avere in bocca i denti del giudizio perche' non fanno male e non disturbano. Durante l'eruzione i denti del giudizio possono causare l'infiammazione delle gengive. A&nbsp;Continue Reading","og_url":"https:\/\/www.dental-matkovic.com\/alveotomija","og_site_name":"Dental Matkovic","article_publisher":"https:\/\/www.facebook.com\/pages\/Dental-implant-Matkovi%c4%87\/832171276837924","article_modified_time":"2015-07-21T14:00:42+00:00","og_image":[{"url":"http:\/\/www.dental-matkovic.com\/\/wp-content\/uploads\/2015\/06\/alveotomija.png"}],"twitter_card":"summary","twitter_misc":{"Tempo di lettura stimato":"3 minuti"},"schema":{"@context":"https:\/\/schema.org","@graph":[{"@type":"WebSite","@id":"http:\/\/www.dental-matkovic.com\/it\/#website","url":"http:\/\/www.dental-matkovic.com\/it\/","name":"Dental Matkovic","description":"(Hrvatski) Stomatolo\u0161ka ordinacija Dental Matkovi\u0107, Ba\u0161ka Voda","potentialAction":[{"@type":"SearchAction","target":{"@type":"EntryPoint","urlTemplate":"http:\/\/www.dental-matkovic.com\/it\/?s={search_term_string}"},"query-input":"required name=search_term_string"}],"inLanguage":"it-IT"},{"@type":"ImageObject","inLanguage":"it-IT","@id":"https:\/\/www.dental-matkovic.com\/alveotomija#primaryimage","url":"http:\/\/www.dental-matkovic.com\/\/wp-content\/uploads\/2015\/06\/alveotomija.png","contentUrl":"http:\/\/www.dental-matkovic.com\/\/wp-content\/uploads\/2015\/06\/alveotomija.png"},{"@type":"WebPage","@id":"https:\/\/www.dental-matkovic.com\/alveotomija","url":"https:\/\/www.dental-matkovic.com\/alveotomija","name":"[:hr]Alveotomija[:en]Alveotomy[:de]Alveolotomie[:it]L'estrazione del dente del giudizio[:] - Dental Matkovic","isPartOf":{"@id":"http:\/\/www.dental-matkovic.com\/it\/#website"},"primaryImageOfPage":{"@id":"https:\/\/www.dental-matkovic.com\/alveotomija#primaryimage"},"datePublished":"2015-06-20T17:29:53+00:00","dateModified":"2015-07-21T14:00:42+00:00","breadcrumb":{"@id":"https:\/\/www.dental-matkovic.com\/alveotomija#breadcrumb"},"inLanguage":"it-IT","potentialAction":[{"@type":"ReadAction","target":["https:\/\/www.dental-matkovic.com\/alveotomija"]}]},{"@type":"BreadcrumbList","@id":"https:\/\/www.dental-matkovic.com\/alveotomija#breadcrumb","itemListElement":[{"@type":"ListItem","position":1,"name":"Home","item":"https:\/\/www.dental-matkovic.com\/"},{"@type":"ListItem","position":2,"name":"Alveotomija"}]}]}},"_links":{"self":[{"href":"http:\/\/www.dental-matkovic.com\/it\/wp-json\/wp\/v2\/pages\/468"}],"collection":[{"href":"http:\/\/www.dental-matkovic.com\/it\/wp-json\/wp\/v2\/pages"}],"about":[{"href":"http:\/\/www.dental-matkovic.com\/it\/wp-json\/wp\/v2\/types\/page"}],"author":[{"embeddable":true,"href":"http:\/\/www.dental-matkovic.com\/it\/wp-json\/wp\/v2\/users\/1"}],"replies":[{"embeddable":true,"href":"http:\/\/www.dental-matkovic.com\/it\/wp-json\/wp\/v2\/comments?post=468"}],"version-history":[{"count":0,"href":"http:\/\/www.dental-matkovic.com\/it\/wp-json\/wp\/v2\/pages\/468\/revisions"}],"wp:attachment":[{"href":"http:\/\/www.dental-matkovic.com\/it\/wp-json\/wp\/v2\/media?parent=468"}],"curies":[{"name":"wp","href":"https:\/\/api.w.org\/{rel}","templated":true}]}}