{"id":472,"date":"2015-06-20T17:36:11","date_gmt":"2015-06-20T17:36:11","guid":{"rendered":"http:\/\/www.dental-matkovic.com\/\/?page_id=472"},"modified":"2015-08-03T21:03:27","modified_gmt":"2015-08-03T21:03:27","slug":"modelacija-grebena","status":"publish","type":"page","link":"http:\/\/www.dental-matkovic.com\/it\/modelacija-grebena","title":{"rendered":"La modellazione della cresta alveolare"},"content":{"rendered":"La modellazione della cresta alveolare e un intervento di chirurgia orale che viene eseguito per risolvere le irregolarita' della cresta alveolare che spessosi verificano dopo l'estrazione del dente. La necessita' di tale intervento e' dovuta alle esigenze estetiche e funzionali. Viene effettuato con il laser ricevendo tagli precisi, una coagulazione piu' veloce ed una sintesi dei tessuti.","protected":false},"excerpt":{"rendered":"<p>La modellazione della cresta alveolare e un intervento di chirurgia orale che viene eseguito per risolvere le irregolarita' della cresta alveolare che spessosi verificano dopo l'estrazione del dente. La necessita' di tale intervento e' dovuta alle esigenze estetiche e funzionali. Viene effettuato con il laser ricevendo tagli precisi, una coagulazione piu' veloce ed una sintesi dei tessuti.<\/p>\n","protected":false},"author":1,"featured_media":0,"parent":0,"menu_order":0,"comment_status":"open","ping_status":"open","template":"","meta":[],"acf":[],"yoast_head":"<!-- This site is optimized with the Yoast SEO plugin v19.3 - https:\/\/yoast.com\/wordpress\/plugins\/seo\/ -->\n<title>La modellazione della cresta alveolare - Dental Matkovic<\/title>\n<meta name=\"robots\" content=\"index, follow, max-snippet:-1, max-image-preview:large, max-video-preview:-1\" \/>\n<link rel=\"canonical\" href=\"http:\/\/www.dental-matkovic.com\/it\/modelacija-grebena\" \/>\n<meta property=\"og:locale\" content=\"it_IT\" \/>\n<meta property=\"og:type\" content=\"article\" \/>\n<meta property=\"og:title\" content=\"[:hr]Modelacija grebena[:en]Dental ridge modelling[:de]Kieferkammmodellation[:it]La modellazione della cresta alveolare[:] - Dental Matkovic\" \/>\n<meta property=\"og:description\" content=\"La modellazione della cresta alveolare e un intervento di chirurgia orale che viene eseguito per risolvere le irregolarita&#039; della cresta alveolare che spessosi verificano dopo l&#039;estrazione del dente. La necessita&#039; di tale intervento e&#039; dovuta alle esigenze estetiche e funzionali. Viene effettuato con il laser ricevendo tagli precisi, una coagulazione piu&#039; veloce ed una sintesi dei tessuti.\" \/>\n<meta property=\"og:url\" content=\"http:\/\/www.dental-matkovic.com\/it\/modelacija-grebena\" \/>\n<meta property=\"og:site_name\" content=\"Dental Matkovic\" \/>\n<meta property=\"article:publisher\" content=\"https:\/\/www.facebook.com\/pages\/Dental-implant-Matkovi%c4%87\/832171276837924\" \/>\n<meta property=\"article:modified_time\" content=\"2015-08-03T21:03:27+00:00\" \/>\n<meta name=\"twitter:card\" content=\"summary\" \/>\n<meta name=\"twitter:label1\" content=\"Tempo di lettura stimato\" \/>\n\t<meta name=\"twitter:data1\" content=\"1 minuto\" \/>\n<script type=\"application\/ld+json\" class=\"yoast-schema-graph\">{\"@context\":\"https:\/\/schema.org\",\"@graph\":[{\"@type\":\"WebSite\",\"@id\":\"http:\/\/www.dental-matkovic.com\/it\/#website\",\"url\":\"http:\/\/www.dental-matkovic.com\/it\/\",\"name\":\"Dental Matkovic\",\"description\":\"(Hrvatski) Stomatolo\u0161ka ordinacija Dental Matkovi\u0107, Ba\u0161ka Voda\",\"potentialAction\":[{\"@type\":\"SearchAction\",\"target\":{\"@type\":\"EntryPoint\",\"urlTemplate\":\"http:\/\/www.dental-matkovic.com\/it\/?s={search_term_string}\"},\"query-input\":\"required name=search_term_string\"}],\"inLanguage\":\"it-IT\"},{\"@type\":\"WebPage\",\"@id\":\"http:\/\/www.dental-matkovic.com\/it\/modelacija-grebena\",\"url\":\"http:\/\/www.dental-matkovic.com\/it\/modelacija-grebena\",\"name\":\"[:hr]Modelacija grebena[:en]Dental ridge modelling[:de]Kieferkammmodellation[:it]La modellazione della cresta alveolare[:] - Dental Matkovic\",\"isPartOf\":{\"@id\":\"http:\/\/www.dental-matkovic.com\/it\/#website\"},\"datePublished\":\"2015-06-20T17:36:11+00:00\",\"dateModified\":\"2015-08-03T21:03:27+00:00\",\"breadcrumb\":{\"@id\":\"http:\/\/www.dental-matkovic.com\/it\/modelacija-grebena#breadcrumb\"},\"inLanguage\":\"it-IT\",\"potentialAction\":[{\"@type\":\"ReadAction\",\"target\":[\"http:\/\/www.dental-matkovic.com\/it\/modelacija-grebena\"]}]},{\"@type\":\"BreadcrumbList\",\"@id\":\"http:\/\/www.dental-matkovic.com\/it\/modelacija-grebena#breadcrumb\",\"itemListElement\":[{\"@type\":\"ListItem\",\"position\":1,\"name\":\"Home\",\"item\":\"https:\/\/www.dental-matkovic.com\/\"},{\"@type\":\"ListItem\",\"position\":2,\"name\":\"La modellazione della cresta alveolare\"}]}]}<\/script>\n<!-- \/ Yoast SEO plugin. -->","yoast_head_json":{"title":"[:hr]Modelacija grebena[:en]Dental ridge modelling[:de]Kieferkammmodellation[:it]La modellazione della cresta alveolare[:] - Dental Matkovic","robots":{"index":"index","follow":"follow","max-snippet":"max-snippet:-1","max-image-preview":"max-image-preview:large","max-video-preview":"max-video-preview:-1"},"canonical":"http:\/\/www.dental-matkovic.com\/it\/modelacija-grebena","og_locale":"it_IT","og_type":"article","og_title":"[:hr]Modelacija grebena[:en]Dental ridge modelling[:de]Kieferkammmodellation[:it]La modellazione della cresta alveolare[:] - Dental Matkovic","og_description":"La modellazione della cresta alveolare e un intervento di chirurgia orale che viene eseguito per risolvere le irregolarita' della cresta alveolare che spessosi verificano dopo l'estrazione del dente. La necessita' di tale intervento e' dovuta alle esigenze estetiche e funzionali. Viene effettuato con il laser ricevendo tagli precisi, una coagulazione piu' veloce ed una sintesi dei tessuti.","og_url":"http:\/\/www.dental-matkovic.com\/it\/modelacija-grebena","og_site_name":"Dental Matkovic","article_publisher":"https:\/\/www.facebook.com\/pages\/Dental-implant-Matkovi%c4%87\/832171276837924","article_modified_time":"2015-08-03T21:03:27+00:00","twitter_card":"summary","twitter_misc":{"Tempo di lettura stimato":"1 minuto"},"schema":{"@context":"https:\/\/schema.org","@graph":[{"@type":"WebSite","@id":"http:\/\/www.dental-matkovic.com\/it\/#website","url":"http:\/\/www.dental-matkovic.com\/it\/","name":"Dental Matkovic","description":"(Hrvatski) Stomatolo\u0161ka ordinacija Dental Matkovi\u0107, Ba\u0161ka Voda","potentialAction":[{"@type":"SearchAction","target":{"@type":"EntryPoint","urlTemplate":"http:\/\/www.dental-matkovic.com\/it\/?s={search_term_string}"},"query-input":"required name=search_term_string"}],"inLanguage":"it-IT"},{"@type":"WebPage","@id":"http:\/\/www.dental-matkovic.com\/it\/modelacija-grebena","url":"http:\/\/www.dental-matkovic.com\/it\/modelacija-grebena","name":"[:hr]Modelacija grebena[:en]Dental ridge modelling[:de]Kieferkammmodellation[:it]La modellazione della cresta alveolare[:] - Dental Matkovic","isPartOf":{"@id":"http:\/\/www.dental-matkovic.com\/it\/#website"},"datePublished":"2015-06-20T17:36:11+00:00","dateModified":"2015-08-03T21:03:27+00:00","breadcrumb":{"@id":"http:\/\/www.dental-matkovic.com\/it\/modelacija-grebena#breadcrumb"},"inLanguage":"it-IT","potentialAction":[{"@type":"ReadAction","target":["http:\/\/www.dental-matkovic.com\/it\/modelacija-grebena"]}]},{"@type":"BreadcrumbList","@id":"http:\/\/www.dental-matkovic.com\/it\/modelacija-grebena#breadcrumb","itemListElement":[{"@type":"ListItem","position":1,"name":"Home","item":"https:\/\/www.dental-matkovic.com\/"},{"@type":"ListItem","position":2,"name":"La modellazione della cresta alveolare"}]}]}},"_links":{"self":[{"href":"http:\/\/www.dental-matkovic.com\/it\/wp-json\/wp\/v2\/pages\/472"}],"collection":[{"href":"http:\/\/www.dental-matkovic.com\/it\/wp-json\/wp\/v2\/pages"}],"about":[{"href":"http:\/\/www.dental-matkovic.com\/it\/wp-json\/wp\/v2\/types\/page"}],"author":[{"embeddable":true,"href":"http:\/\/www.dental-matkovic.com\/it\/wp-json\/wp\/v2\/users\/1"}],"replies":[{"embeddable":true,"href":"http:\/\/www.dental-matkovic.com\/it\/wp-json\/wp\/v2\/comments?post=472"}],"version-history":[{"count":0,"href":"http:\/\/www.dental-matkovic.com\/it\/wp-json\/wp\/v2\/pages\/472\/revisions"}],"wp:attachment":[{"href":"http:\/\/www.dental-matkovic.com\/it\/wp-json\/wp\/v2\/media?parent=472"}],"curies":[{"name":"wp","href":"https:\/\/api.w.org\/{rel}","templated":true}]}}