{"id":481,"date":"2015-06-20T17:49:29","date_gmt":"2015-06-20T17:49:29","guid":{"rendered":"http:\/\/www.dental-matkovic.com\/\/?page_id=481"},"modified":"2015-08-03T13:11:30","modified_gmt":"2015-08-03T13:11:30","slug":"dentalna-implantologija","status":"publish","type":"page","link":"http:\/\/www.dental-matkovic.com\/it\/dentalna-implantologija","title":{"rendered":"L&#8217;implantologia dentale"},"content":{"rendered":"L'implantologia dentale e' la disciplina odontoiatrica che si occupa dell'inserimento degli impianti. L'implantologia dentale combina la biologia, la biomeccanica, la chirurgia ,la protesica, la paradontologia, l'odontoiatria estetica ed il laboratorio odontotecnico.<\/p>\n<p><img loading=\"lazy\" class=\"alignleft size-full wp-image-974\" src=\"http:\/\/www.dental-matkovic.com\/wp-content\/uploads\/2015\/06\/dental-implants-it.jpg\" srcset=\"http:\/\/www.dental-matkovic.com\/wp-content\/uploads\/2015\/06\/dental-implants-it-300x145.jpg 300w, http:\/\/www.dental-matkovic.com\/wp-content\/uploads\/2015\/06\/dental-implants-it-100x50.jpg 100w, http:\/\/www.dental-matkovic.com\/wp-content\/uploads\/2015\/06\/dental-implants-it.jpg 700w\" alt=\"dental-implants-it\" width=\"700\" height=\"338\" sizes=\"(max-width: 700px) 100vw, 700px\" \/><\/p>\n<h3>Indicazioni e successo dell'implantologia dentale<\/h3>\n<p>L'implantologia dentale offre soluzioni per tutti i tipi di edentulia -dalla mancanza di un solo dente, verso ad un'edentulia parziale fino alla sanazione dell' edentulia totale. In alcuni casi si tratta di una terapia facile e veloce mentre in alcuni casi e' necessario un trattamento multidisciplinare specialistico della durata di piu' mesi..<br \/>\nUna moderna,qualitativa e finalizzata terapia implantologica fornisce una prognosi molto buona, sicura e duratura.<br \/>\nLa riuscita della terapia implantologica va' dal 95% al 100% e con tale presenta la piu' sicura e duratura terapia possibile nel campo dell'odontoiatria.<\/p>\n<p><img loading=\"lazy\" class=\"alignleft size-full wp-image-975\" src=\"http:\/\/www.dental-matkovic.com\/wp-content\/uploads\/2015\/06\/implant-procedure-it.jpg\" srcset=\"http:\/\/www.dental-matkovic.com\/wp-content\/uploads\/2015\/06\/implant-procedure-it-300x145.jpg 300w, http:\/\/www.dental-matkovic.com\/wp-content\/uploads\/2015\/06\/implant-procedure-it-100x50.jpg 100w, http:\/\/www.dental-matkovic.com\/wp-content\/uploads\/2015\/06\/implant-procedure-it.jpg 700w\" alt=\"implant-procedure-it\" width=\"700\" height=\"338\" sizes=\"(max-width: 700px) 100vw, 700px\" \/>","protected":false},"excerpt":{"rendered":"<p>L'implantologia dentale e' la disciplina odontoiatrica che si occupa dell'inserimento degli impianti. L'implantologia dentale combina la biologia, la biomeccanica, la chirurgia ,la protesica, la paradontologia, l'odontoiatria estetica ed il laboratorio odontotecnico. Indicazioni e successo dell'implantologia dentale L'implantologia dentale offre soluzioni per tutti i tipi di edentulia -dalla mancanza di un solo dente, verso ad un'edentulia parziale fino alla sanazione dell'&nbsp;<a href=\"http:\/\/www.dental-matkovic.com\/it\/dentalna-implantologija\" class=\"read-more\">Continue Reading<\/a><\/p>\n","protected":false},"author":1,"featured_media":0,"parent":0,"menu_order":0,"comment_status":"open","ping_status":"open","template":"","meta":[],"acf":[],"yoast_head":"<!-- This site is optimized with the Yoast SEO plugin v19.3 - https:\/\/yoast.com\/wordpress\/plugins\/seo\/ -->\n<title>L&#039;implantologia dentale - Dental Matkovic<\/title>\n<meta name=\"robots\" content=\"index, follow, max-snippet:-1, max-image-preview:large, max-video-preview:-1\" \/>\n<link rel=\"canonical\" href=\"https:\/\/www.dental-matkovic.com\/it\/dentalna-implantologija\" \/>\n<meta property=\"og:locale\" content=\"it_IT\" \/>\n<meta property=\"og:type\" content=\"article\" \/>\n<meta property=\"og:title\" content=\"[:hr]Dentalna implantologija[:en]Dental Implantology[:de]Dentale Implantologie[:it]L&#039;implantologia dentale[:] - Dental Matkovic\" \/>\n<meta property=\"og:description\" content=\"L&#039;implantologia dentale e&#039; la disciplina odontoiatrica che si occupa dell&#039;inserimento degli impianti. L&#039;implantologia dentale combina la biologia, la biomeccanica, la chirurgia ,la protesica, la paradontologia, l&#039;odontoiatria estetica ed il laboratorio odontotecnico. Indicazioni e successo dell&#039;implantologia dentale L&#039;implantologia dentale offre soluzioni per tutti i tipi di edentulia -dalla mancanza di un solo dente, verso ad un&#039;edentulia parziale fino alla sanazione dell&#039;&nbsp;Continue Reading\" \/>\n<meta property=\"og:url\" content=\"https:\/\/www.dental-matkovic.com\/it\/dentalna-implantologija\" \/>\n<meta property=\"og:site_name\" content=\"Dental Matkovic\" \/>\n<meta property=\"article:publisher\" content=\"https:\/\/www.facebook.com\/pages\/Dental-implant-Matkovi%c4%87\/832171276837924\" \/>\n<meta property=\"article:modified_time\" content=\"2015-08-03T13:11:30+00:00\" \/>\n<meta property=\"og:image\" content=\"http:\/\/www.dental-matkovic.com\/\/wp-content\/uploads\/2015\/06\/dentalni-implantat.png\" \/>\n<meta name=\"twitter:card\" content=\"summary\" \/>\n<meta name=\"twitter:label1\" content=\"Tempo di lettura stimato\" \/>\n\t<meta name=\"twitter:data1\" content=\"3 minuti\" \/>\n<script type=\"application\/ld+json\" class=\"yoast-schema-graph\">{\"@context\":\"https:\/\/schema.org\",\"@graph\":[{\"@type\":\"WebSite\",\"@id\":\"http:\/\/www.dental-matkovic.com\/it\/#website\",\"url\":\"http:\/\/www.dental-matkovic.com\/it\/\",\"name\":\"Dental Matkovic\",\"description\":\"(Hrvatski) Stomatolo\u0161ka ordinacija Dental Matkovi\u0107, Ba\u0161ka Voda\",\"potentialAction\":[{\"@type\":\"SearchAction\",\"target\":{\"@type\":\"EntryPoint\",\"urlTemplate\":\"http:\/\/www.dental-matkovic.com\/it\/?s={search_term_string}\"},\"query-input\":\"required name=search_term_string\"}],\"inLanguage\":\"it-IT\"},{\"@type\":\"ImageObject\",\"inLanguage\":\"it-IT\",\"@id\":\"https:\/\/www.dental-matkovic.com\/it\/dentalna-implantologija#primaryimage\",\"url\":\"http:\/\/www.dental-matkovic.com\/\/wp-content\/uploads\/2015\/06\/dentalni-implantat.png\",\"contentUrl\":\"http:\/\/www.dental-matkovic.com\/\/wp-content\/uploads\/2015\/06\/dentalni-implantat.png\"},{\"@type\":\"WebPage\",\"@id\":\"https:\/\/www.dental-matkovic.com\/it\/dentalna-implantologija\",\"url\":\"https:\/\/www.dental-matkovic.com\/it\/dentalna-implantologija\",\"name\":\"[:hr]Dentalna implantologija[:en]Dental Implantology[:de]Dentale Implantologie[:it]L'implantologia dentale[:] - Dental Matkovic\",\"isPartOf\":{\"@id\":\"http:\/\/www.dental-matkovic.com\/it\/#website\"},\"primaryImageOfPage\":{\"@id\":\"https:\/\/www.dental-matkovic.com\/it\/dentalna-implantologija#primaryimage\"},\"datePublished\":\"2015-06-20T17:49:29+00:00\",\"dateModified\":\"2015-08-03T13:11:30+00:00\",\"breadcrumb\":{\"@id\":\"https:\/\/www.dental-matkovic.com\/it\/dentalna-implantologija#breadcrumb\"},\"inLanguage\":\"it-IT\",\"potentialAction\":[{\"@type\":\"ReadAction\",\"target\":[\"https:\/\/www.dental-matkovic.com\/it\/dentalna-implantologija\"]}]},{\"@type\":\"BreadcrumbList\",\"@id\":\"https:\/\/www.dental-matkovic.com\/it\/dentalna-implantologija#breadcrumb\",\"itemListElement\":[{\"@type\":\"ListItem\",\"position\":1,\"name\":\"Home\",\"item\":\"https:\/\/www.dental-matkovic.com\/\"},{\"@type\":\"ListItem\",\"position\":2,\"name\":\"L&#8217;implantologia dentale\"}]}]}<\/script>\n<!-- \/ Yoast SEO plugin. -->","yoast_head_json":{"title":"[:hr]Dentalna implantologija[:en]Dental Implantology[:de]Dentale Implantologie[:it]L'implantologia dentale[:] - Dental Matkovic","robots":{"index":"index","follow":"follow","max-snippet":"max-snippet:-1","max-image-preview":"max-image-preview:large","max-video-preview":"max-video-preview:-1"},"canonical":"https:\/\/www.dental-matkovic.com\/it\/dentalna-implantologija","og_locale":"it_IT","og_type":"article","og_title":"[:hr]Dentalna implantologija[:en]Dental Implantology[:de]Dentale Implantologie[:it]L'implantologia dentale[:] - Dental Matkovic","og_description":"L'implantologia dentale e' la disciplina odontoiatrica che si occupa dell'inserimento degli impianti. L'implantologia dentale combina la biologia, la biomeccanica, la chirurgia ,la protesica, la paradontologia, l'odontoiatria estetica ed il laboratorio odontotecnico. Indicazioni e successo dell'implantologia dentale L'implantologia dentale offre soluzioni per tutti i tipi di edentulia -dalla mancanza di un solo dente, verso ad un'edentulia parziale fino alla sanazione dell'&nbsp;Continue Reading","og_url":"https:\/\/www.dental-matkovic.com\/it\/dentalna-implantologija","og_site_name":"Dental Matkovic","article_publisher":"https:\/\/www.facebook.com\/pages\/Dental-implant-Matkovi%c4%87\/832171276837924","article_modified_time":"2015-08-03T13:11:30+00:00","og_image":[{"url":"http:\/\/www.dental-matkovic.com\/\/wp-content\/uploads\/2015\/06\/dentalni-implantat.png"}],"twitter_card":"summary","twitter_misc":{"Tempo di lettura stimato":"3 minuti"},"schema":{"@context":"https:\/\/schema.org","@graph":[{"@type":"WebSite","@id":"http:\/\/www.dental-matkovic.com\/it\/#website","url":"http:\/\/www.dental-matkovic.com\/it\/","name":"Dental Matkovic","description":"(Hrvatski) Stomatolo\u0161ka ordinacija Dental Matkovi\u0107, Ba\u0161ka Voda","potentialAction":[{"@type":"SearchAction","target":{"@type":"EntryPoint","urlTemplate":"http:\/\/www.dental-matkovic.com\/it\/?s={search_term_string}"},"query-input":"required name=search_term_string"}],"inLanguage":"it-IT"},{"@type":"ImageObject","inLanguage":"it-IT","@id":"https:\/\/www.dental-matkovic.com\/it\/dentalna-implantologija#primaryimage","url":"http:\/\/www.dental-matkovic.com\/\/wp-content\/uploads\/2015\/06\/dentalni-implantat.png","contentUrl":"http:\/\/www.dental-matkovic.com\/\/wp-content\/uploads\/2015\/06\/dentalni-implantat.png"},{"@type":"WebPage","@id":"https:\/\/www.dental-matkovic.com\/it\/dentalna-implantologija","url":"https:\/\/www.dental-matkovic.com\/it\/dentalna-implantologija","name":"[:hr]Dentalna implantologija[:en]Dental Implantology[:de]Dentale Implantologie[:it]L'implantologia dentale[:] - Dental Matkovic","isPartOf":{"@id":"http:\/\/www.dental-matkovic.com\/it\/#website"},"primaryImageOfPage":{"@id":"https:\/\/www.dental-matkovic.com\/it\/dentalna-implantologija#primaryimage"},"datePublished":"2015-06-20T17:49:29+00:00","dateModified":"2015-08-03T13:11:30+00:00","breadcrumb":{"@id":"https:\/\/www.dental-matkovic.com\/it\/dentalna-implantologija#breadcrumb"},"inLanguage":"it-IT","potentialAction":[{"@type":"ReadAction","target":["https:\/\/www.dental-matkovic.com\/it\/dentalna-implantologija"]}]},{"@type":"BreadcrumbList","@id":"https:\/\/www.dental-matkovic.com\/it\/dentalna-implantologija#breadcrumb","itemListElement":[{"@type":"ListItem","position":1,"name":"Home","item":"https:\/\/www.dental-matkovic.com\/"},{"@type":"ListItem","position":2,"name":"L&#8217;implantologia dentale"}]}]}},"_links":{"self":[{"href":"http:\/\/www.dental-matkovic.com\/it\/wp-json\/wp\/v2\/pages\/481"}],"collection":[{"href":"http:\/\/www.dental-matkovic.com\/it\/wp-json\/wp\/v2\/pages"}],"about":[{"href":"http:\/\/www.dental-matkovic.com\/it\/wp-json\/wp\/v2\/types\/page"}],"author":[{"embeddable":true,"href":"http:\/\/www.dental-matkovic.com\/it\/wp-json\/wp\/v2\/users\/1"}],"replies":[{"embeddable":true,"href":"http:\/\/www.dental-matkovic.com\/it\/wp-json\/wp\/v2\/comments?post=481"}],"version-history":[{"count":0,"href":"http:\/\/www.dental-matkovic.com\/it\/wp-json\/wp\/v2\/pages\/481\/revisions"}],"wp:attachment":[{"href":"http:\/\/www.dental-matkovic.com\/it\/wp-json\/wp\/v2\/media?parent=481"}],"curies":[{"name":"wp","href":"https:\/\/api.w.org\/{rel}","templated":true}]}}