{"id":499,"date":"2015-06-20T18:01:43","date_gmt":"2015-06-20T18:01:43","guid":{"rendered":"http:\/\/www.dental-matkovic.com\/\/?page_id=499"},"modified":"2015-07-16T10:25:09","modified_gmt":"2015-07-16T10:25:09","slug":"regeneracije-kosti","status":"publish","type":"page","link":"http:\/\/www.dental-matkovic.com\/it\/regeneracije-kosti","title":{"rendered":"Innesto osseo"},"content":{"rendered":"<p class=\" text-justify\"><img loading=\"lazy\" class=\"alignleft  wp-image-811\" src=\"http:\/\/www.dental-matkovic.com\/\/wp-content\/uploads\/2015\/06\/bonegraft.jpg\" srcset=\"http:\/\/www.dental-matkovic.com\/\/wp-content\/uploads\/2015\/06\/bonegraft-300x184.jpg 300w, http:\/\/www.dental-matkovic.com\/\/wp-content\/uploads\/2015\/06\/bonegraft.jpg 450w\" alt=\"bonegraft\" width=\"610\" height=\"374\" sizes=\"(max-width: 450px) 100vw, 450px\" \/><\/p>","protected":false},"excerpt":{"rendered":"","protected":false},"author":1,"featured_media":0,"parent":0,"menu_order":0,"comment_status":"open","ping_status":"open","template":"","meta":[],"acf":[],"yoast_head":"<!-- This site is optimized with the Yoast SEO plugin v19.3 - https:\/\/yoast.com\/wordpress\/plugins\/seo\/ -->\n<title>Innesto osseo - Dental Matkovic<\/title>\n<meta name=\"robots\" content=\"index, follow, max-snippet:-1, max-image-preview:large, max-video-preview:-1\" \/>\n<link rel=\"canonical\" href=\"http:\/\/www.dental-matkovic.com\/en\/regeneracije-kosti\" \/>\n<meta property=\"og:locale\" content=\"it_IT\" \/>\n<meta property=\"og:type\" content=\"article\" \/>\n<meta property=\"og:title\" content=\"[:hr]Regeneracije kosti[:en]Bone grafting[:de]Knochentransplantation[:it]Innesto osseo[:] - Dental Matkovic\" \/>\n<meta property=\"og:url\" content=\"http:\/\/www.dental-matkovic.com\/en\/regeneracije-kosti\" \/>\n<meta property=\"og:site_name\" content=\"Dental Matkovic\" \/>\n<meta property=\"article:publisher\" content=\"https:\/\/www.facebook.com\/pages\/Dental-implant-Matkovi%c4%87\/832171276837924\" \/>\n<meta property=\"article:modified_time\" content=\"2015-07-16T10:25:09+00:00\" \/>\n<meta property=\"og:image\" content=\"http:\/\/www.dental-matkovic.com\/\/wp-content\/uploads\/2015\/06\/bonegraft.jpg\" \/>\n<meta name=\"twitter:card\" content=\"summary\" \/>\n<meta name=\"twitter:label1\" content=\"Tempo di lettura stimato\" \/>\n\t<meta name=\"twitter:data1\" content=\"1 minuto\" \/>\n<script type=\"application\/ld+json\" class=\"yoast-schema-graph\">{\"@context\":\"https:\/\/schema.org\",\"@graph\":[{\"@type\":\"WebSite\",\"@id\":\"https:\/\/www.dental-matkovic.com\/#website\",\"url\":\"https:\/\/www.dental-matkovic.com\/\",\"name\":\"Dental Matkovic\",\"description\":\"(Hrvatski) Stomatolo\u0161ka ordinacija Dental Matkovi\u0107, Ba\u0161ka Voda\",\"potentialAction\":[{\"@type\":\"SearchAction\",\"target\":{\"@type\":\"EntryPoint\",\"urlTemplate\":\"https:\/\/www.dental-matkovic.com\/?s={search_term_string}\"},\"query-input\":\"required name=search_term_string\"}],\"inLanguage\":\"it-IT\"},{\"@type\":\"ImageObject\",\"inLanguage\":\"it-IT\",\"@id\":\"http:\/\/www.dental-matkovic.com\/en\/regeneracije-kosti#primaryimage\",\"url\":\"http:\/\/www.dental-matkovic.com\/\/wp-content\/uploads\/2015\/06\/bonegraft.jpg\",\"contentUrl\":\"http:\/\/www.dental-matkovic.com\/\/wp-content\/uploads\/2015\/06\/bonegraft.jpg\"},{\"@type\":\"WebPage\",\"@id\":\"http:\/\/www.dental-matkovic.com\/en\/regeneracije-kosti\",\"url\":\"http:\/\/www.dental-matkovic.com\/en\/regeneracije-kosti\",\"name\":\"[:hr]Regeneracije kosti[:en]Bone grafting[:de]Knochentransplantation[:it]Innesto osseo[:] - Dental Matkovic\",\"isPartOf\":{\"@id\":\"https:\/\/www.dental-matkovic.com\/#website\"},\"primaryImageOfPage\":{\"@id\":\"http:\/\/www.dental-matkovic.com\/en\/regeneracije-kosti#primaryimage\"},\"datePublished\":\"2015-06-20T18:01:43+00:00\",\"dateModified\":\"2015-07-16T10:25:09+00:00\",\"breadcrumb\":{\"@id\":\"http:\/\/www.dental-matkovic.com\/en\/regeneracije-kosti#breadcrumb\"},\"inLanguage\":\"it-IT\",\"potentialAction\":[{\"@type\":\"ReadAction\",\"target\":[\"http:\/\/www.dental-matkovic.com\/en\/regeneracije-kosti\"]}]},{\"@type\":\"BreadcrumbList\",\"@id\":\"http:\/\/www.dental-matkovic.com\/en\/regeneracije-kosti#breadcrumb\",\"itemListElement\":[{\"@type\":\"ListItem\",\"position\":1,\"name\":\"Home\",\"item\":\"https:\/\/www.dental-matkovic.com\/\"},{\"@type\":\"ListItem\",\"position\":2,\"name\":\"Bone grafting\"}]}]}<\/script>\n<!-- \/ Yoast SEO plugin. -->","yoast_head_json":{"title":"[:hr]Regeneracije kosti[:en]Bone grafting[:de]Knochentransplantation[:it]Innesto osseo[:] - Dental Matkovic","robots":{"index":"index","follow":"follow","max-snippet":"max-snippet:-1","max-image-preview":"max-image-preview:large","max-video-preview":"max-video-preview:-1"},"canonical":"http:\/\/www.dental-matkovic.com\/en\/regeneracije-kosti","og_locale":"it_IT","og_type":"article","og_title":"[:hr]Regeneracije kosti[:en]Bone grafting[:de]Knochentransplantation[:it]Innesto osseo[:] - Dental Matkovic","og_url":"http:\/\/www.dental-matkovic.com\/en\/regeneracije-kosti","og_site_name":"Dental Matkovic","article_publisher":"https:\/\/www.facebook.com\/pages\/Dental-implant-Matkovi%c4%87\/832171276837924","article_modified_time":"2015-07-16T10:25:09+00:00","og_image":[{"url":"http:\/\/www.dental-matkovic.com\/\/wp-content\/uploads\/2015\/06\/bonegraft.jpg"}],"twitter_card":"summary","twitter_misc":{"Tempo di lettura stimato":"1 minuto"},"schema":{"@context":"https:\/\/schema.org","@graph":[{"@type":"WebSite","@id":"https:\/\/www.dental-matkovic.com\/#website","url":"https:\/\/www.dental-matkovic.com\/","name":"Dental Matkovic","description":"(Hrvatski) Stomatolo\u0161ka ordinacija Dental Matkovi\u0107, Ba\u0161ka Voda","potentialAction":[{"@type":"SearchAction","target":{"@type":"EntryPoint","urlTemplate":"https:\/\/www.dental-matkovic.com\/?s={search_term_string}"},"query-input":"required name=search_term_string"}],"inLanguage":"it-IT"},{"@type":"ImageObject","inLanguage":"it-IT","@id":"http:\/\/www.dental-matkovic.com\/en\/regeneracije-kosti#primaryimage","url":"http:\/\/www.dental-matkovic.com\/\/wp-content\/uploads\/2015\/06\/bonegraft.jpg","contentUrl":"http:\/\/www.dental-matkovic.com\/\/wp-content\/uploads\/2015\/06\/bonegraft.jpg"},{"@type":"WebPage","@id":"http:\/\/www.dental-matkovic.com\/en\/regeneracije-kosti","url":"http:\/\/www.dental-matkovic.com\/en\/regeneracije-kosti","name":"[:hr]Regeneracije kosti[:en]Bone grafting[:de]Knochentransplantation[:it]Innesto osseo[:] - Dental Matkovic","isPartOf":{"@id":"https:\/\/www.dental-matkovic.com\/#website"},"primaryImageOfPage":{"@id":"http:\/\/www.dental-matkovic.com\/en\/regeneracije-kosti#primaryimage"},"datePublished":"2015-06-20T18:01:43+00:00","dateModified":"2015-07-16T10:25:09+00:00","breadcrumb":{"@id":"http:\/\/www.dental-matkovic.com\/en\/regeneracije-kosti#breadcrumb"},"inLanguage":"it-IT","potentialAction":[{"@type":"ReadAction","target":["http:\/\/www.dental-matkovic.com\/en\/regeneracije-kosti"]}]},{"@type":"BreadcrumbList","@id":"http:\/\/www.dental-matkovic.com\/en\/regeneracije-kosti#breadcrumb","itemListElement":[{"@type":"ListItem","position":1,"name":"Home","item":"https:\/\/www.dental-matkovic.com\/"},{"@type":"ListItem","position":2,"name":"Bone grafting"}]}]}},"_links":{"self":[{"href":"http:\/\/www.dental-matkovic.com\/it\/wp-json\/wp\/v2\/pages\/499"}],"collection":[{"href":"http:\/\/www.dental-matkovic.com\/it\/wp-json\/wp\/v2\/pages"}],"about":[{"href":"http:\/\/www.dental-matkovic.com\/it\/wp-json\/wp\/v2\/types\/page"}],"author":[{"embeddable":true,"href":"http:\/\/www.dental-matkovic.com\/it\/wp-json\/wp\/v2\/users\/1"}],"replies":[{"embeddable":true,"href":"http:\/\/www.dental-matkovic.com\/it\/wp-json\/wp\/v2\/comments?post=499"}],"version-history":[{"count":0,"href":"http:\/\/www.dental-matkovic.com\/it\/wp-json\/wp\/v2\/pages\/499\/revisions"}],"wp:attachment":[{"href":"http:\/\/www.dental-matkovic.com\/it\/wp-json\/wp\/v2\/media?parent=499"}],"curies":[{"name":"wp","href":"https:\/\/api.w.org\/{rel}","templated":true}]}}