{"id":280,"date":"2015-06-14T18:08:52","date_gmt":"2015-06-14T18:08:52","guid":{"rendered":"http:\/\/www.dental-matkovic.com\/\/?page_id=280"},"modified":"2015-06-22T13:13:13","modified_gmt":"2015-06-22T13:13:13","slug":"dijagnostika","status":"publish","type":"page","link":"https:\/\/www.dental-matkovic.com\/de\/dijagnostika","title":{"rendered":"Diagnostik"},"content":{"rendered":"<img loading=\"lazy\" class=\"alignright size-medium wp-image-306\" src=\"http:\/\/www.dental-matkovic.com\/\/wp-content\/uploads\/2015\/06\/dental-consultation-300x200.jpg\" srcset=\"http:\/\/www.dental-matkovic.com\/\/wp-content\/uploads\/2015\/06\/dental-consultation-300x200.jpg 300w, http:\/\/www.dental-matkovic.com\/\/wp-content\/uploads\/2015\/06\/dental-consultation-1024x683.jpg 1024w, http:\/\/www.dental-matkovic.com\/\/wp-content\/uploads\/2015\/06\/dental-consultation.jpg 2508w\" alt=\"dental-consultation\" width=\"300\" height=\"200\" sizes=\"(max-width: 300px) 100vw, 300px\" \/>Um die Gesundheit Ihrer Z\u00e4hne und die allgemeine Mundgesundheit zu erhalten ist es sehr wichtig regelm\u00e4\u00dfige zahn\u00e4rztliche Untersuchungen durchzuf\u00fchren. Den Erwachsenen wird empfohlen den Zahnarzt zweimal im Jahr (alle 6 Monate) zu besuchen und bei den Kindern viermal im Jahr (alle 3 Monate).<\/p>\n<p>Jeder gewissenhafte Zahnarzt wird sich Zeit f\u00fcr eine detaillierte Untersuchung der Mundh\u00f6hle und Z\u00e4hne nehmen. Die gr\u00f6\u00dften Versehen treten auf wenn Ihr Zahnarzt nur dass sieht und macht was Sie st\u00f6rt und die Aufmerksamkeit nicht auf die anderen Z\u00e4hne lenkt. Eine oberfl\u00e4chliche und schnelle \u00dcberpr\u00fcfung f\u00fchrt in der Regel zu einer Reihe von Fehlern die letztlich zu viel umfassenderen und teuren Eingriffen an Ihren Z\u00e4hnen f\u00fchren, was nicht der Fall w\u00e4re wenn die Karies oder jede andere Ver\u00e4nderung rechtzeitig bemerk wurde.","protected":false},"excerpt":{"rendered":"<p>Um die Gesundheit Ihrer Z\u00e4hne und die allgemeine Mundgesundheit zu erhalten ist es sehr wichtig regelm\u00e4\u00dfige zahn\u00e4rztliche Untersuchungen durchzuf\u00fchren. Den Erwachsenen wird empfohlen den Zahnarzt zweimal im Jahr (alle 6 Monate) zu besuchen und bei den Kindern viermal im Jahr (alle 3 Monate). Jeder gewissenhafte Zahnarzt wird sich Zeit f\u00fcr eine detaillierte Untersuchung der Mundh\u00f6hle und Z\u00e4hne nehmen. Die gr\u00f6\u00dften&nbsp;<a href=\"https:\/\/www.dental-matkovic.com\/de\/dijagnostika\" class=\"read-more\">Weiter lesen<\/a><\/p>\n","protected":false},"author":1,"featured_media":0,"parent":0,"menu_order":0,"comment_status":"open","ping_status":"open","template":"","meta":[],"acf":[],"yoast_head":"<!-- This site is optimized with the Yoast SEO plugin v19.3 - https:\/\/yoast.com\/wordpress\/plugins\/seo\/ -->\n<title>Diagnostik - Dental Matkovic<\/title>\n<meta name=\"robots\" content=\"index, follow, max-snippet:-1, max-image-preview:large, max-video-preview:-1\" \/>\n<link rel=\"canonical\" href=\"http:\/\/www.dental-matkovic.com\/it\/dijagnostika\" \/>\n<meta property=\"og:locale\" content=\"de_DE\" \/>\n<meta property=\"og:type\" content=\"article\" \/>\n<meta property=\"og:title\" content=\"[:hr]Dijagnostika[:en]Diagnostics[:de]Diagnostik[:it]Diagnostica[:] - Dental Matkovic\" \/>\n<meta property=\"og:description\" content=\"Um die Gesundheit Ihrer Z\u00e4hne und die allgemeine Mundgesundheit zu erhalten ist es sehr wichtig regelm\u00e4\u00dfige zahn\u00e4rztliche Untersuchungen durchzuf\u00fchren. Den Erwachsenen wird empfohlen den Zahnarzt zweimal im Jahr (alle 6 Monate) zu besuchen und bei den Kindern viermal im Jahr (alle 3 Monate). Jeder gewissenhafte Zahnarzt wird sich Zeit f\u00fcr eine detaillierte Untersuchung der Mundh\u00f6hle und Z\u00e4hne nehmen. Die gr\u00f6\u00dften&nbsp;Weiter lesen\" \/>\n<meta property=\"og:url\" content=\"http:\/\/www.dental-matkovic.com\/it\/dijagnostika\" \/>\n<meta property=\"og:site_name\" content=\"Dental Matkovic\" \/>\n<meta property=\"article:publisher\" content=\"https:\/\/www.facebook.com\/pages\/Dental-implant-Matkovi%c4%87\/832171276837924\" \/>\n<meta property=\"article:modified_time\" content=\"2015-06-22T13:13:13+00:00\" \/>\n<meta property=\"og:image\" content=\"http:\/\/www.dental-matkovic.com\/\/wp-content\/uploads\/2015\/06\/dental-consultation-300x200.jpg\" \/>\n<meta name=\"twitter:card\" content=\"summary\" \/>\n<meta name=\"twitter:label1\" content=\"Gesch\u00e4tzte Lesezeit\" \/>\n\t<meta name=\"twitter:data1\" content=\"2\u00a0Minuten\" \/>\n<script type=\"application\/ld+json\" class=\"yoast-schema-graph\">{\"@context\":\"https:\/\/schema.org\",\"@graph\":[{\"@type\":\"WebSite\",\"@id\":\"http:\/\/www.dental-matkovic.com\/#website\",\"url\":\"http:\/\/www.dental-matkovic.com\/\",\"name\":\"Dental Matkovic\",\"description\":\"Zahnarzt Dental Matkovi\u0107, Zahnarzt Ba\u0161ka Voda\",\"potentialAction\":[{\"@type\":\"SearchAction\",\"target\":{\"@type\":\"EntryPoint\",\"urlTemplate\":\"http:\/\/www.dental-matkovic.com\/?s={search_term_string}\"},\"query-input\":\"required name=search_term_string\"}],\"inLanguage\":\"de\"},{\"@type\":\"ImageObject\",\"inLanguage\":\"de\",\"@id\":\"http:\/\/www.dental-matkovic.com\/it\/dijagnostika#primaryimage\",\"url\":\"http:\/\/www.dental-matkovic.com\/\/wp-content\/uploads\/2015\/06\/dental-consultation-300x200.jpg\",\"contentUrl\":\"http:\/\/www.dental-matkovic.com\/\/wp-content\/uploads\/2015\/06\/dental-consultation-300x200.jpg\"},{\"@type\":\"WebPage\",\"@id\":\"http:\/\/www.dental-matkovic.com\/it\/dijagnostika\",\"url\":\"http:\/\/www.dental-matkovic.com\/it\/dijagnostika\",\"name\":\"[:hr]Dijagnostika[:en]Diagnostics[:de]Diagnostik[:it]Diagnostica[:] - Dental Matkovic\",\"isPartOf\":{\"@id\":\"http:\/\/www.dental-matkovic.com\/#website\"},\"primaryImageOfPage\":{\"@id\":\"http:\/\/www.dental-matkovic.com\/it\/dijagnostika#primaryimage\"},\"datePublished\":\"2015-06-14T18:08:52+00:00\",\"dateModified\":\"2015-06-22T13:13:13+00:00\",\"breadcrumb\":{\"@id\":\"http:\/\/www.dental-matkovic.com\/it\/dijagnostika#breadcrumb\"},\"inLanguage\":\"de\",\"potentialAction\":[{\"@type\":\"ReadAction\",\"target\":[\"http:\/\/www.dental-matkovic.com\/it\/dijagnostika\"]}]},{\"@type\":\"BreadcrumbList\",\"@id\":\"http:\/\/www.dental-matkovic.com\/it\/dijagnostika#breadcrumb\",\"itemListElement\":[{\"@type\":\"ListItem\",\"position\":1,\"name\":\"Home\",\"item\":\"http:\/\/www.dental-matkovic.com\/\"},{\"@type\":\"ListItem\",\"position\":2,\"name\":\"Diagnostica\"}]}]}<\/script>\n<!-- \/ Yoast SEO plugin. -->","yoast_head_json":{"title":"[:hr]Dijagnostika[:en]Diagnostics[:de]Diagnostik[:it]Diagnostica[:] - Dental Matkovic","robots":{"index":"index","follow":"follow","max-snippet":"max-snippet:-1","max-image-preview":"max-image-preview:large","max-video-preview":"max-video-preview:-1"},"canonical":"http:\/\/www.dental-matkovic.com\/it\/dijagnostika","og_locale":"de_DE","og_type":"article","og_title":"[:hr]Dijagnostika[:en]Diagnostics[:de]Diagnostik[:it]Diagnostica[:] - Dental Matkovic","og_description":"Um die Gesundheit Ihrer Z\u00e4hne und die allgemeine Mundgesundheit zu erhalten ist es sehr wichtig regelm\u00e4\u00dfige zahn\u00e4rztliche Untersuchungen durchzuf\u00fchren. Den Erwachsenen wird empfohlen den Zahnarzt zweimal im Jahr (alle 6 Monate) zu besuchen und bei den Kindern viermal im Jahr (alle 3 Monate). Jeder gewissenhafte Zahnarzt wird sich Zeit f\u00fcr eine detaillierte Untersuchung der Mundh\u00f6hle und Z\u00e4hne nehmen. Die gr\u00f6\u00dften&nbsp;Weiter lesen","og_url":"http:\/\/www.dental-matkovic.com\/it\/dijagnostika","og_site_name":"Dental Matkovic","article_publisher":"https:\/\/www.facebook.com\/pages\/Dental-implant-Matkovi%c4%87\/832171276837924","article_modified_time":"2015-06-22T13:13:13+00:00","og_image":[{"url":"http:\/\/www.dental-matkovic.com\/\/wp-content\/uploads\/2015\/06\/dental-consultation-300x200.jpg"}],"twitter_card":"summary","twitter_misc":{"Gesch\u00e4tzte Lesezeit":"2\u00a0Minuten"},"schema":{"@context":"https:\/\/schema.org","@graph":[{"@type":"WebSite","@id":"http:\/\/www.dental-matkovic.com\/#website","url":"http:\/\/www.dental-matkovic.com\/","name":"Dental Matkovic","description":"Zahnarzt Dental Matkovi\u0107, Zahnarzt Ba\u0161ka Voda","potentialAction":[{"@type":"SearchAction","target":{"@type":"EntryPoint","urlTemplate":"http:\/\/www.dental-matkovic.com\/?s={search_term_string}"},"query-input":"required name=search_term_string"}],"inLanguage":"de"},{"@type":"ImageObject","inLanguage":"de","@id":"http:\/\/www.dental-matkovic.com\/it\/dijagnostika#primaryimage","url":"http:\/\/www.dental-matkovic.com\/\/wp-content\/uploads\/2015\/06\/dental-consultation-300x200.jpg","contentUrl":"http:\/\/www.dental-matkovic.com\/\/wp-content\/uploads\/2015\/06\/dental-consultation-300x200.jpg"},{"@type":"WebPage","@id":"http:\/\/www.dental-matkovic.com\/it\/dijagnostika","url":"http:\/\/www.dental-matkovic.com\/it\/dijagnostika","name":"[:hr]Dijagnostika[:en]Diagnostics[:de]Diagnostik[:it]Diagnostica[:] - Dental Matkovic","isPartOf":{"@id":"http:\/\/www.dental-matkovic.com\/#website"},"primaryImageOfPage":{"@id":"http:\/\/www.dental-matkovic.com\/it\/dijagnostika#primaryimage"},"datePublished":"2015-06-14T18:08:52+00:00","dateModified":"2015-06-22T13:13:13+00:00","breadcrumb":{"@id":"http:\/\/www.dental-matkovic.com\/it\/dijagnostika#breadcrumb"},"inLanguage":"de","potentialAction":[{"@type":"ReadAction","target":["http:\/\/www.dental-matkovic.com\/it\/dijagnostika"]}]},{"@type":"BreadcrumbList","@id":"http:\/\/www.dental-matkovic.com\/it\/dijagnostika#breadcrumb","itemListElement":[{"@type":"ListItem","position":1,"name":"Home","item":"http:\/\/www.dental-matkovic.com\/"},{"@type":"ListItem","position":2,"name":"Diagnostica"}]}]}},"_links":{"self":[{"href":"https:\/\/www.dental-matkovic.com\/de\/wp-json\/wp\/v2\/pages\/280"}],"collection":[{"href":"https:\/\/www.dental-matkovic.com\/de\/wp-json\/wp\/v2\/pages"}],"about":[{"href":"https:\/\/www.dental-matkovic.com\/de\/wp-json\/wp\/v2\/types\/page"}],"author":[{"embeddable":true,"href":"https:\/\/www.dental-matkovic.com\/de\/wp-json\/wp\/v2\/users\/1"}],"replies":[{"embeddable":true,"href":"https:\/\/www.dental-matkovic.com\/de\/wp-json\/wp\/v2\/comments?post=280"}],"version-history":[{"count":0,"href":"https:\/\/www.dental-matkovic.com\/de\/wp-json\/wp\/v2\/pages\/280\/revisions"}],"wp:attachment":[{"href":"https:\/\/www.dental-matkovic.com\/de\/wp-json\/wp\/v2\/media?parent=280"}],"curies":[{"name":"wp","href":"https:\/\/api.w.org\/{rel}","templated":true}]}}