{"id":283,"date":"2015-06-14T18:10:26","date_gmt":"2015-06-14T18:10:26","guid":{"rendered":"http:\/\/www.dental-matkovic.com\/\/?page_id=283"},"modified":"2015-06-22T15:11:04","modified_gmt":"2015-06-22T15:11:04","slug":"estetska-stomatologija","status":"publish","type":"page","link":"https:\/\/www.dental-matkovic.com\/de\/estetska-stomatologija","title":{"rendered":"\u00c4sthetische Zahnmedizin"},"content":{"rendered":"<img loading=\"lazy\" class=\"alignright wp-image-322\" src=\"http:\/\/www.dental-matkovic.com\/\/wp-content\/uploads\/2015\/06\/images.jpg\" srcset=\"http:\/\/www.dental-matkovic.com\/\/wp-content\/uploads\/2015\/06\/images.jpg 276w\" alt=\"images\" width=\"325\" height=\"215\" sizes=\"(max-width: 276px) 100vw, 276px\" \/>Die <strong>\u00e4sthetische Zahnmedizin <\/strong>ist ein interdisziplin\u00e4rer Zahnmedizinast, dass fast alle Bereiche der Zahnmedizin verbinden. Die \u00c4sthetik und die Funktion sind hierbei bis zur Perfektion ausgereift. Sie stellt den aufregendsten Teil der Zahnmedizin dar.<\/p>\n<p>\u00c4sthetische Zahnmedizin ist ein wichtiger Teil von allen zahnmedizinischen Behandlungen geworden. Von jedem Zahnmedizinischen Eingriff wird erwartet, dass er auch im \u00e4sthetischen Sinne perfekt ist. Der subjektive Blick ob etwas Sch\u00f6n oder nicht Sch\u00f6n ist stellt manchmal einige Probleme dar. Erstklassige Ergebnisse im Bereich der \u00e4sthetischen Zahnmedizin, k\u00f6nnen nur durch einen balancierten Ausgleich von subjektiven Patientenerwartungen und den objektiven Parameter des Faches erzielt werden.<\/p>\n<p>Als \u00e4sthetische Zahnmedizin verstehen wir die orale Therapie, die die \u00e4sthetischen \u00a0Anspr\u00fcche von Patienten vollst\u00e4ndig erf\u00fcllt. Wir\u00a0werden Ihnen ein wundersch\u00f6nes L\u00e4cheln zaubern, da dies einen sehr wichtigen Teil des Eindruckes ausmacht, den wir bei unseren Mitmenschen hinterlassen. Durch die Anwendung von k\u00fcnstlichen F\u00e4higkeiten und moderner Technik bekommen Sie ein sch\u00f6neres, j\u00fcngeres L\u00e4cheln und dadurch mehr Selbstbewusstsein. Das ist im Sinne der \u00e4sthetischen Chirurgie<\/p>\n<p>Kosmetische Zahnmedizin in der Zahnarztpraxis Matkovic beinhaltet: \u00e4sthetische Restaurationen, Zahngesundheit, L\u00e4cheln Makeover, metallfreie Keramik, Veneers, Inlays, Zahnschmuck .","protected":false},"excerpt":{"rendered":"<p>Die \u00e4sthetische Zahnmedizin ist ein interdisziplin\u00e4rer Zahnmedizinast, dass fast alle Bereiche der Zahnmedizin verbinden. Die \u00c4sthetik und die Funktion sind hierbei bis zur Perfektion ausgereift. Sie stellt den aufregendsten Teil der Zahnmedizin dar. \u00c4sthetische Zahnmedizin ist ein wichtiger Teil von allen zahnmedizinischen Behandlungen geworden. Von jedem Zahnmedizinischen Eingriff wird erwartet, dass er auch im \u00e4sthetischen Sinne perfekt ist. Der subjektive&nbsp;<a href=\"https:\/\/www.dental-matkovic.com\/de\/estetska-stomatologija\" class=\"read-more\">Weiter lesen<\/a><\/p>\n","protected":false},"author":1,"featured_media":0,"parent":0,"menu_order":0,"comment_status":"open","ping_status":"open","template":"","meta":[],"acf":[],"yoast_head":"<!-- This site is optimized with the Yoast SEO plugin v19.3 - https:\/\/yoast.com\/wordpress\/plugins\/seo\/ -->\n<title>\u00c4sthetische Zahnmedizin - Dental Matkovic<\/title>\n<meta name=\"robots\" content=\"index, follow, max-snippet:-1, max-image-preview:large, max-video-preview:-1\" \/>\n<link rel=\"canonical\" href=\"http:\/\/www.dental-matkovic.com\/estetska-stomatologija\" \/>\n<meta property=\"og:locale\" content=\"de_DE\" \/>\n<meta property=\"og:type\" content=\"article\" \/>\n<meta property=\"og:title\" content=\"[:hr]Estetska Stomatologija[:en]Cosmetic Dentistry[:de]\u00c4sthetische Zahnmedizin[:it]L&#039;odontoiatria estetica[:] - Dental Matkovic\" \/>\n<meta property=\"og:description\" content=\"Die \u00e4sthetische Zahnmedizin ist ein interdisziplin\u00e4rer Zahnmedizinast, dass fast alle Bereiche der Zahnmedizin verbinden. Die \u00c4sthetik und die Funktion sind hierbei bis zur Perfektion ausgereift. Sie stellt den aufregendsten Teil der Zahnmedizin dar. \u00c4sthetische Zahnmedizin ist ein wichtiger Teil von allen zahnmedizinischen Behandlungen geworden. Von jedem Zahnmedizinischen Eingriff wird erwartet, dass er auch im \u00e4sthetischen Sinne perfekt ist. Der subjektive&nbsp;Weiter lesen\" \/>\n<meta property=\"og:url\" content=\"http:\/\/www.dental-matkovic.com\/estetska-stomatologija\" \/>\n<meta property=\"og:site_name\" content=\"Dental Matkovic\" \/>\n<meta property=\"article:publisher\" content=\"https:\/\/www.facebook.com\/pages\/Dental-implant-Matkovi%c4%87\/832171276837924\" \/>\n<meta property=\"article:modified_time\" content=\"2015-06-22T15:11:04+00:00\" \/>\n<meta property=\"og:image\" content=\"http:\/\/www.dental-matkovic.com\/\/wp-content\/uploads\/2015\/06\/images.jpg\" \/>\n<meta name=\"twitter:card\" content=\"summary\" \/>\n<meta name=\"twitter:label1\" content=\"Gesch\u00e4tzte Lesezeit\" \/>\n\t<meta name=\"twitter:data1\" content=\"3\u00a0Minuten\" \/>\n<script type=\"application\/ld+json\" class=\"yoast-schema-graph\">{\"@context\":\"https:\/\/schema.org\",\"@graph\":[{\"@type\":\"WebSite\",\"@id\":\"http:\/\/www.dental-matkovic.com\/#website\",\"url\":\"http:\/\/www.dental-matkovic.com\/\",\"name\":\"Dental Matkovic\",\"description\":\"Zahnarzt Dental Matkovi\u0107, Zahnarzt Ba\u0161ka Voda\",\"potentialAction\":[{\"@type\":\"SearchAction\",\"target\":{\"@type\":\"EntryPoint\",\"urlTemplate\":\"http:\/\/www.dental-matkovic.com\/?s={search_term_string}\"},\"query-input\":\"required name=search_term_string\"}],\"inLanguage\":\"de\"},{\"@type\":\"ImageObject\",\"inLanguage\":\"de\",\"@id\":\"http:\/\/www.dental-matkovic.com\/estetska-stomatologija#primaryimage\",\"url\":\"http:\/\/www.dental-matkovic.com\/\/wp-content\/uploads\/2015\/06\/images.jpg\",\"contentUrl\":\"http:\/\/www.dental-matkovic.com\/\/wp-content\/uploads\/2015\/06\/images.jpg\"},{\"@type\":\"WebPage\",\"@id\":\"http:\/\/www.dental-matkovic.com\/estetska-stomatologija\",\"url\":\"http:\/\/www.dental-matkovic.com\/estetska-stomatologija\",\"name\":\"[:hr]Estetska Stomatologija[:en]Cosmetic Dentistry[:de]\u00c4sthetische Zahnmedizin[:it]L'odontoiatria estetica[:] - Dental Matkovic\",\"isPartOf\":{\"@id\":\"http:\/\/www.dental-matkovic.com\/#website\"},\"primaryImageOfPage\":{\"@id\":\"http:\/\/www.dental-matkovic.com\/estetska-stomatologija#primaryimage\"},\"datePublished\":\"2015-06-14T18:10:26+00:00\",\"dateModified\":\"2015-06-22T15:11:04+00:00\",\"breadcrumb\":{\"@id\":\"http:\/\/www.dental-matkovic.com\/estetska-stomatologija#breadcrumb\"},\"inLanguage\":\"de\",\"potentialAction\":[{\"@type\":\"ReadAction\",\"target\":[\"http:\/\/www.dental-matkovic.com\/estetska-stomatologija\"]}]},{\"@type\":\"BreadcrumbList\",\"@id\":\"http:\/\/www.dental-matkovic.com\/estetska-stomatologija#breadcrumb\",\"itemListElement\":[{\"@type\":\"ListItem\",\"position\":1,\"name\":\"Home\",\"item\":\"http:\/\/www.dental-matkovic.com\/\"},{\"@type\":\"ListItem\",\"position\":2,\"name\":\"Estetska Stomatologija\"}]}]}<\/script>\n<!-- \/ Yoast SEO plugin. -->","yoast_head_json":{"title":"[:hr]Estetska Stomatologija[:en]Cosmetic Dentistry[:de]\u00c4sthetische Zahnmedizin[:it]L'odontoiatria estetica[:] - Dental Matkovic","robots":{"index":"index","follow":"follow","max-snippet":"max-snippet:-1","max-image-preview":"max-image-preview:large","max-video-preview":"max-video-preview:-1"},"canonical":"http:\/\/www.dental-matkovic.com\/estetska-stomatologija","og_locale":"de_DE","og_type":"article","og_title":"[:hr]Estetska Stomatologija[:en]Cosmetic Dentistry[:de]\u00c4sthetische Zahnmedizin[:it]L'odontoiatria estetica[:] - Dental Matkovic","og_description":"Die \u00e4sthetische Zahnmedizin ist ein interdisziplin\u00e4rer Zahnmedizinast, dass fast alle Bereiche der Zahnmedizin verbinden. Die \u00c4sthetik und die Funktion sind hierbei bis zur Perfektion ausgereift. Sie stellt den aufregendsten Teil der Zahnmedizin dar. \u00c4sthetische Zahnmedizin ist ein wichtiger Teil von allen zahnmedizinischen Behandlungen geworden. Von jedem Zahnmedizinischen Eingriff wird erwartet, dass er auch im \u00e4sthetischen Sinne perfekt ist. Der subjektive&nbsp;Weiter lesen","og_url":"http:\/\/www.dental-matkovic.com\/estetska-stomatologija","og_site_name":"Dental Matkovic","article_publisher":"https:\/\/www.facebook.com\/pages\/Dental-implant-Matkovi%c4%87\/832171276837924","article_modified_time":"2015-06-22T15:11:04+00:00","og_image":[{"url":"http:\/\/www.dental-matkovic.com\/\/wp-content\/uploads\/2015\/06\/images.jpg"}],"twitter_card":"summary","twitter_misc":{"Gesch\u00e4tzte Lesezeit":"3\u00a0Minuten"},"schema":{"@context":"https:\/\/schema.org","@graph":[{"@type":"WebSite","@id":"http:\/\/www.dental-matkovic.com\/#website","url":"http:\/\/www.dental-matkovic.com\/","name":"Dental Matkovic","description":"Zahnarzt Dental Matkovi\u0107, Zahnarzt Ba\u0161ka Voda","potentialAction":[{"@type":"SearchAction","target":{"@type":"EntryPoint","urlTemplate":"http:\/\/www.dental-matkovic.com\/?s={search_term_string}"},"query-input":"required name=search_term_string"}],"inLanguage":"de"},{"@type":"ImageObject","inLanguage":"de","@id":"http:\/\/www.dental-matkovic.com\/estetska-stomatologija#primaryimage","url":"http:\/\/www.dental-matkovic.com\/\/wp-content\/uploads\/2015\/06\/images.jpg","contentUrl":"http:\/\/www.dental-matkovic.com\/\/wp-content\/uploads\/2015\/06\/images.jpg"},{"@type":"WebPage","@id":"http:\/\/www.dental-matkovic.com\/estetska-stomatologija","url":"http:\/\/www.dental-matkovic.com\/estetska-stomatologija","name":"[:hr]Estetska Stomatologija[:en]Cosmetic Dentistry[:de]\u00c4sthetische Zahnmedizin[:it]L'odontoiatria estetica[:] - Dental Matkovic","isPartOf":{"@id":"http:\/\/www.dental-matkovic.com\/#website"},"primaryImageOfPage":{"@id":"http:\/\/www.dental-matkovic.com\/estetska-stomatologija#primaryimage"},"datePublished":"2015-06-14T18:10:26+00:00","dateModified":"2015-06-22T15:11:04+00:00","breadcrumb":{"@id":"http:\/\/www.dental-matkovic.com\/estetska-stomatologija#breadcrumb"},"inLanguage":"de","potentialAction":[{"@type":"ReadAction","target":["http:\/\/www.dental-matkovic.com\/estetska-stomatologija"]}]},{"@type":"BreadcrumbList","@id":"http:\/\/www.dental-matkovic.com\/estetska-stomatologija#breadcrumb","itemListElement":[{"@type":"ListItem","position":1,"name":"Home","item":"http:\/\/www.dental-matkovic.com\/"},{"@type":"ListItem","position":2,"name":"Estetska Stomatologija"}]}]}},"_links":{"self":[{"href":"https:\/\/www.dental-matkovic.com\/de\/wp-json\/wp\/v2\/pages\/283"}],"collection":[{"href":"https:\/\/www.dental-matkovic.com\/de\/wp-json\/wp\/v2\/pages"}],"about":[{"href":"https:\/\/www.dental-matkovic.com\/de\/wp-json\/wp\/v2\/types\/page"}],"author":[{"embeddable":true,"href":"https:\/\/www.dental-matkovic.com\/de\/wp-json\/wp\/v2\/users\/1"}],"replies":[{"embeddable":true,"href":"https:\/\/www.dental-matkovic.com\/de\/wp-json\/wp\/v2\/comments?post=283"}],"version-history":[{"count":0,"href":"https:\/\/www.dental-matkovic.com\/de\/wp-json\/wp\/v2\/pages\/283\/revisions"}],"wp:attachment":[{"href":"https:\/\/www.dental-matkovic.com\/de\/wp-json\/wp\/v2\/media?parent=283"}],"curies":[{"name":"wp","href":"https:\/\/api.w.org\/{rel}","templated":true}]}}