{"id":52,"date":"2015-04-19T17:54:14","date_gmt":"2015-04-19T17:54:14","guid":{"rendered":"http:\/\/www.dental-matkovic.com\/\/?page_id=52"},"modified":"2022-05-23T17:46:01","modified_gmt":"2022-05-23T17:46:01","slug":"galerija","status":"publish","type":"page","link":"https:\/\/www.dental-matkovic.com\/de\/galerija","title":{"rendered":"Galerie"},"content":{"rendered":"<p style=\"text-align: center;\">\r\n\t\t\t\t\t\n\r\n\t\t\t\t\t<!-- START UNITE GALLERY LITE 1.7.56 -->\r\n\t\t\t\t\t\r\n\t\t\t\t\n\t\t\t<div id='unitegallery_3_1' class='unite-gallery' style='margin:0px auto;'>\n\t\t\t\t\n\n\t\t\t\t\t\t<img alt=\"batch_DSC05036-PS\"\n\t\t\t\t\t\t     src=\"\" data-image=\"https:\/\/www.dental-matkovic.com\/wp-content\/uploads\/2019\/07\/batch_DSC05036-PS.jpg\"\n\t\t\t\t\t\t     data-thumb=\"https:\/\/www.dental-matkovic.com\/wp-content\/uploads\/2019\/07\/batch_DSC05036-PS-300x200.jpg\"\n\t\t\t\t\t\t     title=\"\"\n\t\t\t\t\t\t     style=\"display:none\">\n\n\t\t\t\t\t\t<img alt=\"batch_DSC05035\"\n\t\t\t\t\t\t     src=\"\" data-image=\"https:\/\/www.dental-matkovic.com\/wp-content\/uploads\/2019\/07\/batch_DSC05035.jpg\"\n\t\t\t\t\t\t     data-thumb=\"https:\/\/www.dental-matkovic.com\/wp-content\/uploads\/2019\/07\/batch_DSC05035-300x200.jpg\"\n\t\t\t\t\t\t     title=\"\"\n\t\t\t\t\t\t     style=\"display:none\">\n\n\t\t\t\t\t\t<img alt=\"batch_DSC04954\"\n\t\t\t\t\t\t     src=\"\" data-image=\"https:\/\/www.dental-matkovic.com\/wp-content\/uploads\/2019\/07\/batch_DSC04954.jpg\"\n\t\t\t\t\t\t     data-thumb=\"https:\/\/www.dental-matkovic.com\/wp-content\/uploads\/2019\/07\/batch_DSC04954-300x200.jpg\"\n\t\t\t\t\t\t     title=\"\"\n\t\t\t\t\t\t     style=\"display:none\">\n\n\t\t\t\t\t\t<img alt=\"batch_DSC05048-PS\"\n\t\t\t\t\t\t     src=\"\" data-image=\"https:\/\/www.dental-matkovic.com\/wp-content\/uploads\/2019\/07\/batch_DSC05048-PS.jpg\"\n\t\t\t\t\t\t     data-thumb=\"https:\/\/www.dental-matkovic.com\/wp-content\/uploads\/2019\/07\/batch_DSC05048-PS-300x200.jpg\"\n\t\t\t\t\t\t     title=\"\"\n\t\t\t\t\t\t     style=\"display:none\">\n\n\t\t\t\t\t\t<img alt=\"DSC05953\"\n\t\t\t\t\t\t     src=\"\" data-image=\"https:\/\/www.dental-matkovic.com\/wp-content\/uploads\/2019\/07\/DSC05953.jpg\"\n\t\t\t\t\t\t     data-thumb=\"https:\/\/www.dental-matkovic.com\/wp-content\/uploads\/2019\/07\/DSC05953-300x200.jpg\"\n\t\t\t\t\t\t     title=\"\"\n\t\t\t\t\t\t     style=\"display:none\">\n\n\t\t\t\t\t\t<img alt=\"DSC05961\"\n\t\t\t\t\t\t     src=\"\" data-image=\"https:\/\/www.dental-matkovic.com\/wp-content\/uploads\/2019\/07\/DSC05961.jpg\"\n\t\t\t\t\t\t     data-thumb=\"https:\/\/www.dental-matkovic.com\/wp-content\/uploads\/2019\/07\/DSC05961-300x200.jpg\"\n\t\t\t\t\t\t     title=\"\"\n\t\t\t\t\t\t     style=\"display:none\">\n\n\t\t\t\t\t\t<img alt=\"DSC05966\"\n\t\t\t\t\t\t     src=\"\" data-image=\"https:\/\/www.dental-matkovic.com\/wp-content\/uploads\/2019\/07\/DSC05966.jpg\"\n\t\t\t\t\t\t     data-thumb=\"https:\/\/www.dental-matkovic.com\/wp-content\/uploads\/2019\/07\/DSC05966-300x200.jpg\"\n\t\t\t\t\t\t     title=\"\"\n\t\t\t\t\t\t     style=\"display:none\">\n\n\t\t\t\t\t\t<img alt=\"batch_DSC05015\"\n\t\t\t\t\t\t     src=\"\" data-image=\"https:\/\/www.dental-matkovic.com\/wp-content\/uploads\/2019\/07\/batch_DSC05015.jpg\"\n\t\t\t\t\t\t     data-thumb=\"https:\/\/www.dental-matkovic.com\/wp-content\/uploads\/2019\/07\/batch_DSC05015-300x200.jpg\"\n\t\t\t\t\t\t     title=\"\"\n\t\t\t\t\t\t     style=\"display:none\">\n\n\t\t\t\t\t\t<img alt=\"batch_DSC05025\"\n\t\t\t\t\t\t     src=\"\" data-image=\"https:\/\/www.dental-matkovic.com\/wp-content\/uploads\/2019\/07\/batch_DSC05025.jpg\"\n\t\t\t\t\t\t     data-thumb=\"https:\/\/www.dental-matkovic.com\/wp-content\/uploads\/2019\/07\/batch_DSC05025-300x200.jpg\"\n\t\t\t\t\t\t     title=\"\"\n\t\t\t\t\t\t     style=\"display:none\">\n\n\t\t\t\t\t\t<img alt=\"batch_DSC04929\"\n\t\t\t\t\t\t     src=\"\" data-image=\"https:\/\/www.dental-matkovic.com\/wp-content\/uploads\/2019\/07\/batch_DSC04929.jpg\"\n\t\t\t\t\t\t     data-thumb=\"https:\/\/www.dental-matkovic.com\/wp-content\/uploads\/2019\/07\/batch_DSC04929-300x200.jpg\"\n\t\t\t\t\t\t     title=\"\"\n\t\t\t\t\t\t     style=\"display:none\">\n\n\t\t\t\t\t\t<img alt=\"batch_DSC04951-PS\"\n\t\t\t\t\t\t     src=\"\" data-image=\"https:\/\/www.dental-matkovic.com\/wp-content\/uploads\/2019\/07\/batch_DSC04951-PS.jpg\"\n\t\t\t\t\t\t     data-thumb=\"https:\/\/www.dental-matkovic.com\/wp-content\/uploads\/2019\/07\/batch_DSC04951-PS-300x200.jpg\"\n\t\t\t\t\t\t     title=\"\"\n\t\t\t\t\t\t     style=\"display:none\">\n\n\t\t\t\t\t\t<img alt=\"batch_DSC04959\"\n\t\t\t\t\t\t     src=\"\" data-image=\"https:\/\/www.dental-matkovic.com\/wp-content\/uploads\/2019\/07\/batch_DSC04959.jpg\"\n\t\t\t\t\t\t     data-thumb=\"https:\/\/www.dental-matkovic.com\/wp-content\/uploads\/2019\/07\/batch_DSC04959-300x200.jpg\"\n\t\t\t\t\t\t     title=\"\"\n\t\t\t\t\t\t     style=\"display:none\">\n\n\t\t\t\t\t\t<img alt=\"batch_DSC05006\"\n\t\t\t\t\t\t     src=\"\" data-image=\"https:\/\/www.dental-matkovic.com\/wp-content\/uploads\/2019\/07\/batch_DSC05006.jpg\"\n\t\t\t\t\t\t     data-thumb=\"https:\/\/www.dental-matkovic.com\/wp-content\/uploads\/2019\/07\/batch_DSC05006-300x200.jpg\"\n\t\t\t\t\t\t     title=\"\"\n\t\t\t\t\t\t     style=\"display:none\">\n\n\t\t\t\t\t\t<img alt=\"batch_DSC04983-PS\"\n\t\t\t\t\t\t     src=\"\" data-image=\"https:\/\/www.dental-matkovic.com\/wp-content\/uploads\/2019\/07\/batch_DSC04983-PS.jpg\"\n\t\t\t\t\t\t     data-thumb=\"https:\/\/www.dental-matkovic.com\/wp-content\/uploads\/2019\/07\/batch_DSC04983-PS-300x200.jpg\"\n\t\t\t\t\t\t     title=\"\"\n\t\t\t\t\t\t     style=\"display:none\">\n\n\t\t\t\t\t\t<img alt=\"batch_DSC05049\"\n\t\t\t\t\t\t     src=\"\" data-image=\"https:\/\/www.dental-matkovic.com\/wp-content\/uploads\/2019\/07\/batch_DSC05049.jpg\"\n\t\t\t\t\t\t     data-thumb=\"https:\/\/www.dental-matkovic.com\/wp-content\/uploads\/2019\/07\/batch_DSC05049-300x200.jpg\"\n\t\t\t\t\t\t     title=\"\"\n\t\t\t\t\t\t     style=\"display:none\">\n\n\t\t\t\t\t\t<img alt=\"batch_DSC05092-PS\"\n\t\t\t\t\t\t     src=\"\" data-image=\"https:\/\/www.dental-matkovic.com\/wp-content\/uploads\/2019\/07\/batch_DSC05092-PS.jpg\"\n\t\t\t\t\t\t     data-thumb=\"https:\/\/www.dental-matkovic.com\/wp-content\/uploads\/2019\/07\/batch_DSC05092-PS-300x200.jpg\"\n\t\t\t\t\t\t     title=\"\"\n\t\t\t\t\t\t     style=\"display:none\">\n\n\t\t\t\t\t\t<img alt=\"batch_DSC04976\"\n\t\t\t\t\t\t     src=\"\" data-image=\"https:\/\/www.dental-matkovic.com\/wp-content\/uploads\/2019\/07\/batch_DSC04976.jpg\"\n\t\t\t\t\t\t     data-thumb=\"https:\/\/www.dental-matkovic.com\/wp-content\/uploads\/2019\/07\/batch_DSC04976-300x200.jpg\"\n\t\t\t\t\t\t     title=\"\"\n\t\t\t\t\t\t     style=\"display:none\">\n\n\t\t\t\t\t\t<img alt=\"batch_DSC04977\"\n\t\t\t\t\t\t     src=\"\" data-image=\"https:\/\/www.dental-matkovic.com\/wp-content\/uploads\/2019\/07\/batch_DSC04977.jpg\"\n\t\t\t\t\t\t     data-thumb=\"https:\/\/www.dental-matkovic.com\/wp-content\/uploads\/2019\/07\/batch_DSC04977-300x200.jpg\"\n\t\t\t\t\t\t     title=\"\"\n\t\t\t\t\t\t     style=\"display:none\">\n\n\t\t\t\t\t\t<img alt=\"batch_DSC05084\"\n\t\t\t\t\t\t     src=\"\" data-image=\"https:\/\/www.dental-matkovic.com\/wp-content\/uploads\/2019\/07\/batch_DSC05084.jpg\"\n\t\t\t\t\t\t     data-thumb=\"https:\/\/www.dental-matkovic.com\/wp-content\/uploads\/2019\/07\/batch_DSC05084-300x200.jpg\"\n\t\t\t\t\t\t     title=\"\"\n\t\t\t\t\t\t     style=\"display:none\">\n\n\t\t\t\t\t\t<img alt=\"batch_DSC04996-PS\"\n\t\t\t\t\t\t     src=\"\" data-image=\"https:\/\/www.dental-matkovic.com\/wp-content\/uploads\/2019\/07\/batch_DSC04996-PS.jpg\"\n\t\t\t\t\t\t     data-thumb=\"https:\/\/www.dental-matkovic.com\/wp-content\/uploads\/2019\/07\/batch_DSC04996-PS-300x200.jpg\"\n\t\t\t\t\t\t     title=\"\"\n\t\t\t\t\t\t     style=\"display:none\">\n\t\t\t<\/div>\n\n\t\t\t<script type='text\/javascript'>\n\t\t\t\twindow.onload = function(e) {\n\t\t\t\t\tif(typeof ugCheckForErrors == \"undefined\"){\n\t\t\t\t\t\tdocument.getElementById(\"unitegallery_3_1\").innerHTML = \"<span style='color:red'>Unite Gallery Error - gallery js and css files not included in the footer. Please make sure that wp_footer() function is added to your theme.<\/span>\";}\n\t\t\t\t\telse{ ugCheckForErrors(\"unitegallery_3_1\", \"jquery\");}\n\t\t\t\t};\n\t\t\t<\/script>\n\n\t\t\t<!-- END UNITEGALLERY LITE-->\u00a0\u00a0\u00a0<\/p>\n\n\n<p><\/p>\n","protected":false},"excerpt":{"rendered":"<p>\u00a0\u00a0\u00a0<\/p>\n","protected":false},"author":1,"featured_media":0,"parent":0,"menu_order":0,"comment_status":"open","ping_status":"open","template":"page-fullwidth.php","meta":[],"acf":[],"yoast_head":"<!-- This site is optimized with the Yoast SEO plugin v19.3 - https:\/\/yoast.com\/wordpress\/plugins\/seo\/ -->\n<title>(Hrvatski) Galerija - Dental Matkovi\u0107<\/title>\n<meta name=\"description\" content=\"(Hrvatski) Galerija Dental Matkovi\u0107, Stomatolog Dental Matkovi\u0107, Dentist Matkovi\u0107 Ba\u0161ka Voda\" \/>\n<meta name=\"robots\" content=\"index, follow, max-snippet:-1, max-image-preview:large, max-video-preview:-1\" \/>\n<link rel=\"canonical\" href=\"https:\/\/www.dental-matkovic.com\/de\/galerija\" \/>\n<meta property=\"og:locale\" content=\"de_DE\" \/>\n<meta property=\"og:type\" content=\"article\" \/>\n<meta property=\"og:title\" content=\"(Hrvatski) Galerija - Dental Matkovi\u0107\" \/>\n<meta property=\"og:description\" content=\"(Hrvatski) Galerija Dental Matkovi\u0107, Stomatolog Dental Matkovi\u0107, Dentist Matkovi\u0107 Ba\u0161ka Voda\" \/>\n<meta property=\"og:url\" content=\"https:\/\/www.dental-matkovic.com\/de\/galerija\" \/>\n<meta property=\"og:site_name\" content=\"Dental Matkovic\" \/>\n<meta property=\"article:publisher\" content=\"https:\/\/www.facebook.com\/pages\/Dental-implant-Matkovi%c4%87\/832171276837924\" \/>\n<meta property=\"article:modified_time\" content=\"2022-05-23T17:46:01+00:00\" \/>\n<meta name=\"twitter:card\" content=\"summary\" \/>\n<script type=\"application\/ld+json\" class=\"yoast-schema-graph\">{\"@context\":\"https:\/\/schema.org\",\"@graph\":[{\"@type\":\"WebSite\",\"@id\":\"https:\/\/www.dental-matkovic.com\/#website\",\"url\":\"https:\/\/www.dental-matkovic.com\/\",\"name\":\"Dental Matkovic\",\"description\":\"Zahnarzt Dental Matkovi\u0107, Zahnarzt Ba\u0161ka Voda\",\"potentialAction\":[{\"@type\":\"SearchAction\",\"target\":{\"@type\":\"EntryPoint\",\"urlTemplate\":\"https:\/\/www.dental-matkovic.com\/?s={search_term_string}\"},\"query-input\":\"required name=search_term_string\"}],\"inLanguage\":\"de\"},{\"@type\":\"WebPage\",\"@id\":\"https:\/\/www.dental-matkovic.com\/de\/galerija\",\"url\":\"https:\/\/www.dental-matkovic.com\/de\/galerija\",\"name\":\"(Hrvatski) Galerija - Dental Matkovi\u0107\",\"isPartOf\":{\"@id\":\"https:\/\/www.dental-matkovic.com\/#website\"},\"datePublished\":\"2015-04-19T17:54:14+00:00\",\"dateModified\":\"2022-05-23T17:46:01+00:00\",\"description\":\"(Hrvatski) Galerija Dental Matkovi\u0107, Stomatolog Dental Matkovi\u0107, Dentist Matkovi\u0107 Ba\u0161ka Voda\",\"breadcrumb\":{\"@id\":\"https:\/\/www.dental-matkovic.com\/de\/galerija#breadcrumb\"},\"inLanguage\":\"de\",\"potentialAction\":[{\"@type\":\"ReadAction\",\"target\":[\"https:\/\/www.dental-matkovic.com\/de\/galerija\"]}]},{\"@type\":\"BreadcrumbList\",\"@id\":\"https:\/\/www.dental-matkovic.com\/de\/galerija#breadcrumb\",\"itemListElement\":[{\"@type\":\"ListItem\",\"position\":1,\"name\":\"Home\",\"item\":\"https:\/\/www.dental-matkovic.com\/\"},{\"@type\":\"ListItem\",\"position\":2,\"name\":\"Galerie\"}]}]}<\/script>\n<!-- \/ Yoast SEO plugin. -->","yoast_head_json":{"title":"(Hrvatski) Galerija - Dental Matkovi\u0107","description":"(Hrvatski) Galerija Dental Matkovi\u0107, Stomatolog Dental Matkovi\u0107, Dentist Matkovi\u0107 Ba\u0161ka Voda","robots":{"index":"index","follow":"follow","max-snippet":"max-snippet:-1","max-image-preview":"max-image-preview:large","max-video-preview":"max-video-preview:-1"},"canonical":"https:\/\/www.dental-matkovic.com\/de\/galerija","og_locale":"de_DE","og_type":"article","og_title":"(Hrvatski) Galerija - Dental Matkovi\u0107","og_description":"(Hrvatski) Galerija Dental Matkovi\u0107, Stomatolog Dental Matkovi\u0107, Dentist Matkovi\u0107 Ba\u0161ka Voda","og_url":"https:\/\/www.dental-matkovic.com\/de\/galerija","og_site_name":"Dental Matkovic","article_publisher":"https:\/\/www.facebook.com\/pages\/Dental-implant-Matkovi%c4%87\/832171276837924","article_modified_time":"2022-05-23T17:46:01+00:00","twitter_card":"summary","schema":{"@context":"https:\/\/schema.org","@graph":[{"@type":"WebSite","@id":"https:\/\/www.dental-matkovic.com\/#website","url":"https:\/\/www.dental-matkovic.com\/","name":"Dental Matkovic","description":"Zahnarzt Dental Matkovi\u0107, Zahnarzt Ba\u0161ka Voda","potentialAction":[{"@type":"SearchAction","target":{"@type":"EntryPoint","urlTemplate":"https:\/\/www.dental-matkovic.com\/?s={search_term_string}"},"query-input":"required name=search_term_string"}],"inLanguage":"de"},{"@type":"WebPage","@id":"https:\/\/www.dental-matkovic.com\/de\/galerija","url":"https:\/\/www.dental-matkovic.com\/de\/galerija","name":"(Hrvatski) Galerija - Dental Matkovi\u0107","isPartOf":{"@id":"https:\/\/www.dental-matkovic.com\/#website"},"datePublished":"2015-04-19T17:54:14+00:00","dateModified":"2022-05-23T17:46:01+00:00","description":"(Hrvatski) Galerija Dental Matkovi\u0107, Stomatolog Dental Matkovi\u0107, Dentist Matkovi\u0107 Ba\u0161ka Voda","breadcrumb":{"@id":"https:\/\/www.dental-matkovic.com\/de\/galerija#breadcrumb"},"inLanguage":"de","potentialAction":[{"@type":"ReadAction","target":["https:\/\/www.dental-matkovic.com\/de\/galerija"]}]},{"@type":"BreadcrumbList","@id":"https:\/\/www.dental-matkovic.com\/de\/galerija#breadcrumb","itemListElement":[{"@type":"ListItem","position":1,"name":"Home","item":"https:\/\/www.dental-matkovic.com\/"},{"@type":"ListItem","position":2,"name":"Galerie"}]}]}},"_links":{"self":[{"href":"https:\/\/www.dental-matkovic.com\/de\/wp-json\/wp\/v2\/pages\/52"}],"collection":[{"href":"https:\/\/www.dental-matkovic.com\/de\/wp-json\/wp\/v2\/pages"}],"about":[{"href":"https:\/\/www.dental-matkovic.com\/de\/wp-json\/wp\/v2\/types\/page"}],"author":[{"embeddable":true,"href":"https:\/\/www.dental-matkovic.com\/de\/wp-json\/wp\/v2\/users\/1"}],"replies":[{"embeddable":true,"href":"https:\/\/www.dental-matkovic.com\/de\/wp-json\/wp\/v2\/comments?post=52"}],"version-history":[{"count":0,"href":"https:\/\/www.dental-matkovic.com\/de\/wp-json\/wp\/v2\/pages\/52\/revisions"}],"wp:attachment":[{"href":"https:\/\/www.dental-matkovic.com\/de\/wp-json\/wp\/v2\/media?parent=52"}],"curies":[{"name":"wp","href":"https:\/\/api.w.org\/{rel}","templated":true}]}}