{"id":222,"date":"2015-06-13T16:02:35","date_gmt":"2015-06-13T16:02:35","guid":{"rendered":"http:\/\/www.dental-matkovic.com\/\/?page_id=222"},"modified":"2015-08-09T16:40:31","modified_gmt":"2015-08-09T16:40:31","slug":"baska-voda","status":"publish","type":"page","link":"https:\/\/www.dental-matkovic.com\/en\/baska-voda","title":{"rendered":"Ba\u0161ka Voda"},"content":{"rendered":"<b><img loading=\"lazy\" class=\"alignleft wp-image-688\" src=\"http:\/\/www.dental-matkovic.com\/\/wp-content\/uploads\/2015\/06\/baska-voda6-b-300x189.jpg\" srcset=\"http:\/\/www.dental-matkovic.com\/\/wp-content\/uploads\/2015\/06\/baska-voda6-b-300x189.jpg 300w, http:\/\/www.dental-matkovic.com\/\/wp-content\/uploads\/2015\/06\/baska-voda6-b.jpg 700w\" alt=\"baska-voda6-b\" width=\"270\" height=\"170\" sizes=\"(max-width: 300px) 100vw, 300px\" \/>Ba\u0161ka Voda<\/b> is located bellow the Biokovo mountain range, on the\u00a0 western part of the <b>Makarska riviera<\/b>. Once a town of fishermen and sailors has been transformed\u00a0 into a modern tourist destination.<\/p>\n<p>In the year 1936 the first hotel Slaviju was completed and\u00a0 won the golden medal\u00a0 for comfort, cooking and wine collection during the 1936 London fare. In the last few years <b>Ba\u0161ka Voda <\/b>has received the Plavi cvijet award (the highest touristic recognition award that the Republic of Croatia issues). Join your dental needs and\u00a0 your vacation and visit us and\u00a0 this beautiful Mediterranean town.<\/p>\n<p>For additional information of Ba\u0161ka Voda visit the Tourist Board website of Ba\u0161ka Voda by clicking\u00a0<a href=\"http:\/\/baskavoda.hr\/\" target=\"_blank\">this link<\/a><\/p>\n<p><img loading=\"lazy\" class=\"alignleft wp-image-734\" src=\"http:\/\/www.dental-matkovic.com\/\/wp-content\/uploads\/2015\/06\/baska_voda3-300x225.jpg\" srcset=\"http:\/\/www.dental-matkovic.com\/\/wp-content\/uploads\/2015\/06\/baska_voda3-300x225.jpg 300w, http:\/\/www.dental-matkovic.com\/\/wp-content\/uploads\/2015\/06\/baska_voda3-768x576.jpg 768w, http:\/\/www.dental-matkovic.com\/\/wp-content\/uploads\/2015\/06\/baska_voda3-200x150.jpg 200w, http:\/\/www.dental-matkovic.com\/\/wp-content\/uploads\/2015\/06\/baska_voda3.jpg 800w\" alt=\"baska_voda3\" width=\"271\" height=\"203\" sizes=\"(max-width: 300px) 100vw, 300px\" \/><\/p>\n<p><img loading=\"lazy\" class=\"alignright wp-image-691\" src=\"http:\/\/www.dental-matkovic.com\/\/wp-content\/uploads\/2015\/06\/baska-voda-spomenik-300x225.jpg\" srcset=\"http:\/\/www.dental-matkovic.com\/\/wp-content\/uploads\/2015\/06\/baska-voda-spomenik-300x225.jpg 300w, http:\/\/www.dental-matkovic.com\/\/wp-content\/uploads\/2015\/06\/baska-voda-spomenik-768x576.jpg 768w, http:\/\/www.dental-matkovic.com\/\/wp-content\/uploads\/2015\/06\/baska-voda-spomenik-200x150.jpg 200w, http:\/\/www.dental-matkovic.com\/\/wp-content\/uploads\/2015\/06\/baska-voda-spomenik.jpg 800w\" alt=\"baska voda spomenik\" width=\"271\" height=\"203\" sizes=\"(max-width: 300px) 100vw, 300px\" \/>","protected":false},"excerpt":{"rendered":"<p>Ba\u0161ka Voda is located bellow the Biokovo mountain range, on the\u00a0 western part of the Makarska riviera. Once a town of fishermen and sailors has been transformed\u00a0 into a modern tourist destination. In the year 1936 the first hotel Slaviju was completed and\u00a0 won the golden medal\u00a0 for comfort, cooking and wine collection during the 1936 London fare. In the&nbsp;<a href=\"https:\/\/www.dental-matkovic.com\/en\/baska-voda\" class=\"read-more\">Continue Reading<\/a><\/p>\n","protected":false},"author":1,"featured_media":0,"parent":0,"menu_order":0,"comment_status":"open","ping_status":"open","template":"","meta":[],"acf":[],"yoast_head":"<!-- This site is optimized with the Yoast SEO plugin v19.3 - https:\/\/yoast.com\/wordpress\/plugins\/seo\/ -->\n<title>(Hrvatski) Ba\u0161ka Voda - Dental Matkovi\u0107<\/title>\n<meta name=\"description\" content=\"(Hrvatski) Stomatolo\u0161ka ordinacija Ba\u0161ka Voda, zubar ba\u0161ka voda\" \/>\n<meta name=\"robots\" content=\"index, follow, max-snippet:-1, max-image-preview:large, max-video-preview:-1\" \/>\n<link rel=\"canonical\" href=\"https:\/\/www.dental-matkovic.com\/en\/baska-voda\" \/>\n<meta property=\"og:locale\" content=\"en_US\" \/>\n<meta property=\"og:type\" content=\"article\" \/>\n<meta property=\"og:title\" content=\"(Hrvatski) Ba\u0161ka Voda - Dental Matkovi\u0107\" \/>\n<meta property=\"og:description\" content=\"(Hrvatski) Stomatolo\u0161ka ordinacija Ba\u0161ka Voda, zubar ba\u0161ka voda\" \/>\n<meta property=\"og:url\" content=\"https:\/\/www.dental-matkovic.com\/en\/baska-voda\" \/>\n<meta property=\"og:site_name\" content=\"Dental Matkovic\" \/>\n<meta property=\"article:publisher\" content=\"https:\/\/www.facebook.com\/pages\/Dental-implant-Matkovi%c4%87\/832171276837924\" \/>\n<meta property=\"article:modified_time\" content=\"2015-08-09T16:40:31+00:00\" \/>\n<meta property=\"og:image\" content=\"http:\/\/www.dental-matkovic.com\/\/wp-content\/uploads\/2015\/06\/baska-voda6-b-300x189.jpg\" \/>\n<meta name=\"twitter:card\" content=\"summary\" \/>\n<meta name=\"twitter:label1\" content=\"Est. reading time\" \/>\n\t<meta name=\"twitter:data1\" content=\"3 minutes\" \/>\n<script type=\"application\/ld+json\" class=\"yoast-schema-graph\">{\"@context\":\"https:\/\/schema.org\",\"@graph\":[{\"@type\":\"WebSite\",\"@id\":\"https:\/\/www.dental-matkovic.com\/#website\",\"url\":\"https:\/\/www.dental-matkovic.com\/\",\"name\":\"Dental Matkovic\",\"description\":\"Dental office Dental Matkovi\u0107, Ba\u0161ka Voda\",\"potentialAction\":[{\"@type\":\"SearchAction\",\"target\":{\"@type\":\"EntryPoint\",\"urlTemplate\":\"https:\/\/www.dental-matkovic.com\/?s={search_term_string}\"},\"query-input\":\"required name=search_term_string\"}],\"inLanguage\":\"en-US\"},{\"@type\":\"ImageObject\",\"inLanguage\":\"en-US\",\"@id\":\"https:\/\/www.dental-matkovic.com\/en\/baska-voda#primaryimage\",\"url\":\"http:\/\/www.dental-matkovic.com\/\/wp-content\/uploads\/2015\/06\/baska-voda6-b-300x189.jpg\",\"contentUrl\":\"http:\/\/www.dental-matkovic.com\/\/wp-content\/uploads\/2015\/06\/baska-voda6-b-300x189.jpg\"},{\"@type\":\"WebPage\",\"@id\":\"https:\/\/www.dental-matkovic.com\/en\/baska-voda\",\"url\":\"https:\/\/www.dental-matkovic.com\/en\/baska-voda\",\"name\":\"(Hrvatski) Ba\u0161ka Voda - Dental Matkovi\u0107\",\"isPartOf\":{\"@id\":\"https:\/\/www.dental-matkovic.com\/#website\"},\"primaryImageOfPage\":{\"@id\":\"https:\/\/www.dental-matkovic.com\/en\/baska-voda#primaryimage\"},\"datePublished\":\"2015-06-13T16:02:35+00:00\",\"dateModified\":\"2015-08-09T16:40:31+00:00\",\"description\":\"(Hrvatski) Stomatolo\u0161ka ordinacija Ba\u0161ka Voda, zubar ba\u0161ka voda\",\"breadcrumb\":{\"@id\":\"https:\/\/www.dental-matkovic.com\/en\/baska-voda#breadcrumb\"},\"inLanguage\":\"en-US\",\"potentialAction\":[{\"@type\":\"ReadAction\",\"target\":[\"https:\/\/www.dental-matkovic.com\/en\/baska-voda\"]}]},{\"@type\":\"BreadcrumbList\",\"@id\":\"https:\/\/www.dental-matkovic.com\/en\/baska-voda#breadcrumb\",\"itemListElement\":[{\"@type\":\"ListItem\",\"position\":1,\"name\":\"Home\",\"item\":\"https:\/\/www.dental-matkovic.com\/\"},{\"@type\":\"ListItem\",\"position\":2,\"name\":\"Ba\u0161ka Voda\"}]}]}<\/script>\n<!-- \/ Yoast SEO plugin. -->","yoast_head_json":{"title":"(Hrvatski) Ba\u0161ka Voda - Dental Matkovi\u0107","description":"(Hrvatski) Stomatolo\u0161ka ordinacija Ba\u0161ka Voda, zubar ba\u0161ka voda","robots":{"index":"index","follow":"follow","max-snippet":"max-snippet:-1","max-image-preview":"max-image-preview:large","max-video-preview":"max-video-preview:-1"},"canonical":"https:\/\/www.dental-matkovic.com\/en\/baska-voda","og_locale":"en_US","og_type":"article","og_title":"(Hrvatski) Ba\u0161ka Voda - Dental Matkovi\u0107","og_description":"(Hrvatski) Stomatolo\u0161ka ordinacija Ba\u0161ka Voda, zubar ba\u0161ka voda","og_url":"https:\/\/www.dental-matkovic.com\/en\/baska-voda","og_site_name":"Dental Matkovic","article_publisher":"https:\/\/www.facebook.com\/pages\/Dental-implant-Matkovi%c4%87\/832171276837924","article_modified_time":"2015-08-09T16:40:31+00:00","og_image":[{"url":"http:\/\/www.dental-matkovic.com\/\/wp-content\/uploads\/2015\/06\/baska-voda6-b-300x189.jpg"}],"twitter_card":"summary","twitter_misc":{"Est. reading time":"3 minutes"},"schema":{"@context":"https:\/\/schema.org","@graph":[{"@type":"WebSite","@id":"https:\/\/www.dental-matkovic.com\/#website","url":"https:\/\/www.dental-matkovic.com\/","name":"Dental Matkovic","description":"Dental office Dental Matkovi\u0107, Ba\u0161ka Voda","potentialAction":[{"@type":"SearchAction","target":{"@type":"EntryPoint","urlTemplate":"https:\/\/www.dental-matkovic.com\/?s={search_term_string}"},"query-input":"required name=search_term_string"}],"inLanguage":"en-US"},{"@type":"ImageObject","inLanguage":"en-US","@id":"https:\/\/www.dental-matkovic.com\/en\/baska-voda#primaryimage","url":"http:\/\/www.dental-matkovic.com\/\/wp-content\/uploads\/2015\/06\/baska-voda6-b-300x189.jpg","contentUrl":"http:\/\/www.dental-matkovic.com\/\/wp-content\/uploads\/2015\/06\/baska-voda6-b-300x189.jpg"},{"@type":"WebPage","@id":"https:\/\/www.dental-matkovic.com\/en\/baska-voda","url":"https:\/\/www.dental-matkovic.com\/en\/baska-voda","name":"(Hrvatski) Ba\u0161ka Voda - Dental Matkovi\u0107","isPartOf":{"@id":"https:\/\/www.dental-matkovic.com\/#website"},"primaryImageOfPage":{"@id":"https:\/\/www.dental-matkovic.com\/en\/baska-voda#primaryimage"},"datePublished":"2015-06-13T16:02:35+00:00","dateModified":"2015-08-09T16:40:31+00:00","description":"(Hrvatski) Stomatolo\u0161ka ordinacija Ba\u0161ka Voda, zubar ba\u0161ka voda","breadcrumb":{"@id":"https:\/\/www.dental-matkovic.com\/en\/baska-voda#breadcrumb"},"inLanguage":"en-US","potentialAction":[{"@type":"ReadAction","target":["https:\/\/www.dental-matkovic.com\/en\/baska-voda"]}]},{"@type":"BreadcrumbList","@id":"https:\/\/www.dental-matkovic.com\/en\/baska-voda#breadcrumb","itemListElement":[{"@type":"ListItem","position":1,"name":"Home","item":"https:\/\/www.dental-matkovic.com\/"},{"@type":"ListItem","position":2,"name":"Ba\u0161ka Voda"}]}]}},"_links":{"self":[{"href":"https:\/\/www.dental-matkovic.com\/en\/wp-json\/wp\/v2\/pages\/222"}],"collection":[{"href":"https:\/\/www.dental-matkovic.com\/en\/wp-json\/wp\/v2\/pages"}],"about":[{"href":"https:\/\/www.dental-matkovic.com\/en\/wp-json\/wp\/v2\/types\/page"}],"author":[{"embeddable":true,"href":"https:\/\/www.dental-matkovic.com\/en\/wp-json\/wp\/v2\/users\/1"}],"replies":[{"embeddable":true,"href":"https:\/\/www.dental-matkovic.com\/en\/wp-json\/wp\/v2\/comments?post=222"}],"version-history":[{"count":0,"href":"https:\/\/www.dental-matkovic.com\/en\/wp-json\/wp\/v2\/pages\/222\/revisions"}],"wp:attachment":[{"href":"https:\/\/www.dental-matkovic.com\/en\/wp-json\/wp\/v2\/media?parent=222"}],"curies":[{"name":"wp","href":"https:\/\/api.w.org\/{rel}","templated":true}]}}