{"id":289,"date":"2015-06-14T18:12:51","date_gmt":"2015-06-14T18:12:51","guid":{"rendered":"http:\/\/www.dental-matkovic.com\/\/?page_id=289"},"modified":"2015-07-02T22:25:33","modified_gmt":"2015-07-02T22:25:33","slug":"protetika","status":"publish","type":"page","link":"https:\/\/www.dental-matkovic.com\/it\/protetika","title":{"rendered":"L&#8217;odontoiatria protesica"},"content":{"rendered":"<strong>L'odontoiatria protesica<\/strong> \u00e8 una branca dell'odontoiatria che si occupa della compensazione dei denti persi, con corone, ponti, faccette e protesi totali o parziali. Oltre al ruolo funzionale la protesica ha anche un ruolo estetico nella correzione dei denti esistenti. La protesi viene divisa in fissa, mobile e combinata.<\/p>\n<p>Quando si perde un certo numero di denti, e' possibile eseguire una ricostruzione estetica e funzionale. Si lavora esclusivamente con ottimi materiali in porcellana di alta qualita', con i quali si raggiunge un' aspetto naturale.<\/p>\n<p><strong>L' odontoiatria protesica<\/strong> e l'implantologia protesica hanno preso il maggiore slancio con l'utilizzo di nuove tecnologie e materiali. La precisione e la velocit\u00e0 nella fabbricazione sono aumentate, la funzione e l'estetica dei lavori protesici e 'arrivata alla perfezione, e la biocompatibilit\u00e0 dei materiali gioca un ruolo sempre pi\u00f9 importante.<\/p>\n<p>Parallelamente a cio' crescono le giustificate aspettative dei pazienti \u00a0ponendo gli odontoiatri davanti a nuove sfide.<\/p>\n<p>Denti belli ed un sorriso naturale sono sicuramente uno dei fattori pi\u00f9 importanti nel farsi un' impressione generale su qualcuno.","protected":false},"excerpt":{"rendered":"<p>L'odontoiatria protesica \u00e8 una branca dell'odontoiatria che si occupa della compensazione dei denti persi, con corone, ponti, faccette e protesi totali o parziali. Oltre al ruolo funzionale la protesica ha anche un ruolo estetico nella correzione dei denti esistenti. La protesi viene divisa in fissa, mobile e combinata. Quando si perde un certo numero di denti, e' possibile eseguire una&nbsp;<a href=\"https:\/\/www.dental-matkovic.com\/it\/protetika\" class=\"read-more\">Continue Reading<\/a><\/p>\n","protected":false},"author":1,"featured_media":0,"parent":0,"menu_order":0,"comment_status":"open","ping_status":"open","template":"","meta":[],"acf":[],"yoast_head":"<!-- This site is optimized with the Yoast SEO plugin v19.3 - https:\/\/yoast.com\/wordpress\/plugins\/seo\/ -->\n<title>L&#039;odontoiatria protesica - Dental Matkovic<\/title>\n<meta name=\"robots\" content=\"index, follow, max-snippet:-1, max-image-preview:large, max-video-preview:-1\" \/>\n<link rel=\"canonical\" href=\"https:\/\/www.dental-matkovic.com\/de\/protetika\" \/>\n<meta property=\"og:locale\" content=\"it_IT\" \/>\n<meta property=\"og:type\" content=\"article\" \/>\n<meta property=\"og:title\" content=\"[:hr]Stomatolo\u0161ka Protetika[:en]Prosthodontics[:de]Zahnmedizinische Prothetik[:it]L&#039;odontoiatria protesica[:] - Dental Matkovic\" \/>\n<meta property=\"og:description\" content=\"L&#039;odontoiatria protesica \u00e8 una branca dell&#039;odontoiatria che si occupa della compensazione dei denti persi, con corone, ponti, faccette e protesi totali o parziali. Oltre al ruolo funzionale la protesica ha anche un ruolo estetico nella correzione dei denti esistenti. La protesi viene divisa in fissa, mobile e combinata. Quando si perde un certo numero di denti, e&#039; possibile eseguire una&nbsp;Continue Reading\" \/>\n<meta property=\"og:url\" content=\"https:\/\/www.dental-matkovic.com\/de\/protetika\" \/>\n<meta property=\"og:site_name\" content=\"Dental Matkovic\" \/>\n<meta property=\"article:publisher\" content=\"https:\/\/www.facebook.com\/pages\/Dental-implant-Matkovi%c4%87\/832171276837924\" \/>\n<meta property=\"article:modified_time\" content=\"2015-07-02T22:25:33+00:00\" \/>\n<meta name=\"twitter:card\" content=\"summary\" \/>\n<meta name=\"twitter:label1\" content=\"Tempo di lettura stimato\" \/>\n\t<meta name=\"twitter:data1\" content=\"3 minuti\" \/>\n<script type=\"application\/ld+json\" class=\"yoast-schema-graph\">{\"@context\":\"https:\/\/schema.org\",\"@graph\":[{\"@type\":\"WebSite\",\"@id\":\"http:\/\/www.dental-matkovic.com\/#website\",\"url\":\"http:\/\/www.dental-matkovic.com\/\",\"name\":\"Dental Matkovic\",\"description\":\"(Hrvatski) Stomatolo\u0161ka ordinacija Dental Matkovi\u0107, Ba\u0161ka Voda\",\"potentialAction\":[{\"@type\":\"SearchAction\",\"target\":{\"@type\":\"EntryPoint\",\"urlTemplate\":\"http:\/\/www.dental-matkovic.com\/?s={search_term_string}\"},\"query-input\":\"required name=search_term_string\"}],\"inLanguage\":\"it-IT\"},{\"@type\":\"WebPage\",\"@id\":\"https:\/\/www.dental-matkovic.com\/de\/protetika\",\"url\":\"https:\/\/www.dental-matkovic.com\/de\/protetika\",\"name\":\"[:hr]Stomatolo\u0161ka Protetika[:en]Prosthodontics[:de]Zahnmedizinische Prothetik[:it]L'odontoiatria protesica[:] - Dental Matkovic\",\"isPartOf\":{\"@id\":\"http:\/\/www.dental-matkovic.com\/#website\"},\"datePublished\":\"2015-06-14T18:12:51+00:00\",\"dateModified\":\"2015-07-02T22:25:33+00:00\",\"breadcrumb\":{\"@id\":\"https:\/\/www.dental-matkovic.com\/de\/protetika#breadcrumb\"},\"inLanguage\":\"it-IT\",\"potentialAction\":[{\"@type\":\"ReadAction\",\"target\":[\"https:\/\/www.dental-matkovic.com\/de\/protetika\"]}]},{\"@type\":\"BreadcrumbList\",\"@id\":\"https:\/\/www.dental-matkovic.com\/de\/protetika#breadcrumb\",\"itemListElement\":[{\"@type\":\"ListItem\",\"position\":1,\"name\":\"Home\",\"item\":\"http:\/\/www.dental-matkovic.com\/\"},{\"@type\":\"ListItem\",\"position\":2,\"name\":\"Zahnmedizinische Prothetik\"}]}]}<\/script>\n<!-- \/ Yoast SEO plugin. -->","yoast_head_json":{"title":"[:hr]Stomatolo\u0161ka Protetika[:en]Prosthodontics[:de]Zahnmedizinische Prothetik[:it]L'odontoiatria protesica[:] - Dental Matkovic","robots":{"index":"index","follow":"follow","max-snippet":"max-snippet:-1","max-image-preview":"max-image-preview:large","max-video-preview":"max-video-preview:-1"},"canonical":"https:\/\/www.dental-matkovic.com\/de\/protetika","og_locale":"it_IT","og_type":"article","og_title":"[:hr]Stomatolo\u0161ka Protetika[:en]Prosthodontics[:de]Zahnmedizinische Prothetik[:it]L'odontoiatria protesica[:] - Dental Matkovic","og_description":"L'odontoiatria protesica \u00e8 una branca dell'odontoiatria che si occupa della compensazione dei denti persi, con corone, ponti, faccette e protesi totali o parziali. Oltre al ruolo funzionale la protesica ha anche un ruolo estetico nella correzione dei denti esistenti. La protesi viene divisa in fissa, mobile e combinata. Quando si perde un certo numero di denti, e' possibile eseguire una&nbsp;Continue Reading","og_url":"https:\/\/www.dental-matkovic.com\/de\/protetika","og_site_name":"Dental Matkovic","article_publisher":"https:\/\/www.facebook.com\/pages\/Dental-implant-Matkovi%c4%87\/832171276837924","article_modified_time":"2015-07-02T22:25:33+00:00","twitter_card":"summary","twitter_misc":{"Tempo di lettura stimato":"3 minuti"},"schema":{"@context":"https:\/\/schema.org","@graph":[{"@type":"WebSite","@id":"http:\/\/www.dental-matkovic.com\/#website","url":"http:\/\/www.dental-matkovic.com\/","name":"Dental Matkovic","description":"(Hrvatski) Stomatolo\u0161ka ordinacija Dental Matkovi\u0107, Ba\u0161ka Voda","potentialAction":[{"@type":"SearchAction","target":{"@type":"EntryPoint","urlTemplate":"http:\/\/www.dental-matkovic.com\/?s={search_term_string}"},"query-input":"required name=search_term_string"}],"inLanguage":"it-IT"},{"@type":"WebPage","@id":"https:\/\/www.dental-matkovic.com\/de\/protetika","url":"https:\/\/www.dental-matkovic.com\/de\/protetika","name":"[:hr]Stomatolo\u0161ka Protetika[:en]Prosthodontics[:de]Zahnmedizinische Prothetik[:it]L'odontoiatria protesica[:] - Dental Matkovic","isPartOf":{"@id":"http:\/\/www.dental-matkovic.com\/#website"},"datePublished":"2015-06-14T18:12:51+00:00","dateModified":"2015-07-02T22:25:33+00:00","breadcrumb":{"@id":"https:\/\/www.dental-matkovic.com\/de\/protetika#breadcrumb"},"inLanguage":"it-IT","potentialAction":[{"@type":"ReadAction","target":["https:\/\/www.dental-matkovic.com\/de\/protetika"]}]},{"@type":"BreadcrumbList","@id":"https:\/\/www.dental-matkovic.com\/de\/protetika#breadcrumb","itemListElement":[{"@type":"ListItem","position":1,"name":"Home","item":"http:\/\/www.dental-matkovic.com\/"},{"@type":"ListItem","position":2,"name":"Zahnmedizinische Prothetik"}]}]}},"_links":{"self":[{"href":"https:\/\/www.dental-matkovic.com\/it\/wp-json\/wp\/v2\/pages\/289"}],"collection":[{"href":"https:\/\/www.dental-matkovic.com\/it\/wp-json\/wp\/v2\/pages"}],"about":[{"href":"https:\/\/www.dental-matkovic.com\/it\/wp-json\/wp\/v2\/types\/page"}],"author":[{"embeddable":true,"href":"https:\/\/www.dental-matkovic.com\/it\/wp-json\/wp\/v2\/users\/1"}],"replies":[{"embeddable":true,"href":"https:\/\/www.dental-matkovic.com\/it\/wp-json\/wp\/v2\/comments?post=289"}],"version-history":[{"count":0,"href":"https:\/\/www.dental-matkovic.com\/it\/wp-json\/wp\/v2\/pages\/289\/revisions"}],"wp:attachment":[{"href":"https:\/\/www.dental-matkovic.com\/it\/wp-json\/wp\/v2\/media?parent=289"}],"curies":[{"name":"wp","href":"https:\/\/api.w.org\/{rel}","templated":true}]}}